{"id":11558,"date":"2020-02-05T21:00:54","date_gmt":"2020-02-05T20:00:54","guid":{"rendered":"http:\/\/soeurs-de-la-presentation-de-marie.org\/pom\/?page_id=11558"},"modified":"2022-01-22T15:48:08","modified_gmt":"2022-01-22T14:48:08","slug":"225-anos-de-fundacao","status":"publish","type":"page","link":"https:\/\/soeurs-de-la-presentation-de-marie.org\/pom\/225-anos-de-fundacao\/","title":{"rendered":"225 Anos de Funda\u00e7\u00e3o"},"content":{"rendered":"<div class=\"wpb-content-wrapper\"><p>[vc_row][vc_column width=&#8221;1\/4&#8243;][vc_column_text]<img loading=\"lazy\" decoding=\"async\" class=\"aligncenter wp-image-11568\" src=\"https:\/\/soeurs-de-la-presentation-de-marie.org\/pom\/wp-content\/uploads\/2020\/02\/PORT_Feature.jpg\" alt=\"\" width=\"585\" height=\"759\">[\/vc_column_text][\/vc_column][vc_column width=&#8221;3\/4&#8243;][vc_custom_heading text=&#8221;Irm\u00e3s da Apresenta\u00e7\u00e3o de Maria&#8221; font_container=&#8221;tag:h2|font_size:70|text_align:center|color:%230e5acc&#8221; google_fonts=&#8221;font_family:Italianno%3Aregular|font_style:400%20regular%3A400%3Anormal&#8221;][vc_custom_heading text=&#8221;Um nome &#8211; Uma heran\u00e7a &#8211; Uma profecia<br \/>\n225 anos de presen\u00e7a<br \/>\n1796 &#8211; 2021&#8243; font_container=&#8221;tag:h2|font_size:46|text_align:center|color:%230f43aa&#8221; google_fonts=&#8221;font_family:Averia%20Libre%3A300%2C300italic%2Cregular%2Citalic%2C700%2C700italic|font_style:400%20regular%3A400%3Anormal&#8221;][vc_custom_heading text=&#8221;Juntas para proclamar JESUS CRISTO por toda a nossa vida!&#8221; font_container=&#8221;tag:h2|font_size:50|text_align:center|color:%231451e0&#8243; google_fonts=&#8221;font_family:Italianno%3Aregular|font_style:400%20regular%3A400%3Anormal&#8221;][vc_separator color=&#8221;blue&#8221; style=&#8221;shadow&#8221; el_width=&#8221;70&#8243;][\/vc_column][\/vc_row][vc_row row_space=&#8221;remove_padding_top&#8221;][vc_column][vc_custom_heading text=&#8221;ECOS EM IMAGENS&#8221; font_container=&#8221;tag:h2|font_size:35|text_align:center|color:%23007c1f&#8221; google_fonts=&#8221;font_family:Cherry%20Cream%20Soda%3Aregular|font_style:400%20regular%3A400%3Anormal&#8221; css_animation=&#8221;bounceInLeft&#8221;][vc_empty_space height=&#8221;22px&#8221;][vc_custom_heading text=&#8221;21 de novembro de 2021 foi o culminar de um ano de celebra\u00e7\u00e3o lan\u00e7ado como Ano de Ac\u00e7\u00e3o de gra\u00e7as pela ternura e miseric\u00f3rdia de Deus Pai para com a Bem-aventurada Maria Rivier, Fundadora das Irm\u00e3s da Apresenta\u00e7\u00e3o de Maria. A promessa feita por uma crian\u00e7a bem pequena \u00e0 Piet\u00e0 de Montpezat realizou-se na vila de Thueyts. Em 21 de novembro de 1796, no auge do terror da Revolu\u00e7\u00e3o Francesa, Maria Rivier e as suas quatro companheiras consagraram as suas vidas a Deus. Na alegria do Magnificat de Maria, celebr\u00e1mos estes 225 anos de funda\u00e7\u00e3o.<br \/>\nA peregrina\u00e7\u00e3o continua e a aventura tamb\u00e9m!<br \/>\nUm dia, as minhas filhas atravessar\u00e3o os mares!<br \/>\n225 anos de presen\u00e7a no mundo &#8230;<br \/>\nUm nome &#8230; Uma heran\u00e7a &#8230; Uma profecia &#8230;<br \/>\nQuem me dera ter mil vidas&#8230;<br \/>\nJuntas, no esp\u00edrito alegre dos nossos humildes come\u00e7os<br \/>\nfizemos ressoar o nosso &#8220;Magnificat&#8220; com uma voz forte!<br \/>\nMagnificat!&#8221; font_container=&#8221;tag:h2|font_size:26|text_align:center|color:%23007519|line_height:1.8&#8243; google_fonts=&#8221;font_family:Combo%3Aregular|font_style:400%20regular%3A400%3Anormal&#8221;][\/vc_column][\/vc_row][vc_row row_space=&#8221;remove_padding_bottom&#8221;][vc_column][vc_custom_heading text=&#8221;Miss\u00e3o do Brasil&#8221; font_container=&#8221;tag:h2|font_size:40|text_align:left|color:%23007c1f&#8221; google_fonts=&#8221;font_family:Bilbo%3Aregular|font_style:400%20regular%3A400%3Anormal&#8221; link=&#8221;url:https%3A%2F%2Fsoeurs-de-la-presentation-de-marie.org%2Fpom%2Fpt%2F225-anos-celebracaos-missao-do-brasil%2F||target:%20_blank|&#8221;][vc_column_text]<\/p>\n<p>ngg_shortcode_0_placeholder[\/vc_column_text][vc_empty_space][vc_custom_heading text=&#8221;Prov\u00edncia de Mo\u00e7ambique&#8221; font_container=&#8221;tag:h2|font_size:40|text_align:left|color:%23007c1f&#8221; google_fonts=&#8221;font_family:Bilbo%3Aregular|font_style:400%20regular%3A400%3Anormal&#8221; link=&#8221;url:https%3A%2F%2Fsoeurs-de-la-presentation-de-marie.org%2Fpom%2Fpt%2F225-celebracao-provincia-de-mocambique-3%2F||target:%20_blank|&#8221;][vc_column_text]<\/p>\n<p>ngg_shortcode_1_placeholder[\/vc_column_text][vc_empty_space height=&#8221;22px&#8221;][vc_custom_heading text=&#8221;Prov\u00edncia Portuguesa&#8221; font_container=&#8221;tag:h2|font_size:40|text_align:left|color:%23007c1f&#8221; google_fonts=&#8221;font_family:Bilbo%3Aregular|font_style:400%20regular%3A400%3Anormal&#8221; link=&#8221;url:https%3A%2F%2Fsoeurs-de-la-presentation-de-marie.org%2Fpom%2Fpt%2Fprovincia-portuguesa-5%2F||target:%20_blank|&#8221;][vc_column_text]<\/p>\n<p>ngg_shortcode_2_placeholder[\/vc_column_text][\/vc_column][\/vc_row][vc_row row_space=&#8221;remove_padding_top&#8221;][vc_column][vc_custom_heading text=&#8221;Prov\u00edncia das Filipinas&#8221; font_container=&#8221;tag:h2|font_size:40|text_align:left|color:%23007c1f&#8221; google_fonts=&#8221;font_family:Bilbo%3Aregular|font_style:400%20regular%3A400%3Anormal&#8221; link=&#8221;url:https%3A%2F%2Fsoeurs-de-la-presentation-de-marie.org%2Fpom%2Fpt%2F225-celebrations-philippine-province%2F||target:%20_blank|&#8221;][vc_column_text]<\/p>\n<p>ngg_shortcode_3_placeholder[\/vc_column_text][vc_empty_space height=&#8221;22px&#8221;][vc_custom_heading text=&#8221;Regi\u00e3o da G\u00e2mbia&#8221; font_container=&#8221;tag:h2|font_size:40|text_align:left|color:%23007c1f&#8221; google_fonts=&#8221;font_family:Bilbo%3Aregular|font_style:400%20regular%3A400%3Anormal&#8221; link=&#8221;url:https%3A%2F%2Fsoeurs-de-la-presentation-de-marie.org%2Fpom%2Fpt%2Fregion-of-the-gambia-7%2F||target:%20_blank|&#8221;][vc_column_text]<\/p>\n<p>ngg_shortcode_4_placeholder[\/vc_column_text][vc_empty_space height=&#8221;22px&#8221;][vc_custom_heading text=&#8221;Prov\u00edncia do Pr\u00ednce Albert&#8221; font_container=&#8221;tag:h2|font_size:40|text_align:left|color:%23007c1f&#8221; google_fonts=&#8221;font_family:Bilbo%3Aregular|font_style:400%20regular%3A400%3Anormal&#8221; link=&#8221;url:https%3A%2F%2Fsoeurs-de-la-presentation-de-marie.org%2Fpom%2Fpt%2F225-celebrations-province-of-prince-albert-10%2F||target:%20_blank|&#8221;][vc_column_text]<\/p>\n<p>ngg_shortcode_5_placeholder[\/vc_column_text][\/vc_column][\/vc_row][vc_row row_space=&#8221;remove_padding_top&#8221;][vc_column][vc_custom_heading text=&#8221;Prov\u00edncia de Espanha&#8221; font_container=&#8221;tag:h2|font_size:35|text_align:left|color:%23007c1f&#8221; google_fonts=&#8221;font_family:Bilbo%3Aregular|font_style:400%20regular%3A400%3Anormal&#8221;][vc_column_text]<\/p>\n<p>ngg_shortcode_6_placeholder[\/vc_column_text][\/vc_column][\/vc_row][vc_row][vc_column][\/vc_column][\/vc_row][vc_row][vc_column][\/vc_column][\/vc_row][vc_row][vc_column][vc_separator color=&#8221;green&#8221; style=&#8221;shadow&#8221; el_width=&#8221;60&#8243;][vc_custom_heading text=&#8221;ORA\u00c7\u00c3O&#8221; font_container=&#8221;tag:h2|font_size:40|text_align:center|color:%23004db2&#8243; google_fonts=&#8221;font_family:Alegreya%20Sans%20SC%3A100%2C100italic%2C300%2C300italic%2Cregular%2Citalic%2C500%2C500italic%2C700%2C700italic%2C800%2C800italic%2C900%2C900italic|font_style:400%20regular%3A400%3Anormal&#8221;][vc_column_text]&nbsp;<\/p>\n<p><img loading=\"lazy\" decoding=\"async\" class=\"aligncenter wp-image-18429 \" src=\"https:\/\/soeurs-de-la-presentation-de-marie.org\/pom\/wp-content\/uploads\/2021\/01\/Oracao-para_finPORT-Copy.jpg\" alt=\"\" width=\"1113\" height=\"719\"><\/p>\n<p>ngg_shortcode_7_placeholder[\/vc_column_text][\/vc_column][\/vc_row][vc_row][vc_column][vc_text_separator title=&#8221;SIGNIFICADO LOGO&#8221; title_align=&#8221;separator_align_right&#8221; color=&#8221;green&#8221; style=&#8221;double&#8221; border_width=&#8221;2&#8243; add_icon=&#8221;true&#8221;][vc_row_inner][vc_column_inner width=&#8221;2\/3&#8243;][vc_custom_heading text=&#8221;A Cruz&#8221; font_container=&#8221;tag:h2|font_size:24|text_align:left|color:%230835a0&#8243; google_fonts=&#8221;font_family:Lusitana%3Aregular%2C700|font_style:400%20regular%3A400%3Anormal&#8221;][vc_column_text]Representa a Sant\u00edssima Trindade e nela a nossa unidade com Cristo e entre n\u00f3s. \u00c9 tamb\u00e9m a express\u00e3o da nossa unidade na diferen\u00e7a. Fala de amor, de convers\u00e3o e de muita esperan\u00e7a.[\/vc_column_text][\/vc_column_inner][vc_column_inner width=&#8221;1\/3&#8243;][vc_column_text]<\/p>\n<p style=\"text-align: left;\"><img loading=\"lazy\" decoding=\"async\" class=\"wp-image-11582 alignleft\" src=\"https:\/\/soeurs-de-la-presentation-de-marie.org\/pom\/wp-content\/uploads\/2020\/02\/CROSS_RESIZED.jpg\" alt=\"\" width=\"143\" height=\"198\">.<\/p>\n<p>[\/vc_column_text][\/vc_column_inner][\/vc_row_inner][vc_row_inner][vc_column_inner width=&#8221;2\/3&#8243;][vc_custom_heading text=&#8221;Jesus Cristo&#8221; font_container=&#8221;tag:h2|font_size:24|text_align:left|color:%230c5cd3&#8243; google_fonts=&#8221;font_family:Lusitana%3Aregular%2C700|font_style:400%20regular%3A400%3Anormal&#8221;][vc_column_text]\u00c9 Cristo quem tem a iniciativa do chamamento. Ele nos re\u00fane, nos prepara e nos envia. Nele formamos uma s\u00f3 e \u00fanica fam\u00edlia presentina[\/vc_column_text][\/vc_column_inner][vc_column_inner width=&#8221;1\/3&#8243;][vc_column_text]&nbsp;<\/p>\n<p><img loading=\"lazy\" decoding=\"async\" class=\"aligncenter wp-image-11586\" src=\"https:\/\/soeurs-de-la-presentation-de-marie.org\/pom\/wp-content\/uploads\/2020\/02\/WORLD_RESIZED.jpg\" alt=\"\" width=\"185\" height=\"204\">[\/vc_column_text][\/vc_column_inner][\/vc_row_inner][vc_row_inner][vc_column_inner width=&#8221;2\/3&#8243;][vc_custom_heading text=&#8221;Palavra de Deus&#8221; font_container=&#8221;tag:h2|font_size:24|text_align:left|color:%230f57c4&#8243; google_fonts=&#8221;font_family:Lusitana%3Aregular%2C700|font_style:400%20regular%3A400%3Anormal&#8221;][vc_column_text]&#8221;O que vimos e ouvimos n\u00e3o podemos calar. Longe de mantermos acorrentada a Palavra de miseric\u00f3rdia proclamamo-la ousadamente&#8230; &#8221; <em>C101.<\/em><\/p>\n<p>Recorda-nos que fomos chamados a anunciar o Evangelho a tempo e a contratempo e com toda a nossa vida.[\/vc_column_text][\/vc_column_inner][vc_column_inner width=&#8221;1\/3&#8243;][vc_column_text]<img loading=\"lazy\" decoding=\"async\" class=\"wp-image-11590 alignleft\" src=\"https:\/\/soeurs-de-la-presentation-de-marie.org\/pom\/wp-content\/uploads\/2020\/02\/WORD.jpg\" alt=\"\" width=\"267\" height=\"121\">[\/vc_column_text][\/vc_column_inner][\/vc_row_inner][\/vc_column][\/vc_row]<\/p>\n<\/div>","protected":false},"excerpt":{"rendered":"<p>[vc_row][vc_column width=&#8221;1\/4&#8243;][vc_column_text][\/vc_column_text][\/vc_column][vc_column width=&#8221;3\/4&#8243;][vc_custom_heading text=&#8221;Irm\u00e3s da Apresenta\u00e7\u00e3o de Maria&#8221; font_container=&#8221;tag:h2|font_size:70|text_align:center|color:%230e5acc&#8221; google_fonts=&#8221;font_family:Italianno%3Aregular|font_style:400%20regular%3A400%3Anormal&#8221;][vc_custom_heading text=&#8221;Um nome &#8211; Uma heran\u00e7a &#8211; Uma profecia 225 anos de presen\u00e7a 1796 &#8211; 2021&#8243; font_container=&#8221;tag:h2|font_size:46|text_align:center|color:%230f43aa&#8221; google_fonts=&#8221;font_family:Averia%20Libre%3A300%2C300italic%2Cregular%2Citalic%2C700%2C700italic|font_style:400%20regular%3A400%3Anormal&#8221;][vc_custom_heading text=&#8221;Juntas para proclamar JESUS CRISTO por toda a nossa vida!&#8221; font_container=&#8221;tag:h2|font_size:50|text_align:center|color:%231451e0&#8243; google_fonts=&#8221;font_family:Italianno%3Aregular|font_style:400%20regular%3A400%3Anormal&#8221;][vc_separator color=&#8221;blue&#8221; style=&#8221;shadow&#8221; el_width=&#8221;70&#8243;][\/vc_column][\/vc_row][vc_row row_space=&#8221;remove_padding_top&#8221;][vc_column][vc_custom_heading text=&#8221;ECOS EM IMAGENS&#8221; font_container=&#8221;tag:h2|font_size:35|text_align:center|color:%23007c1f&#8221; google_fonts=&#8221;font_family:Cherry%20Cream%20Soda%3Aregular|font_style:400%20regular%3A400%3Anormal&#8221; css_animation=&#8221;bounceInLeft&#8221;][vc_empty_space height=&#8221;22px&#8221;][vc_custom_heading text=&#8221;21 de novembro de 2021 [&hellip;]<\/p>\n","protected":false},"author":6,"featured_media":0,"parent":0,"menu_order":0,"comment_status":"closed","ping_status":"closed","template":"","meta":{"ngg_post_thumbnail":0,"footnotes":""},"lang":"pt","translations":{"pt":11558},"pll_sync_post":[],"_links":{"self":[{"href":"https:\/\/soeurs-de-la-presentation-de-marie.org\/pom\/wp-json\/wp\/v2\/pages\/11558"}],"collection":[{"href":"https:\/\/soeurs-de-la-presentation-de-marie.org\/pom\/wp-json\/wp\/v2\/pages"}],"about":[{"href":"https:\/\/soeurs-de-la-presentation-de-marie.org\/pom\/wp-json\/wp\/v2\/types\/page"}],"author":[{"embeddable":true,"href":"https:\/\/soeurs-de-la-presentation-de-marie.org\/pom\/wp-json\/wp\/v2\/users\/6"}],"replies":[{"embeddable":true,"href":"https:\/\/soeurs-de-la-presentation-de-marie.org\/pom\/wp-json\/wp\/v2\/comments?post=11558"}],"version-history":[{"count":15,"href":"https:\/\/soeurs-de-la-presentation-de-marie.org\/pom\/wp-json\/wp\/v2\/pages\/11558\/revisions"}],"predecessor-version":[{"id":26132,"href":"https:\/\/soeurs-de-la-presentation-de-marie.org\/pom\/wp-json\/wp\/v2\/pages\/11558\/revisions\/26132"}],"wp:attachment":[{"href":"https:\/\/soeurs-de-la-presentation-de-marie.org\/pom\/wp-json\/wp\/v2\/media?parent=11558"}],"curies":[{"name":"wp","href":"https:\/\/api.w.org\/{rel}","templated":true}]}}