{"id":17472,"date":"2020-11-26T17:52:55","date_gmt":"2020-11-26T16:52:55","guid":{"rendered":"http:\/\/soeurs-de-la-presentation-de-marie.org\/pom\/?page_id=17472"},"modified":"2021-01-19T10:19:47","modified_gmt":"2021-01-19T09:19:47","slug":"ano-de-acao-de-gracas","status":"publish","type":"page","link":"https:\/\/soeurs-de-la-presentation-de-marie.org\/pom\/ano-de-acao-de-gracas\/","title":{"rendered":"Ano de A\u00e7\u00e3o de Gra\u00e7as"},"content":{"rendered":"<div class=\"wpb-content-wrapper\"><p>[vc_row row_space=&#8221;remove_padding_top&#8221;][vc_column][\/vc_column][\/vc_row][vc_row row_space=&#8221;remove_padding_bottom&#8221;][vc_column][vc_custom_heading text=&#8221;Dando gra\u00e7as ao Pai, que nos tornou dignos de participar da heran\u00e7a dos santos no reino da luz.<br \/>\n&#8211; Col 1, 12 _&#8221; font_container=&#8221;tag:h2|font_size:56|text_align:center|color:%236b003e&#8221; google_fonts=&#8221;font_family:Rouge%20Script%3Aregular|font_style:400%20regular%3A400%3Anormal&#8221;][vc_separator color=&#8221;sandy_brown&#8221; style=&#8221;double&#8221; el_width=&#8221;70&#8243;][\/vc_column][\/vc_row][vc_row row_space=&#8221;remove_padding_top&#8221;][vc_column][vc_custom_heading text=&#8221;ORA\u00c7\u00c3O&#8221; font_container=&#8221;tag:h2|font_size:34|text_align:center|color:%23c96b0e&#8221; google_fonts=&#8221;font_family:Adamina%3Aregular|font_style:400%20regular%3A400%3Anormal&#8221;][vc_empty_space height=&#8221;30px&#8221;][vc_column_text]<img loading=\"lazy\" decoding=\"async\" class=\"aligncenter wp-image-18409 size-full\" src=\"https:\/\/soeurs-de-la-presentation-de-marie.org\/pom\/wp-content\/uploads\/2021\/01\/PORT_ORACAO-DE.jpg\" alt=\"\" width=\"1187\" height=\"718\"><\/p>\n<p>ngg_shortcode_0_placeholder[\/vc_column_text][\/vc_column][\/vc_row][vc_row row_space=&#8221;remove_padding_top&#8221;][vc_column][vc_custom_heading text=&#8221;Ladainha de Ac\u00e7\u00e3o de Gra\u00e7as do Livro de Salmo&#8221; font_container=&#8221;tag:h2|font_size:32|text_align:left|color:%23efaf00&#8243; google_fonts=&#8221;font_family:Allan%3Aregular%2C700|font_style:400%20regular%3A400%3Anormal&#8221;][vc_video link=&#8221;https:\/\/issuu.com\/cha.2017.fb\/docs\/litany_of_thanksgiving_port_ed&#8221; align=&#8221;center&#8221;][\/vc_column][\/vc_row]<\/p>\n<\/div>","protected":false},"excerpt":{"rendered":"<p>[vc_row row_space=&#8221;remove_padding_top&#8221;][vc_column][\/vc_column][\/vc_row][vc_row row_space=&#8221;remove_padding_bottom&#8221;][vc_column][vc_custom_heading text=&#8221;Dando gra\u00e7as ao Pai, que nos tornou dignos de participar da heran\u00e7a dos santos no reino da luz. &#8211; Col 1, 12 _&#8221; font_container=&#8221;tag:h2|font_size:56|text_align:center|color:%236b003e&#8221; google_fonts=&#8221;font_family:Rouge%20Script%3Aregular|font_style:400%20regular%3A400%3Anormal&#8221;][vc_separator color=&#8221;sandy_brown&#8221; style=&#8221;double&#8221; el_width=&#8221;70&#8243;][\/vc_column][\/vc_row][vc_row row_space=&#8221;remove_padding_top&#8221;][vc_column][vc_custom_heading text=&#8221;ORA\u00c7\u00c3O&#8221; font_container=&#8221;tag:h2|font_size:34|text_align:center|color:%23c96b0e&#8221; google_fonts=&#8221;font_family:Adamina%3Aregular|font_style:400%20regular%3A400%3Anormal&#8221;][vc_empty_space height=&#8221;30px&#8221;][vc_column_text] [\/vc_column_text][\/vc_column][\/vc_row][vc_row row_space=&#8221;remove_padding_top&#8221;][vc_column][vc_custom_heading text=&#8221;Ladainha de Ac\u00e7\u00e3o de Gra\u00e7as do Livro de Salmo&#8221; font_container=&#8221;tag:h2|font_size:32|text_align:left|color:%23efaf00&#8243; google_fonts=&#8221;font_family:Allan%3Aregular%2C700|font_style:400%20regular%3A400%3Anormal&#8221;][vc_video link=&#8221;https:\/\/issuu.com\/cha.2017.fb\/docs\/litany_of_thanksgiving_port_ed&#8221; align=&#8221;center&#8221;][\/vc_column][\/vc_row]<\/p>\n","protected":false},"author":6,"featured_media":0,"parent":0,"menu_order":0,"comment_status":"closed","ping_status":"closed","template":"","meta":{"ngg_post_thumbnail":0,"footnotes":""},"lang":"pt","translations":{"pt":17472},"pll_sync_post":[],"_links":{"self":[{"href":"https:\/\/soeurs-de-la-presentation-de-marie.org\/pom\/wp-json\/wp\/v2\/pages\/17472"}],"collection":[{"href":"https:\/\/soeurs-de-la-presentation-de-marie.org\/pom\/wp-json\/wp\/v2\/pages"}],"about":[{"href":"https:\/\/soeurs-de-la-presentation-de-marie.org\/pom\/wp-json\/wp\/v2\/types\/page"}],"author":[{"embeddable":true,"href":"https:\/\/soeurs-de-la-presentation-de-marie.org\/pom\/wp-json\/wp\/v2\/users\/6"}],"replies":[{"embeddable":true,"href":"https:\/\/soeurs-de-la-presentation-de-marie.org\/pom\/wp-json\/wp\/v2\/comments?post=17472"}],"version-history":[{"count":5,"href":"https:\/\/soeurs-de-la-presentation-de-marie.org\/pom\/wp-json\/wp\/v2\/pages\/17472\/revisions"}],"predecessor-version":[{"id":18408,"href":"https:\/\/soeurs-de-la-presentation-de-marie.org\/pom\/wp-json\/wp\/v2\/pages\/17472\/revisions\/18408"}],"wp:attachment":[{"href":"https:\/\/soeurs-de-la-presentation-de-marie.org\/pom\/wp-json\/wp\/v2\/media?parent=17472"}],"curies":[{"name":"wp","href":"https:\/\/api.w.org\/{rel}","templated":true}]}}