{"id":17973,"date":"2021-01-02T11:17:39","date_gmt":"2021-01-02T10:17:39","guid":{"rendered":"http:\/\/soeurs-de-la-presentation-de-marie.org\/pom\/?page_id=17973"},"modified":"2021-01-02T11:21:36","modified_gmt":"2021-01-02T10:21:36","slug":"ano-de-sao-jose","status":"publish","type":"page","link":"https:\/\/soeurs-de-la-presentation-de-marie.org\/pom\/ano-de-sao-jose\/","title":{"rendered":"Ano de S\u00e3o Jos\u00e9"},"content":{"rendered":"<div class=\"wpb-content-wrapper\"><p>[vc_row row_space=&#8221;remove_padding_top&#8221;][vc_column][vc_custom_heading text=&#8221;O nome de S\u00e3o Jos\u00e9 estava no cora\u00e7\u00e3o de Madame Rivier<br \/>\ninseparavelmente unido aos nomes de Jesus e de Maria<\/p>\n<p>&#8221; font_container=&#8221;tag:h2|font_size:50|text_align:center|color:%23057700&#8243; google_fonts=&#8221;font_family:Rouge%20Script%3Aregular|font_style:400%20regular%3A400%3Anormal&#8221;][vc_custom_heading text=&#8221;- Do esp\u00edrito e virtudes, 67 &#8211; &#8221; font_container=&#8221;tag:h2|font_size:28|text_align:center|color:%2323771f&#8221; google_fonts=&#8221;font_family:Aubrey%3Aregular|font_style:400%20regular%3A400%3Anormal&#8221;][\/vc_column][\/vc_row][vc_row][vc_column][\/vc_column][\/vc_row]<\/p>\n<\/div>","protected":false},"excerpt":{"rendered":"<p>[vc_row row_space=&#8221;remove_padding_top&#8221;][vc_column][vc_custom_heading text=&#8221;O nome de S\u00e3o Jos\u00e9 estava no cora\u00e7\u00e3o de Madame Rivier inseparavelmente unido aos nomes de Jesus e de Maria &#8221; font_container=&#8221;tag:h2|font_size:50|text_align:center|color:%23057700&#8243; google_fonts=&#8221;font_family:Rouge%20Script%3Aregular|font_style:400%20regular%3A400%3Anormal&#8221;][vc_custom_heading text=&#8221;- Do esp\u00edrito e virtudes, 67 &#8211; &#8221; font_container=&#8221;tag:h2|font_size:28|text_align:center|color:%2323771f&#8221; google_fonts=&#8221;font_family:Aubrey%3Aregular|font_style:400%20regular%3A400%3Anormal&#8221;][\/vc_column][\/vc_row][vc_row][vc_column][\/vc_column][\/vc_row]<\/p>\n","protected":false},"author":6,"featured_media":0,"parent":0,"menu_order":0,"comment_status":"closed","ping_status":"closed","template":"","meta":{"ngg_post_thumbnail":0,"footnotes":""},"lang":"pt","translations":{"pt":17973},"pll_sync_post":[],"_links":{"self":[{"href":"https:\/\/soeurs-de-la-presentation-de-marie.org\/pom\/wp-json\/wp\/v2\/pages\/17973"}],"collection":[{"href":"https:\/\/soeurs-de-la-presentation-de-marie.org\/pom\/wp-json\/wp\/v2\/pages"}],"about":[{"href":"https:\/\/soeurs-de-la-presentation-de-marie.org\/pom\/wp-json\/wp\/v2\/types\/page"}],"author":[{"embeddable":true,"href":"https:\/\/soeurs-de-la-presentation-de-marie.org\/pom\/wp-json\/wp\/v2\/users\/6"}],"replies":[{"embeddable":true,"href":"https:\/\/soeurs-de-la-presentation-de-marie.org\/pom\/wp-json\/wp\/v2\/comments?post=17973"}],"version-history":[{"count":3,"href":"https:\/\/soeurs-de-la-presentation-de-marie.org\/pom\/wp-json\/wp\/v2\/pages\/17973\/revisions"}],"predecessor-version":[{"id":18000,"href":"https:\/\/soeurs-de-la-presentation-de-marie.org\/pom\/wp-json\/wp\/v2\/pages\/17973\/revisions\/18000"}],"wp:attachment":[{"href":"https:\/\/soeurs-de-la-presentation-de-marie.org\/pom\/wp-json\/wp\/v2\/media?parent=17973"}],"curies":[{"name":"wp","href":"https:\/\/api.w.org\/{rel}","templated":true}]}}