{"id":19164,"date":"2021-02-12T15:45:20","date_gmt":"2021-02-12T14:45:20","guid":{"rendered":"http:\/\/soeurs-de-la-presentation-de-marie.org\/pom\/?page_id=19164"},"modified":"2021-02-12T16:08:53","modified_gmt":"2021-02-12T15:08:53","slug":"sua-vida","status":"publish","type":"page","link":"https:\/\/soeurs-de-la-presentation-de-marie.org\/pom\/sua-vida\/","title":{"rendered":"Sua Vida"},"content":{"rendered":"<div class=\"wpb-content-wrapper\"><p>[vc_row row_space=&#8221;remove_padding_bottom&#8221;][vc_column][vc_custom_heading text=&#8221;DAS FLORZINHAS&#8221; font_container=&#8221;tag:h2|font_size:30|text_align:center|color:%230066bf&#8221; google_fonts=&#8221;font_family:Amarante%3Aregular|font_style:400%20regular%3A400%3Anormal&#8221;][\/vc_column][\/vc_row][vc_row row_space=&#8221;remove_padding_bottom&#8221;][vc_column][vc_custom_heading text=&#8221;A hist\u00f3ria da vida de Maria Rivier \u00e9 quase exclusivamente a hist\u00f3ria da sua devo\u00e7\u00e3o \u00e0 Sant\u00edssima Virgem, de uma reciprocidade ininterrupta de confian\u00e7a e de favores, de ora\u00e7\u00f5es e de gra\u00e7as obtidas pela intercess\u00e3o da Virgem Maria. As suas experi\u00eancias de crian\u00e7a s\u00e3o o ponto de partida para esta maravilhosa hist\u00f3ria de reciprocidade de amor que permite \u00e0 gl\u00f3ria de Deus transformar a sua incapacidade f\u00edsica numa vida de Santo Amor!<\/p>\n<p>Vamos caminhar pelo jardim da vida de Marie Rivier. \u00c9 nossa esperan\u00e7a que sirva para incutir fervor, confian\u00e7a e aprofundar o nosso amor por Deus e pelos outros. A fragr\u00e2ncia das florzinhas de Madre Rivier est\u00e1 a elevar-se at\u00e9 Deus convidando-nos a partilhar com a sua beleza transformadora atrav\u00e9s do Santo Amor!&#8221; font_container=&#8221;tag:h2|font_size:23|text_align:justify|color:%231e73be|line_height:1.25&#8243; google_fonts=&#8221;font_family:Abel%3Aregular|font_style:400%20regular%3A400%3Anormal&#8221;][vc_empty_space height=&#8221;40px&#8221;][\/vc_column][\/vc_row][vc_row row_space=&#8221;remove_padding_top&#8221;][vc_column][vc_video link=&#8221;https:\/\/issuu.com\/cha.2017.fb\/docs\/marie_rivier_fleurs__1__8fa0efd596e340&#8243; align=&#8221;center&#8221;][vc_empty_space height=&#8221;28px&#8221;][vc_column_text]Download&nbsp; <a href=\"https:\/\/soeurs-de-la-presentation-de-marie.org\/pom\/wp-content\/uploads\/2021\/02\/MARIE-RIVIER-FLEURS-1.pdf\">MARIE RIVIER FLEURS&nbsp;<\/a>![\/vc_column_text][\/vc_column][\/vc_row]<\/p>\n<\/div>","protected":false},"excerpt":{"rendered":"<p>[vc_row row_space=&#8221;remove_padding_bottom&#8221;][vc_column][vc_custom_heading text=&#8221;DAS FLORZINHAS&#8221; font_container=&#8221;tag:h2|font_size:30|text_align:center|color:%230066bf&#8221; google_fonts=&#8221;font_family:Amarante%3Aregular|font_style:400%20regular%3A400%3Anormal&#8221;][\/vc_column][\/vc_row][vc_row row_space=&#8221;remove_padding_bottom&#8221;][vc_column][vc_custom_heading text=&#8221;A hist\u00f3ria da vida de Maria Rivier \u00e9 quase exclusivamente a hist\u00f3ria da sua devo\u00e7\u00e3o \u00e0 Sant\u00edssima Virgem, de uma reciprocidade ininterrupta de confian\u00e7a e de favores, de ora\u00e7\u00f5es e de gra\u00e7as obtidas pela intercess\u00e3o da Virgem Maria. As suas experi\u00eancias de crian\u00e7a s\u00e3o o ponto de partida [&hellip;]<\/p>\n","protected":false},"author":6,"featured_media":0,"parent":0,"menu_order":0,"comment_status":"closed","ping_status":"closed","template":"","meta":{"ngg_post_thumbnail":0,"footnotes":""},"lang":"pt","translations":{"pt":19164},"pll_sync_post":[],"_links":{"self":[{"href":"https:\/\/soeurs-de-la-presentation-de-marie.org\/pom\/wp-json\/wp\/v2\/pages\/19164"}],"collection":[{"href":"https:\/\/soeurs-de-la-presentation-de-marie.org\/pom\/wp-json\/wp\/v2\/pages"}],"about":[{"href":"https:\/\/soeurs-de-la-presentation-de-marie.org\/pom\/wp-json\/wp\/v2\/types\/page"}],"author":[{"embeddable":true,"href":"https:\/\/soeurs-de-la-presentation-de-marie.org\/pom\/wp-json\/wp\/v2\/users\/6"}],"replies":[{"embeddable":true,"href":"https:\/\/soeurs-de-la-presentation-de-marie.org\/pom\/wp-json\/wp\/v2\/comments?post=19164"}],"version-history":[{"count":12,"href":"https:\/\/soeurs-de-la-presentation-de-marie.org\/pom\/wp-json\/wp\/v2\/pages\/19164\/revisions"}],"predecessor-version":[{"id":19176,"href":"https:\/\/soeurs-de-la-presentation-de-marie.org\/pom\/wp-json\/wp\/v2\/pages\/19164\/revisions\/19176"}],"wp:attachment":[{"href":"https:\/\/soeurs-de-la-presentation-de-marie.org\/pom\/wp-json\/wp\/v2\/media?parent=19164"}],"curies":[{"name":"wp","href":"https:\/\/api.w.org\/{rel}","templated":true}]}}