{"id":19241,"date":"2021-02-13T21:17:26","date_gmt":"2021-02-13T20:17:26","guid":{"rendered":"http:\/\/soeurs-de-la-presentation-de-marie.org\/pom\/?page_id=19241"},"modified":"2021-02-13T21:19:01","modified_gmt":"2021-02-13T20:19:01","slug":"etre-soeur-de-la-presentation-de-marie","status":"publish","type":"page","link":"https:\/\/soeurs-de-la-presentation-de-marie.org\/pom\/etre-soeur-de-la-presentation-de-marie\/","title":{"rendered":"\u00catre S\u0153ur de la Pr\u00e9sentation de Marie"},"content":{"rendered":"<div class=\"wpb-content-wrapper\"><p>[vc_row][vc_column width=&#8221;2\/3&#8243;][vc_custom_heading text=&#8221;\u00catre S\u0153ur de la Pr\u00e9sentation de Marie&#8221; font_container=&#8221;tag:h2|font_size:55|text_align:center|color:%230066bf&#8221; google_fonts=&#8221;font_family:Italianno%3Aregular|font_style:400%20regular%3A400%3Anormal&#8221;][vc_column_text]<span style=\"color: #003366;\">Dans l&#8217;histoire de la France du XVIIIe si\u00e8cle, alors que tous les anciens monast\u00e8res \u00e9taient en ruines, une humble femme, Marie Rivier, avec ses quatre compagnons, a ouvert une petite \u00e9cole \u00e0 Thueyts en 1794. D\u00e8s le d\u00e9but, Marie Rivier entend se consacrer, avec ses compagnes, au service de l&#8217;\u00e9vang\u00e9lisation et \u00e0 la pratique de la charit\u00e9. Elle continue d&#8217;inviter des femmes \u00e0 la rejoindre, &#8220;<em>Mettons-nous ensemble&#8230;&#8221;.<\/em><\/span><\/p>\n<p><span style=\"color: #003366;\">La Congr\u00e9gation des S\u0153urs de la Pr\u00e9sentation de Marie a \u00e9t\u00e9 officiellement cr\u00e9\u00e9e le 21 novembre 1796. Marie Rivier et ses quatre premi\u00e8res compagnes se sont consacr\u00e9es \u00e0 Dieu, sous le patronage de la Bienheureuse Vierge Marie, non seulement elles-m\u00eames, mais aussi la Congr\u00e9gation, leurs \u00e9l\u00e8ves, leur maison et leurs \u0153uvres ! (p. 109 Mourret)<\/span><\/p>\n<p><span style=\"color: #003366;\">Les premi\u00e8res s\u0153urs de la Pr\u00e9sentation de Marie \u00e9taient : Marie Rivier (Fondatrice), Th\u00e9r\u00e8se Chaudanson, Marie Eyraud, Jeanne Delubac et Martine Teston.&nbsp;&nbsp;<\/span><\/p>\n<p><span style=\"color: #003366;\">Nous sommes des Soeurs de la Pr\u00e9sentation de Marie appel\u00e9es \u00e0 vivre et \u00e0 remplir, au coeur du monde, notre mission de personnes consacr\u00e9es, telle que reconnue pour nous par l&#8217;\u00c9glise. Notre identit\u00e9 \u00e9vang\u00e9lique s&#8217;enracine dans deux myst\u00e8res : la Pr\u00e9sentation de Marie au Temple, myst\u00e8re de la pr\u00e9sence de Dieu et la Pr\u00e9sentation de J\u00e9sus au Temple, myst\u00e8re de l&#8217;offrande de J\u00e9sus et de celle de sa M\u00e8re Marie. (D3)<\/span><\/p>\n<p><span style=\"color: #003366;\">En vivant ces deux myst\u00e8res dans notre vie quotidienne, nous refl\u00e9tons ce que J\u00e9sus et Marie ont v\u00e9cu si intens\u00e9ment : un esprit d&#8217;adoration, d&#8217;offrande de soi et de compassion.&nbsp;<\/span>[\/vc_column_text][\/vc_column][vc_column width=&#8221;1\/3&#8243;][vc_empty_space height=&#8221;100px&#8221;][vc_column_text]&nbsp;<\/p>\n<p><img loading=\"lazy\" decoding=\"async\" class=\"aligncenter wp-image-12828 size-full\" src=\"https:\/\/soeurs-de-la-presentation-de-marie.org\/pom\/wp-content\/uploads\/2020\/04\/LOGO.jpg\" alt=\"\" width=\"537\" height=\"582\">[\/vc_column_text][\/vc_column][\/vc_row][vc_row row_space=&#8221;remove_padding_top&#8221;][vc_column width=&#8221;1\/2&#8243;][vc_hoverbox image=&#8221;5906&#8243; primary_title=&#8221;&#8221; hover_title=&#8221;\u00catre S\u0153ur de la Pr\u00e9sentation de Marie&#8230;&#8221; hover_align=&#8221;left&#8221; hover_title_font_container=&#8221;font_size:28|color:%23003dcc|line_height:.5&#8243; hover_title_google_fonts=&#8221;font_family:Amarante%3Aregular|font_style:400%20regular%3A400%3Anormal&#8221; hover_title_css_animation=&#8221;fadeInLeftBig&#8221; hover_background_color=&#8221;custom&#8221; css_animation=&#8221;none&#8221; use_custom_fonts_hover_title=&#8221;true&#8221; hover_custom_background=&#8221;#5f9ab7&#8243;]<span style=\"color: #003366;\">c&#8217;est vivre un esprit tout \u00e0 fait int\u00e9rieur, enracin\u00e9 dans l&#8217;esprit de J\u00e9sus-Christ. (C3) <em>Tout pour Dieu ! Tout par le Saint Amour !<\/em> Voil\u00e0 l&#8217;expression qui incarne le sens et la pertinence de la vie d\u2019une S\u0153ur de la Pr\u00e9sentation de Marie dans le monde d&#8217;aujourd&#8217;hui.<\/span>[\/vc_hoverbox][\/vc_column][vc_column width=&#8221;1\/2&#8243;][vc_hoverbox image=&#8221;8036&#8243; primary_title=&#8221;&#8221; hover_title=&#8221;\u00catre S\u0153ur de la Pr\u00e9sentation de Marie&#8230;&#8221; hover_align=&#8221;left&#8221; hover_title_font_container=&#8221;font_size:28|color:%23003dcc|line_height:.5&#8243; hover_title_google_fonts=&#8221;font_family:Amarante%3Aregular|font_style:400%20regular%3A400%3Anormal&#8221; hover_background_color=&#8221;custom&#8221; use_custom_fonts_hover_title=&#8221;true&#8221; hover_custom_background=&#8221;#5f9ab7&#8243;]<span style=\"color: #003366;\">c&#8217;est vivre en communaut\u00e9 fraternelle. Nous formons une m\u00eame famille, mettant tout en commun, et nous n&#8217;avons qu&#8217;un c\u0153ur et qu&#8217;une \u00e2me en J\u00e9sus Christ. (C81)<\/span>[\/vc_hoverbox][\/vc_column][\/vc_row][vc_row][vc_column width=&#8221;1\/2&#8243;][vc_hoverbox image=&#8221;9301&#8243; primary_title=&#8221;&#8221; hover_title=&#8221;\u00catre S\u0153ur de la Pr\u00e9sentation de Marie&#8230;&#8221; hover_align=&#8221;left&#8221; hover_title_font_container=&#8221;font_size:28|color:%23003dcc|line_height:.5&#8243; hover_title_google_fonts=&#8221;font_family:Amarante%3Aregular|font_style:400%20regular%3A400%3Anormal&#8221; hover_title_css_animation=&#8221;fadeInLeftBig&#8221; hover_background_color=&#8221;custom&#8221; use_custom_fonts_hover_title=&#8221;true&#8221; hover_custom_background=&#8221;#5f9ab7&#8243;]<span style=\"color: #003366;\">c&#8217;est vivre un z\u00e8le apostolique qui ne conna\u00eet pas de fronti\u00e8res, ni celle de races, ni de peuples. <em>Tant qu&#8217;il y aura un coin de terre o\u00f9 J\u00e9sus-Christ n&#8217;est pas connu et aim\u00e9<\/em>, nous, les filles de la Femme-Ap\u00f4tre, ne peuvent pas rester en repos. (C109)<\/span>[\/vc_hoverbox][\/vc_column][vc_column width=&#8221;1\/2&#8243;][vc_hoverbox image=&#8221;19214&#8243; primary_title=&#8221;&#8221; hover_title=&#8221;\u00catre S\u0153ur de la Pr\u00e9sentation de Marie&#8230;&#8221; hover_align=&#8221;left&#8221; hover_title_font_container=&#8221;font_size:28|color:%23003dcc|line_height:.5&#8243; hover_title_google_fonts=&#8221;font_family:Amarante%3Aregular|font_style:400%20regular%3A400%3Anormal&#8221; hover_title_css_animation=&#8221;fadeInLeftBig&#8221; hover_background_color=&#8221;custom&#8221; use_custom_fonts_hover_title=&#8221;true&#8221; hover_custom_background=&#8221;#5f9ab7&#8243;]<span style=\"color: #003366;\">c&#8217;est vivre comme Marie, c&#8217;est-\u00e0-dire en pr\u00e9sence de Dieu.&nbsp; Dans le temple de la Pr\u00e9sentation, nous voulons vivre avec Marie en pr\u00e9sence de Dieu.&nbsp; Nous sommes au c\u0153ur du myst\u00e8re du Temple, du myst\u00e8re de la pr\u00e9sence de Dieu.<\/span>[\/vc_hoverbox][\/vc_column][\/vc_row]<\/p>\n<\/div>","protected":false},"excerpt":{"rendered":"<p>[vc_row][vc_column width=&#8221;2\/3&#8243;][vc_custom_heading text=&#8221;\u00catre S\u0153ur de la Pr\u00e9sentation de Marie&#8221; font_container=&#8221;tag:h2|font_size:55|text_align:center|color:%230066bf&#8221; google_fonts=&#8221;font_family:Italianno%3Aregular|font_style:400%20regular%3A400%3Anormal&#8221;][vc_column_text]Dans l&#8217;histoire de la France du XVIIIe si\u00e8cle, alors que tous les anciens monast\u00e8res \u00e9taient en ruines, une humble femme, Marie Rivier, avec ses quatre compagnons, a ouvert une petite \u00e9cole \u00e0 Thueyts en 1794. D\u00e8s le d\u00e9but, Marie Rivier entend se consacrer, avec ses [&hellip;]<\/p>\n","protected":false},"author":6,"featured_media":0,"parent":0,"menu_order":0,"comment_status":"closed","ping_status":"closed","template":"","meta":{"ngg_post_thumbnail":0,"footnotes":""},"lang":"en","translations":{"en":19241},"pll_sync_post":[],"_links":{"self":[{"href":"https:\/\/soeurs-de-la-presentation-de-marie.org\/pom\/wp-json\/wp\/v2\/pages\/19241"}],"collection":[{"href":"https:\/\/soeurs-de-la-presentation-de-marie.org\/pom\/wp-json\/wp\/v2\/pages"}],"about":[{"href":"https:\/\/soeurs-de-la-presentation-de-marie.org\/pom\/wp-json\/wp\/v2\/types\/page"}],"author":[{"embeddable":true,"href":"https:\/\/soeurs-de-la-presentation-de-marie.org\/pom\/wp-json\/wp\/v2\/users\/6"}],"replies":[{"embeddable":true,"href":"https:\/\/soeurs-de-la-presentation-de-marie.org\/pom\/wp-json\/wp\/v2\/comments?post=19241"}],"version-history":[{"count":13,"href":"https:\/\/soeurs-de-la-presentation-de-marie.org\/pom\/wp-json\/wp\/v2\/pages\/19241\/revisions"}],"predecessor-version":[{"id":35403,"href":"https:\/\/soeurs-de-la-presentation-de-marie.org\/pom\/wp-json\/wp\/v2\/pages\/19241\/revisions\/35403"}],"wp:attachment":[{"href":"https:\/\/soeurs-de-la-presentation-de-marie.org\/pom\/wp-json\/wp\/v2\/media?parent=19241"}],"curies":[{"name":"wp","href":"https:\/\/api.w.org\/{rel}","templated":true}]}}