{"id":19645,"date":"2021-02-25T20:31:53","date_gmt":"2021-02-25T19:31:53","guid":{"rendered":"http:\/\/soeurs-de-la-presentation-de-marie.org\/pom\/?page_id=19645"},"modified":"2021-05-29T23:48:26","modified_gmt":"2021-05-29T21:48:26","slug":"peregrinacao-virtual","status":"publish","type":"page","link":"https:\/\/soeurs-de-la-presentation-de-marie.org\/pom\/peregrinacao-virtual\/","title":{"rendered":"Peregrina\u00e7\u00e3o virtual"},"content":{"rendered":"<div class=\"wpb-content-wrapper\"><p>[vc_row row_space=&#8221;remove_padding_top&#8221; custom_background=&#8221;bg-theme&#8221;][vc_column][vc_custom_heading text=&#8221;AS FONTES&#8221; font_container=&#8221;tag:h2|font_size:38|text_align:center|color:%23005900|line_height:2&#8243; google_fonts=&#8221;font_family:Amarante%3Aregular|font_style:400%20regular%3A400%3Anormal&#8221;][\/vc_column][\/vc_row][vc_row row_space=&#8221;remove_padding_bottom&#8221;][vc_column][vc_custom_heading text=&#8221;MONTPEZAT&#8221; font_container=&#8221;tag:h2|font_size:36|text_align:left|color:%2309750e|line_height:2&#8243; google_fonts=&#8221;font_family:Amarante%3Aregular|font_style:400%20regular%3A400%3Anormal&#8221;][vc_column_text]<span style=\"color: #008000;\">Maria Rivier nasceu em Montpezat sous Bauzon, a 19 de dezembro de 1768. Foi baptizada na igreja de Nossa Senhora de Pr\u00e9vench\u00e8res dois dias depois, a 21 de dezembro de 1768.<\/span><\/p>\n<p><span style=\"color: #008000;\">No cora\u00e7\u00e3o de uma fam\u00edlia crist\u00e3 unida, experimentou a prova\u00e7\u00e3o da doen\u00e7a. A sua m\u00e3e, uma mulher de grande f\u00e9, acompanhou a sua filha at\u00e9 junto da imagem da Piet\u00e0.<\/span><br \/>\n<span style=\"color: #008000;\">Ali, entre Maria e Maria Rivier, nasceu uma tal cumplicidade que far\u00e1 Marinette dizer, mais tarde: &#8220;Obtive tudo \u00e0 custa de ter\u00e7os.&#8221; Durante quatro anos, ela esteve na escola de Maria. Seguindo o seu exemplo, tornou-se uma mulher de esperan\u00e7a, educadora da f\u00e9, disc\u00edpula de Jesus e m\u00e3e de todos aqueles que lhe foram confiados.<\/span><br \/>\n<span style=\"color: #008000;\">A 8 de setembro de 1774, foi curada da sua queda&#8230; E foi a\u00ed que come\u00e7ou a reunir as primeiras crian\u00e7as para as ensinar e lhes falar de Jesus Cristo.<\/span>[\/vc_column_text][\/vc_column][\/vc_row][vc_row row_space=&#8221;remove_padding_bottom&#8221;][vc_column width=&#8221;1\/3&#8243;][vc_custom_heading text=&#8221;CASA PATERNA DA MARIA RIVIER&#8221; font_container=&#8221;tag:h2|font_size:24|text_align:left|color:%2309750e&#8221; google_fonts=&#8221;font_family:Amarante%3Aregular|font_style:400%20regular%3A400%3Anormal&#8221;][vc_column_text]<img loading=\"lazy\" decoding=\"async\" class=\"alignleft wp-image-10063\" src=\"https:\/\/soeurs-de-la-presentation-de-marie.org\/pom\/wp-content\/uploads\/2015\/12\/slider_RIVIER_HOME_00-750x510.jpg\" alt=\"\" width=\"575\" height=\"317\">[\/vc_column_text][\/vc_column][vc_column width=&#8221;1\/3&#8243;][vc_custom_heading text=&#8221;NOTRE DAME DE PR\u00c9VENCH\u00c8RES&#8221; font_container=&#8221;tag:h2|font_size:24|text_align:left|color:%2309750e&#8221; google_fonts=&#8221;font_family:Amarante%3Aregular|font_style:400%20regular%3A400%3Anormal&#8221;][vc_column_text]<img loading=\"lazy\" decoding=\"async\" class=\"aligncenter wp-image-20065 size-medium\" src=\"https:\/\/soeurs-de-la-presentation-de-marie.org\/pom\/wp-content\/uploads\/2021\/03\/LEglise-du-Bapteme-1-750x510.jpg\" alt=\"\" width=\"750\" height=\"510\">[\/vc_column_text][\/vc_column][vc_column width=&#8221;1\/3&#8243;][vc_custom_heading text=&#8221;DA PIETA&#8221; font_container=&#8221;tag:h2|font_size:24|text_align:left|color:%2309750e&#8221; google_fonts=&#8221;font_family:Amarante%3Aregular|font_style:400%20regular%3A400%3Anormal&#8221;][vc_column_text]<img loading=\"lazy\" decoding=\"async\" class=\"alignright wp-image-20077 size-medium\" src=\"https:\/\/soeurs-de-la-presentation-de-marie.org\/pom\/wp-content\/uploads\/2021\/03\/PIETA-750x510.jpg\" alt=\"\" width=\"750\" height=\"510\">[\/vc_column_text][\/vc_column][\/vc_row][vc_row row_space=&#8221;remove_padding_top&#8221;][vc_column][vc_custom_heading text=&#8221;ORA\u00c7\u00d5ES&#8221; font_container=&#8221;tag:h2|font_size:34|text_align:center|color:%23006308&#8243; google_fonts=&#8221;font_family:Amarante%3Aregular|font_style:400%20regular%3A400%3Anormal&#8221;][vc_column_text]<\/p>\n<h3 style=\"text-align: center;\"><a href=\"https:\/\/soeurs-de-la-presentation-de-marie.org\/pom\/wp-content\/uploads\/2021\/04\/ALL-LANGUAGES_RENEWAL-OF-BAPTISMAL-PROMISES.pdf\"><span style=\"color: #008000;\">ALL LANGUAGES_RENEWAL OF BAPTISMAL PROMISES<\/span><\/a><\/h3>\n<h3 style=\"text-align: center;\"><span style=\"color: #008000;\"><a style=\"color: #008000;\" href=\"https:\/\/soeurs-de-la-presentation-de-marie.org\/pom\/wp-content\/uploads\/2021\/04\/EGLISE-DU-BAPTEME-Celebration-PORT.pdf\">EGLISE DU BAPTEME C\u00e9l\u00e9bration <\/a><\/span><\/h3>\n<h3 style=\"text-align: center;\"><span style=\"color: #008000;\"><a style=\"color: #008000;\" href=\"https:\/\/soeurs-de-la-presentation-de-marie.org\/pom\/wp-content\/uploads\/2021\/04\/Port_Terco-diante-da-Pieta.pdf\">TER\u00c7O DIANTE DA PIETA<\/a><\/span><\/h3>\n<h3 style=\"text-align: center;\"><span style=\"color: #008000;\"><a style=\"color: #008000;\" href=\"https:\/\/soeurs-de-la-presentation-de-marie.org\/pom\/wp-content\/uploads\/2021\/04\/Tout-dans-la-Congregation-est-a-Marie-PT.docx\">TOUT DANS LA CONGR\u00c9GATION EST \u00c0 MARIE_ PT<\/a><\/span><\/h3>\n<p>[\/vc_column_text][vc_video link=&#8221;https:\/\/youtu.be\/WqbsZxp6lXA&#8221; el_width=&#8221;70&#8243; align=&#8221;center&#8221;][\/vc_column][\/vc_row][vc_row row_space=&#8221;remove_padding_bottom&#8221;][vc_column][vc_custom_heading text=&#8221;THUEYTS&#8221; font_container=&#8221;tag:h2|font_size:38|text_align:left|color:%23005900&#8243; google_fonts=&#8221;font_family:Amarante%3Aregular|font_style:400%20regular%3A400%3Anormal&#8221;][vc_column_text]<span style=\"color: #008000;\">Ela partiu para Thueyts, chamada a abrir uma escola em 1794. E com 4 outras jovens, em 21 de Novembro de 1796: Festa da Apresenta\u00e7\u00e3o de Maria, elas fizeram a sua promessa ao Senhor. A primeira comunidade foi fundada, e a primeira casa m\u00e3e da Congrega\u00e7\u00e3o.<\/span><\/p>\n<p><span style=\"color: #008000;\">Muitas outras jovens juntar-se-iam a estas mulheres no seu desejo de ensinar e de proclamar Jesus Cristo. Ao mesmo tempo, abriram um pequeno dispens\u00e1rio para ajudar os doentes e os pobres. De 1794 a 1814, 77 escolas foram abertas no sul de Fran\u00e7a pelas irm\u00e3s da Apresenta\u00e7\u00e3o de Maria.<\/span>[\/vc_column_text][vc_row_inner][vc_column_inner width=&#8221;1\/3&#8243;][vc_custom_heading text=&#8221;A PRIMEIRA CASA M\u00c3E&#8221; font_container=&#8221;tag:h2|font_size:24|text_align:left|color:%2304750e&#8221; google_fonts=&#8221;font_family:Amarante%3Aregular|font_style:400%20regular%3A400%3Anormal&#8221;][vc_column_text]<img loading=\"lazy\" decoding=\"async\" class=\"alignleft wp-image-20090 size-medium\" src=\"https:\/\/soeurs-de-la-presentation-de-marie.org\/pom\/wp-content\/uploads\/2021\/03\/tHUEYTS_MAISON-MeRE-750x510.jpg\" alt=\"\" width=\"750\" height=\"510\">[\/vc_column_text][\/vc_column_inner][vc_column_inner width=&#8221;1\/3&#8243;][vc_custom_heading text=&#8221;A CAPELA&#8221; font_container=&#8221;tag:h2|font_size:24|text_align:left|color:%2304750e&#8221; google_fonts=&#8221;font_family:Amarante%3Aregular|font_style:400%20regular%3A400%3Anormal&#8221;][vc_column_text]<img loading=\"lazy\" decoding=\"async\" class=\"aligncenter wp-image-20094 size-medium\" src=\"https:\/\/soeurs-de-la-presentation-de-marie.org\/pom\/wp-content\/uploads\/2021\/03\/tHUYTS_MAIN-CHAPELLE-750x510.jpg\" alt=\"\" width=\"750\" height=\"510\">.[\/vc_column_text][\/vc_column_inner][vc_column_inner width=&#8221;1\/3&#8243;][vc_custom_heading text=&#8221;A CASA DE DOMINCAN&#8221; font_container=&#8221;tag:h2|font_size:24|text_align:left|color:%2304750e&#8221; google_fonts=&#8221;font_family:Amarante%3Aregular|font_style:400%20regular%3A400%3Anormal&#8221;][vc_column_text]<img loading=\"lazy\" decoding=\"async\" class=\"alignright wp-image-20098 size-medium\" src=\"https:\/\/soeurs-de-la-presentation-de-marie.org\/pom\/wp-content\/uploads\/2021\/03\/tHUEYTS_DOMINICANS-750x505.jpg\" alt=\"\" width=\"750\" height=\"505\">[\/vc_column_text][\/vc_column_inner][\/vc_row_inner][\/vc_column][\/vc_row][vc_row row_space=&#8221;remove_padding_top&#8221;][vc_column][vc_custom_heading text=&#8221;ORA\u00c7\u00d5ES&#8221; font_container=&#8221;tag:h2|font_size:38|text_align:center|color:%23005900&#8243; google_fonts=&#8221;font_family:Amarante%3Aregular|font_style:400%20regular%3A400%3Anormal&#8221;][vc_column_text]<\/p>\n<h3 style=\"text-align: center;\"><span style=\"color: #008000;\"><a style=\"color: #008000;\" href=\"https:\/\/soeurs-de-la-presentation-de-marie.org\/pom\/wp-content\/uploads\/2021\/04\/Stations-mariales-Portugais.pdf\">Stations mariales en Portugais<\/a><\/span><\/h3>\n<p>[\/vc_column_text][\/vc_column][\/vc_row][vc_row row_space=&#8221;remove_padding_top&#8221;][vc_column][vc_custom_heading text=&#8221;BOURG SAINT AND\u00c9OL&#8221; font_container=&#8221;tag:h2|font_size:38|text_align:left|color:%23005900&#8243; google_fonts=&#8221;font_family:Amarante%3Aregular|font_style:400%20regular%3A400%3Anormal&#8221;][vc_column_text]<span style=\"color: #008000;\">A casa de Thueyts tinha-se tornado pequena para as irm\u00e3s, os \u00f3rf\u00e3os, e para as estudantes. Em 1814, Maria Rivier comprou o antigo Convento da Visita\u00e7\u00e3o para fazer dele a Casa M\u00e3e das Irm\u00e3s da Apresenta\u00e7\u00e3o de Maria. Morreu ali a 3 de fevereiro de 1838, tendo aberto 141 escolas, dispens\u00e1rios, orfanatos e internatos que se espalharam da Saboia at\u00e9 Bord\u00e9us. E ela profetizaria: <strong><em>&#8220;Um dia, as minhas filhas atravessar\u00e3o os mares&#8221;.<\/em><\/strong><\/span><\/p>\n<p>&nbsp;[\/vc_column_text][vc_row_inner][vc_column_inner width=&#8221;1\/3&#8243;][vc_custom_heading text=&#8221;A CASA DA M\u00c3E&#8221; font_container=&#8221;tag:h2|font_size:24|text_align:left|color:%2304750e&#8221; google_fonts=&#8221;font_family:Amarante%3Aregular|font_style:400%20regular%3A400%3Anormal&#8221;][vc_column_text]<img loading=\"lazy\" decoding=\"async\" class=\"alignleft wp-image-20461 size-medium\" src=\"https:\/\/soeurs-de-la-presentation-de-marie.org\/pom\/wp-content\/uploads\/2021\/04\/Motherhouse-750x510.jpg\" alt=\"\" width=\"750\" height=\"510\">[\/vc_column_text][\/vc_column_inner][vc_column_inner width=&#8221;1\/3&#8243;][vc_custom_heading text=&#8221;QUARTO DA M\u00c3E RIVIER&#8221; font_container=&#8221;tag:h2|font_size:24|text_align:left|color:%2304750e&#8221; google_fonts=&#8221;font_family:Amarante%3Aregular|font_style:400%20regular%3A400%3Anormal&#8221;][vc_column_text]<img loading=\"lazy\" decoding=\"async\" class=\"aligncenter wp-image-20465 size-medium\" src=\"https:\/\/soeurs-de-la-presentation-de-marie.org\/pom\/wp-content\/uploads\/2021\/04\/ROOM-OF-MOTHER-RIVIER-750x510.jpg\" alt=\"\" width=\"750\" height=\"510\">[\/vc_column_text][\/vc_column_inner][vc_column_inner width=&#8221;1\/3&#8243;][vc_custom_heading text=&#8221;A SANTA FAM\u00cdLIA&#8221; font_container=&#8221;tag:h2|font_size:24|text_align:left|color:%2304750e&#8221; google_fonts=&#8221;font_family:Amarante%3Aregular|font_style:400%20regular%3A400%3Anormal&#8221;][vc_column_text]<img loading=\"lazy\" decoding=\"async\" class=\"alignright wp-image-20469 size-medium\" src=\"https:\/\/soeurs-de-la-presentation-de-marie.org\/pom\/wp-content\/uploads\/2021\/04\/tHE-hOLY-fAMILY-750x510.jpg\" alt=\"\" width=\"750\" height=\"510\">[\/vc_column_text][\/vc_column_inner][\/vc_row_inner][\/vc_column][\/vc_row][vc_row row_space=&#8221;remove_padding_top&#8221;][vc_column][vc_custom_heading text=&#8221;ORA\u00c7\u00d5ES&#8221; font_container=&#8221;tag:h2|font_size:34|text_align:center|color:%2304750e&#8221; google_fonts=&#8221;font_family:Amarante%3Aregular|font_style:400%20regular%3A400%3Anormal&#8221;][vc_column_text]<\/p>\n<h3 style=\"text-align: center;\"><span style=\"color: #008000;\"><a style=\"color: #008000;\" href=\"https:\/\/soeurs-de-la-presentation-de-marie.org\/pom\/wp-content\/uploads\/2021\/04\/Murs-Bourg-livret_TOUTES-LANGUES-1.pdf\">Murs-Bourg-livret_TOUTES LANGUES<\/a><\/span><\/h3>\n<h3 style=\"text-align: center;\"><span style=\"color: #008000;\"><a style=\"color: #008000;\" href=\"https:\/\/soeurs-de-la-presentation-de-marie.org\/pom\/wp-content\/uploads\/2021\/04\/Ladainha-a-Maria-Rivier-livret-PORT.pdf\">Ladainha a Maria Rivier&nbsp;<\/a><\/span><\/h3>\n<p>[\/vc_column_text][\/vc_column][\/vc_row][vc_row][vc_column][\/vc_column][\/vc_row]<\/p>\n<\/div>","protected":false},"excerpt":{"rendered":"<p>[vc_row row_space=&#8221;remove_padding_top&#8221; custom_background=&#8221;bg-theme&#8221;][vc_column][vc_custom_heading text=&#8221;AS FONTES&#8221; font_container=&#8221;tag:h2|font_size:38|text_align:center|color:%23005900|line_height:2&#8243; google_fonts=&#8221;font_family:Amarante%3Aregular|font_style:400%20regular%3A400%3Anormal&#8221;][\/vc_column][\/vc_row][vc_row row_space=&#8221;remove_padding_bottom&#8221;][vc_column][vc_custom_heading text=&#8221;MONTPEZAT&#8221; font_container=&#8221;tag:h2|font_size:36|text_align:left|color:%2309750e|line_height:2&#8243; google_fonts=&#8221;font_family:Amarante%3Aregular|font_style:400%20regular%3A400%3Anormal&#8221;][vc_column_text]Maria Rivier nasceu em Montpezat sous Bauzon, a 19 de dezembro de 1768. Foi baptizada na igreja de Nossa Senhora de Pr\u00e9vench\u00e8res dois dias depois, a 21 de dezembro de 1768. No cora\u00e7\u00e3o de uma fam\u00edlia crist\u00e3 unida, experimentou a prova\u00e7\u00e3o da doen\u00e7a. A sua [&hellip;]<\/p>\n","protected":false},"author":6,"featured_media":0,"parent":0,"menu_order":0,"comment_status":"closed","ping_status":"closed","template":"","meta":{"ngg_post_thumbnail":0,"footnotes":""},"lang":"pt","translations":{"pt":19645},"pll_sync_post":[],"_links":{"self":[{"href":"https:\/\/soeurs-de-la-presentation-de-marie.org\/pom\/wp-json\/wp\/v2\/pages\/19645"}],"collection":[{"href":"https:\/\/soeurs-de-la-presentation-de-marie.org\/pom\/wp-json\/wp\/v2\/pages"}],"about":[{"href":"https:\/\/soeurs-de-la-presentation-de-marie.org\/pom\/wp-json\/wp\/v2\/types\/page"}],"author":[{"embeddable":true,"href":"https:\/\/soeurs-de-la-presentation-de-marie.org\/pom\/wp-json\/wp\/v2\/users\/6"}],"replies":[{"embeddable":true,"href":"https:\/\/soeurs-de-la-presentation-de-marie.org\/pom\/wp-json\/wp\/v2\/comments?post=19645"}],"version-history":[{"count":27,"href":"https:\/\/soeurs-de-la-presentation-de-marie.org\/pom\/wp-json\/wp\/v2\/pages\/19645\/revisions"}],"predecessor-version":[{"id":20427,"href":"https:\/\/soeurs-de-la-presentation-de-marie.org\/pom\/wp-json\/wp\/v2\/pages\/19645\/revisions\/20427"}],"wp:attachment":[{"href":"https:\/\/soeurs-de-la-presentation-de-marie.org\/pom\/wp-json\/wp\/v2\/media?parent=19645"}],"curies":[{"name":"wp","href":"https:\/\/api.w.org\/{rel}","templated":true}]}}