{"id":19858,"date":"2021-03-06T16:36:19","date_gmt":"2021-03-06T15:36:19","guid":{"rendered":"http:\/\/soeurs-de-la-presentation-de-marie.org\/pom\/?page_id=19858"},"modified":"2021-03-06T16:39:47","modified_gmt":"2021-03-06T15:39:47","slug":"la-vida","status":"publish","type":"page","link":"https:\/\/soeurs-de-la-presentation-de-marie.org\/pom\/la-vida\/","title":{"rendered":"la vida"},"content":{"rendered":"<div class=\"wpb-content-wrapper\"><p>[vc_row][vc_column][vc_custom_heading text=&#8221;FLORECILLAS&#8221; font_container=&#8221;tag:h2|font_size:40|text_align:center|color:%230066bf&#8221; google_fonts=&#8221;font_family:Amarante%3Aregular|font_style:400%20regular%3A400%3Anormal&#8221;][vc_empty_space][vc_custom_heading text=&#8221;La historia de la vida de Mar\u00eda Rivier es casi s\u00f3lo la historia de su devoci\u00f3n a la Virgen, de una reciprocidad ininterrumpida de confianza y de favores, de oraciones y de gracias obtenidas por la intercesi\u00f3n de la Virgen Mar\u00eda. Sus experiencias infantiles son el punto de partida de esta maravillosa historia de reciprocidad de amor que permite a la gloria de Dios transformar su incapacidad f\u00edsica en una vida de Santo Amor.<br \/>\nTomemos tiempo para pasear por el jard\u00edn de la vida de Mar\u00eda Rivier. Esperamos que este recorrido sirva para suscitar en nosotros fervor y confianza y para profundizar nuestro amor a Dios y a los dem\u00e1s. El perfume de las florecillas de Mar\u00eda Rivier se eleva hacia Dios, invit\u00e1ndonos a compartir su belleza transformadora a medida que vivimos el lema, \u00a1TODO POR DIOS! \u00a1TODO POR SU SANTO AMOR!&#8221; font_container=&#8221;tag:h2|font_size:21|text_align:justify|color:%23156fbf|line_height:1.5&#8243; google_fonts=&#8221;font_family:Alice%3Aregular|font_style:400%20regular%3A400%3Anormal&#8221;][vc_empty_space][vc_video link=&#8221;https:\/\/issuu.com\/cha.2017.fb\/docs\/marie_rivier_fleurs__1_?fr=sZjVkZTMyMzg1OTQ&#8221;][\/vc_column][\/vc_row]<\/p>\n<\/div>","protected":false},"excerpt":{"rendered":"<p>[vc_row][vc_column][vc_custom_heading text=&#8221;FLORECILLAS&#8221; font_container=&#8221;tag:h2|font_size:40|text_align:center|color:%230066bf&#8221; google_fonts=&#8221;font_family:Amarante%3Aregular|font_style:400%20regular%3A400%3Anormal&#8221;][vc_empty_space][vc_custom_heading text=&#8221;La historia de la vida de Mar\u00eda Rivier es casi s\u00f3lo la historia de su devoci\u00f3n a la Virgen, de una reciprocidad ininterrumpida de confianza y de favores, de oraciones y de gracias obtenidas por la intercesi\u00f3n de la Virgen Mar\u00eda. Sus experiencias infantiles son el punto de partida de esta [&hellip;]<\/p>\n","protected":false},"author":6,"featured_media":0,"parent":0,"menu_order":0,"comment_status":"closed","ping_status":"closed","template":"","meta":{"ngg_post_thumbnail":0,"footnotes":""},"lang":"es","translations":{"es":19858},"pll_sync_post":[],"_links":{"self":[{"href":"https:\/\/soeurs-de-la-presentation-de-marie.org\/pom\/wp-json\/wp\/v2\/pages\/19858"}],"collection":[{"href":"https:\/\/soeurs-de-la-presentation-de-marie.org\/pom\/wp-json\/wp\/v2\/pages"}],"about":[{"href":"https:\/\/soeurs-de-la-presentation-de-marie.org\/pom\/wp-json\/wp\/v2\/types\/page"}],"author":[{"embeddable":true,"href":"https:\/\/soeurs-de-la-presentation-de-marie.org\/pom\/wp-json\/wp\/v2\/users\/6"}],"replies":[{"embeddable":true,"href":"https:\/\/soeurs-de-la-presentation-de-marie.org\/pom\/wp-json\/wp\/v2\/comments?post=19858"}],"version-history":[{"count":10,"href":"https:\/\/soeurs-de-la-presentation-de-marie.org\/pom\/wp-json\/wp\/v2\/pages\/19858\/revisions"}],"predecessor-version":[{"id":19869,"href":"https:\/\/soeurs-de-la-presentation-de-marie.org\/pom\/wp-json\/wp\/v2\/pages\/19858\/revisions\/19869"}],"wp:attachment":[{"href":"https:\/\/soeurs-de-la-presentation-de-marie.org\/pom\/wp-json\/wp\/v2\/media?parent=19858"}],"curies":[{"name":"wp","href":"https:\/\/api.w.org\/{rel}","templated":true}]}}