{"id":19923,"date":"2021-03-12T15:08:07","date_gmt":"2021-03-12T14:08:07","guid":{"rendered":"http:\/\/soeurs-de-la-presentation-de-marie.org\/pom\/?page_id=19923"},"modified":"2021-03-12T15:11:40","modified_gmt":"2021-03-12T14:11:40","slug":"sua-missao","status":"publish","type":"page","link":"https:\/\/soeurs-de-la-presentation-de-marie.org\/pom\/sua-missao\/","title":{"rendered":"Sua Miss\u00e3o"},"content":{"rendered":"<div class=\"wpb-content-wrapper\"><p>[vc_row row_space=&#8221;remove_padding_top&#8221;][vc_column][vc_custom_heading text=&#8221;&#8220;Quem me dera ter mil vidas&#8230;&#8220;<br \/>\n-Marie Rivier-&#8221; font_container=&#8221;tag:h2|font_size:34|text_align:right|color:%230066bf|line_height:1.8&#8243; google_fonts=&#8221;font_family:Amarante%3Aregular|font_style:400%20regular%3A400%3Anormal&#8221;][vc_row_inner][vc_column_inner width=&#8221;1\/4&#8243;][vc_column_text]&nbsp;<\/p>\n<p><img loading=\"lazy\" decoding=\"async\" class=\"alignleft wp-image-19402 \" src=\"https:\/\/soeurs-de-la-presentation-de-marie.org\/pom\/wp-content\/uploads\/2021\/02\/Marie-Rivier-08.jpg\" alt=\"\" width=\"716\" height=\"1063\">[\/vc_column_text][\/vc_column_inner][vc_column_inner width=&#8221;3\/4&#8243;][vc_column_text]&nbsp;<\/p>\n<p><span style=\"color: #003366;\">A partir do momento em que Maria Rivier sonhou com a sua &#8220;escola e o seu convento&#8221;, tomou consci\u00eancia de que queria viver esta miss\u00e3o em comunidade com companheiras. A sua vis\u00e3o da miss\u00e3o n\u00e3o era a de estar s\u00f3, mas com outros. Dizia frequentemente \u00e0s suas futuras companheiras: <em>&#8220;Juntemo-nos, e ensinaremos as crian\u00e7as&#8221;.<\/em> As suas companheiras descobriram a sua voca\u00e7\u00e3o atrav\u00e9s destas palavras da jovem fundadora (Mourret p. 101).<\/span><\/p>\n<p><span style=\"color: #003366;\">Como as escolas cat\u00f3licas estavam fechadas durante a Revolu\u00e7\u00e3o Francesa, esta pequena- mulher de Deus fundou escolas e educou a f\u00e9 das crian\u00e7as da sua regi\u00e3o na Fran\u00e7a. Ao mesmo tempo que se comprometia nas escolas com as crian\u00e7as, ensinava catecismo na par\u00f3quia e cuidava dos pobres, dos \u00f3rf\u00e3os e dos doentes. Ela dava igualmente cursos de religi\u00e3o \u00e0s m\u00e3es do seu tempo! Maria Rivier j\u00e1 estava a dar, \u00e0s mulheres e \u00e0s m\u00e3es, os meios para encontrarem o seu leg\u00edtimo lugar na sociedade e na Igreja. Ela tinha compreendido que a evangeliza\u00e7\u00e3o desempenha um papel essencial no desenvolvimento da humanidade.&nbsp;<\/span>[\/vc_column_text][\/vc_column_inner][\/vc_row_inner][vc_row_inner][vc_column_inner width=&#8221;2\/3&#8243;][vc_column_text]&nbsp;<\/p>\n<p><span style=\"color: #003366;\">Os primeiros apostolados de Maria Rivier e das suas companheiras desenvolveram-se e expandiram-se. Encontramo-los hoje em diferentes lugares da Congrega\u00e7\u00e3o, presente em 19 pa\u00edses. A sua miss\u00e3o de fazer conhecer e amar Jesus Cristo adquiriu numerosos rostos ao longo dos seus 225 anos de exist\u00eancia.&nbsp; <em>Enquanto houver um canto da terra onde Jesus Cristo n\u00e3o \u00e9 conhecido e amado, as filhas da Mulher Ap\u00f3stolo n\u00e3o podem descansar. <\/em><\/span><\/p>\n<p><span style=\"color: #003366;\">O seu fogo apost\u00f3lico propagou-se, muito al\u00e9m da sua imagina\u00e7\u00e3o, por toda a Fran\u00e7a do s\u00e9culo XVIII. Por ocasi\u00e3o da sua morte em 1838, Maria Rivier, esta pequena-mulher de Deus deficiente, j\u00e1 tinha fundado 141 escolas na regi\u00e3o montanhosa da Ard\u00e8che. O seu exemplar compromisso mission\u00e1rio ao servi\u00e7o do Evangelho conquistou o cora\u00e7\u00e3o do Papa Pio IX que, em 1853, a proclamou Mulher Ap\u00f3stolo.<\/span><\/p>\n<p><span style=\"color: #003366;\">Hoje, a miss\u00e3o da Mulher Ap\u00f3stolo encontra o seu pleno florescimento na criatividade e engenhosidade das suas filhas. Com uma fidelidade criativa, as Irm\u00e3s da Apresenta\u00e7\u00e3o de Maria continuam a fazer conhecer e a amar Jesus Cristo, adaptando-se constantemente \u00e0s necessidades atuais, mantendo-se ao mesmo tempo fi\u00e9is \u00e0 sua heran\u00e7a cat\u00f3lica da f\u00e9 crist\u00e3.<\/span>[\/vc_column_text][vc_empty_space height=&#8221;75px&#8221;][vc_custom_heading text=&#8221;Presen\u00e7a da Apresenta\u00e7\u00e3o de Maria<br \/>\nno Mundo&#8221; font_container=&#8221;tag:h2|font_size:42|text_align:center|color:%230066bf&#8221; google_fonts=&#8221;font_family:Amarante%3Aregular|font_style:400%20regular%3A400%3Anormal&#8221;][\/vc_column_inner][vc_column_inner width=&#8221;1\/3&#8243;][vc_column_text]&nbsp;<\/p>\n<p>&nbsp;<\/p>\n<p><img loading=\"lazy\" decoding=\"async\" class=\"alignright wp-image-19414 size-full\" src=\"https:\/\/soeurs-de-la-presentation-de-marie.org\/pom\/wp-content\/uploads\/2021\/02\/Marie-Rivier-07-1.jpg\" alt=\"\" width=\"800\" height=\"1270\">[\/vc_column_text][\/vc_column_inner][\/vc_row_inner][\/vc_column][\/vc_row][vc_row row_space=&#8221;remove_padding_top&#8221;][vc_column width=&#8221;1\/2&#8243;][vc_custom_heading text=&#8221;EUROPA&#8221; font_container=&#8221;tag:h2|font_size:32|text_align:left|color:%230066bf&#8221; google_fonts=&#8221;font_family:Amarante%3Aregular|font_style:400%20regular%3A400%3Anormal&#8221;][vc_column_text]<\/p>\n<h3><span style=\"color: #003366;\">Prov\u00edncia de FRAN\u00c7A<\/span><\/h3>\n<h3><span style=\"color: #003366;\">Prov\u00edncia de PORTUGAL<\/span><\/h3>\n<h3><span style=\"color: #003366;\">Prov\u00edncia de ESPANHA<\/span><\/h3>\n<h3><span style=\"color: #003366;\">Casa Geral, IT\u00c1LIA<\/span><\/h3>\n<h3><span style=\"color: #003366;\">INGLATERRA<\/span><\/h3>\n<h3><span style=\"color: #003366;\">SU\u00cd\u00c7A<\/span><\/h3>\n<h3><span style=\"color: #003366;\">IRLANDA<\/span><\/h3>\n<p>[\/vc_column_text][\/vc_column][vc_column width=&#8221;1\/2&#8243;][vc_custom_heading text=&#8221;AS AM\u00c9RICAS&#8221; font_container=&#8221;tag:h2|font_size:32|text_align:left|color:%230066bf&#8221; google_fonts=&#8221;font_family:Amarante%3Aregular|font_style:400%20regular%3A400%3Anormal&#8221;][vc_column_text]<\/p>\n<h3><span style=\"color: #003366;\">Prov\u00edncia de QU\u00c9BEC<\/span><\/h3>\n<h3><span style=\"color: #003366;\">PROV\u00cdNCIA DO PR\u00cdNCIPE ALBERTE<\/span><\/h3>\n<h3><span style=\"color: #003366;\">ESTADOS UNIDOS Prov\u00edncia<\/span><\/h3>\n<h3><span style=\"color: #003366;\">Regi\u00e3o do PERU<\/span><\/h3>\n<h3><span style=\"color: #003366;\">Miss\u00e3o do BRASIL<\/span><\/h3>\n<p>[\/vc_column_text][\/vc_column][\/vc_row][vc_row row_space=&#8221;remove_padding_top&#8221;][vc_column width=&#8221;1\/2&#8243;][vc_custom_heading text=&#8221;\u00c1SIA&#8221; font_container=&#8221;tag:h2|font_size:32|text_align:left|color:%230066bf&#8221; google_fonts=&#8221;font_family:Amarante%3Aregular|font_style:400%20regular%3A400%3Anormal&#8221;][vc_column_text]<\/p>\n<h3><span style=\"color: #003366;\">Prov\u00edncia de PHILIPPINE<\/span><\/h3>\n<h3><span style=\"color: #003366;\">Miss\u00e3o do JAP\u00c3O<\/span><\/h3>\n<h3><span style=\"color: #003366;\">VIETNAM<\/span><\/h3>\n<p>[\/vc_column_text][\/vc_column][vc_column width=&#8221;1\/2&#8243;][vc_custom_heading text=&#8221;\u00c1FRICA&#8221; font_container=&#8221;tag:h2|font_size:32|text_align:left|color:%230066bf&#8221; google_fonts=&#8221;font_family:Amarante%3Aregular|font_style:400%20regular%3A400%3Anormal&#8221;][vc_column_text]<\/p>\n<h3><span style=\"color: #003366;\">Prov\u00edncia de MO\u00c7AMBIQUE<\/span><\/h3>\n<h3><span style=\"color: #003366;\">Prov\u00edncia de SENEGAL-BURKINA FASO<\/span><\/h3>\n<h3><span style=\"color: #003366;\">Regi\u00e3o do GAMBIA-GHANA<\/span><\/h3>\n<h3><span style=\"color: #003366;\">Miss\u00e3o do CAMEROON<\/span><\/h3>\n<p>[\/vc_column_text][\/vc_column][\/vc_row]<\/p>\n<\/div>","protected":false},"excerpt":{"rendered":"<p>[vc_row row_space=&#8221;remove_padding_top&#8221;][vc_column][vc_custom_heading text=&#8221;&#8220;Quem me dera ter mil vidas&#8230;&#8220; -Marie Rivier-&#8221; font_container=&#8221;tag:h2|font_size:34|text_align:right|color:%230066bf|line_height:1.8&#8243; google_fonts=&#8221;font_family:Amarante%3Aregular|font_style:400%20regular%3A400%3Anormal&#8221;][vc_row_inner][vc_column_inner width=&#8221;1\/4&#8243;][vc_column_text]&nbsp; [\/vc_column_text][\/vc_column_inner][vc_column_inner width=&#8221;3\/4&#8243;][vc_column_text]&nbsp; A partir do momento em que Maria Rivier sonhou com a sua &#8220;escola e o seu convento&#8221;, tomou consci\u00eancia de que queria viver esta miss\u00e3o em comunidade com companheiras. A sua vis\u00e3o da miss\u00e3o n\u00e3o era a de estar s\u00f3, [&hellip;]<\/p>\n","protected":false},"author":6,"featured_media":0,"parent":0,"menu_order":0,"comment_status":"closed","ping_status":"closed","template":"","meta":{"ngg_post_thumbnail":0,"footnotes":""},"lang":"pt","translations":{"pt":19923},"pll_sync_post":[],"_links":{"self":[{"href":"https:\/\/soeurs-de-la-presentation-de-marie.org\/pom\/wp-json\/wp\/v2\/pages\/19923"}],"collection":[{"href":"https:\/\/soeurs-de-la-presentation-de-marie.org\/pom\/wp-json\/wp\/v2\/pages"}],"about":[{"href":"https:\/\/soeurs-de-la-presentation-de-marie.org\/pom\/wp-json\/wp\/v2\/types\/page"}],"author":[{"embeddable":true,"href":"https:\/\/soeurs-de-la-presentation-de-marie.org\/pom\/wp-json\/wp\/v2\/users\/6"}],"replies":[{"embeddable":true,"href":"https:\/\/soeurs-de-la-presentation-de-marie.org\/pom\/wp-json\/wp\/v2\/comments?post=19923"}],"version-history":[{"count":19,"href":"https:\/\/soeurs-de-la-presentation-de-marie.org\/pom\/wp-json\/wp\/v2\/pages\/19923\/revisions"}],"predecessor-version":[{"id":19943,"href":"https:\/\/soeurs-de-la-presentation-de-marie.org\/pom\/wp-json\/wp\/v2\/pages\/19923\/revisions\/19943"}],"wp:attachment":[{"href":"https:\/\/soeurs-de-la-presentation-de-marie.org\/pom\/wp-json\/wp\/v2\/media?parent=19923"}],"curies":[{"name":"wp","href":"https:\/\/api.w.org\/{rel}","templated":true}]}}