{"id":20008,"date":"2021-03-14T23:48:37","date_gmt":"2021-03-14T22:48:37","guid":{"rendered":"http:\/\/soeurs-de-la-presentation-de-marie.org\/pom\/?page_id=20008"},"modified":"2021-03-14T23:53:15","modified_gmt":"2021-03-14T22:53:15","slug":"su-espiritualidad","status":"publish","type":"page","link":"https:\/\/soeurs-de-la-presentation-de-marie.org\/pom\/su-espiritualidad\/","title":{"rendered":"La Espiritualidad"},"content":{"rendered":"<div class=\"wpb-content-wrapper\"><p>[vc_row][vc_column][vc_custom_heading text=&#8221;&#8220;No vivo yo, es Cristo quien vive en m\u00ed.&#8220; &#8211;<br \/>\nG\u00e1latas 2 , 20&#8243; font_container=&#8221;tag:h2|font_size:32|text_align:right|color:%230066bf|line_height:1.4&#8243; google_fonts=&#8221;font_family:Amarante%3Aregular|font_style:400%20regular%3A400%3Anormal&#8221;][vc_column_text]<span style=\"color: #003366;\">La Escuela Francesa de Espiritualidad del Cardenal Pierre B\u00e9rulle ha tenido una profunda influencia en el desarrollo espiritual de nuestra Congregaci\u00f3n. Como Fundadora, Mar\u00eda Rivier fue formada profundamente &nbsp;por su gu\u00eda espiritual, el Sr. Pontanier, un sacerdote sulpiciano. Para comprender los pensamientos, las ense\u00f1anzas, los escritos, las devociones y las actividades apost\u00f3licas de Mar\u00eda Rivier, debemos familiarizarnos con algunas de las principales caracter\u00edsticas de la Escuela Francesa de espiritualidad:<\/span><\/p>\n<ul>\n<li><span style=\"color: #003366;\">&nbsp;<\/span><span style=\"color: #003366;\">Sentido de la presencia de Dios, de la ofrenda de s\u00ed mismo y de la adoraci\u00f3n;<\/span><\/li>\n<li><span style=\"color: #003366;\">Una relaci\u00f3n con Jes\u00fas, el Verbo encarnado, vivida principalmente en comun\u00ed\u00f3n con sus misterios&nbsp;;<\/span><\/li>\n<li><span style=\"color: #003366;\">Gran devoci\u00f3n al Espiritu Santo, el Esp\u00edritu de Cristo resucitado;<\/span><\/li>\n<li><span style=\"color: #003366;\">Amor y devoci\u00f3n a Mar\u00eda, Madre de Dios;<\/span><\/li>\n<li><span style=\"color: #003366;\">Sentido m\u00edstico de la Iglesia como Cuerpo de Cristo, continuando y cumpliendo la vida de Jes\u00fas, su oraci\u00f3n y su misi\u00f3n;<\/span><\/li>\n<li><span style=\"color: #003366;\">Compromiso apost\u00f3lico y misionero muy fuerte<\/span><\/li>\n<\/ul>\n<p><span style=\"color: #003366;\">Estos aspectos de la Escuela Francesa de espiritualidad encontraron su cumplimiento en la vida de Mar\u00eda Rivier. Lo vemos en su uni\u00f3n con los misterios de Jesucristo, en su amor a la Virgen Mar\u00eda, la Cruz, el Evangelio, la Iglesia, la Eucarist\u00eda, &nbsp;las Bienaventuranzas, &nbsp;los pobres, &nbsp;los ni\u00f1os y &nbsp;los j\u00f3venes.&nbsp;<\/span>[\/vc_column_text][\/vc_column][\/vc_row][vc_row row_space=&#8221;remove_padding_top&#8221;][vc_column][vc_hoverbox image=&#8221;19236&#8243; primary_title=&#8221;&#8221; hover_title=&#8221;Nuestro estilo de vida&#8221; hover_align=&#8221;left&#8221; hover_title_font_container=&#8221;font_size:24|color:%230168c1|line_height:1&#8243; hover_title_google_fonts=&#8221;font_family:Amarante%3Aregular|font_style:400%20regular%3A400%3Anormal&#8221; hover_background_color=&#8221;custom&#8221; use_custom_fonts_primary_title=&#8221;true&#8221; use_custom_fonts_hover_title=&#8221;true&#8221; hover_custom_background=&#8221;#5da3d8&#8243;]<span style=\"color: #003366;\">Nuestro estilo de vida como Hermanas de la Presentaci\u00f3n de Mar\u00eda encuentra su sentido y su alegr\u00eda en nuestra profunda adhesi\u00f3n a la persona de Jesucristo y en nuestra relaci\u00f3n con la Virgen Mar\u00eda. Los escritos de nuestra fundadora Mar\u00eda&nbsp; Rivier nos invitan continuamente <em>a seguir a Jesucristo y obrar seg\u00fan su esp\u00edritu<\/em> (C2) y a ser <em>hijas de Mar\u00eda<\/em>, llamadas como ella a vivir en actitud de adoraci\u00f3n y de ofrenda ante Dios, caminando en su presencia en el amor. (C11)<\/span>[\/vc_hoverbox][\/vc_column][\/vc_row]<\/p>\n<\/div>","protected":false},"excerpt":{"rendered":"<p>[vc_row][vc_column][vc_custom_heading text=&#8221;&#8220;No vivo yo, es Cristo quien vive en m\u00ed.&#8220; &#8211; G\u00e1latas 2 , 20&#8243; font_container=&#8221;tag:h2|font_size:32|text_align:right|color:%230066bf|line_height:1.4&#8243; google_fonts=&#8221;font_family:Amarante%3Aregular|font_style:400%20regular%3A400%3Anormal&#8221;][vc_column_text]La Escuela Francesa de Espiritualidad del Cardenal Pierre B\u00e9rulle ha tenido una profunda influencia en el desarrollo espiritual de nuestra Congregaci\u00f3n. Como Fundadora, Mar\u00eda Rivier fue formada profundamente &nbsp;por su gu\u00eda espiritual, el Sr. Pontanier, un sacerdote sulpiciano. Para [&hellip;]<\/p>\n","protected":false},"author":6,"featured_media":0,"parent":0,"menu_order":0,"comment_status":"closed","ping_status":"closed","template":"","meta":{"ngg_post_thumbnail":0,"footnotes":""},"lang":"es","translations":{"es":20008},"pll_sync_post":[],"_links":{"self":[{"href":"https:\/\/soeurs-de-la-presentation-de-marie.org\/pom\/wp-json\/wp\/v2\/pages\/20008"}],"collection":[{"href":"https:\/\/soeurs-de-la-presentation-de-marie.org\/pom\/wp-json\/wp\/v2\/pages"}],"about":[{"href":"https:\/\/soeurs-de-la-presentation-de-marie.org\/pom\/wp-json\/wp\/v2\/types\/page"}],"author":[{"embeddable":true,"href":"https:\/\/soeurs-de-la-presentation-de-marie.org\/pom\/wp-json\/wp\/v2\/users\/6"}],"replies":[{"embeddable":true,"href":"https:\/\/soeurs-de-la-presentation-de-marie.org\/pom\/wp-json\/wp\/v2\/comments?post=20008"}],"version-history":[{"count":7,"href":"https:\/\/soeurs-de-la-presentation-de-marie.org\/pom\/wp-json\/wp\/v2\/pages\/20008\/revisions"}],"predecessor-version":[{"id":20016,"href":"https:\/\/soeurs-de-la-presentation-de-marie.org\/pom\/wp-json\/wp\/v2\/pages\/20008\/revisions\/20016"}],"wp:attachment":[{"href":"https:\/\/soeurs-de-la-presentation-de-marie.org\/pom\/wp-json\/wp\/v2\/media?parent=20008"}],"curies":[{"name":"wp","href":"https:\/\/api.w.org\/{rel}","templated":true}]}}