{"id":22299,"date":"2019-09-04T12:10:39","date_gmt":"2019-09-04T10:10:39","guid":{"rendered":"http:\/\/soeurs-de-la-presentation-de-marie.org\/pom\/?page_id=9444"},"modified":"2023-05-20T18:16:46","modified_gmt":"2023-05-20T16:16:46","slug":"video-4","status":"publish","type":"page","link":"https:\/\/soeurs-de-la-presentation-de-marie.org\/pom\/video-4\/","title":{"rendered":"Video"},"content":{"rendered":"<div class=\"wpb-content-wrapper\"><p>[vc_row row_space=&#8221;remove_padding_bottom&#8221;][vc_column][\/vc_column][\/vc_row][vc_row row_space=&#8221;remove_padding_bottom&#8221;][vc_column width=&#8221;1\/6&#8243;][\/vc_column][vc_column width=&#8221;2\/3&#8243;][vc_custom_heading text=&#8221;Mensaje<br \/>\n15 de mayo de 2022 &#8211; 15 de mayo de 2023&#8243; font_container=&#8221;tag:h2|font_size:36|text_align:center|color:%230a8418&#8243; google_fonts=&#8221;font_family:Bilbo%3Aregular|font_style:400%20regular%3A400%3Anormal&#8221;][vc_video link=&#8221;https:\/\/youtu.be\/qN1wfgIpVBY&#8221; align=&#8221;center&#8221;][\/vc_column][vc_column width=&#8221;1\/6&#8243;][\/vc_column][\/vc_row][vc_row row_space=&#8221;remove_padding_bottom&#8221;][vc_column][vc_custom_heading text=&#8221;225 a\u00f1os de fundaci\u00f3n&#8221; font_container=&#8221;tag:h2|font_size:75|text_align:center|color:%23006ac6&#8243; google_fonts=&#8221;font_family:Bilbo%3Aregular|font_style:400%20regular%3A400%3Anormal&#8221; css_animation=&#8221;fadeInDownBig&#8221;][vc_custom_heading text=&#8221;Saludos a todas las Hermanas de la PM&#8221; font_container=&#8221;tag:h2|font_size:28|text_align:left|color:%230066bf&#8221; google_fonts=&#8221;font_family:Bilbo%3Aregular|font_style:400%20regular%3A400%3Anormal&#8221;][vc_row_inner][vc_column_inner width=&#8221;1\/2&#8243;][vc_video link=&#8221;https:\/\/youtu.be\/Yncuy4YRn0A&#8221; align=&#8221;center&#8221;][\/vc_column_inner][vc_column_inner width=&#8221;1\/2&#8243;][vc_video link=&#8221;https:\/\/youtu.be\/HwMpT0gAGUs&#8221; align=&#8221;center&#8221;][\/vc_column_inner][\/vc_row_inner][\/vc_column][\/vc_row][vc_row row_space=&#8221;remove_padding_bottom&#8221;][vc_column][\/vc_column][\/vc_row][vc_row row_space=&#8221;remove_padding_bottom&#8221;][vc_column][vc_custom_heading text=&#8221;ENCUENTRO INTERNACIONAL DE PASTORAL JUVENIL Y VOCACIONAL ONLINE&#8221; font_container=&#8221;tag:h2|font_size:23|text_align:left|color:%23044dcc|line_height:1.3&#8243; google_fonts=&#8221;font_family:Andada%3Aregular|font_style:400%20regular%3A400%3Anormal&#8221;][vc_row_inner][vc_column_inner width=&#8221;1\/3&#8243;][vc_video link=&#8221;https:\/\/youtu.be\/bIoHWHHNMM4&#8243; align=&#8221;center&#8221;][\/vc_column_inner][vc_column_inner width=&#8221;1\/3&#8243;][vc_video link=&#8221;https:\/\/youtu.be\/5rHlLoGHDEI&#8221; align=&#8221;center&#8221;][\/vc_column_inner][vc_column_inner width=&#8221;1\/3&#8243;][vc_video link=&#8221;https:\/\/youtu.be\/9cCAGFoIN0w&#8221; align=&#8221;center&#8221;][\/vc_column_inner][\/vc_row_inner][vc_row_inner][vc_column_inner width=&#8221;1\/2&#8243;][vc_video link=&#8221;https:\/\/youtu.be\/x-_53enDm_w&#8221;][\/vc_column_inner][vc_column_inner width=&#8221;1\/2&#8243;][vc_video link=&#8221;https:\/\/youtu.be\/oxI837pPcDA&#8221;][\/vc_column_inner][\/vc_row_inner][vc_row_inner][vc_column_inner width=&#8221;1\/2&#8243;][vc_video link=&#8221;https:\/\/youtu.be\/FEWgKgtH5c4&#8243;][\/vc_column_inner][vc_column_inner width=&#8221;1\/2&#8243;][vc_video link=&#8221;https:\/\/youtu.be\/6QZ0Xocme0Q&#8221;][\/vc_column_inner][\/vc_row_inner][\/vc_column][\/vc_row][vc_row row_space=&#8221;remove_padding_bottom&#8221;][vc_column][vc_custom_heading text=&#8221;Los v\u00eddeos proyectados (oraciones y celebraciones) en las reuniones del Consejo de Congregaci\u00f3n.&#8221;][\/vc_column][\/vc_row][vc_row row_space=&#8221;remove_padding_bottom&#8221;][vc_column width=&#8221;1\/3&#8243;][vc_video link=&#8221;https:\/\/youtu.be\/HViNgyMgEF8&#8243;][\/vc_column][vc_column width=&#8221;1\/3&#8243;][vc_video link=&#8221;https:\/\/youtu.be\/ihy8yoT646w&#8221;][\/vc_column][vc_column width=&#8221;1\/3&#8243;][vc_video link=&#8221;https:\/\/youtu.be\/WcCcxwqK_Ns&#8221;][\/vc_column][\/vc_row][vc_row row_space=&#8221;remove_padding_bottom&#8221;][vc_column width=&#8221;1\/2&#8243;][vc_video link=&#8221;https:\/\/youtu.be\/6UMWW1Cn4Wk&#8221; align=&#8221;center&#8221;][\/vc_column][vc_column width=&#8221;1\/2&#8243;][vc_video link=&#8221;https:\/\/youtu.be\/BsN29V0QfBU&#8221;][\/vc_column][\/vc_row][vc_row row_space=&#8221;remove_padding_bottom&#8221;][vc_column width=&#8221;1\/3&#8243;][vc_video link=&#8221;https:\/\/youtu.be\/cQN27sID-Zs&#8221;][\/vc_column][vc_column width=&#8221;1\/3&#8243;][vc_video link=&#8221;https:\/\/youtu.be\/FemgJwDYsr8&#8243;][\/vc_column][vc_column width=&#8221;1\/3&#8243;][vc_video link=&#8221;https:\/\/youtu.be\/Lfplq51QsDo&#8221;][\/vc_column][\/vc_row][vc_row][vc_column][vc_custom_heading text=&#8221;Les vid\u00e9os du Coll\u00e8ge Reine-Marie<br \/>\nMontreal, Canada&#8221; font_container=&#8221;tag:h2|font_size:26|text_align:center&#8221; google_fonts=&#8221;font_family:Alice%3Aregular|font_style:400%20regular%3A400%3Anormal&#8221;][\/vc_column][\/vc_row][vc_row row_space=&#8221;remove_padding_top&#8221;][vc_column width=&#8221;1\/4&#8243;][vc_video link=&#8221;https:\/\/youtu.be\/Um9O0s9P0c4&#8243;][\/vc_column][vc_column width=&#8221;1\/4&#8243;][vc_video link=&#8221;https:\/\/youtu.be\/4veePbp7oXg&#8221;][\/vc_column][vc_column width=&#8221;1\/4&#8243;][vc_video link=&#8221;https:\/\/youtu.be\/46sIS0sUVGc&#8221;][\/vc_column][vc_column width=&#8221;1\/4&#8243;][vc_video link=&#8221;https:\/\/youtu.be\/tX7MSrO3Arg&#8221;][\/vc_column][\/vc_row][vc_row][vc_column][vc_video link=&#8221;https:\/\/youtu.be\/1A724N3T6H0?t=257&#8243; el_width=&#8221;80&#8243; align=&#8221;center&#8221; title=&#8221;MESSAGE -L &#8216;ANN\u00c9E DE L&#8217;ACTION DE GR\u00c2CE&#8221;][\/vc_column][\/vc_row][vc_row][vc_column][vc_video link=&#8221;https:\/\/youtu.be\/XIYC_WaPI_4&#8243; el_width=&#8221;80&#8243;][\/vc_column][\/vc_row][vc_row][vc_column][vc_custom_heading text=&#8221;L&#8217;histoire de la fondation de la province des Philippines&#8221; font_container=&#8221;tag:h2|font_size:22|text_align:left&#8221; google_fonts=&#8221;font_family:Alike%20Angular%3Aregular|font_style:400%20regular%3A400%3Anormal&#8221;][vc_video link=&#8221;https:\/\/youtu.be\/9pz8MhwShzU&#8221; el_width=&#8221;70&#8243;][\/vc_column][\/vc_row][vc_row][vc_column][vc_column_text]<\/p>\n<h1>Souhaits des Province, R\u00e9gions et Missions pour le JUBIL\u00c9 D\u2019OR de notre M\u00e8re Maria dos Anjos Alves, pm<\/h1>\n<p>&nbsp;<\/p>\n<p><iframe loading=\"lazy\" title=\"Part I  V\u0153ux pour le JUBIL\u00c9 D&#039;OR de la M\u00c8RE MARIA DOS ANJOS ALVES\" width=\"900\" height=\"506\" src=\"https:\/\/www.youtube.com\/embed\/YM551zHWIU0?start=169&#038;feature=oembed\" frameborder=\"0\" allow=\"accelerometer; autoplay; clipboard-write; encrypted-media; gyroscope; picture-in-picture; web-share\" allowfullscreen><\/iframe><\/p>\n<p><iframe loading=\"lazy\" title=\"Part II  V\u0153ux pour le JUBIL\u00c9 D&#039;OR de la M\u00c8RE MARIA DOS ANJOS ALVES\" width=\"900\" height=\"506\" src=\"https:\/\/www.youtube.com\/embed\/y1dSg2wFqdU?start=3&#038;feature=oembed\" frameborder=\"0\" allow=\"accelerometer; autoplay; clipboard-write; encrypted-media; gyroscope; picture-in-picture; web-share\" allowfullscreen><\/iframe><\/p>\n<p><iframe loading=\"lazy\" title=\"Part III V\u0153ux pour le JUBIL\u00c9 D&#039;OR de la M\u00c8RE MARIA DOS ANJOS ALVES\" width=\"900\" height=\"675\" src=\"https:\/\/www.youtube.com\/embed\/acqWnWKCDUs?start=7&#038;feature=oembed\" frameborder=\"0\" allow=\"accelerometer; autoplay; clipboard-write; encrypted-media; gyroscope; picture-in-picture; web-share\" allowfullscreen><\/iframe><\/p>\n<p>&nbsp;<\/p>\n<h1>La c\u00e9l\u00e9bration eucharistique du Jubil\u00e9 d&#8217;Or de M\u00e8re Maria dos Anjos Alves, pm<\/h1>\n<p><iframe loading=\"lazy\" title=\"Jubil\u00e9 d&#039;or de M\u00e8re Maria dos Anjos - PART 3.1 : la c\u00e9l\u00e9bration eucharistique\" width=\"900\" height=\"506\" src=\"https:\/\/www.youtube.com\/embed\/Keh6hfLvjIU?start=5&#038;feature=oembed\" frameborder=\"0\" allow=\"accelerometer; autoplay; clipboard-write; encrypted-media; gyroscope; picture-in-picture; web-share\" allowfullscreen><\/iframe><\/p>\n<p><iframe loading=\"lazy\" title=\"Jubil\u00e9 d&#039;or de M\u00e8re Maria dos Anjos - PART 3.2 : la c\u00e9l\u00e9bration eucharistique\" width=\"900\" height=\"506\" src=\"https:\/\/www.youtube.com\/embed\/e_s2fdCuM28?start=3&#038;feature=oembed\" frameborder=\"0\" allow=\"accelerometer; autoplay; clipboard-write; encrypted-media; gyroscope; picture-in-picture; web-share\" allowfullscreen><\/iframe><\/p>\n<p><iframe loading=\"lazy\" title=\"Jubil\u00e9 d&#039;or de M\u00e8re Maria dos Anjos - PART 2 : la chapelle\" width=\"900\" height=\"506\" src=\"https:\/\/www.youtube.com\/embed\/4HJF9ovxxY4?start=4&#038;feature=oembed\" frameborder=\"0\" allow=\"accelerometer; autoplay; clipboard-write; encrypted-media; gyroscope; picture-in-picture; web-share\" allowfullscreen><\/iframe><\/p>\n<p>&nbsp;<\/p>\n<h1>Les V\u00eapres, 28 septembre 2020<\/h1>\n<p><iframe loading=\"lazy\" title=\"Jubil\u00e9 d&#039;or de M\u00e8re Maria dos Anjos - PART 1 : la veille\" width=\"900\" height=\"506\" src=\"https:\/\/www.youtube.com\/embed\/ZchlUlWXZnE?start=3&#038;feature=oembed\" frameborder=\"0\" allow=\"accelerometer; autoplay; clipboard-write; encrypted-media; gyroscope; picture-in-picture; web-share\" allowfullscreen><\/iframe><\/p>\n<h2>Je veux louer dieu par S. B\u00e9atrice Diadhiou, pm<\/h2>\n<p><iframe loading=\"lazy\" title=\"JE VEUX LOUER DIEU... (Clip Officiel)\" width=\"900\" height=\"506\" src=\"https:\/\/www.youtube.com\/embed\/TAFLWUCue14?feature=oembed\" frameborder=\"0\" allow=\"accelerometer; autoplay; clipboard-write; encrypted-media; gyroscope; picture-in-picture; web-share\" allowfullscreen><\/iframe><\/p>\n<p>&nbsp;[\/vc_column_text][\/vc_column][\/vc_row]<\/p>\n<\/div>","protected":false},"excerpt":{"rendered":"<p>[vc_row row_space=&#8221;remove_padding_bottom&#8221;][vc_column][\/vc_column][\/vc_row][vc_row row_space=&#8221;remove_padding_bottom&#8221;][vc_column width=&#8221;1\/6&#8243;][\/vc_column][vc_column width=&#8221;2\/3&#8243;][vc_custom_heading text=&#8221;Mensaje 15 de mayo de 2022 &#8211; 15 de mayo de 2023&#8243; font_container=&#8221;tag:h2|font_size:36|text_align:center|color:%230a8418&#8243; google_fonts=&#8221;font_family:Bilbo%3Aregular|font_style:400%20regular%3A400%3Anormal&#8221;][vc_video link=&#8221;https:\/\/youtu.be\/qN1wfgIpVBY&#8221; align=&#8221;center&#8221;][\/vc_column][vc_column width=&#8221;1\/6&#8243;][\/vc_column][\/vc_row][vc_row row_space=&#8221;remove_padding_bottom&#8221;][vc_column][vc_custom_heading text=&#8221;225 a\u00f1os de fundaci\u00f3n&#8221; font_container=&#8221;tag:h2|font_size:75|text_align:center|color:%23006ac6&#8243; google_fonts=&#8221;font_family:Bilbo%3Aregular|font_style:400%20regular%3A400%3Anormal&#8221; css_animation=&#8221;fadeInDownBig&#8221;][vc_custom_heading text=&#8221;Saludos a todas las Hermanas de la PM&#8221; font_container=&#8221;tag:h2|font_size:28|text_align:left|color:%230066bf&#8221; google_fonts=&#8221;font_family:Bilbo%3Aregular|font_style:400%20regular%3A400%3Anormal&#8221;][vc_row_inner][vc_column_inner width=&#8221;1\/2&#8243;][vc_video link=&#8221;https:\/\/youtu.be\/Yncuy4YRn0A&#8221; align=&#8221;center&#8221;][\/vc_column_inner][vc_column_inner width=&#8221;1\/2&#8243;][vc_video link=&#8221;https:\/\/youtu.be\/HwMpT0gAGUs&#8221; align=&#8221;center&#8221;][\/vc_column_inner][\/vc_row_inner][\/vc_column][\/vc_row][vc_row row_space=&#8221;remove_padding_bottom&#8221;][vc_column][\/vc_column][\/vc_row][vc_row row_space=&#8221;remove_padding_bottom&#8221;][vc_column][vc_custom_heading text=&#8221;ENCUENTRO INTERNACIONAL DE PASTORAL JUVENIL Y VOCACIONAL [&hellip;]<\/p>\n","protected":false},"author":6,"featured_media":0,"parent":0,"menu_order":0,"comment_status":"closed","ping_status":"closed","template":"","meta":{"ngg_post_thumbnail":0,"footnotes":""},"lang":"es","translations":{"es":22299,"fr":9444,"en":22297,"pt":22298},"pll_sync_post":[],"_links":{"self":[{"href":"https:\/\/soeurs-de-la-presentation-de-marie.org\/pom\/wp-json\/wp\/v2\/pages\/22299"}],"collection":[{"href":"https:\/\/soeurs-de-la-presentation-de-marie.org\/pom\/wp-json\/wp\/v2\/pages"}],"about":[{"href":"https:\/\/soeurs-de-la-presentation-de-marie.org\/pom\/wp-json\/wp\/v2\/types\/page"}],"author":[{"embeddable":true,"href":"https:\/\/soeurs-de-la-presentation-de-marie.org\/pom\/wp-json\/wp\/v2\/users\/6"}],"replies":[{"embeddable":true,"href":"https:\/\/soeurs-de-la-presentation-de-marie.org\/pom\/wp-json\/wp\/v2\/comments?post=22299"}],"version-history":[{"count":6,"href":"https:\/\/soeurs-de-la-presentation-de-marie.org\/pom\/wp-json\/wp\/v2\/pages\/22299\/revisions"}],"predecessor-version":[{"id":22308,"href":"https:\/\/soeurs-de-la-presentation-de-marie.org\/pom\/wp-json\/wp\/v2\/pages\/22299\/revisions\/22308"}],"wp:attachment":[{"href":"https:\/\/soeurs-de-la-presentation-de-marie.org\/pom\/wp-json\/wp\/v2\/media?parent=22299"}],"curies":[{"name":"wp","href":"https:\/\/api.w.org\/{rel}","templated":true}]}}