{"id":22816,"date":"2021-07-24T20:23:25","date_gmt":"2021-07-24T18:23:25","guid":{"rendered":"https:\/\/soeurs-de-la-presentation-de-marie.org\/pom\/?page_id=22816"},"modified":"2021-07-26T15:34:02","modified_gmt":"2021-07-26T13:34:02","slug":"provincia-portuguesa","status":"publish","type":"page","link":"https:\/\/soeurs-de-la-presentation-de-marie.org\/pom\/provincia-portuguesa\/","title":{"rendered":"PROVINCIA PORTUGUESA"},"content":{"rendered":"<div class=\"wpb-content-wrapper\"><p>[vc_row row_space=&#8221;remove_padding_bottom&#8221;][vc_column][vc_custom_heading text=&#8221;Apresenta\u00e7\u00e3o de Maria em Portugal&#8221; font_container=&#8221;tag:h2|font_size:54|text_align:center|color:%23bc3200&#8243; google_fonts=&#8221;font_family:Amarante%3Aregular|font_style:400%20regular%3A400%3Anormal&#8221;][vc_custom_heading text=&#8221;Ontem\u2026&#8221; font_container=&#8221;tag:h2|font_size:45|text_align:center|color:%23bc3200&#8243; google_fonts=&#8221;font_family:Amarante%3Aregular|font_style:400%20regular%3A400%3Anormal&#8221; css_animation=&#8221;zoomInRight&#8221;][\/vc_column][\/vc_row][vc_row][vc_column][vc_row_inner][vc_column_inner width=&#8221;1\/4&#8243;][vc_column_text]<img loading=\"lazy\" decoding=\"async\" class=\"aligncenter wp-image-22821 size-full\" src=\"https:\/\/soeurs-de-la-presentation-de-marie.org\/pom\/wp-content\/uploads\/2021\/07\/Madre-Trindade_re.jpg\" alt=\"\" width=\"1200\" height=\"1763\">[\/vc_column_text][\/vc_column_inner][vc_column_inner width=&#8221;1\/2&#8243;][vc_column_text]<span style=\"color: #800000;\">A Prov\u00edncia Portuguesa foi fundada em 1925, pela Madre Maria da Sant\u00edssima Trindade (Leontina de Ornelas e Vasconcelos), que nasceu em 1893, na Ilha da Madeira \u2013 Portugal.<\/span><\/p>\n<p><span style=\"color: #800000;\">Acontecimentos providenciais levaram Leontina, com a m\u00e3e e a irm\u00e3, a Lausanne, na Su\u00ed\u00e7a. A\u00ed conhece a Apresenta\u00e7\u00e3o de Maria e sente-se, desde logo, tocada pela figura e personalidade de Maria Rivier, o seu carisma, a sua miss\u00e3o, que foram para ela uma luz. Compreendeu que era nesta fam\u00edlia religiosa que o Senhor a queria. Mais ainda: teve a \u00edntima revela\u00e7\u00e3o de que Deus se serviria dela para estender a Portugal a a\u00e7\u00e3o apost\u00f3lica das filhas da Mulher-Ap\u00f3stolo.<\/span><\/p>\n<p><span style=\"color: #800000;\">Ap\u00f3s a morte da m\u00e3e, Leontina entra no noviciado da Apresenta\u00e7\u00e3o de Maria, em Bourg-St.- Ande\u00f3l, Fran\u00e7a, onde professa em 1921.<\/span>[\/vc_column_text][\/vc_column_inner][vc_column_inner width=&#8221;1\/4&#8243;][vc_column_text]<img loading=\"lazy\" decoding=\"async\" class=\"aligncenter wp-image-22845 size-full\" src=\"https:\/\/soeurs-de-la-presentation-de-marie.org\/pom\/wp-content\/uploads\/2021\/07\/Madre-Trindade-800.jpg\" alt=\"\" width=\"800\" height=\"1220\">[\/vc_column_text][\/vc_column_inner][\/vc_row_inner][vc_column_text]<span style=\"color: #800000;\">Ainda novi\u00e7a, movida por Deus, prop\u00f5e \u00e0 Superiora geral, a Madre <em>Sainte Honorine<\/em>, uma funda\u00e7\u00e3o em terras de Portugal. A Madre geral escutou com benevol\u00eancia o projeto, e prometeu que a funda\u00e7\u00e3o se faria em Portugal quando houvesse 20 voca\u00e7\u00f5es portuguesas.<\/span>[\/vc_column_text][vc_column_text]<\/p>\n<p style=\"text-align: center;\"><img loading=\"lazy\" decoding=\"async\" class=\"aligncenter wp-image-22851 size-large\" src=\"https:\/\/soeurs-de-la-presentation-de-marie.org\/pom\/wp-content\/uploads\/2021\/07\/1os-grupos-de-irmas_12-1024x653.jpg\" alt=\"\" width=\"900\" height=\"574\"><\/p>\n<p>[\/vc_column_text][vc_column_text]<span style=\"color: #800000;\">A quest\u00e3o estava, pois, incerta e poderia ser demorada, visto a Madre Trindade ter sido a primeira e \u00fanica portuguesa a entrar na Congrega\u00e7\u00e3o, e esta ser, ent\u00e3o, completamente desconhecida em Portugal. O Senhor encarregar-se-ia de dar resposta a esta condi\u00e7\u00e3o, para Ele nada \u00e9 imposs\u00edvel. Depois de Leontina ter viajado \u00e0 Madeira e dado a conhecer a Congrega\u00e7\u00e3o, eis que grupos sucessivos de portuguesas acorrem ao noviciado da Fran\u00e7a, de modo que, em 1925, existiam j\u00e1 33 portuguesas na Apresenta\u00e7\u00e3o de Maria, ultrapassando assim, o n\u00famero pedido.<\/span>[\/vc_column_text][vc_row_inner][vc_column_inner width=&#8221;1\/2&#8243;][vc_column_text]<img loading=\"lazy\" decoding=\"async\" class=\"aligncenter wp-image-22858\" src=\"https:\/\/soeurs-de-la-presentation-de-marie.org\/pom\/wp-content\/uploads\/2021\/07\/M.-Trindade-e-1as-irmas-706x1024.jpg\" alt=\"\" width=\"358\" height=\"519\">[\/vc_column_text][\/vc_column_inner][vc_column_inner width=&#8221;1\/2&#8243;][vc_column_text]&nbsp;<\/p>\n<p><span style=\"color: #800000;\">Leontina que em religi\u00e3o recebera o nome de Irm\u00e3 da Sant\u00edssima Trindade, com 3 religiosas portuguesas, \u00e9 enviada a 3 de fevereiro de 1925, a tomar conta da obra que ela pr\u00f3pria apresentara \u00e0 Superiora geral, a \u201cProte\u00e7\u00e3o \u00e0s crian\u00e7as fracas\u201d, ao servi\u00e7o dos mais pobres na cidade do Funchal, Madeira.<\/span><\/p>\n<p><span style=\"color: #800000;\">Estavam assim lan\u00e7ados os alicerces da Prov\u00edncia Portuguesa da Apresenta\u00e7\u00e3o de Maria.<\/span><\/p>\n<p><span style=\"color: #800000;\">Durante a dura viagem para Portugal, manifestou-se a doen\u00e7a que minava a Madre Trindade, a tuberculose grave. Estaria este projeto destinado ao fracasso? Deus quer assentar a funda\u00e7\u00e3o sobre o seu aniquilamento e sob o sinal da cruz.<\/span><\/p>\n<p><span style=\"color: #800000;\">A Congrega\u00e7\u00e3o eleva um clamor de preces ao c\u00e9u e, milagrosamente, a Madre Trindade recupera a sa\u00fade, podendo dar seguimento \u00e0 sua miss\u00e3o, fundando v\u00e1rias comunidades na Madeira.<\/span>[\/vc_column_text][\/vc_column_inner][\/vc_row_inner][vc_column_text]<\/p>\n<p>ngg_shortcode_0_placeholder[\/vc_column_text][vc_column_text]<span style=\"color: #800000;\">Em 1938 a Madre Trindade estende a funda\u00e7\u00e3o a Portugal continental. A sua caminhada de f\u00e9 prossegue, vencendo obst\u00e1culos e sofrendo prova\u00e7\u00f5es, com a tenacidade dos mansos e humildes de cora\u00e7\u00e3o, vai erguendo obras com a clarivid\u00eancia prudente daqueles a quem o Esp\u00edrito Santo assiste: col\u00e9gios, escolas, uma casa de ora\u00e7\u00e3o (Set\u00fabal, Lisboa, F\u00e1tima).<\/span>[\/vc_column_text][vc_row_inner][vc_column_inner width=&#8221;1\/2&#8243;][vc_column_text]<span style=\"color: #800000;\">1941 fica marcado pela ere\u00e7\u00e3o do Noviciado portugu\u00eas, no qual a Madre Trindade \u00e9 Mestra de Novi\u00e7as e pelo envio das primeiras mission\u00e1rias para Mo\u00e7ambique.<\/span><\/p>\n<p><span style=\"color: #800000;\">Em 1947 \u00e9 canonicamente ereta a Prov\u00edncia Portuguesa da Apresenta\u00e7\u00e3o de Maria. A Madre Trindade \u00e9 nomeada sua primeira Superiora provincial.&nbsp;<\/span><\/p>\n<p><span style=\"color: #800000;\">Depois de uma longa vida gasta em abnegado servi\u00e7o e atingida pela doen\u00e7a que sofreu com a maior paci\u00eancia, o Senhor veio busc\u00e1-la a 16 de julho de 1974.<\/span><\/p>\n<p><span style=\"color: #800000;\">A sua vida pode bem resumir-se: Em tudo a vontade de Deus!<\/span>[\/vc_column_text][\/vc_column_inner][vc_column_inner width=&#8221;1\/2&#8243;][vc_column_text]<\/p>\n<p style=\"text-align: center;\"><img loading=\"lazy\" decoding=\"async\" class=\"alignnone wp-image-22881\" src=\"https:\/\/soeurs-de-la-presentation-de-marie.org\/pom\/wp-content\/uploads\/2021\/07\/Madre-Trindade-3-1-698x1024.jpg\" alt=\"\" width=\"269\" height=\"395\"><\/p>\n<p>[\/vc_column_text][\/vc_column_inner][\/vc_row_inner][\/vc_column][\/vc_row][vc_row row_space=&#8221;remove_padding_top&#8221;][vc_column][vc_custom_heading text=&#8221;Hoje&#8221; font_container=&#8221;tag:h2|font_size:50|text_align:center|color:%23bc3200&#8243; google_fonts=&#8221;font_family:Amarante%3Aregular|font_style:400%20regular%3A400%3Anormal&#8221; css_animation=&#8221;slideInRight&#8221;][vc_empty_space height=&#8221;22px&#8221;][vc_column_text]<span style=\"color: #800000;\">Hoje, a Prov\u00edncia Portuguesa, formada pelas comunidades da Ilha da Madeira, Continente e Miss\u00e3o do Brasil, nas pegadas de Maria Rivier, fazem conhecer e amar Jesus Cristo e a sua M\u00e3e com aud\u00e1cia e confian\u00e7a.<\/span><\/p>\n<p><span style=\"color: #800000;\">A escola, a educa\u00e7\u00e3o, a solidariedade e a evangeliza\u00e7\u00e3o constituem tra\u00e7os espec\u00edficos do carisma das Irm\u00e3s de Apresenta\u00e7\u00e3o de Maria. S\u00e3o estas as grandes linhas que d\u00e3o tamb\u00e9m forma aos diversos apostolados confiados ao zelo apost\u00f3lico das irm\u00e3s da Prov\u00edncia Portuguesa.<\/span><\/p>\nngg_shortcode_1_placeholder\n<p style=\"text-align: center;\"><span style=\"color: #800000;\">A nossa a\u00e7\u00e3o evangelizadora ganha rosto e corpo em cada uma das nossas comunidades.<\/span><\/p>\n<p><span style=\"color: #800000;\">Juntamente com as irm\u00e3s, a \u201cAssocia\u00e7\u00e3o Maria Rivier\u201d, os jovens ligados \u00e0 nossa pastoral juvenil e vocacional, os leigos do voluntariado mission\u00e1rio e todos os que de alguma forma bebem da nossa espiritualidade e colaboram nas nossas obras apost\u00f3licas, enriquecem de vida a nossa Prov\u00edncia e tornam realidade as palavras de Maria Rivier: \u201cQuem me dera ter mil vidas, para ir a todos os lugares, a fim de fazer conhecer e amar Jesus Cristo.\u201d<\/span><\/p>\n<p>ngg_shortcode_2_placeholder[\/vc_column_text][vc_column_text]<span style=\"color: #800000;\">Os maiores desafios para a nossa Prov\u00edncia que t\u00eam sempre em vista manter viva e din\u00e2mica a nossa miss\u00e3o de fazer conhecer e amar Jesus Cristo por toda a nossa vida s\u00e3o sobretudo:<\/span>[\/vc_column_text][\/vc_column][\/vc_row][vc_row row_space=&#8221;remove_padding_top&#8221;][vc_column][vc_hoverbox image=&#8221;12282&#8243; primary_title=&#8221;&#8221; primary_title_font_container=&#8221;font_size:20|color:%23bc3200&#8243; primary_title_google_fonts=&#8221;font_family:EB%20Garamond%3Aregular|font_style:400%20regular%3A400%3Anormal&#8221; hover_title=&#8221;Convers\u00e3o ao amor&#8221; hover_title_font_container=&#8221;font_size:24|color:%23d84100&#8243; hover_title_google_fonts=&#8221;font_family:Allan%3Aregular%2C700|font_style:400%20regular%3A400%3Anormal&#8221; hover_background_color=&#8221;custom&#8221; use_custom_fonts_primary_title=&#8221;true&#8221; use_custom_fonts_hover_title=&#8221;true&#8221; hover_custom_background=&#8221;#729abf&#8221;]<\/p>\n<p style=\"text-align: left;\"><span style=\"color: #993300;\">&nbsp;\u00c9 preciso um testemunho de vida s\u00e9rio e aut\u00eantico. Diz-nos o Papa Francisco: \u201csede mulheres e homens de comunh\u00e3o, vivei a m\u00edstica do encontro: a capacidade de ouvir atentamente as outras pessoas; \u00aba capacidade de procurar juntos o caminho, o m\u00e9todo\u00bb, deixando-vos iluminar pelo relacionamento de amor que se verifica entre as tr\u00eas Pessoas divinas e tomando-o como modelo de toda a rela\u00e7\u00e3o interpessoal\u201d.<\/span><\/p>\n<p>[\/vc_hoverbox][vc_empty_space height=&#8221;22px&#8221;][vc_hoverbox image=&#8221;20329&#8243; primary_title=&#8221;&#8221; hover_title=&#8221;Olhar l\u00facido e corajoso.&#8221; hover_title_font_container=&#8221;font_size:24|color:%23c93500&#8243; hover_title_google_fonts=&#8221;font_family:EB%20Garamond%3Aregular|font_style:400%20regular%3A400%3Anormal&#8221; hover_background_color=&#8221;sandy-brown&#8221; use_custom_fonts_primary_title=&#8221;true&#8221; use_custom_fonts_hover_title=&#8221;true&#8221;]<span style=\"color: #800000;\">O mundo avan\u00e7a a uma velocidade vertiginosa. Nada jamais ser\u00e1 como dantes. \u00c9 preciso estarmos atentas aos sinais dos tempos. Para onde canalizar as nossas for\u00e7as? Para onde nos quer conduzir o Senhor?<\/span><\/p>\n<p style=\"text-align: left;\">&nbsp;<\/p>\n<p>[\/vc_hoverbox][vc_empty_space height=&#8221;22px&#8221;][vc_hoverbox image=&#8221;22521&#8243; primary_title=&#8221;&#8221; primary_title_font_container=&#8221;font_size:24|color:%23d85d00&#8243; primary_title_google_fonts=&#8221;font_family:EB%20Garamond%3Aregular|font_style:400%20regular%3A400%3Anormal&#8221; hover_title=&#8221;Ir mais al\u00e9m&#8221; hover_title_font_container=&#8221;font_size:24|color:%23bc3200&#8243; hover_title_google_fonts=&#8221;font_family:Julee%3Aregular|font_style:400%20regular%3A400%3Anormal&#8221; hover_background_color=&#8221;custom&#8221; use_custom_fonts_primary_title=&#8221;true&#8221; use_custom_fonts_hover_title=&#8221;true&#8221; hover_custom_background=&#8221;#4e8abf&#8221;]<span style=\"color: #800000;\">Apresentar Jesus acima de tudo, com exig\u00eancia, criatividade e aud\u00e1cia. \u00c9 algo que n\u00e3o se improvisa e requer tempo e disponibilidade interior. Continuar a apostar na pastoral juvenil e vocacional. \u201cO Reino de Deus cresce (e a voca\u00e7\u00e3o tamb\u00e9m) \u2013 o Papa Bento XVI j\u00e1 o dizia \u2013 por atra\u00e7\u00e3o, n\u00e3o \u00e9 por proselitismo, n\u00e3o \u00e9 por doutrina\u00e7\u00e3o, n\u00e3o \u00e9&nbsp;por\u2026. \u00e9 por atra\u00e7\u00e3o mesmo\u201d. Todas temos esta miss\u00e3o de sermos testemunhas do amor de Jesus. <\/span>[\/vc_hoverbox][vc_column_text]&nbsp;<\/p>\n<p><span style=\"color: #800000;\">As Irm\u00e3s continuam bem conscientes dos desafios e dificuldades do momento presente, mas com f\u00e9 profunda e generosidade sem limites lan\u00e7am-se com aud\u00e1cia e com a for\u00e7a de Deus, no desejo de anunciar a Boa Nova aos pobres e incendiar o mundo com o fogo do amor.<\/span><\/p>\n<p><span style=\"color: #800000;\">O que apaixona a nossa Prov\u00edncia e a torna viva e din\u00e2mica, \u00e9 o olhar agradecido que pousamos sobre a bela obra de Deus, desde as nossas humildes origens e do modo como providencialmente Ele tem cuidado de tudo.<\/span><\/p>\n<p><span style=\"color: #800000;\">A santidade da fundadora da nossa Prov\u00edncia e de tantas das nossas irm\u00e3s, ajuda-nos a avan\u00e7ar humildemente, corajosamente, apesar das nossas pobrezas e obst\u00e1culos que n\u00e3o faltam. Qu\u00e3o fecundo foi o seu sacrif\u00edcio de amor! Somos hoje as herdeiras deste tesouro!<\/span><\/p>\n<p><span style=\"color: #800000;\">A anima\u00e7\u00e3o espiritual que recebemos quer da Igreja, quer da Congrega\u00e7\u00e3o, em tudo nos estimula a seguir o mesmo caminho de apurarmos o ouvido e o olhar do cora\u00e7\u00e3o, para podermos perceber o grito dos mais pobres, qualquer que seja a pobreza, termos a sabedoria e o discernimento de ir ao encontro das \u201cperiferias\u201d que esperam a luz do Evangelho e da Esperan\u00e7a.<\/span><\/p>\n<p><span style=\"color: #800000;\">O vento do Esp\u00edrito continua a soprar.<\/span><\/p>\n<p><span style=\"color: #800000;\">Como a Madre Rivier e a Madre Trindade: \u201csejamos santas, ap\u00f3stolas, verdadeiras disc\u00edpulas de Jesus Cristo\u201d.<\/span><\/p>\n<p><span style=\"color: #800000;\">Que a Virgem Maria, nossa M\u00e3e, nossa Rainha, nos ajude a ser fi\u00e9is a t\u00e3o rica heran\u00e7a deixada pelas nossas santas fundadoras.<\/span>[\/vc_column_text][vc_row_inner][vc_column_inner width=&#8221;1\/6&#8243;][\/vc_column_inner][vc_column_inner width=&#8221;2\/3&#8243;][vc_column_text]&nbsp; <img loading=\"lazy\" decoding=\"async\" class=\"wp-image-22920 aligncenter\" src=\"https:\/\/soeurs-de-la-presentation-de-marie.org\/pom\/wp-content\/uploads\/2021\/07\/DSC09058-2018_03_24-10_24_52-UTC.jpg\" alt=\"\" width=\"542\" height=\"407\">[\/vc_column_text][\/vc_column_inner][vc_column_inner width=&#8221;1\/6&#8243;][\/vc_column_inner][\/vc_row_inner][\/vc_column][\/vc_row]<\/p>\n<\/div>","protected":false},"excerpt":{"rendered":"<p>[vc_row row_space=&#8221;remove_padding_bottom&#8221;][vc_column][vc_custom_heading text=&#8221;Apresenta\u00e7\u00e3o de Maria em Portugal&#8221; font_container=&#8221;tag:h2|font_size:54|text_align:center|color:%23bc3200&#8243; google_fonts=&#8221;font_family:Amarante%3Aregular|font_style:400%20regular%3A400%3Anormal&#8221;][vc_custom_heading text=&#8221;Ontem\u2026&#8221; font_container=&#8221;tag:h2|font_size:45|text_align:center|color:%23bc3200&#8243; google_fonts=&#8221;font_family:Amarante%3Aregular|font_style:400%20regular%3A400%3Anormal&#8221; css_animation=&#8221;zoomInRight&#8221;][\/vc_column][\/vc_row][vc_row][vc_column][vc_row_inner][vc_column_inner width=&#8221;1\/4&#8243;][vc_column_text][\/vc_column_text][\/vc_column_inner][vc_column_inner width=&#8221;1\/2&#8243;][vc_column_text]A Prov\u00edncia Portuguesa foi fundada em 1925, pela Madre Maria da Sant\u00edssima Trindade (Leontina de Ornelas e Vasconcelos), que nasceu em 1893, na Ilha da Madeira \u2013 Portugal. Acontecimentos providenciais levaram Leontina, com a m\u00e3e e a irm\u00e3, a Lausanne, na [&hellip;]<\/p>\n","protected":false},"author":6,"featured_media":0,"parent":0,"menu_order":0,"comment_status":"closed","ping_status":"closed","template":"","meta":{"ngg_post_thumbnail":0,"footnotes":""},"lang":"pt","translations":{"pt":22816},"pll_sync_post":[],"_links":{"self":[{"href":"https:\/\/soeurs-de-la-presentation-de-marie.org\/pom\/wp-json\/wp\/v2\/pages\/22816"}],"collection":[{"href":"https:\/\/soeurs-de-la-presentation-de-marie.org\/pom\/wp-json\/wp\/v2\/pages"}],"about":[{"href":"https:\/\/soeurs-de-la-presentation-de-marie.org\/pom\/wp-json\/wp\/v2\/types\/page"}],"author":[{"embeddable":true,"href":"https:\/\/soeurs-de-la-presentation-de-marie.org\/pom\/wp-json\/wp\/v2\/users\/6"}],"replies":[{"embeddable":true,"href":"https:\/\/soeurs-de-la-presentation-de-marie.org\/pom\/wp-json\/wp\/v2\/comments?post=22816"}],"version-history":[{"count":52,"href":"https:\/\/soeurs-de-la-presentation-de-marie.org\/pom\/wp-json\/wp\/v2\/pages\/22816\/revisions"}],"predecessor-version":[{"id":23001,"href":"https:\/\/soeurs-de-la-presentation-de-marie.org\/pom\/wp-json\/wp\/v2\/pages\/22816\/revisions\/23001"}],"wp:attachment":[{"href":"https:\/\/soeurs-de-la-presentation-de-marie.org\/pom\/wp-json\/wp\/v2\/media?parent=22816"}],"curies":[{"name":"wp","href":"https:\/\/api.w.org\/{rel}","templated":true}]}}