{"id":22984,"date":"2021-07-26T14:39:01","date_gmt":"2021-07-26T12:39:01","guid":{"rendered":"https:\/\/soeurs-de-la-presentation-de-marie.org\/pom\/?page_id=22984"},"modified":"2021-07-26T15:32:50","modified_gmt":"2021-07-26T13:32:50","slug":"province-du-portugal","status":"publish","type":"page","link":"https:\/\/soeurs-de-la-presentation-de-marie.org\/pom\/province-du-portugal\/","title":{"rendered":"PROVINCE DU PORTUGAL"},"content":{"rendered":"<div class=\"wpb-content-wrapper\"><p>[vc_row row_space=&#8221;remove_padding_bottom&#8221;][vc_column][vc_custom_heading text=&#8221;PR\u00c9SENTATION DE MARIE AU PORTUGAL&#8221; font_container=&#8221;tag:h2|font_size:58|text_align:center|color:%23bc3200&#8243; google_fonts=&#8221;font_family:Amarante%3Aregular|font_style:400%20regular%3A400%3Anormal&#8221;][vc_empty_space height=&#8221;28px&#8221;][vc_custom_heading text=&#8221;HIER&#8221; font_container=&#8221;tag:h2|font_size:45|text_align:center|color:%23bc3200&#8243; google_fonts=&#8221;font_family:Amarante%3Aregular|font_style:400%20regular%3A400%3Anormal&#8221; css_animation=&#8221;fadeInRightBig&#8221;][vc_row_inner][vc_column_inner width=&#8221;1\/4&#8243;][vc_column_text]&nbsp;<\/p>\n<p><img loading=\"lazy\" decoding=\"async\" class=\"aligncenter wp-image-22844 size-full\" src=\"https:\/\/soeurs-de-la-presentation-de-marie.org\/pom\/wp-content\/uploads\/2021\/07\/Madre-Trindade-1-1.jpg\" alt=\"\" width=\"1200\" height=\"1830\">[\/vc_column_text][\/vc_column_inner][vc_column_inner width=&#8221;1\/2&#8243;][vc_column_text]<span style=\"color: #800000;\">La Province portugaise a \u00e9t\u00e9 fond\u00e9e en 1925, par M\u00e8re Maria da Sant\u00edssima Trindade (Leontina de Ornelas e Vasconcelos), qui est n\u00e9e en 1893, sur l&#8217;\u00eele de Mad\u00e8re &#8211; Portugal.<\/span><\/p>\n<p><span style=\"color: #800000;\">Des \u00e9v\u00e9nements providentiels ont conduit Leontina, avec sa m\u00e8re et sa s\u0153ur, \u00e0 Lausanne, en Suisse. Elle y fait connaissance avec la Pr\u00e9sentation de Marie et est imm\u00e9diatement frapp\u00e9e par la figure et la personnalit\u00e9 de Marie Rivier, son charisme et sa mission, qui sont pour elle une lumi\u00e8re. Elle a compris que c&#8217;est dans cette famille religieuse que le Seigneur la voulait. Plus encore : elle a eu la r\u00e9v\u00e9lation intime que Dieu se servirait d&#8217;elle pour \u00e9tendre au Portugal l&#8217;action apostolique des filles de la Femme-Ap\u00f4tre.<\/span><\/p>\n<p><span style=\"color: #800000;\">Apr\u00e8s la mort de sa m\u00e8re, Leontina est entr\u00e9e au noviciat de la Pr\u00e9sentation de Marie \u00e0 Bourg-St.-Andeol, France, o\u00f9 elle a fait sa profession en 1921.<\/span>[\/vc_column_text][\/vc_column_inner][vc_column_inner width=&#8221;1\/4&#8243;][vc_column_text]&nbsp;<\/p>\n<p><img loading=\"lazy\" decoding=\"async\" class=\"aligncenter wp-image-22822 size-large\" src=\"https:\/\/soeurs-de-la-presentation-de-marie.org\/pom\/wp-content\/uploads\/2021\/07\/Madre-Trindade_re-697x1024.jpg\" alt=\"\" width=\"697\" height=\"1024\">[\/vc_column_text][\/vc_column_inner][\/vc_row_inner][vc_column_text]<span style=\"color: #800000;\">Encore novice, pouss\u00e9e par Dieu, elle propose \u00e0 la Sup\u00e9rieure g\u00e9n\u00e9rale, M\u00e8re Sainte Honorine, une fondation au Portugal. M\u00e8re G\u00e9n\u00e9rale a \u00e9cout\u00e9 le projet avec bienveillance et a promis que la fondation serait faite au Portugal quand il y aurait 20 vocations portugaises.<\/span><\/p>\n<p><img loading=\"lazy\" decoding=\"async\" class=\"aligncenter wp-image-22852 size-full\" src=\"https:\/\/soeurs-de-la-presentation-de-marie.org\/pom\/wp-content\/uploads\/2021\/07\/1os-grupos-de-irmas_12.jpg\" alt=\"\" width=\"1200\" height=\"765\"><\/p>\n<p><span style=\"color: #800000;\">L&#8217;affaire \u00e9tait donc incertaine et pouvait \u00eatre retard\u00e9e, car M\u00e8re Trindade \u00e9tait la premi\u00e8re et la seule Portugaise \u00e0 entrer dans la Congr\u00e9gation, et la Congr\u00e9gation \u00e9tait alors totalement inconnue au Portugal. Le Seigneur s&#8217;occuperait de cette condition, rien ne lui est impossible. Apr\u00e8s que Leontina se soit rendue \u00e0 Mad\u00e8re et ait fait conna\u00eetre la Congr\u00e9gation, des groupes successifs de Portugaises sont venus au noviciat en France, de sorte qu&#8217;en 1925, il y avait d\u00e9j\u00e0 33 Portugaises \u00e0 la Pr\u00e9sentation de Marie, d\u00e9passant ainsi le nombre demand\u00e9.<\/span>[\/vc_column_text][vc_row_inner][vc_column_inner width=&#8221;1\/2&#8243;][vc_column_text]&nbsp;<\/p>\n<p><img loading=\"lazy\" decoding=\"async\" class=\"aligncenter wp-image-22859 \" src=\"https:\/\/soeurs-de-la-presentation-de-marie.org\/pom\/wp-content\/uploads\/2021\/07\/M.-Trindade-e-1as-irmas-rotated.jpg\" alt=\"\" width=\"362\" height=\"525\">[\/vc_column_text][\/vc_column_inner][vc_column_inner width=&#8221;1\/2&#8243;][vc_column_text]&nbsp;<\/p>\n<p><span style=\"color: #800000;\">Leontina, qui en religion avait re\u00e7u le nom de S\u0153ur de la Sant\u00edssima Trindade, avec trois religieuses portugaises, fut envoy\u00e9e le 3 f\u00e9vrier 1925 pour prendre en charge l&#8217;\u0153uvre qu&#8217;elle avait elle-m\u00eame pr\u00e9sent\u00e9e \u00e0 la Sup\u00e9rieure g\u00e9n\u00e9rale, la &#8220;Protection des enfants faibles&#8221;, au service des plus pauvres de la ville de Funchal, Mad\u00e8re.<\/span><\/p>\n<p><span style=\"color: #800000;\">Ainsi furent jet\u00e9es les bases de la Province portugaise de la Pr\u00e9sentation de Marie.<\/span><\/p>\n<p><span style=\"color: #800000;\">Au cours du p\u00e9nible voyage vers le Portugal, la maladie qui minait M\u00e8re Trindade, une grave tuberculose, s&#8217;est manifest\u00e9e. Ce projet \u00e9tait-il vou\u00e9 \u00e0 l&#8217;\u00e9chec ? Dieu veut poser le fondement sur son an\u00e9antissement et sous le signe de la croix.<\/span><\/p>\n<p><span style=\"color: #800000;\">La Congr\u00e9gation a \u00e9lev\u00e9 un cri de pri\u00e8res vers le ciel et, miraculeusement, M\u00e8re Trindade a recouvr\u00e9 la sant\u00e9 et a pu poursuivre sa mission, fondant plusieurs communaut\u00e9s \u00e0 Mad\u00e8re.<\/span><\/p>\n<p>&nbsp;[\/vc_column_text][\/vc_column_inner][\/vc_row_inner][vc_column_text]<span style=\"color: #800000;\">En 1938, M\u00e8re Trindade a \u00e9tendu la fondation au Portugal continental. Son chemin de foi se poursuit, surmontant les obstacles et subissant les \u00e9preuves, avec la t\u00e9nacit\u00e9 des doux et des humbles de c\u0153ur, elle construit des \u0153uvres avec la pr\u00e9voyance prudente de ceux que l&#8217;Esprit Saint assiste : coll\u00e8ges, \u00e9coles, maison de pri\u00e8re (Setubal, Lisbonne, Fatima).<\/span>[\/vc_column_text][\/vc_column][\/vc_row][vc_row row_space=&#8221;remove_padding_top&#8221;][vc_column width=&#8221;1\/2&#8243;][vc_column_text]&nbsp;<\/p>\n<p><span style=\"color: #800000;\">L&#8217;ann\u00e9e 1941 est marqu\u00e9e par l&#8217;\u00e9rection du noviciat portugais, o\u00f9 M\u00e8re Trindade est ma\u00eetresse des novices, et par l&#8217;envoi des premiers missionnaires au Mozambique.<\/span><\/p>\n<p><span style=\"color: #800000;\">En 1947, la Province portugaise de la Pr\u00e9sentation de Marie a \u00e9t\u00e9 \u00e9rig\u00e9e canoniquement. M\u00e8re Trindade a \u00e9t\u00e9 nomm\u00e9e sa premi\u00e8re sup\u00e9rieure provinciale.&nbsp;<\/span><\/p>\n<p><span style=\"color: #800000;\">Apr\u00e8s une longue vie pass\u00e9e \u00e0 servir avec abn\u00e9gation et frapp\u00e9e par la maladie qu&#8217;elle a subie avec la plus grande patience, le Seigneur est venu la chercher le 16 juillet 1974.<\/span><\/p>\n<p><span style=\"color: #800000;\"><strong>Sa vie se r\u00e9sume bien : la volont\u00e9 de Dieu en toute chose !<\/strong><\/span><\/p>\n<p>&nbsp;[\/vc_column_text][\/vc_column][vc_column width=&#8221;1\/2&#8243;][vc_column_text]<\/p>\n<p style=\"text-align: center;\">&nbsp; &nbsp; &nbsp; &nbsp; &nbsp; &nbsp; &nbsp; &nbsp; &nbsp; &nbsp; <img loading=\"lazy\" decoding=\"async\" class=\"wp-image-22879 alignnone\" src=\"https:\/\/soeurs-de-la-presentation-de-marie.org\/pom\/wp-content\/uploads\/2021\/07\/Madre-Trindade-3-scaled.jpg\" alt=\"\" width=\"289\" height=\"424\"><\/p>\n<p>[\/vc_column_text][\/vc_column][\/vc_row][vc_row row_space=&#8221;remove_padding_top&#8221;][vc_column][vc_custom_heading text=&#8221;Aujourd&#8217;hui&#8230;&#8221; font_container=&#8221;tag:h2|font_size:45|text_align:center|color:%23bc3200&#8243; google_fonts=&#8221;font_family:Amarante%3Aregular|font_style:400%20regular%3A400%3Anormal&#8221; css_animation=&#8221;fadeInRightBig&#8221;][vc_empty_space height=&#8221;20px&#8221;][vc_column_text]<span style=\"color: #800000;\">Aujourd&#8217;hui, la Province portugaise, form\u00e9e par les communaut\u00e9s de l&#8217;\u00eele de Mad\u00e8re, du Portugal continental et de la Mission du Br\u00e9sil, sur les traces de Maria Rivier, fait conna\u00eetre et aime J\u00e9sus-Christ et sa M\u00e8re avec audace et confiance.<\/span><\/p>\n<p><span style=\"color: #800000;\">L&#8217;\u00e9cole, l&#8217;\u00e9ducation, la solidarit\u00e9 et l&#8217;\u00e9vang\u00e9lisation sont des traits sp\u00e9cifiques du charisme des S\u0153urs de la Pr\u00e9sentation de Marie. Ce sont les grandes lignes qui fa\u00e7onnent \u00e9galement les diff\u00e9rents apostolats confi\u00e9s au z\u00e8le apostolique des s\u0153urs de la Province portugaise.<\/span>[\/vc_column_text][vc_column_text]<\/p>\nngg_shortcode_0_placeholder\n<p style=\"text-align: center;\"><span style=\"color: #800000;\">Notre action d&#8217;\u00e9vang\u00e9lisation prend un visage et un corps dans chacune de nos communaut\u00e9s.<\/span><\/p>\n<p>&nbsp;<\/p>\n<p><span style=\"color: #800000;\">Avec les s\u0153urs, l&#8217;Association Marie Rivier, les jeunes li\u00e9s \u00e0 notre pastorale des jeunes et des vocations, les volontaires la\u00efcs missionnaires et tous ceux qui, d&#8217;une mani\u00e8re ou d&#8217;une autre, s&#8217;abreuvent de notre spiritualit\u00e9 et collaborent \u00e0 nos \u0153uvres apostoliques, enrichissent notre Province de vie et rendent r\u00e9elles les paroles de Marie Rivier : &#8220;Je voudrais avoir mille vies, pour aller partout faire conna\u00eetre et aimer J\u00e9sus-Christ&#8221;.<\/span>[\/vc_column_text][vc_column_text]<\/p>\n<p>ngg_shortcode_1_placeholder&nbsp;[\/vc_column_text][\/vc_column][\/vc_row][vc_row row_space=&#8221;remove_padding_top&#8221;][vc_column][vc_column_text]<span style=\"color: #800000;\">Les plus grands d\u00e9fis pour notre Province, qui visent toujours \u00e0 maintenir vivante et dynamique notre mission de faire conna\u00eetre et aimer J\u00e9sus-Christ tout au long de notre vie, sont avant tout:<\/span>[\/vc_column_text][vc_empty_space height=&#8221;22px&#8221;][vc_hoverbox image=&#8221;12285&#8243; primary_title=&#8221;&#8221; hover_title=&#8221;La conversion \u00e0 l&#8217;amour.&#8221; hover_title_font_container=&#8221;font_size:24|color:%23bc3200|line_height:2&#8243; hover_title_google_fonts=&#8221;font_family:Amarante%3Aregular|font_style:400%20regular%3A400%3Anormal&#8221; hover_background_color=&#8221;blue&#8221; use_custom_fonts_primary_title=&#8221;true&#8221; use_custom_fonts_hover_title=&#8221;true&#8221;]<span style=\"color: #800000;\">Nous avons besoin d&#8217;un t\u00e9moignage de vie s\u00e9rieux et authentique. Le Pape Fran\u00e7ois nous dit : &#8220;Soyez des femmes et des hommes de communion, vivez la mystique de la rencontre : la capacit\u00e9 d&#8217;\u00e9couter attentivement les autres ; &#8220;la capacit\u00e9 de chercher ensemble le chemin, la m\u00e9thode&#8221;, en vous laissant \u00e9clairer par le rapport d&#8217;amour qui existe entre les trois Personnes divines et en le prenant comme mod\u00e8le pour toute relation interpersonnelle.<\/span>[\/vc_hoverbox][vc_empty_space height=&#8221;40px&#8221;][vc_hoverbox image=&#8221;20328&#8243; primary_title=&#8221;&#8221; hover_title=&#8221;Un regard lucide et courageux.&#8221; hover_title_font_container=&#8221;font_size:24|color:%23bc3200&#8243; hover_title_google_fonts=&#8221;font_family:Amarante%3Aregular|font_style:400%20regular%3A400%3Anormal&#8221; hover_background_color=&#8221;sandy-brown&#8221; use_custom_fonts_hover_title=&#8221;true&#8221;]<span style=\"color: #800000;\">Le monde avance \u00e0 une vitesse vertigineuse. Rien ne sera plus jamais pareil. Nous devons \u00eatre attentifs aux signes des temps. O\u00f9 devrions-nous canaliser nos forces ? O\u00f9 le Seigneur veut-il nous conduire ?<\/span>[\/vc_hoverbox][vc_empty_space height=&#8221;40px&#8221;][vc_hoverbox image=&#8221;22500&#8243; primary_title=&#8221;&#8221; hover_title=&#8221;Pour aller au-del\u00e0.&#8221; hover_title_font_container=&#8221;font_size:24|color:%23bc3200|line_height:2&#8243; hover_title_google_fonts=&#8221;font_family:Amarante%3Aregular|font_style:400%20regular%3A400%3Anormal&#8221; hover_background_color=&#8221;vista-blue&#8221; use_custom_fonts_primary_title=&#8221;true&#8221; use_custom_fonts_hover_title=&#8221;true&#8221;]<span style=\"color: #800000;\">Pr\u00e9senter J\u00e9sus avant tout, avec exigence, cr\u00e9ativit\u00e9 et audace. C&#8217;est quelque chose qui ne s&#8217;improvise pas et qui demande du temps et de la disponibilit\u00e9 int\u00e9rieure. Continuer \u00e0 investir dans la pastorale de la jeunesse et des vocations. &#8220;Le Royaume de Dieu grandit (et une vocation aussi) &#8211; comme l&#8217;a dit le pape Beno\u00eet XVI &#8211; par attraction, pas par pros\u00e9lytisme, pas par endoctrinement, mais par attraction. Nous avons tous cette mission d&#8217;\u00eatre des t\u00e9moins de l&#8217;amour de J\u00e9sus.<\/span>[\/vc_hoverbox][vc_column_text]&nbsp;<\/p>\n<p><span style=\"color: #800000;\">Les s\u0153urs sont bien conscientes des d\u00e9fis et des difficult\u00e9s du moment pr\u00e9sent, mais avec une foi profonde et une g\u00e9n\u00e9rosit\u00e9 sans bornes, elles se lancent avec audace et avec la force de Dieu, dans le d\u00e9sir d&#8217;annoncer la Bonne Nouvelle aux pauvres et d&#8217;embraser le monde avec le feu de l&#8217;amour.<\/span><\/p>\n<p><span style=\"color: #800000;\">Ce qui passionne notre province et ce qui la rend vivante et dynamique, c&#8217;est le regard reconnaissant que nous portons sur la belle \u0153uvre de Dieu, depuis nos humbles origines et la mani\u00e8re dont Il a providentiellement pris soin de tout.<\/span><\/p>\n<p><span style=\"color: #800000;\">La saintet\u00e9 de la fondatrice de notre Province et de tant de nos s\u0153urs, nous aide \u00e0 avancer humblement, courageusement, malgr\u00e9 notre pauvret\u00e9 et les obstacles qui ne manquent pas. Combien fructueux fut son sacrifice d&#8217;amour ! Aujourd&#8217;hui, nous sommes les h\u00e9ritiers de ce tr\u00e9sor !<\/span><\/p>\n<p><span style=\"color: #800000;\">L&#8217;animation spirituelle que nous avons re\u00e7ue, tant de l&#8217;Eglise que de la Congr\u00e9gation, nous encourage en tout \u00e0 suivre le m\u00eame chemin d&#8217;aiguiser l&#8217;oreille et le regard du c\u0153ur pour entendre le cri des plus pauvres, quelle que soit leur pauvret\u00e9, et avoir la sagesse et le discernement d&#8217;aller \u00e0 la rencontre des &#8220;p\u00e9riph\u00e9ries&#8221; qui attendent la lumi\u00e8re de l&#8217;Evangile et de l&#8217;Esp\u00e9rance.<\/span><\/p>\n<p><span style=\"color: #800000;\">Le vent de l&#8217;Esprit continue de souffler.<\/span><\/p>\n<p><span style=\"color: #800000;\">Comme M\u00e8re Rivier et M\u00e8re Trindade: &#8221; soyons des saints, des ap\u00f4tres, de vrais disciples de J\u00e9sus-Christ.<\/span><\/p>\n<p><span style=\"color: #800000;\">Que la Vierge Marie, notre M\u00e8re, notre Reine, nous aide \u00e0 \u00eatre fid\u00e8les \u00e0 un si riche h\u00e9ritage laiss\u00e9 par nos saintes fondatrices.<\/span><\/p>\n<p>&nbsp; &nbsp; &nbsp; &nbsp; &nbsp; &nbsp; &nbsp; &nbsp; &nbsp; &nbsp; &nbsp; &nbsp; &nbsp; <img loading=\"lazy\" decoding=\"async\" class=\"aligncenter wp-image-22921 size-medium\" src=\"https:\/\/soeurs-de-la-presentation-de-marie.org\/pom\/wp-content\/uploads\/2021\/07\/DSC09058-2018_03_24-10_24_52-UTC-750x510.jpg\" alt=\"\" width=\"750\" height=\"510\">&nbsp; &nbsp;&nbsp;[\/vc_column_text][\/vc_column][\/vc_row]<\/p>\n<\/div>","protected":false},"excerpt":{"rendered":"<p>[vc_row row_space=&#8221;remove_padding_bottom&#8221;][vc_column][vc_custom_heading text=&#8221;PR\u00c9SENTATION DE MARIE AU PORTUGAL&#8221; font_container=&#8221;tag:h2|font_size:58|text_align:center|color:%23bc3200&#8243; google_fonts=&#8221;font_family:Amarante%3Aregular|font_style:400%20regular%3A400%3Anormal&#8221;][vc_empty_space height=&#8221;28px&#8221;][vc_custom_heading text=&#8221;HIER&#8221; font_container=&#8221;tag:h2|font_size:45|text_align:center|color:%23bc3200&#8243; google_fonts=&#8221;font_family:Amarante%3Aregular|font_style:400%20regular%3A400%3Anormal&#8221; css_animation=&#8221;fadeInRightBig&#8221;][vc_row_inner][vc_column_inner width=&#8221;1\/4&#8243;][vc_column_text]&nbsp; [\/vc_column_text][\/vc_column_inner][vc_column_inner width=&#8221;1\/2&#8243;][vc_column_text]La Province portugaise a \u00e9t\u00e9 fond\u00e9e en 1925, par M\u00e8re Maria da Sant\u00edssima Trindade (Leontina de Ornelas e Vasconcelos), qui est n\u00e9e en 1893, sur l&#8217;\u00eele de Mad\u00e8re &#8211; Portugal. Des \u00e9v\u00e9nements providentiels ont conduit Leontina, avec sa m\u00e8re [&hellip;]<\/p>\n","protected":false},"author":6,"featured_media":0,"parent":0,"menu_order":0,"comment_status":"closed","ping_status":"closed","template":"","meta":{"ngg_post_thumbnail":0,"footnotes":""},"lang":"fr","translations":{"fr":22984},"pll_sync_post":[],"_links":{"self":[{"href":"https:\/\/soeurs-de-la-presentation-de-marie.org\/pom\/wp-json\/wp\/v2\/pages\/22984"}],"collection":[{"href":"https:\/\/soeurs-de-la-presentation-de-marie.org\/pom\/wp-json\/wp\/v2\/pages"}],"about":[{"href":"https:\/\/soeurs-de-la-presentation-de-marie.org\/pom\/wp-json\/wp\/v2\/types\/page"}],"author":[{"embeddable":true,"href":"https:\/\/soeurs-de-la-presentation-de-marie.org\/pom\/wp-json\/wp\/v2\/users\/6"}],"replies":[{"embeddable":true,"href":"https:\/\/soeurs-de-la-presentation-de-marie.org\/pom\/wp-json\/wp\/v2\/comments?post=22984"}],"version-history":[{"count":14,"href":"https:\/\/soeurs-de-la-presentation-de-marie.org\/pom\/wp-json\/wp\/v2\/pages\/22984\/revisions"}],"predecessor-version":[{"id":23000,"href":"https:\/\/soeurs-de-la-presentation-de-marie.org\/pom\/wp-json\/wp\/v2\/pages\/22984\/revisions\/23000"}],"wp:attachment":[{"href":"https:\/\/soeurs-de-la-presentation-de-marie.org\/pom\/wp-json\/wp\/v2\/media?parent=22984"}],"curies":[{"name":"wp","href":"https:\/\/api.w.org\/{rel}","templated":true}]}}