{"id":23169,"date":"2021-08-05T17:43:00","date_gmt":"2021-08-05T15:43:00","guid":{"rendered":"https:\/\/soeurs-de-la-presentation-de-marie.org\/pom\/?page_id=23169"},"modified":"2021-08-06T21:42:41","modified_gmt":"2021-08-06T19:42:41","slug":"mission-du-bresil","status":"publish","type":"page","link":"https:\/\/soeurs-de-la-presentation-de-marie.org\/pom\/mission-du-bresil\/","title":{"rendered":"MISSION DU BR\u00c9SIL"},"content":{"rendered":"<div class=\"wpb-content-wrapper\"><p>[vc_row][vc_column][vc_custom_heading text=&#8221;Histoire de la Pr\u00e9sentation de Marie au Br\u00e9sil&#8221; font_container=&#8221;tag:h2|font_size:50|text_align:right|color:%23005e06&#8243; google_fonts=&#8221;font_family:Averia%20Sans%20Libre%3A300%2C300italic%2Cregular%2Citalic%2C700%2C700italic|font_style:400%20regular%3A400%3Anormal&#8221; css_animation=&#8221;bounceInLeft&#8221;][vc_empty_space height=&#8221;28px&#8221;][vc_column_text]<strong><em><span style=\"color: #003300;\">La Congr\u00e9gation de la Pr\u00e9sentation de Marie a \u00e9t\u00e9 cr\u00e9\u00e9e au Br\u00e9sil en 1986 pour faire conna\u00eetre et aimer J\u00e9sus-Christ et sa M\u00e8re, en allant de pr\u00e9f\u00e9rence vers les plus pauvres.<\/span><\/em><\/strong><\/p>\n<p><span style=\"color: #003300;\">Apr\u00e8s six ans d&#8217;aide apport\u00e9e par les S\u0153urs Sacr\u00e9 Coeur de J\u00e9sus (Jacqueline Hardy), Maria Cec\u00edlia de Jesus Silva et Maria Celeste Gon\u00e7alves de Freitas (Gorete), au C\u00f4geno Mata (P\u00e8re Jo\u00e3o Pedro Baptista da Mata) dans la fondation et la structuration de l&#8217;\u0153uvre &#8220;Aldeia da Paz&#8221;, et la formation de religieuses pour son institut, l&#8217;\u00e9v\u00eaque du dioc\u00e8se d&#8217;An\u00e1polis, Dom Manuel Pestana Filho, a demand\u00e9 la permanence de la Congr\u00e9gation dans son dioc\u00e8se.<\/span><\/p>\n<p>ngg_shortcode_0_placeholder<span style=\"color: #003300;\">La premi\u00e8re communaut\u00e9 de la Congr\u00e9gation de la Pr\u00e9sentation de Marie a \u00e9t\u00e9 \u00e9tablie dans la ville d&#8217;Abadi\u00e2nia, situ\u00e9e entre Goi\u00e2nia (capitale de l&#8217;\u00c9tat de Goi\u00e1s) et Brasilia (capitale du pays) en mars 1986.<\/span><\/p>\n<p><span style=\"color: #003300;\">Le z\u00e8le de Maria Rivier br\u00fble dans le c\u0153ur des s\u0153urs qui commencent bient\u00f4t leur mission : visites aux familles, formation des cat\u00e9chistes, cat\u00e9ch\u00e8se pour tous les \u00e2ges, accueil des enfants d\u00e9favoris\u00e9s dans de petits espaces, jusqu&#8217;\u00e0 ce qu&#8217;elles trouvent leur propre lieu, avec plus d&#8217;espace et de confort &#8211; le Centre d&#8217;\u00e9ducation de l&#8217;enfance Ana Maria Rivier.<\/span><\/p>\n<p><span style=\"color: #003300;\">Le travail d&#8217;accueil des enfants et des adolescents d&#8217;Abadiania s&#8217;est d\u00e9velopp\u00e9 de jour en jour, et a \u00e9t\u00e9 maintenu par l&#8217;association M\u00e8re Maria Rivier, cr\u00e9\u00e9e pour donner un statut l\u00e9gal au travail.<\/span><\/p>\n<p>ngg_shortcode_1_placeholder[\/vc_column_text][vc_column_text]<span style=\"color: #003300;\">La mission s&#8217;est d\u00e9velopp\u00e9e, le travail pour les vocations et le groupe des Associ\u00e9s Maria Rivier ont commenc\u00e9, puis d&#8217;autres s\u0153urs sont arriv\u00e9es pour renforcer la communaut\u00e9.<\/span><\/p>\n<p><span style=\"color: #003300;\">Avec le temps, de nouvelles maisons ont \u00e9t\u00e9 \u00e9rig\u00e9es.<\/span><\/p>\n<p><span style=\"color: #003300;\">La deuxi\u00e8me communaut\u00e9 (03-02-1990) a \u00e9t\u00e9 form\u00e9e dans l&#8217;un des quartiers p\u00e9riph\u00e9riques de la ville d&#8217;Anapolis &#8211; Vila Fabril. La mission des s\u0153urs \u00e9tait la suivante : aider \u00e0 la structuration de la paroisse, la cat\u00e9ch\u00e8se, la formation des cat\u00e9chistes, les visites aux familles et aux malades, le travail manuel avec les enfants et la pastorale des vocations. Le groupe d&#8217;associ\u00e9s Maria Rivier a \u00e9galement \u00e9t\u00e9 fond\u00e9.<\/span>[\/vc_column_text][vc_column_text]<\/p>\n<p>ngg_shortcode_2_placeholder[\/vc_column_text][\/vc_column][\/vc_row][vc_row][vc_column width=&#8221;1\/2&#8243;][vc_column_text]&nbsp;<\/p>\n<p>&nbsp;<\/p>\n<p>ngg_shortcode_3_placeholder[\/vc_column_text][\/vc_column][vc_column width=&#8221;1\/2&#8243;][vc_column_text]<span style=\"color: #003300;\">La troisi\u00e8me communaut\u00e9 a \u00e9t\u00e9 Erigida, \u00e0 Miran\u00e1polis, une zone rurale d&#8217;An\u00e1polis, le 21-11-1998. Bien qu&#8217;il s&#8217;agisse d&#8217;un noviciat, les s\u0153urs mues par le Z\u00e8le ont exerc\u00e9 des activit\u00e9s pastorales dans une chapelle de la paroisse de Sainte Rita de Cascia. Au d\u00e9but de l&#8217;ann\u00e9e 1999, deux jeunes femmes ont rejoint le noviciat. Cette ann\u00e9e-l\u00e0, en la f\u00eate de la Pr\u00e9sentation de Marie, elles ont commenc\u00e9 leur noviciat et la premi\u00e8re vocation br\u00e9silienne a fait une profession temporaire. La mission br\u00e9silienne a commenc\u00e9 \u00e0 porter ses fruits.<\/span><\/p>\n<p><span style=\"color: #003300;\">La quatri\u00e8me communaut\u00e9 &#8211; St Joseph&#8217;s &#8211; a \u00e9t\u00e9 cr\u00e9\u00e9e le 19-03-2001. \u00c0 cette activit\u00e9 s&#8217;est ajout\u00e9e la coordination paroissiale de la cat\u00e9ch\u00e8se, la cat\u00e9ch\u00e8se, le travail manuel avec les enfants et les adolescents. L&#8217;amour de J\u00e9sus et de la Sainte Vierge s&#8217;enflamme dans le c\u0153ur des enfants, des jeunes et des collaborateurs.<\/span><\/p>\n<p><span style=\"color: #003300;\">\u00c0 l&#8217;approche de leurs 25 ans de pr\u00e9sence dans le pays, les s\u0153urs ont estim\u00e9 qu&#8217;il \u00e9tait temps d&#8217;oser&nbsp; fonder dans un autre dioc\u00e8se. Ainsi fut \u00e9rig\u00e9e la cinqui\u00e8me communaut\u00e9 du dioc\u00e8se d&#8217;Itumbiara, dans la ville qui donne son nom au dioc\u00e8se. La mission initiale de la communaut\u00e9 \u00e9tait la coordination dioc\u00e9saine de la cat\u00e9ch\u00e8se. Dans la paroisse de Nossa Senhora das Gra\u00e7as, o\u00f9 elles sont install\u00e9es, les s\u0153urs ont pris en charge la coordination paroissiale de la cat\u00e9ch\u00e8se, les visites aux familles et aux malades et ont collabor\u00e9 \u00e0 la pastorale dioc\u00e9saine des vocations.<\/span><\/p>\n<p><span style=\"color: #003300;\">Avec la gr\u00e2ce de Dieu, l&#8217;Esprit Saint soufflait et poussait le charisme de Maria Rivier dans les terres br\u00e9siliennes.<\/span><\/p>\n<p>&nbsp;<\/p>\n<p>&nbsp;[\/vc_column_text][\/vc_column][\/vc_row][vc_row row_space=&#8221;remove_padding_top&#8221;][vc_column][vc_custom_heading text=&#8221;AUJOURD&#8217;HUI&#8221; font_container=&#8221;tag:h2|font_size:50|text_align:center|color:%23005e06&#8243; google_fonts=&#8221;font_family:Averia%20Serif%20Libre%3A300%2C300italic%2Cregular%2Citalic%2C700%2C700italic|font_style:400%20regular%3A400%3Anormal&#8221; css_animation=&#8221;fadeInDownBig&#8221;][vc_row_inner][vc_column_inner width=&#8221;1\/2&#8243;][vc_column_text]<img loading=\"lazy\" decoding=\"async\" class=\"alignleft wp-image-23214 size-full\" src=\"https:\/\/soeurs-de-la-presentation-de-marie.org\/pom\/wp-content\/uploads\/2021\/08\/cidade-onde-estamos-1.jpeg\" alt=\"\" width=\"709\" height=\"623\">[\/vc_column_text][\/vc_column_inner][vc_column_inner width=&#8221;1\/2&#8243;][vc_column_text]&nbsp;<\/p>\n<p><span style=\"color: #003300;\">Le Br\u00e9sil est le pays ayant la plus grande population catholique, il compte environ 278 circonscriptions eccl\u00e9siastiques. Bien qu&#8217;il y ait une grande acceptation de la religion et que beaucoup se disent catholiques, il faut une \u00e9vang\u00e9lisation plus profonde qui favorise la rencontre personnelle avec le Christ et qui forme des disciples missionnaires, car beaucoup ignorent la doctrine qu&#8217;ils pr\u00e9tendent professer. Ainsi, chaque jour, la proclamation explicite de l&#8217;\u00c9vangile avec le charisme de Maria Rivier devient plus urgente.<\/span><\/p>\n<p><span style=\"color: #003300;\">Cette urgence br\u00fble dans le c\u0153ur des s\u0153urs PM au Br\u00e9sil qui, \u00e9tant pr\u00e9sentes dans trois villes (Abadi\u00e2nia, An\u00e1polis et Itumbiara), cherchent avec z\u00e8le \u00e0 \u00eatre une vie de Marie Rivier.<\/span><\/p>\n<p><span style=\"color: #003300;\">La pr\u00e9sence de la Pr\u00e9sentation de Marie se trouve dans le c\u0153ur du Br\u00e9sil, c&#8217;est-\u00e0-dire que les trois villes o\u00f9 les s\u0153urs sont pr\u00e9sentes sont situ\u00e9es dans l&#8217;\u00c9tat de Goi\u00e1s.<\/span>[\/vc_column_text][\/vc_column_inner][\/vc_row_inner][\/vc_column][\/vc_row][vc_row][vc_column][vc_column_text]<\/p>\n<h2><span style=\"color: #003300;\"><strong>Abadi\u00e2nia<\/strong><\/span><\/h2>\n<p><span style=\"color: #003300;\">Abadi\u00e2nia &#8211; est la ville o\u00f9 a \u00e9t\u00e9 \u00e9rig\u00e9e la premi\u00e8re Communaut\u00e9 de la Pr\u00e9sentation de Marie, est situ\u00e9e entre deux capitales Goi\u00e2nia (80 km) et Brasilia (94 km) et comptait 20 042 habitants au dernier recensement (2011).<\/span><\/p>\n<p><span style=\"color: #003300;\">Dans la Communaut\u00e9 d&#8217;Abadi\u00e2nia, la mission principale est l&#8217;\u00e9cole Ana Maria Rivier, cependant, les s\u0153urs collaborent \u00e9galement \u00e0 la coordination de la cat\u00e9ch\u00e8se paroissiale ;&nbsp; il y a aussi le groupe des Associ\u00e9s Maria Rivier.<\/span><\/p>\n<p><span style=\"color: #003300;\">Elle continue \u00e0 donner du pain \u00e0 ceux qui ont faim, en transformant les aliments destin\u00e9s aux repas scolaires pour les familles dans le besoin. Les r\u00e9unions avec les collaborateurs, certaines ont eu lieu en ligne et d&#8217;autres en pr\u00e9sence, en suivant les directives. La cat\u00e9ch\u00e8se est \u00e9galement entr\u00e9e dans l&#8217;\u00e8re num\u00e9rique et ne s&#8217;est pas arr\u00eat\u00e9e. La proclamation de l&#8217;\u00c9vangile s&#8217;est faite en ligne. Les r\u00e9unions avec les groupes d&#8217;associ\u00e9s se sont arr\u00eat\u00e9es en raison de la pr\u00e9sence de certains membres \u00e0 risque, mais elles reprennent avec la prudence n\u00e9cessaire.<\/span><\/p>\n<p>ngg_shortcode_4_placeholder[\/vc_column_text][vc_column_text]<\/p>\n<h3><span style=\"color: #003300;\"><strong>An\u00e1polis<\/strong><\/span><\/h3>\n<p><span style=\"color: #003300;\">Anapolis &#8211; est une municipalit\u00e9 br\u00e9silienne de l&#8217;int\u00e9rieur de l&#8217;\u00c9tat de Goias, situ\u00e9e \u00e0 50 km de la capitale &#8211; Goi\u00e2nia, avec une population estim\u00e9e \u00e0 391 772 habitants, c&#8217;est la troisi\u00e8me municipalit\u00e9 de l&#8217;\u00c9tat en termes de population et sa deuxi\u00e8me puissance \u00e9conomique.<\/span><\/p>\n<p><span style=\"color: #003300;\">\u00c0 An\u00e1polis, il y avait trois communaut\u00e9s, actuellement il y en a deux :<\/span><\/p>\n<p><span style=\"color: #003300;\">La Communaut\u00e9 de Vila Fabril, qui a \u00e9t\u00e9 ferm\u00e9e \u00e0 la fin de l&#8217;ann\u00e9e deux mille huit, pour avoir d\u00e9j\u00e0 rempli sa mission. Cependant le groupe d&#8217;associ\u00e9s de Maria Rivier reste fort, pour le moment les r\u00e9unions sont suspendues en attendant le retour en pr\u00e9sece.<\/span><\/p>\n<p><span style=\"color: #003300;\">La communaut\u00e9 de Miranapolis continue d&#8217;accueillir les s\u0153urs pour leurs retraites mensuelles et annuelles. La c\u00e9l\u00e9bration eucharistique est plus fr\u00e9quente. La cat\u00e9ch\u00e8se dans la paroisse de St Rita se d\u00e9roule sous forme de cat\u00e9ch\u00e8se familiale (il y a peu d&#8217;enfants &#8211; le pr\u00eatre guide les parents).<\/span><\/p>\n<p><span style=\"color: #003300;\">La pastorale des vocations a d\u00fb se r\u00e9inventer, s&#8217;adapter et innover, car la plupart des \u00e9v\u00e9nements ont chang\u00e9. Les s\u0153urs responsables, pouss\u00e9es par l&#8217;amour et la gr\u00e2ce de Dieu, ont poursuivi la mission avec ardeur et joie. Les consultations individuelles se font en ligne ou en personne avec les pr\u00e9cautions d&#8217;usage, de m\u00eame que les r\u00e9unions et les pique-niques professionnels, s&#8217;ils ont lieu en personne, avec une limitation du nombre de participants. D&#8217;autres \u00e9v\u00e9nements comme le chapelet des vocations, le chant et l&#8217;animation du groupe des vocations se font en ligne. La Congr\u00e9gation fait partie de la Pastorale des Vocations de la R\u00e9gion Centre Ouest avec la pr\u00e9sence de S\u0153ur Aline qui en est la secr\u00e9taire, et de cette fa\u00e7on elle organise et fait en sorte que les \u00e9v\u00e9nements en ligne se r\u00e9alisent, ou certains \u00e9v\u00e9nements en face \u00e0 face suivant les recommandations.<\/span><\/p>\n<p><span style=\"color: #003300;\">Communaut\u00e9 St. Joseph &#8211; comme dans l&#8217;ann\u00e9e 2015 la mission dans la cr\u00e8che paroissiale et dans la coordination de la cat\u00e9ch\u00e8se a \u00e9t\u00e9 ferm\u00e9e, la communaut\u00e9 a pris une nouvelle mission &#8211; maison d&#8217;\u00e9tudiantes (jeunes s\u0153urs en \u00e9tude) en raison de sa grande localisation dans la ville d&#8217;An\u00e1polis.<\/span><\/p>\n<p>ngg_shortcode_5_placeholder[\/vc_column_text][\/vc_column][\/vc_row][vc_row][vc_column][vc_column_text]<\/p>\n<h3><span style=\"color: #003300;\"><strong>Itumbiara<\/strong><\/span><\/h3>\n<p><span style=\"color: #003300;\">Itumbiara &#8211; (nom du Tupi-Guarani &#8211; signifie route vers la chute d&#8217;eau), est situ\u00e9 \u00e0 la fronti\u00e8re de l&#8217;\u00c9tat avec Minas Gerais.<\/span><\/p>\n<p><span style=\"color: #003300;\">La mission de la communaut\u00e9 d&#8217;Itumbiara, est la coordination de la cat\u00e9ch\u00e8se paroissiale, la cat\u00e9ch\u00e8se, les visites aux familles et aux malades ; l&#8217;accompagnement de trois \u00e9quipes de Nossa Senhora (\u00e9quipe de base), l&#8217;orientation du groupe des Associ\u00e9s Maria Rivier, et avec eux ils forment des groupes de chant pour animer l&#8217;Eucharistie dans la Chapelle Nossa Senhora da Sa\u00fade.<\/span><\/p>\n<p><span style=\"color: #003300;\">La mission du Br\u00e9sil est fi\u00e8re d&#8217;avoir d\u00e9j\u00e0 envoy\u00e9 une missionnaire &#8211; S\u0153ur Lourdes de Fatima, qui r\u00e9alise actuellement son appel avec les s\u0153urs de la maison provinciale au Portugal.<\/span><\/p>\n<p><span style=\"color: #003300;\">Les filles de Marie Rivier restent in\u00e9branlables, attisant la flamme de J\u00e9sus-Christ dans ces terres du Br\u00e9sil, \u00e9tant un \u00c9vangile ouvert o\u00f9 tous peuvent lire J\u00e9sus-Christ.<\/span>[\/vc_column_text][vc_column_text]<\/p>\n<p>ngg_shortcode_6_placeholder[\/vc_column_text][vc_column_text]<span style=\"color: #003300;\">Les filles de Marie Rivier restent in\u00e9branlables, attisant la flamme de J\u00e9sus-Christ dans ces terres du Br\u00e9sil, \u00e9tant un \u00c9vangile ouvert o\u00f9 tous peuvent lire J\u00e9sus-Christ.<\/span>[\/vc_column_text][\/vc_column][\/vc_row]<\/p>\n<\/div>","protected":false},"excerpt":{"rendered":"<p>[vc_row][vc_column][vc_custom_heading text=&#8221;Histoire de la Pr\u00e9sentation de Marie au Br\u00e9sil&#8221; font_container=&#8221;tag:h2|font_size:50|text_align:right|color:%23005e06&#8243; google_fonts=&#8221;font_family:Averia%20Sans%20Libre%3A300%2C300italic%2Cregular%2Citalic%2C700%2C700italic|font_style:400%20regular%3A400%3Anormal&#8221; css_animation=&#8221;bounceInLeft&#8221;][vc_empty_space height=&#8221;28px&#8221;][vc_column_text]La Congr\u00e9gation de la Pr\u00e9sentation de Marie a \u00e9t\u00e9 cr\u00e9\u00e9e au Br\u00e9sil en 1986 pour faire conna\u00eetre et aimer J\u00e9sus-Christ et sa M\u00e8re, en allant de pr\u00e9f\u00e9rence vers les plus pauvres. Apr\u00e8s six ans d&#8217;aide apport\u00e9e par les S\u0153urs Sacr\u00e9 Coeur de J\u00e9sus [&hellip;]<\/p>\n","protected":false},"author":6,"featured_media":0,"parent":0,"menu_order":0,"comment_status":"closed","ping_status":"closed","template":"","meta":{"ngg_post_thumbnail":0,"footnotes":""},"lang":"fr","translations":{"fr":23169},"pll_sync_post":[],"_links":{"self":[{"href":"https:\/\/soeurs-de-la-presentation-de-marie.org\/pom\/wp-json\/wp\/v2\/pages\/23169"}],"collection":[{"href":"https:\/\/soeurs-de-la-presentation-de-marie.org\/pom\/wp-json\/wp\/v2\/pages"}],"about":[{"href":"https:\/\/soeurs-de-la-presentation-de-marie.org\/pom\/wp-json\/wp\/v2\/types\/page"}],"author":[{"embeddable":true,"href":"https:\/\/soeurs-de-la-presentation-de-marie.org\/pom\/wp-json\/wp\/v2\/users\/6"}],"replies":[{"embeddable":true,"href":"https:\/\/soeurs-de-la-presentation-de-marie.org\/pom\/wp-json\/wp\/v2\/comments?post=23169"}],"version-history":[{"count":26,"href":"https:\/\/soeurs-de-la-presentation-de-marie.org\/pom\/wp-json\/wp\/v2\/pages\/23169\/revisions"}],"predecessor-version":[{"id":23297,"href":"https:\/\/soeurs-de-la-presentation-de-marie.org\/pom\/wp-json\/wp\/v2\/pages\/23169\/revisions\/23297"}],"wp:attachment":[{"href":"https:\/\/soeurs-de-la-presentation-de-marie.org\/pom\/wp-json\/wp\/v2\/media?parent=23169"}],"curies":[{"name":"wp","href":"https:\/\/api.w.org\/{rel}","templated":true}]}}