{"id":23748,"date":"2021-08-25T19:30:34","date_gmt":"2021-08-25T17:30:34","guid":{"rendered":"https:\/\/soeurs-de-la-presentation-de-marie.org\/pom\/?page_id=23748"},"modified":"2021-12-14T00:11:47","modified_gmt":"2021-12-13T23:11:47","slug":"podcast","status":"publish","type":"page","link":"https:\/\/soeurs-de-la-presentation-de-marie.org\/pom\/ressources\/podcast\/","title":{"rendered":"Podcast"},"content":{"rendered":"<div class=\"wpb-content-wrapper\"><p>[vc_row row_space=&#8221;remove_padding_top&#8221;][vc_column][vc_custom_heading text=&#8221;Chansons \u00e0 Marie Rivier&#8221; font_container=&#8221;tag:h2|font_size:50|text_align:left|color:%23047f02&#8243; google_fonts=&#8221;font_family:Italianno%3Aregular|font_style:400%20regular%3A400%3Anormal&#8221;][vc_column_text]<span style=\"color: #003300;\">Marie Rivier, la Femme-Ap\u00f4tre, a \u00e9t\u00e9 une inspiration pour d&#8217;innombrables hommes et femmes, jeunes et vieux, dans le monde entier. Sa vie, sa spiritualit\u00e9 et son ardeur missionnaire r\u00e9v\u00e8lent la puissance de l&#8217;immense amour de Dieu pour cette jeune infirme de Montpezat. En Marie Rivier, Dieu a vu une femme &#8220;selon son c\u0153ur&#8221;. (1 Sam 13, 14)<\/span><\/p>\n<p><span style=\"color: #003300;\">Au fil des ans, des s\u0153urs, des amis et des collaborateurs ont cr\u00e9\u00e9 des chants et des pi\u00e8ces musicales bas\u00e9s sur la vie de la Bienheureuse Marie Rivier. A l&#8217;occasion de notre 225\u00e8me ann\u00e9e de fondation, nous voulons rendre hommage \u00e0 cette Femme-Ap\u00f4tre, dont la vie toute enti\u00e8re a \u00e9t\u00e9 v\u00e9cue pour J\u00e9sus-Christ!<\/span><\/p>\n<p><span style=\"color: #003300;\">Puissiez-vous appr\u00e9cier ces chansons et vous en inspirer!<\/span>[\/vc_column_text][vc_column_text]<\/p>\n<p><a class=\"spreaker-player\" href=\"https:\/\/www.spreaker.com\/show\/marie-rivier-etincelle-desperance\" data-resource=\"show_id=5268928\" data-width=\"100%\" data-height=\"350px\" data-theme=\"light\" data-playlist=\"show\" data-playlist-continuous=\"true\" data-chapters-image=\"true\" data-episode-image-position=\"right\" data-hide-logo=\"false\" data-hide-likes=\"false\" data-hide-comments=\"false\" data-hide-sharing=\"false\" data-hide-download=\"true\">Ascolta &#8220;MARIE RIVIER, \u00c9tincelle d&#39;esp\u00e9rance&#8221; su Spreaker.<\/a><\/p>\n<p><a class=\"spreaker-player\" href=\"https:\/\/www.spreaker.com\/episode\/47657594\" data-resource=\"episode_id=47657594\" data-width=\"100%\" data-height=\"350px\" data-theme=\"light\" data-playlist=\"show\" data-playlist-continuous=\"true\" data-chapters-image=\"true\" data-episode-image-position=\"right\" data-hide-logo=\"false\" data-hide-likes=\"false\" data-hide-comments=\"false\" data-hide-sharing=\"false\" data-hide-download=\"true\">Ascolta &#8220;COMBIEN JE VOUDRAIS-08(Sylvie)en hommage \u00e0 Marie Rivier -225e anniversaire de la fondation&#8221; su Spreaker.<\/a><\/p>\n<p><script async src=\"https:\/\/widget.spreaker.com\/widgets.js\"><\/script><\/p>\n<\/div>","protected":false},"excerpt":{"rendered":"<p>[vc_row row_space=&#8221;remove_padding_top&#8221;][vc_column][vc_custom_heading text=&#8221;Chansons \u00e0 Marie Rivier&#8221; font_container=&#8221;tag:h2|font_size:50|text_align:left|color:%23047f02&#8243; google_fonts=&#8221;font_family:Italianno%3Aregular|font_style:400%20regular%3A400%3Anormal&#8221;][vc_column_text]Marie Rivier, la Femme-Ap\u00f4tre, a \u00e9t\u00e9 une inspiration pour d&#8217;innombrables hommes et femmes, jeunes et vieux, dans le monde entier. Sa vie, sa spiritualit\u00e9 et son ardeur missionnaire r\u00e9v\u00e8lent la puissance de l&#8217;immense amour de Dieu pour cette jeune infirme de Montpezat. En Marie Rivier, Dieu a vu [&hellip;]<\/p>\n","protected":false},"author":2,"featured_media":0,"parent":4076,"menu_order":30,"comment_status":"closed","ping_status":"closed","template":"","meta":{"ngg_post_thumbnail":0,"footnotes":""},"lang":"fr","translations":{"fr":23748,"en":25177,"es":25180,"pt":25183},"pll_sync_post":[],"_links":{"self":[{"href":"https:\/\/soeurs-de-la-presentation-de-marie.org\/pom\/wp-json\/wp\/v2\/pages\/23748"}],"collection":[{"href":"https:\/\/soeurs-de-la-presentation-de-marie.org\/pom\/wp-json\/wp\/v2\/pages"}],"about":[{"href":"https:\/\/soeurs-de-la-presentation-de-marie.org\/pom\/wp-json\/wp\/v2\/types\/page"}],"author":[{"embeddable":true,"href":"https:\/\/soeurs-de-la-presentation-de-marie.org\/pom\/wp-json\/wp\/v2\/users\/2"}],"replies":[{"embeddable":true,"href":"https:\/\/soeurs-de-la-presentation-de-marie.org\/pom\/wp-json\/wp\/v2\/comments?post=23748"}],"version-history":[{"count":11,"href":"https:\/\/soeurs-de-la-presentation-de-marie.org\/pom\/wp-json\/wp\/v2\/pages\/23748\/revisions"}],"predecessor-version":[{"id":25549,"href":"https:\/\/soeurs-de-la-presentation-de-marie.org\/pom\/wp-json\/wp\/v2\/pages\/23748\/revisions\/25549"}],"up":[{"embeddable":true,"href":"https:\/\/soeurs-de-la-presentation-de-marie.org\/pom\/wp-json\/wp\/v2\/pages\/4076"}],"wp:attachment":[{"href":"https:\/\/soeurs-de-la-presentation-de-marie.org\/pom\/wp-json\/wp\/v2\/media?parent=23748"}],"curies":[{"name":"wp","href":"https:\/\/api.w.org\/{rel}","templated":true}]}}