{"id":23918,"date":"2021-09-22T12:23:16","date_gmt":"2021-09-22T10:23:16","guid":{"rendered":"https:\/\/soeurs-de-la-presentation-de-marie.org\/pom\/?page_id=23918"},"modified":"2021-10-16T16:44:47","modified_gmt":"2021-10-16T14:44:47","slug":"encontro-internacional","status":"publish","type":"page","link":"https:\/\/soeurs-de-la-presentation-de-marie.org\/pom\/encontro-internacional\/","title":{"rendered":"Encontro Internacional 2021"},"content":{"rendered":"<div class=\"wpb-content-wrapper\"><p>[vc_row row_space=&#8221;remove_padding_bottom&#8221;][vc_column][vc_custom_heading text=&#8221;OS LEIGOS CONSAGRADOS&#8221; font_container=&#8221;tag:h2|font_size:50|text_align:center|color:%23187000&#8243; google_fonts=&#8221;font_family:EB%20Garamond%3Aregular|font_style:400%20regular%3A400%3Anormal&#8221;][vc_empty_space height=&#8221;40px&#8221;][vc_custom_heading text=&#8221;Anda na minha presen\u00e7a&#8221; font_container=&#8221;tag:h2|font_size:85|text_align:center|color:%23a87a0f&#8221; google_fonts=&#8221;font_family:Euphoria%20Script%3Aregular|font_style:400%20regular%3A400%3Anormal&#8221;][vc_row_inner][vc_column_inner width=&#8221;1\/6&#8243;][\/vc_column_inner][vc_column_inner width=&#8221;2\/3&#8243;][vc_column_text]<img loading=\"lazy\" decoding=\"async\" class=\"aligncenter wp-image-23915\" src=\"https:\/\/soeurs-de-la-presentation-de-marie.org\/pom\/wp-content\/uploads\/2021\/09\/4e3d8d56926912cf4a2e9582bb5e1730-emmaus-cristo-2.jpg\" alt=\"\" width=\"750\" height=\"560\"><\/p>\n<p>(photo credit:Internet)[\/vc_column_text][\/vc_column_inner][vc_column_inner width=&#8221;1\/6&#8243;][\/vc_column_inner][\/vc_row_inner][\/vc_column][\/vc_row][vc_row][vc_column][vc_custom_heading text=&#8221;24 de setembro&#8221; font_container=&#8221;tag:h2|font_size:38|text_align:left|color:%232a7017&#8243; google_fonts=&#8221;font_family:EB%20Garamond%3Aregular|font_style:400%20regular%3A400%3Anormal&#8221; css_animation=&#8221;fadeInRight&#8221;][vc_row_inner][vc_column_inner][vc_custom_heading text=&#8221;Presen\u00e7a: Mais de 100 irm\u00e3s e 35 leigos.<\/p>\n<p>Apresenta\u00e7\u00e3o:&#8221; font_container=&#8221;tag:h2|font_size:38|text_align:left|color:%232a7017&#8243; google_fonts=&#8221;font_family:Dancing%20Script%3Aregular%2C700|font_style:400%20regular%3A400%3Anormal&#8221;][vc_column_text]<span style=\"color: #008000;\">cada participante partilhou o que mais a fascina na espiritualidade e no carisma de Marie Rivier.&nbsp; Aqui est\u00e3o algumas das respostas:<\/span><\/p>\n<p><span style=\"color: #008000;\">Sentido de oferta, do dom total &#8211; Evangelho aberto &#8211; F\u00e9 &#8211; ora\u00e7\u00e3o &#8211; esp\u00edrito de adora\u00e7\u00e3o &#8211; confian\u00e7a na Provid\u00eancia &#8211; Amor \u00e0 Virgem Maria<\/span><\/p>\n<p><span style=\"color: #008000;\">Zelo &#8211; coragem para ensinar Jesus Cristo &#8211; simplicidade &#8211; humildade &#8211; amor aos pobres&nbsp;Ela vai para al\u00e9m da sua defici\u00eancia &#8211; vamos juntar-nos<\/span>[\/vc_column_text][vc_custom_heading text=&#8221;Palavra de boas-vindas&#8221; font_container=&#8221;tag:h2|font_size:38|text_align:left|color:%232a7017&#8243; google_fonts=&#8221;font_family:Dancing%20Script%3Aregular%2C700|font_style:400%20regular%3A400%3Anormal&#8221;][vc_column_text]<\/p>\n<h3><span style=\"color: #008000;\"><strong>Madre Maria dos Anjos Alves, Superiora Geral<\/strong><\/span><\/h3>\n<p><span style=\"color: #008000;\">Esta \u00e9 a primeira vez na hist\u00f3ria da nossa Congrega\u00e7\u00e3o que estamos juntos: irm\u00e3s e leigos consagrados.&nbsp; Juntos em dire\u00e7\u00e3o ao futuro!&nbsp; Marie Rivier: \u201cardo no desejo de vos ver seguir Jesus Cristo&#8230; Onde quer que estejamos, o Senhor convida-nos a ser a sua presen\u00e7a.&nbsp; \u201cO menor movimento de amor puro \u00e9 mais \u00fatil para a Igreja do que todas as obras juntas. (Teresa de Lisieux) Hoje, o Senhor chama-nos a ser profetas.<\/span>[\/vc_column_text][vc_custom_heading text=&#8221;Interioriza\u00e7\u00e3o&#8221; font_container=&#8221;tag:h2|font_size:38|text_align:left|color:%232a7017&#8243; google_fonts=&#8221;font_family:Dancing%20Script%3Aregular%2C700|font_style:400%20regular%3A400%3Anormal&#8221;][vc_column_text]<\/p>\n<h3><span style=\"color: #008000;\">Caminhai na minha presen\u00e7a&#8230; No caminho de Ema\u00fas<\/span><\/h3>\n<p><span style=\"color: #008000;\">No caminho de Ema\u00fas, Jesus explica as Escrituras, as prova\u00e7\u00f5es dos profetas.&nbsp; O sofrimento dos justos entra na vis\u00e3o misteriosa de Deus.&nbsp; Quando ele morre, nunca esteve t\u00e3o perto de Deus, nunca esteve t\u00e3o perto do homem perdido, nunca Deus teve t\u00e3o pr\u00f3ximo da pessoa humana. (inspirado por \u00c9loi Leclerc, Le Royaume cach\u00e9) O Esp\u00edrito \u00e9-nos dado, podemos amar com um amor infinito.&nbsp; Fermento e Luz para o mundo!<\/span>[\/vc_column_text][vc_custom_heading text=&#8221;Marie Rivier: Apelo \u00e0 santidade&#8221; font_container=&#8221;tag:h2|font_size:38|text_align:left|color:%232a7017&#8243; google_fonts=&#8221;font_family:Dancing%20Script%3Aregular%2C700|font_style:400%20regular%3A400%3Anormal&#8221;][vc_column_text]<\/p>\n<h3><span style=\"color: #008000;\"><strong>Irm\u00e3 Marie May Lausier, p.m.<\/strong><\/span><\/h3>\n<p><span style=\"color: #008000;\">\u00c9 o Esp\u00edrito Santo que santifica.&nbsp; Quem \u00e9 esta mulher que nos chama \u00e0 santidade?<\/span><\/p>\n<p><span style=\"color: #008000;\">Segundo v\u00e1rios autores, Marie Rivier \u00e9: uma grande mission\u00e1ria, uma gigante espiritual, uma carism\u00e1tica, uma profetisa, uma mulher ensinada por Deus, uma chama viva, uma m\u00edstica em constante crescimento no amor.<\/span><\/p>\n<p><span style=\"color: #008000;\">Atrav\u00e9s do nosso batismo, participamos na vida de Cristo. Marie Rivier convida-nos a ser d\u00f3ceis \u00e0 gra\u00e7a.&nbsp; O mist\u00e9rio da virgindade \u00e9 o da uni\u00e3o m\u00edstica, \u00e0 qual todos s\u00e3o chamados de formas diferentes&#8230; (Regra de Vida, C 24)<\/span><\/p>\n<p><span style=\"color: #008000;\">Marie Rivier falou-nos da bondade do Pai como um caminho para a santidade.&nbsp; Devemos refletir a bondade de Deus, como o Bom Pastor.&nbsp; A Eucaristia transforma-nos num outro Cristo: pensemos, falemos e atuemos como o nosso bom Salvador.<\/span>[\/vc_column_text][vc_custom_heading text=&#8221;Voto de Castidade&#8221; font_container=&#8221;tag:h2|font_size:38|text_align:left|color:%232a7017&#8243; google_fonts=&#8221;font_family:Dancing%20Script%3Aregular%2C700|font_style:400%20regular%3A400%3Anormal&#8221;][vc_column_text]<\/p>\n<h3><span style=\"color: #008000;\"><strong>Irm\u00e3 Kelly Connors, canonista<\/strong><\/span><\/h3>\n<p><span style=\"color: #008000;\">A Irm\u00e3 Kelly explicou a diferen\u00e7a entre o voto p\u00fablico, feito pelos religiosos, e o voto privado, feito pela pessoa em seu pr\u00f3prio nome.&nbsp; Os leigos consagrados comprometem-se a viver o voto privado de castidade no celibato.&nbsp; Eles fazem parte da fam\u00edlia espiritual da Apresenta\u00e7\u00e3o de Maria.&nbsp;<\/span>[\/vc_column_text][vc_custom_heading text=&#8221;Palavra final&#8221; font_container=&#8221;tag:h2|font_size:38|text_align:left|color:%232a7017&#8243; google_fonts=&#8221;font_family:Dancing%20Script%3Aregular%2C700|font_style:400%20regular%3A400%3Anormal&#8221;][vc_column_text]<\/p>\n<h3><span style=\"color: #008000;\">Madre Maria dos Anjos Alves, Superiora Geral<\/span><\/h3>\n<p><span style=\"color: #008000;\">Alguns dos seus pensamentos:<\/span><\/p>\n<p><span style=\"color: #008000;\">\u00c9 bom estarmos juntos, partilhar e conhecermo-nos melhor. <strong><em>Jesus Cristo \u00e9 a vossa luz, a vossa for\u00e7a e a vossa alegria.&nbsp; \u00c9 com ele, e por ele que se fareis o bem<\/em><\/strong>.&nbsp; Maria Rivier.<\/span><\/p>\n<p><span style=\"color: #008000;\">Muito obrigada pelos vossos testemunhos, pela vossa alegria, pela vossa esperan\u00e7a!<\/span><\/p>\n<p><span style=\"color: #008000;\">\u00daltimos agradecimentos e sauda\u00e7\u00f5es.&nbsp; Feliz adeus!<\/span><\/p>\n<p>&nbsp;[\/vc_column_text][vc_column_text]<\/p>\n<p>ngg_shortcode_0_placeholder[\/vc_column_text][\/vc_column_inner][\/vc_row_inner][\/vc_column][\/vc_row][vc_row row_space=&#8221;remove_padding_top&#8221;][vc_column][vc_custom_heading text=&#8221;22 de setembro de 2021&#8243; font_container=&#8221;tag:h2|font_size:38|text_align:left|color:%23187000&#8243; google_fonts=&#8221;font_family:EB%20Garamond%3Aregular|font_style:400%20regular%3A400%3Anormal&#8221; css_animation=&#8221;fadeInLeftBig&#8221;][vc_column_text]<span style=\"color: #003300;\"><strong>Presen\u00e7as:<\/strong> Conselho geral, Superiores Prov\u00edncias, Regionais, Coordenadoras, Respons\u00e1veis dos grupos<\/span><\/p>\n<p><span style=\"color: #003300;\"><strong>Num primeiro momento,<\/strong> as participantes foram convidadas a apresentar-se e a dizer o que <strong>as fascina nos Laicado consagrado<\/strong> na Apresenta\u00e7\u00e3o de Maria.&nbsp; Eis alguns exemplos:<\/span><\/p>\n<ul>\n<li><span style=\"color: #003300;\">Viver mais profundamente o seu baptismo<\/span><\/li>\n<li><span style=\"color: #003300;\">Os leigos consagrados s\u00e3o uma voca\u00e7\u00e3o, um apelo do Esp\u00edrito<\/span><\/li>\n<li><span style=\"color: #003300;\">Conhecer cada vez mais Jesus Cristo e Maria RivierPartilhar o carisma de Marie Rivier, um carisma sempre vivo e em crescimento, um dom para a Apresenta\u00e7\u00e3o de Maria e para a Igreja<\/span><\/li>\n<li><span style=\"color: #003300;\">Criar unidade a n\u00edvel humano e espiritual, partilhando em profundidade&#8230;<\/span><\/li>\n<\/ul>\n<p>[\/vc_column_text][vc_custom_heading text=&#8221;Boas-vindas&#8221; font_container=&#8221;tag:h2|font_size:40|text_align:left|color:%23187000&#8243; google_fonts=&#8221;font_family:Dancing%20Script%3Aregular%2C700|font_style:700%20bold%20regular%3A700%3Anormal&#8221;][vc_column_text]<span style=\"color: #003300;\"><strong>Boas-vindas da Madre Maria dos Anjos Alves, Superiora geral<\/strong><\/span><\/p>\n<p><span style=\"color: #003300;\">Jesus est\u00e1 l\u00e1, no cora\u00e7\u00e3o do que vivemos e por isso podemos segui-lo com toda a confian\u00e7a, com os nossos irm\u00e3os e irm\u00e3s&#8230;<\/span><\/p>\n<p><span style=\"color: #003300;\">Marie Rivier \u00e9 toda penetrada da presen\u00e7a de Deus que habita o seu cora\u00e7\u00e3o. No seu cora\u00e7\u00e3o, constr\u00f3i a sua vida, encontra a sua for\u00e7a, a sua alegria.<\/span><\/p>\n<p><span style=\"color: #003300;\">Ela n\u00e3o faz nada sem ELE.&nbsp; Estende-lhe a m\u00e3o constantemente &#8230; \u00e9 o trabalho do cora\u00e7\u00e3o, a ora\u00e7\u00e3o cont\u00ednua.&nbsp; A sua vida em Deus \u00e9 a sua miss\u00e3o.&nbsp;<\/span><\/p>\n<p><span style=\"color: #003300;\">Esta misteriosa realidade de identifica\u00e7\u00e3o com Cristo na vida e na ac\u00e7\u00e3o \u00e9 todo um programa de santidade que Marie Rivier nos oferece.<\/span><\/p>\n<p><span style=\"color: #003300;\">\u00c9 este programa, este testemunho de vida, que devemos transmitir aos leigos consagrados, a fim de os ajudar a acolher e viver estes novos tempos que o Esp\u00edrito Santo nos prepara em Igreja, com os nossos irm\u00e3os e irm\u00e3s em humanidade.<\/span>[\/vc_column_text][vc_custom_heading text=&#8221;Interioriza\u00e7\u00e3o&#8221; font_container=&#8221;tag:h2|font_size:40|text_align:left|color:%23187000&#8243; google_fonts=&#8221;font_family:Dancing%20Script%3Aregular%2C700|font_style:700%20bold%20regular%3A700%3Anormal&#8221;][vc_column_text]<span style=\"color: #003300;\"><strong>Interioriza\u00e7\u00e3o<\/strong> sobre o tema <em>Caminhar na minha presen\u00e7a<\/em>&#8230; no caminho de Ema\u00fas<\/span><\/p>\n<p><span style=\"color: #003300;\">Atrav\u00e9s do seu sofrimento e da sua morte como criminoso, Jesus torna-se pr\u00f3ximo da humanidade perdida e aproxima-a do Pai&#8230; Jesus est\u00e1 perto de n\u00f3s, caminha connosco nas nossas penas, nos nossos sofrimentos e dece\u00e7\u00f5es, enquanto caminhava com os seus disc\u00edpulos no caminho de Ema\u00fas&#8230;<\/span>[\/vc_column_text][vc_custom_heading text=&#8221;Acompanhamento Espiritual&#8221; font_container=&#8221;tag:h2|font_size:40|text_align:left|color:%23187000&#8243; google_fonts=&#8221;font_family:Dancing%20Script%3Aregular%2C700|font_style:700%20bold%20regular%3A700%3Anormal&#8221;][vc_column_text]<span style=\"color: #003300;\"><strong>Reflex\u00e3o sobre o acompanhamento espiritual.<\/strong>&nbsp; Quais s\u00e3o as atitudes do acompanhador espiritual?<\/span><\/p>\n<p><span style=\"color: #003300;\">&nbsp;&nbsp;&nbsp;&nbsp;&nbsp;&nbsp;&nbsp;&nbsp;&nbsp;&nbsp;&nbsp; Generosidade, abertura do cora\u00e7\u00e3o, responsabilidade<\/span><\/p>\n<p><span style=\"color: #003300;\">&nbsp;&nbsp;&nbsp;&nbsp;&nbsp;&nbsp;&nbsp;&nbsp;&nbsp;&nbsp;&nbsp; Acolhimento, escuta, proximidade, compaix\u00e3o<\/span><\/p>\n<p><span style=\"color: #003300;\">&nbsp;&nbsp;&nbsp;&nbsp;&nbsp;&nbsp;&nbsp;&nbsp;&nbsp;&nbsp;&nbsp; Ora\u00e7\u00e3o ao Esp\u00edrito Santo, humildade, mansid\u00e3o, flexibilidade<\/span><\/p>\n<p><span style=\"color: #003300;\">&nbsp;&nbsp;&nbsp;&nbsp;&nbsp;&nbsp;&nbsp;&nbsp;&nbsp;&nbsp;&nbsp; Olhar respeitoso, confian\u00e7a<\/span>[\/vc_column_text][vc_custom_heading text=&#8221;Voto privado de castidade&#8221; font_container=&#8221;tag:h2|font_size:40|text_align:left|color:%23187000&#8243; google_fonts=&#8221;font_family:Dancing%20Script%3Aregular%2C700|font_style:700%20bold%20regular%3A700%3Anormal&#8221;][vc_column_text]<span style=\"color: #003300;\">Com a Irm\u00e3 Kelly Connors, canonista: interc\u00e2mbio sobre o <strong>voto privado de castidade<\/strong> vivido pelos leigos consagrados na fam\u00edlia espiritual da Apresenta\u00e7\u00e3o de Maria.<\/span>[\/vc_column_text][vc_custom_heading text=&#8221;Partilha de experi\u00eancias originais, criativas&#8221; font_container=&#8221;tag:h2|font_size:40|text_align:left|color:%23187000&#8243; google_fonts=&#8221;font_family:Dancing%20Script%3Aregular%2C700|font_style:700%20bold%20regular%3A700%3Anormal&#8221;][vc_column_text]<span style=\"color: #003300;\"><strong>Partilha de experi\u00eancias originais, criativas que nos ajudam a crescer<\/strong><\/span><\/p>\n<ul>\n<li><span style=\"color: #003300;\">&nbsp;&nbsp;&nbsp;&nbsp;&nbsp;&nbsp;&nbsp;&nbsp;&nbsp;&nbsp;&nbsp; Anima\u00e7\u00e3o feita pelos membros cada um por sua vez<\/span><\/li>\n<li><span style=\"color: #003300;\">&nbsp;&nbsp;&nbsp;&nbsp;&nbsp;&nbsp;&nbsp;&nbsp;&nbsp;&nbsp;&nbsp; Forma\u00e7\u00e3o das pessoas interessadas na vida consagrada<\/span><\/li>\n<li><span style=\"color: #003300;\">&nbsp;&nbsp;&nbsp;&nbsp;&nbsp;&nbsp;&nbsp;&nbsp;&nbsp;&nbsp;&nbsp; Lectio divina gravada e transmitida na r\u00e1dio<\/span><\/li>\n<li><span style=\"color: #003300;\">&nbsp; &nbsp; &nbsp; &nbsp; &nbsp; &nbsp; &nbsp;Abertura, crescimento, cria\u00e7\u00e3o de unidade no grupo, equil\u00edbrio entre seriedade e descanso<\/span><\/li>\n<li><span style=\"color: #003300;\">&nbsp;&nbsp;&nbsp;&nbsp;&nbsp;&nbsp;&nbsp;&nbsp;&nbsp;&nbsp;&nbsp; Partilhar a f\u00e9 na fam\u00edlia, ros\u00e1rio, comunicar as alegrias e os sofrimentos<\/span><\/li>\n<\/ul>\n<p>[\/vc_column_text][vc_row_inner][vc_column_inner width=&#8221;1\/6&#8243;][\/vc_column_inner][vc_column_inner width=&#8221;2\/3&#8243;][vc_custom_heading text=&#8221;Galeria de fotos&#8221; font_container=&#8221;tag:h2|font_size:40|text_align:left|color:%23187000&#8243; google_fonts=&#8221;font_family:Dancing%20Script%3Aregular%2C700|font_style:400%20regular%3A400%3Anormal&#8221;][vc_column_text]<\/p>\n<p>ngg_shortcode_1_placeholder[\/vc_column_text][\/vc_column_inner][vc_column_inner width=&#8221;1\/6&#8243;][\/vc_column_inner][\/vc_row_inner][\/vc_column][\/vc_row]<\/p>\n<\/div>","protected":false},"excerpt":{"rendered":"<p>[vc_row row_space=&#8221;remove_padding_bottom&#8221;][vc_column][vc_custom_heading text=&#8221;OS LEIGOS CONSAGRADOS&#8221; font_container=&#8221;tag:h2|font_size:50|text_align:center|color:%23187000&#8243; google_fonts=&#8221;font_family:EB%20Garamond%3Aregular|font_style:400%20regular%3A400%3Anormal&#8221;][vc_empty_space height=&#8221;40px&#8221;][vc_custom_heading text=&#8221;Anda na minha presen\u00e7a&#8221; font_container=&#8221;tag:h2|font_size:85|text_align:center|color:%23a87a0f&#8221; google_fonts=&#8221;font_family:Euphoria%20Script%3Aregular|font_style:400%20regular%3A400%3Anormal&#8221;][vc_row_inner][vc_column_inner width=&#8221;1\/6&#8243;][\/vc_column_inner][vc_column_inner width=&#8221;2\/3&#8243;][vc_column_text] (photo credit:Internet)[\/vc_column_text][\/vc_column_inner][vc_column_inner width=&#8221;1\/6&#8243;][\/vc_column_inner][\/vc_row_inner][\/vc_column][\/vc_row][vc_row][vc_column][vc_custom_heading text=&#8221;24 de setembro&#8221; font_container=&#8221;tag:h2|font_size:38|text_align:left|color:%232a7017&#8243; google_fonts=&#8221;font_family:EB%20Garamond%3Aregular|font_style:400%20regular%3A400%3Anormal&#8221; css_animation=&#8221;fadeInRight&#8221;][vc_row_inner][vc_column_inner][vc_custom_heading text=&#8221;Presen\u00e7a: Mais de 100 irm\u00e3s e 35 leigos. Apresenta\u00e7\u00e3o:&#8221; font_container=&#8221;tag:h2|font_size:38|text_align:left|color:%232a7017&#8243; google_fonts=&#8221;font_family:Dancing%20Script%3Aregular%2C700|font_style:400%20regular%3A400%3Anormal&#8221;][vc_column_text]cada participante partilhou o que mais a fascina na espiritualidade e no carisma de Marie Rivier.&nbsp; Aqui est\u00e3o algumas das [&hellip;]<\/p>\n","protected":false},"author":6,"featured_media":0,"parent":0,"menu_order":0,"comment_status":"closed","ping_status":"closed","template":"","meta":{"ngg_post_thumbnail":0,"footnotes":""},"lang":"pt","translations":{"pt":23918},"pll_sync_post":[],"_links":{"self":[{"href":"https:\/\/soeurs-de-la-presentation-de-marie.org\/pom\/wp-json\/wp\/v2\/pages\/23918"}],"collection":[{"href":"https:\/\/soeurs-de-la-presentation-de-marie.org\/pom\/wp-json\/wp\/v2\/pages"}],"about":[{"href":"https:\/\/soeurs-de-la-presentation-de-marie.org\/pom\/wp-json\/wp\/v2\/types\/page"}],"author":[{"embeddable":true,"href":"https:\/\/soeurs-de-la-presentation-de-marie.org\/pom\/wp-json\/wp\/v2\/users\/6"}],"replies":[{"embeddable":true,"href":"https:\/\/soeurs-de-la-presentation-de-marie.org\/pom\/wp-json\/wp\/v2\/comments?post=23918"}],"version-history":[{"count":11,"href":"https:\/\/soeurs-de-la-presentation-de-marie.org\/pom\/wp-json\/wp\/v2\/pages\/23918\/revisions"}],"predecessor-version":[{"id":23999,"href":"https:\/\/soeurs-de-la-presentation-de-marie.org\/pom\/wp-json\/wp\/v2\/pages\/23918\/revisions\/23999"}],"wp:attachment":[{"href":"https:\/\/soeurs-de-la-presentation-de-marie.org\/pom\/wp-json\/wp\/v2\/media?parent=23918"}],"curies":[{"name":"wp","href":"https:\/\/api.w.org\/{rel}","templated":true}]}}