{"id":24059,"date":"2021-10-04T20:40:05","date_gmt":"2021-10-04T18:40:05","guid":{"rendered":"https:\/\/soeurs-de-la-presentation-de-marie.org\/pom\/?page_id=24059"},"modified":"2021-10-19T14:59:26","modified_gmt":"2021-10-19T12:59:26","slug":"rencontre-interprovinciale-2021","status":"publish","type":"page","link":"https:\/\/soeurs-de-la-presentation-de-marie.org\/pom\/rencontre-interprovinciale-2021\/","title":{"rendered":"RENCONTRE INTERPROVINCIALE 2021"},"content":{"rendered":"<div class=\"wpb-content-wrapper\"><p>[vc_row row_space=&#8221;remove_padding_top&#8221;][vc_column][vc_custom_heading text=&#8221;ENSEMBLE&#8230;&#8221; font_container=&#8221;tag:h2|font_size:70|text_align:center|color:%23009ba0&#8243; google_fonts=&#8221;font_family:Bilbo%3Aregular|font_style:400%20regular%3A400%3Anormal&#8221;][vc_custom_heading text=&#8221;vers l&#8217;avenir !&#8221; font_container=&#8221;tag:h2|font_size:66|text_align:center|color:%23009ba0&#8243; google_fonts=&#8221;font_family:Bilbo%20Swash%20Caps%3Aregular|font_style:400%20regular%3A400%3Anormal&#8221;][vc_custom_heading text=&#8221;Le futur a un nom&#8230; il s&#8217;appelle ESPOIR.<br \/>\n&#8211; Pape Fran\u00e7ois -&#8221; font_container=&#8221;tag:h2|font_size:45|text_align:center|color:%23006bb2&#8243; google_fonts=&#8221;font_family:Bilbo%3Aregular|font_style:400%20regular%3A400%3Anormal&#8221;][vc_separator color=&#8221;turquoise&#8221; style=&#8221;shadow&#8221; border_width=&#8221;2&#8243; el_width=&#8221;70&#8243;][vc_row_inner][vc_column_inner][\/vc_column_inner][\/vc_row_inner][\/vc_column][\/vc_row][vc_row row_space=&#8221;remove_padding_top&#8221;][vc_column][vc_custom_heading text=&#8221;Deuxi\u00e8me semaine&#8221; font_container=&#8221;tag:h2|font_size:50|text_align:center|color:%23009ab0&#8243; google_fonts=&#8221;font_family:Bilbo%3Aregular|font_style:400%20regular%3A400%3Anormal&#8221; css_animation=&#8221;none&#8221;][vc_row_inner][vc_column_inner][vc_empty_space height=&#8221;45px&#8221;][vc_custom_heading text=&#8221;11 octobre De l\u2019internationalit\u00e9 \u00e0 l&#8217;interculturalit\u00e9&#8221; font_container=&#8221;tag:h2|font_size:44|text_align:left|color:%23009ab0&#8243; google_fonts=&#8221;font_family:Bilbo%3Aregular|font_style:400%20regular%3A400%3Anormal&#8221; css_animation=&#8221;none&#8221;][vc_column_text]<span style=\"color: #008080;\"><strong><em>DE L\u2019INTERNATIONALIT\u00c9 \u00c0 L\u2019INTERCULTURALIT\u00c9<\/em><\/strong><\/span><\/p>\n<p><span style=\"color: #008080;\">P. Tim Norton, SVD<\/span><\/p>\n<p><span style=\"color: #008080;\"><strong>Pri\u00e8re&nbsp;: appel \u00e0 l\u2019Esprit Saint.<\/strong><\/span><\/p>\n<p><span style=\"color: #008080;\">Chaque nation a une culture propre.&nbsp; Nous pensons que la n\u00f4tre est la meilleure.&nbsp; Certains \u00e9l\u00e9ments sont communs.&nbsp; Il n\u2019y a pas de culture parfaite?&nbsp; Tous faits \u00e0 l\u2019image de Dieu, mais le p\u00e9ch\u00e9 est pr\u00e9sent.&nbsp; Conversion n\u00e9cessaire.&nbsp; Nous devons poser un regard critique sur notre propre culture. La vie interculturelle n\u2019est pas naturelle, il faut un engagement intentionnel, volontaire.<\/span><\/p>\n<p><span style=\"color: #008080;\">J\u00e9sus a v\u00e9cu l\u2019interculturalit\u00e9, il a pass\u00e9 du temps avec marginalis\u00e9s, p\u00e9cheurs, femmes \u2013 communion de table.&nbsp; Pierre a d\u00fb aussi d\u00e9passer sa culture, par exemple en allant chez Corneille, centurion romain.<\/span><\/p>\n<p><span style=\"color: #008080;\">Nous avons partag\u00e9 des exp\u00e9riences interculturelles et nomm\u00e9 des d\u00e9fis que cela occasionne.&nbsp; Nous avons r\u00e9fl\u00e9chi sur des valeurs spirituelles reli\u00e9es \u00e0 l\u2019interculturalit\u00e9.<\/span><\/p>\n<p><span style=\"color: #008080;\">Les jeunes sont ouverts \u00e0 la diversit\u00e9; ils ont aussi leurs limites.<\/span><\/p>\n<p><span style=\"color: #008080;\">Les leaders sont appel\u00e9s \u00e0 \u00e9couter de fa\u00e7on cr\u00e9ative, comprendre la nouveaut\u00e9, t\u00e9moigner du possible, se r\u00e9jouir de ce qui est diff\u00e9rent, reconna\u00eetre les dons de tous.<\/span><\/p>\n<p><span style=\"color: #008080;\">Nous sommes appel\u00e9e \u00e0 \u00e9voluer, nous sommes les artisans du changement culturel.<\/span>[\/vc_column_text][\/vc_column_inner][\/vc_row_inner][\/vc_column][\/vc_row][vc_row row_space=&#8221;remove_padding_top&#8221;][vc_column][vc_custom_heading text=&#8221;13 octobre<br \/>\nL\u2019Exp\u00e9rience transformatrice \/ \u00c9laboration du protocole des abus sexuels, abus de pouvoir&nbsp;&#8221; font_container=&#8221;tag:h2|font_size:45|text_align:left|color:%23009ab0&#8243; google_fonts=&#8221;font_family:Bilbo%3Aregular|font_style:400%20regular%3A400%3Anormal&#8221;][vc_row_inner][vc_column_inner][vc_column_text]<span style=\"color: #008080;\">La Province du S\u00e9n\u00e9gal&nbsp;a pr\u00e9par\u00e9 <strong>la pri\u00e8re<\/strong> : <em>Ce que nous avons vu et entendu, nous vous l\u2019annon\u00e7ons<\/em><\/span><\/p>\n<p><span style=\"color: #008080;\"><strong><em>L\u2019EXP\u00c9RIENCE TRANSFORMATRICE<\/em><\/strong>, avec Sr Marian Murcia, SFB<\/span><\/p>\n<p><span style=\"color: #008080;\">Cette approche est un instrument de discernement, une fa\u00e7on de regarder la r\u00e9alit\u00e9 \u00e0 partir de quatre domaines d\u2019exp\u00e9rience : l\u2019exp\u00e9rience d\u2019\u00eatre une personne, l\u2019exp\u00e9rience d\u2019\u00eatre dans un contexte, l\u2019exp\u00e9rience de faire partie d\u2019un syst\u00e8me, l\u2019exp\u00e9rience du Dieu vivant.<\/span><\/p>\n<p><span style=\"color: #008080;\">Nous sommes amen\u00e9es \u00e0 nous demander comment nous nous situons en tant que membres de conseils.&nbsp; Cette d\u00e9marche nous ouvre des portes et favorise la connaissance mutuelle.<\/span><\/p>\n<p>&nbsp;<\/p>\n<h4><span style=\"color: #008080;\"><strong><em>\u00c9laboration du protocole des abus sexuels, abus de pouvoir<\/em><\/strong>&nbsp;<\/span><\/h4>\n<h4><span style=\"color: #008080;\">Sr Kelly Connors, canoniste<\/span><\/h4>\n<p><span style=\"color: #008080;\">Comme principe de base&nbsp;: il est n\u00e9cessaire d\u2019assurer la s\u00e9curit\u00e9 des enfants, des personnes vuln\u00e9rables et de favoriser des environnements s\u00fbrs.&nbsp; Pour les instituts religieux, il est n\u00e9cessaire aussi d\u2019avoir une politique \u00e9crite qui donne des directives claires sur la meilleure fa\u00e7on d\u2019assurer la s\u00e9curit\u00e9 et de r\u00e9agir en cas de probl\u00e8me.&nbsp; \u00c9tablir un \u00e9nonc\u00e9 riche qui contient nos valeurs, ce que nous attendons des personnes qui partagent notre minist\u00e8re.&nbsp; Ce que nous faisons enseigne aux autres.&nbsp; Avoir un comportement \u00e0 l\u2019image de J\u00e9sus.<\/span>[\/vc_column_text][\/vc_column_inner][\/vc_row_inner][vc_custom_heading text=&#8221;15 octobre&#8221; font_container=&#8221;tag:h2|font_size:44|text_align:left|color:%23009ab0&#8243; google_fonts=&#8221;font_family:Bilbo%3Aregular|font_style:400%20regular%3A400%3Anormal&#8221;][vc_row_inner][vc_column_inner][vc_column_text]<span style=\"color: #008080;\"><strong>La pri\u00e8re initiale<\/strong> est pr\u00e9par\u00e9e par la Province du Qu\u00e9bec, avec des paroles de <em>Sainte Th\u00e9r\u00e8se d\u2019Avila.<\/em><\/span><\/p>\n<p>&nbsp;<\/p>\n<h3><span style=\"color: #008080;\">La pr\u00e9paration du chapitre provincial\/r\u00e9gional<\/span><\/h3>\n<p><span style=\"color: #008080;\">S\u0153ur Claudette Casavant nous parles de <strong>la pr\u00e9paration du Chapitre provincial\/r\u00e9gional<\/strong> et des modalit\u00e9s de participation, D 81<strong>.&nbsp; <\/strong>S\u0153ur Louise Beno\u00eet explique ce que sont les <strong>propositions et les souhaits <\/strong>\u00e0 envoyer au Chapitre g\u00e9n\u00e9ral.<\/span><\/p>\n<p>&nbsp;<\/p>\n<h3><span style=\"color: #008080;\"><strong>L&#8217;esprit d\u2019un Chapitre&nbsp;<\/strong><\/span><\/h3>\n<p><span style=\"color: #008080;\">M\u00e8re Maria dos Anjos Alves nous entretient sur <strong>l\u2019esprit d\u2019un Chapitre<\/strong>.&nbsp; C\u2019est essentiellement la recherche de la volont\u00e9 de Dieu, un moment privil\u00e9gi\u00e9 d\u2019\u00e9coute de l\u2019Esprit.&nbsp; Les participantes doivent avoir une bonne connaissance de notre charisme, de la vie religieuse \u00e0 la Pr\u00e9sentation de Marie.&nbsp; Nous cherchons ensemble les orientations pour le bien du corps, la croissance de la mission et le d\u00e9veloppement du Royaume de Dieu. La congr\u00e9gation existe pour la mission. Un Chapitre a toujours un go\u00fbt de Pentec\u00f4te, c\u2019est un moment pour aimer le monde.<\/span><\/p>\n<p>&nbsp;<\/p>\n<h3><span style=\"color: #008080;\"><strong>Le th\u00e8me du Chapitre g\u00e9n\u00e9ral<\/strong> <\/span><\/h3>\n<p><span style=\"color: #008080;\">M\u00e8re Maria dos Anjos anime un partage sur les suggestions pour <strong>le th\u00e8me du Chapitre g\u00e9n\u00e9ral<\/strong> et ce qui est retenu par ce groupe francophone.<\/span><\/p>\n<p>&nbsp;<\/p>\n<h3><span style=\"color: #008080;\"><strong>Pastorale des jeunes et des vocations<\/strong><\/span><\/h3>\n<p><span style=\"color: #008080;\">S\u0153ur Charito Gorgonio, au nom du Comit\u00e9 de la <strong><em>Pastorale des jeunes et des vocations<\/em><\/strong>, pr\u00e9sente un r\u00e9sum\u00e9 de la rencontre par visioconf\u00e9rence qui a eu lieu du 8 au 14 juillet 2021, sous le th\u00e8me : <em>eux, aussit\u00f4t le suivirent<\/em>.&nbsp; Il y eut des invit\u00e9s de marque avec le Cardinal Tagle qui a soulign\u00e9 l\u2019importance de marcher avec les jeunes et de les comprendre.&nbsp; &nbsp;&nbsp;&nbsp;&nbsp;&nbsp;&nbsp;&nbsp;&nbsp;&nbsp; S\u0153ur Nathalie B\u00e9quart, de son c\u00f4t\u00e9 a parl\u00e9 avec conviction de la pastorale des jeunes selon l\u2019esprit synodal.&nbsp; Pour finir, nous avons eu droit \u00e0 un p\u00e8lerinage virtuel \u00e0 Fatima.&nbsp; Les jeunes ont partag\u00e9 d\u2019excellentes suggestions. &nbsp;<\/span><\/p>\n<p>&nbsp;<\/p>\n<h3><span style=\"color: #008080;\"><strong>La\u00efcs consacr\u00e9<\/strong><\/span><\/h3>\n<p><span style=\"color: #008080;\">S\u0153ur Louise Beno\u00eet, au nom du Comit\u00e9 responsable des <strong><em>La\u00efcs consacr\u00e9s<\/em><\/strong>, r\u00e9sume aussi les deux rencontres du 22 et 24 septembre, par zoom.&nbsp; Il y eut de riches partages sur le charisme de Marie Rivier, l\u2019accompagnement spirituel, l\u2019appel \u00e0 la saintet\u00e9 selon Marie Rivier avec s\u0153ur Marie May Lausier.&nbsp; La large participation a d\u00e9montr\u00e9 l\u2019int\u00e9r\u00eat des s\u0153urs et invite \u00e0 d\u2019autres rencontres.<\/span><\/p>\n<p>&nbsp;<\/p>\n<h3><span style=\"color: #008080;\"><strong>Fonds de compassion \/ formation continue en lign<\/strong><\/span><\/h3>\n<p><span style=\"color: #008080;\">S\u0153ur Ginette Badiane parle de nouveau du <strong><em>Fonds de compassion<\/em><\/strong> qui se veut un fonds de proximit\u00e9 selon la r\u00e9alit\u00e9 concr\u00e8te de chaque province, r\u00e9gion, mission.&nbsp; S\u0153ur Ginette pr\u00e9sente aussi le projet de <strong>formation continue en ligne<\/strong>.&nbsp; Les s\u0153urs \u00e9taient invit\u00e9es \u00e0 donner des suggestions.<\/span>[\/vc_column_text][\/vc_column_inner][\/vc_row_inner][vc_custom_heading text=&#8221;16 octobre 2021&#8243; font_container=&#8221;tag:h2|font_size:44|text_align:left|color:%23009ab0&#8243; google_fonts=&#8221;font_family:Bilbo%3Aregular|font_style:400%20regular%3A400%3Anormal&#8221;][vc_column_text]<span style=\"color: #008080;\">Apr\u00e8s la <strong>pri\u00e8re initiale<\/strong> anim\u00e9e par le Cameroun, M\u00e8re Maria dos Anjos encha\u00eene avec la <strong>Communaut\u00e9 internationale\/interculturelle<\/strong>.&nbsp; Trois s\u0153urs sont d\u00e9j\u00e0 nomm\u00e9es et se sont rencontr\u00e9es en ligne avec M\u00e8re g\u00e9n\u00e9rale.&nbsp; Elles ont h\u00e2te de commencer leur aventure.<\/span><\/p>\n<p><span style=\"color: #008080;\"><strong>Noviciat interculturel<\/strong><\/span><\/p>\n<p><span style=\"color: #008080;\">S\u0153ur Ginette nous parle des petits pas d\u00e9j\u00e0 faits pour le <strong>Noviciat interculturel<\/strong>.&nbsp; Nous sommes encourag\u00e9es \u00e0 aller de l\u2019avant avec audace.<\/span><\/p>\n<p>&nbsp;<\/p>\n<p><span style=\"color: #008080;\">Nous faisons une cueillette des <strong>d\u00e9fis pour l\u2019avenir<\/strong>, d\u00e9fis qui furent not\u00e9s tout au long de ces journ\u00e9es de partage.<\/span><\/p>\n<p><span style=\"color: #008080;\">M\u00e8re Maria dos Anjos livre le <strong>message final&nbsp;<\/strong>: <em>Ensemble vers l\u2019avenir! Je rends gr\u00e2ce.<\/em>&nbsp; Je remercie chacune pour son ouverture \u00e0 l\u2019Esprit Saint.&nbsp; Faire synode : marcher sur la m\u00eame route ensemble.&nbsp;<\/span><\/p>\n<p><span style=\"color: #008080;\">En route vers nos Chapitres.&nbsp; Chercher ensemble ce que le Seigneur veut pour nous.&nbsp; Restons attentives aux signes des temps.&nbsp; La conversion est gr\u00e2ce \u00e0 demander \u00e0 Dieu comme un don.&nbsp; Le Semeur est sorti pour semer\u2026&nbsp; la vie consacr\u00e9e existe pour semer.&nbsp; Semer dans nos c\u0153urs, autour de nous : paix, mis\u00e9ricorde, joie, simplicit\u00e9. Dans la pr\u00e9paration de nos Chapitres, impliquons toutes nos s\u0153urs, la famille spirituelle de la PM.&nbsp; La synodalit\u00e9 est dynamisme pour avancer.<\/span><\/p>\n<p>&nbsp;<\/p>\n<h3><span style=\"color: #008080;\">Pri\u00e8re finale<\/span><\/h3>\n<p><span style=\"color: #008080;\">S\u0153ur Ginette fait la pri\u00e8re finale en Power Point sur La parabole du bon Samaritain. <strong><em>Va, et toi aussi, fais de m\u00eame.<\/em><\/strong> &nbsp;Les s\u0153urs sont invit\u00e9es \u00e0 nommer ce qui r\u00e9sonne au fond d\u2019elles-m\u00eames \u00e0 la fin de cette session&nbsp;: conversion, gratitude, esp\u00e9rance, communion, ouverture, ensemble\u2026et nous terminons par une pri\u00e8re&nbsp;: <strong>Seigneur, conduis-nous aupr\u00e8s de Marie.<\/strong><\/span><\/p>\n<p><span style=\"color: #008080;\"><strong>Remerciements<\/strong> de s\u0153ur Ang\u00e8le Dion au nom des participantes.<\/span><\/p>\n<p>&nbsp;[\/vc_column_text][\/vc_column][\/vc_row][vc_row row_space=&#8221;remove_padding_top&#8221;][vc_column][vc_row_inner][vc_column_inner][\/vc_column_inner][\/vc_row_inner][\/vc_column][\/vc_row][vc_row row_space=&#8221;remove_padding_top&#8221;][vc_column][vc_custom_heading text=&#8221;Premi\u00e8re semaine&#8221; font_container=&#8221;tag:h2|font_size:50|text_align:center|color:%23009ab0&#8243; google_fonts=&#8221;font_family:Bilbo%3Aregular|font_style:400%20regular%3A400%3Anormal&#8221;][vc_custom_heading text=&#8221;4 octobre&#8221; font_container=&#8221;tag:h2|font_size:46|text_align:left|color:%230079ad&#8221; google_fonts=&#8221;font_family:Bilbo%3Aregular|font_style:400%20regular%3A400%3Anormal&#8221; css_animation=&#8221;zoomIn&#8221;][vc_column_text]<span style=\"color: #008080;\"><strong>La session<\/strong>&nbsp;a commenc\u00e9 par une pr\u00e9sentation vid\u00e9o de tous les membres de l\u2019\u00e9quipe de l\u2019administration provinciale, r\u00e9gionale et mission. Les participantes pour le groupe francophone sont des provinces de France, du Qu\u00e9bec, du S\u00e9n\u00e9gal et de la Mission du Cameroun. Chacune a eu l\u2019occasion de souhaiter virtuellement \u00e0 toutes de fructueuses journ\u00e9es de travail \u00e0 venir. Elle a \u00e9t\u00e9 imm\u00e9diatement suivie par une pri\u00e8re d\u2019ouverture sur le th\u00e8me : Ensemble vers l\u2019avenir.&nbsp;<a href=\"https:\/\/soeurs-de-la-presentation-de-marie.org\/pom\/wp-content\/uploads\/2021\/10\/FINAL_ENSEMBLE_FRENCH-1.pdf\">Voir le pri\u00e8re en format PDF<\/a><\/span><\/p>\n<p><span style=\"color: #008080;\">L\u2019ordre du jour de la journ\u00e9e a suivi. M\u00e8re Maria dos Anjos avait donn\u00e9 l\u2019introduction \u00e0 cette r\u00e9union.<\/span><\/p>\n<p><span style=\"color: #008080;\"><img loading=\"lazy\" decoding=\"async\" class=\"alignleft wp-image-24074\" src=\"https:\/\/soeurs-de-la-presentation-de-marie.org\/pom\/wp-content\/uploads\/2021\/10\/S-Hortencia.png\" alt=\"\" width=\"375\" height=\"211\"><\/span><\/p>\n<p>&nbsp;<\/p>\n<p><span style=\"color: #008080;\">S Hort\u00eancia Ubisse, membre de conseil g\u00e9n\u00e9ral a donn\u00e9 un entretien sur l\u2019\u00e9cologie int\u00e9grale \u00e0 partir de Laudato Si. Le partage a apport\u00e9 un nouvel \u00e9clairage sur notre vie personnelle et communautaire.<\/span><\/p>\n<p><span style=\"color: #008080;\">La premi\u00e8re session se termine par un aurevoir joyeux !<\/span>[\/vc_column_text][vc_row_inner][vc_column_inner][vc_empty_space height=&#8221;50px&#8221;][\/vc_column_inner][\/vc_row_inner][vc_row_inner][vc_column_inner width=&#8221;1\/2&#8243;][vc_video link=&#8221;https:\/\/youtu.be\/Iv7bhgKC96U&#8221;][\/vc_column_inner][vc_column_inner width=&#8221;1\/2&#8243;][vc_video link=&#8221;https:\/\/youtu.be\/B_1NkHmERVU&#8221;][\/vc_column_inner][\/vc_row_inner][\/vc_column][\/vc_row][vc_row row_space=&#8221;remove_padding_top&#8221;][vc_column][vc_custom_heading text=&#8221;06 octobre&#8221; font_container=&#8221;tag:h2|font_size:46|text_align:left|color:%23007aad&#8221; google_fonts=&#8221;font_family:Bilbo%3Aregular|font_style:400%20regular%3A400%3Anormal&#8221; css_animation=&#8221;appear&#8221;][vc_column_text]<span style=\"color: #008080;\">Apr\u00e8s la pri\u00e8re du Notre P\u00e8re anim\u00e9e par s\u0153ur Louise Beno\u00eet, s\u0153ur Claudette Casavant nous fait entrer dans le th\u00e8me <em>L\u2019\u00e9conomie au service du charisme et de la mission,<\/em> tr\u00e8s beau document de la Congr\u00e9gation pour les Instituts de Vie consacr\u00e9e et les Soci\u00e9t\u00e9s de Vie apostolique paru en 2018.&nbsp; Elle fait un r\u00e9sum\u00e9 qui avive en nous le d\u00e9sir d\u2019y revenir.&nbsp; Elle nous pr\u00e9sente aussi un extrait d\u2019un discours du Pape Fran\u00e7ois sur le th\u00e8me <em>repenser l\u2019\u00e9conomie<\/em>.&nbsp; Les partages en groupes sont non seulement enrichissants sur le plan th\u00e9orique, mais peuvent aussi d\u00e9clencher des gestes concrets.&nbsp; En troisi\u00e8me lieu, Madame Jocelyne Desloges nous donne de pr\u00e9cieuses informations concernant le Fonds Pontanier.<\/span>[\/vc_column_text][\/vc_column][\/vc_row][vc_row][vc_column][vc_custom_heading text=&#8221;8 octobre&#8221; font_container=&#8221;tag:h2|font_size:46|text_align:left|color:%23007aad&#8221; google_fonts=&#8221;font_family:Bilbo%3Aregular|font_style:400%20regular%3A400%3Anormal&#8221; css_animation=&#8221;appear&#8221;][vc_row_inner][vc_column_inner][vc_column_text]<span style=\"color: #008080;\">La journ\u00e9e commence par une pri\u00e8re pour le synode pr\u00e9par\u00e9e par la Province de France.<\/span><\/p>\n<p><span style=\"color: #008080;\"><strong><em>LA SYNODALIT\u00c9 ET LA VIE CONSACR\u00c9E<\/em><\/strong><strong>, <\/strong>avec s\u0153ur Jolanta Kafka, Pr\u00e9sidente de l\u2019UISG<em>.<\/em><\/span><\/p>\n<p><span style=\"color: #008080;\">Le th\u00e8me du Synode&nbsp;: Pour une \u00c9glise synodale : communion, participation et mission.&nbsp;<\/span><\/p>\n<p><span style=\"color: #008080;\">L\u2019objectif : Communion missionnaire, dynamique, maturit\u00e9 des m\u00e9canismes participatifs, dialogue, \u00e9couter tout le monde.<\/span><\/p>\n<p><span style=\"color: #008080;\">Cheminement dans la foi, portant l\u2019histoire du salut.<\/span><\/p>\n<p><span style=\"color: #008080;\">\u00c9glise : communion, r\u00e9alit\u00e9 et sacrement.&nbsp; R\u00e9alit\u00e9 qui va au-del\u00e0 de ce que nous voyons, r\u00e9alit\u00e9 dynamique qui implique une participation de tous, une communion en marche.<\/span><\/p>\n<p><span style=\"color: #008080;\"><strong>Qu\u2019est-ce qui est attendu de nous?<\/strong><\/span><\/p>\n<p><span style=\"color: #008080;\">Les Chapitres g\u00e9n\u00e9raux sont des structures de discernement, de participation d\u00e9mocratique.<\/span><\/p>\n<p><span style=\"color: #008080;\"><strong>Quelle est notre contribution, quelles sont nos pratiques synodales?<\/strong><\/span><\/p>\n<p><span style=\"color: #008080;\">Mettons-nous ensemble, \u00e9coute, communion, dialogue, transparence et v\u00e9rit\u00e9, projet commun, engagement dans l\u2019humanisme, qualit\u00e9 de t\u00e9moignage, vivre l\u2019esprit int\u00e9rieur.&nbsp; Montrer J\u00e9sus par toute notre vie, vie simple, proximit\u00e9 et \u00e9coute des pauvres, des exclus.<\/span>[\/vc_column_text][\/vc_column_inner][\/vc_row_inner][\/vc_column][\/vc_row]<\/p>\n<\/div>","protected":false},"excerpt":{"rendered":"<p>[vc_row row_space=&#8221;remove_padding_top&#8221;][vc_column][vc_custom_heading text=&#8221;ENSEMBLE&#8230;&#8221; font_container=&#8221;tag:h2|font_size:70|text_align:center|color:%23009ba0&#8243; google_fonts=&#8221;font_family:Bilbo%3Aregular|font_style:400%20regular%3A400%3Anormal&#8221;][vc_custom_heading text=&#8221;vers l&#8217;avenir !&#8221; font_container=&#8221;tag:h2|font_size:66|text_align:center|color:%23009ba0&#8243; google_fonts=&#8221;font_family:Bilbo%20Swash%20Caps%3Aregular|font_style:400%20regular%3A400%3Anormal&#8221;][vc_custom_heading text=&#8221;Le futur a un nom&#8230; il s&#8217;appelle ESPOIR. &#8211; Pape Fran\u00e7ois -&#8221; font_container=&#8221;tag:h2|font_size:45|text_align:center|color:%23006bb2&#8243; google_fonts=&#8221;font_family:Bilbo%3Aregular|font_style:400%20regular%3A400%3Anormal&#8221;][vc_separator color=&#8221;turquoise&#8221; style=&#8221;shadow&#8221; border_width=&#8221;2&#8243; el_width=&#8221;70&#8243;][vc_row_inner][vc_column_inner][\/vc_column_inner][\/vc_row_inner][\/vc_column][\/vc_row][vc_row row_space=&#8221;remove_padding_top&#8221;][vc_column][vc_custom_heading text=&#8221;Deuxi\u00e8me semaine&#8221; font_container=&#8221;tag:h2|font_size:50|text_align:center|color:%23009ab0&#8243; google_fonts=&#8221;font_family:Bilbo%3Aregular|font_style:400%20regular%3A400%3Anormal&#8221; css_animation=&#8221;none&#8221;][vc_row_inner][vc_column_inner][vc_empty_space height=&#8221;45px&#8221;][vc_custom_heading text=&#8221;11 octobre De l\u2019internationalit\u00e9 \u00e0 l&#8217;interculturalit\u00e9&#8221; font_container=&#8221;tag:h2|font_size:44|text_align:left|color:%23009ab0&#8243; google_fonts=&#8221;font_family:Bilbo%3Aregular|font_style:400%20regular%3A400%3Anormal&#8221; css_animation=&#8221;none&#8221;][vc_column_text]DE L\u2019INTERNATIONALIT\u00c9 \u00c0 L\u2019INTERCULTURALIT\u00c9 P. Tim Norton, SVD Pri\u00e8re&nbsp;: appel \u00e0 l\u2019Esprit [&hellip;]<\/p>\n","protected":false},"author":6,"featured_media":0,"parent":0,"menu_order":0,"comment_status":"closed","ping_status":"closed","template":"","meta":{"ngg_post_thumbnail":0,"footnotes":""},"lang":"fr","translations":{"fr":24059},"pll_sync_post":[],"_links":{"self":[{"href":"https:\/\/soeurs-de-la-presentation-de-marie.org\/pom\/wp-json\/wp\/v2\/pages\/24059"}],"collection":[{"href":"https:\/\/soeurs-de-la-presentation-de-marie.org\/pom\/wp-json\/wp\/v2\/pages"}],"about":[{"href":"https:\/\/soeurs-de-la-presentation-de-marie.org\/pom\/wp-json\/wp\/v2\/types\/page"}],"author":[{"embeddable":true,"href":"https:\/\/soeurs-de-la-presentation-de-marie.org\/pom\/wp-json\/wp\/v2\/users\/6"}],"replies":[{"embeddable":true,"href":"https:\/\/soeurs-de-la-presentation-de-marie.org\/pom\/wp-json\/wp\/v2\/comments?post=24059"}],"version-history":[{"count":30,"href":"https:\/\/soeurs-de-la-presentation-de-marie.org\/pom\/wp-json\/wp\/v2\/pages\/24059\/revisions"}],"predecessor-version":[{"id":24247,"href":"https:\/\/soeurs-de-la-presentation-de-marie.org\/pom\/wp-json\/wp\/v2\/pages\/24059\/revisions\/24247"}],"wp:attachment":[{"href":"https:\/\/soeurs-de-la-presentation-de-marie.org\/pom\/wp-json\/wp\/v2\/media?parent=24059"}],"curies":[{"name":"wp","href":"https:\/\/api.w.org\/{rel}","templated":true}]}}