{"id":25180,"date":"2021-11-26T23:14:25","date_gmt":"2021-11-26T22:14:25","guid":{"rendered":"https:\/\/soeurs-de-la-presentation-de-marie.org\/pom\/?page_id=25180"},"modified":"2021-12-10T23:44:16","modified_gmt":"2021-12-10T22:44:16","slug":"podcast","status":"publish","type":"page","link":"https:\/\/soeurs-de-la-presentation-de-marie.org\/pom\/recursos\/podcast\/","title":{"rendered":"Podcast"},"content":{"rendered":"<div class=\"wpb-content-wrapper\"><p>[vc_row row_space=&#8221;remove_padding_top&#8221;][vc_column][vc_custom_heading text=&#8221;Canciones a Marie Rivier&#8221; font_container=&#8221;tag:h2|font_size:50|text_align:left|color:%23047f02&#8243; google_fonts=&#8221;font_family:Italianno%3Aregular|font_style:400%20regular%3A400%3Anormal&#8221;][vc_column_text]<span style=\"color: #003300;\">Mar\u00eda Rivier, la Mujer Ap\u00f3stol, ha sido una inspiraci\u00f3n para innumerables hombres y mujeres, j\u00f3venes y mayores, en todo el mundo. Su vida, su espiritualidad y su celo misionero revelan la fuerza del inmenso amor de Dios por esta joven lisiada de Montpezat. En Mar\u00eda Rivier, Dios vio a una mujer &#8220;seg\u00fan su coraz\u00f3n&#8221;. (1 Sam 13:14) <\/span><\/p>\n<p><span style=\"color: #003300;\">A lo largo de los a\u00f1os, hermanas, amigos y colaboradores han creado canciones y m\u00fasica basadas en la vida de la beata Mar\u00eda Rivier. Con motivo de nuestro 225\u00ba aniversario de fundaci\u00f3n, queremos rendir homenaje a esta Mujer Ap\u00f3stol, cuya vida entera fue Jesucristo.<\/span><\/p>\n<p><span style=\"color: #003300;\">Que aprecien estas canciones y se inspiren en ellas.<\/span>[\/vc_column_text][vc_column_text]<\/p>\n<p><a class=\"spreaker-player\" href=\"https:\/\/www.spreaker.com\/show\/marie-rivier-etincelle-desperance\" data-resource=\"show_id=5268928\" data-width=\"100%\" data-height=\"350px\" data-theme=\"light\" data-playlist=\"show\" data-playlist-continuous=\"true\" data-chapters-image=\"true\" data-episode-image-position=\"right\" data-hide-logo=\"false\" data-hide-likes=\"false\" data-hide-comments=\"false\" data-hide-sharing=\"false\" data-hide-download=\"true\">Ascolta &#8220;MARIE RIVIER, \u00c9tincelle d&#39;esp\u00e9rance&#8221; su Spreaker.<\/a><\/p>\n<p><a class=\"spreaker-player\" href=\"https:\/\/www.spreaker.com\/episode\/47657594\" data-resource=\"episode_id=47657594\" data-width=\"100%\" data-height=\"350px\" data-theme=\"light\" data-playlist=\"show\" data-playlist-continuous=\"true\" data-chapters-image=\"true\" data-episode-image-position=\"right\" data-hide-logo=\"false\" data-hide-likes=\"false\" data-hide-comments=\"false\" data-hide-sharing=\"false\" data-hide-download=\"true\">Ascolta &#8220;COMBIEN JE VOUDRAIS-08(Sylvie)en hommage \u00e0 Marie Rivier -225e anniversaire de la fondation&#8221; su Spreaker.<\/a><\/p>\n<p><script async src=\"https:\/\/widget.spreaker.com\/widgets.js\"><\/script><\/p>\n<\/div>","protected":false},"excerpt":{"rendered":"<p>[vc_row row_space=&#8221;remove_padding_top&#8221;][vc_column][vc_custom_heading text=&#8221;Canciones a Marie Rivier&#8221; font_container=&#8221;tag:h2|font_size:50|text_align:left|color:%23047f02&#8243; google_fonts=&#8221;font_family:Italianno%3Aregular|font_style:400%20regular%3A400%3Anormal&#8221;][vc_column_text]Mar\u00eda Rivier, la Mujer Ap\u00f3stol, ha sido una inspiraci\u00f3n para innumerables hombres y mujeres, j\u00f3venes y mayores, en todo el mundo. Su vida, su espiritualidad y su celo misionero revelan la fuerza del inmenso amor de Dios por esta joven lisiada de Montpezat. En Mar\u00eda Rivier, Dios vio [&hellip;]<\/p>\n","protected":false},"author":2,"featured_media":0,"parent":6276,"menu_order":30,"comment_status":"closed","ping_status":"closed","template":"","meta":{"ngg_post_thumbnail":0,"footnotes":""},"lang":"es","translations":{"es":25180,"en":25177,"fr":23748,"pt":25183},"pll_sync_post":[],"_links":{"self":[{"href":"https:\/\/soeurs-de-la-presentation-de-marie.org\/pom\/wp-json\/wp\/v2\/pages\/25180"}],"collection":[{"href":"https:\/\/soeurs-de-la-presentation-de-marie.org\/pom\/wp-json\/wp\/v2\/pages"}],"about":[{"href":"https:\/\/soeurs-de-la-presentation-de-marie.org\/pom\/wp-json\/wp\/v2\/types\/page"}],"author":[{"embeddable":true,"href":"https:\/\/soeurs-de-la-presentation-de-marie.org\/pom\/wp-json\/wp\/v2\/users\/2"}],"replies":[{"embeddable":true,"href":"https:\/\/soeurs-de-la-presentation-de-marie.org\/pom\/wp-json\/wp\/v2\/comments?post=25180"}],"version-history":[{"count":7,"href":"https:\/\/soeurs-de-la-presentation-de-marie.org\/pom\/wp-json\/wp\/v2\/pages\/25180\/revisions"}],"predecessor-version":[{"id":25410,"href":"https:\/\/soeurs-de-la-presentation-de-marie.org\/pom\/wp-json\/wp\/v2\/pages\/25180\/revisions\/25410"}],"up":[{"embeddable":true,"href":"https:\/\/soeurs-de-la-presentation-de-marie.org\/pom\/wp-json\/wp\/v2\/pages\/6276"}],"wp:attachment":[{"href":"https:\/\/soeurs-de-la-presentation-de-marie.org\/pom\/wp-json\/wp\/v2\/media?parent=25180"}],"curies":[{"name":"wp","href":"https:\/\/api.w.org\/{rel}","templated":true}]}}