{"id":28494,"date":"2022-11-11T16:54:12","date_gmt":"2022-11-11T15:54:12","guid":{"rendered":"https:\/\/soeurs-de-la-presentation-de-marie.org\/pom\/?page_id=28494"},"modified":"2022-11-20T20:49:40","modified_gmt":"2022-11-20T19:49:40","slug":"2022-novena-apresentacao-de-maria","status":"publish","type":"page","link":"https:\/\/soeurs-de-la-presentation-de-marie.org\/pom\/2022-novena-apresentacao-de-maria\/","title":{"rendered":"2022 Novena da Festa"},"content":{"rendered":"<div class=\"wpb-content-wrapper\"><p>[vc_row row_space=&#8221;remove_padding_bottom&#8221;][vc_column][vc_column_text]<\/p>\n<p style=\"text-align: right;\"><span style=\"color: #003366;\"><strong><em>Se algu\u00e9m me tem amor, <\/em><\/strong><\/span><\/p>\n<p style=\"text-align: right;\"><span style=\"color: #003366;\"><strong><em>h\u00e1-de guardar a minha palavra;<\/em><\/strong><\/span><\/p>\n<p style=\"text-align: right;\"><span style=\"color: #003366;\"><strong><em>&nbsp;e o meu Pai o amar\u00e1, e n\u00f3s viremos a ele <\/em><\/strong><\/span><\/p>\n<p style=\"text-align: right;\"><span style=\"color: #003366;\"><strong><em>e nele faremos morada.<\/em><\/strong><\/span><\/p>\n<p style=\"text-align: right;\"><span style=\"color: #003366;\">&nbsp;Jo 14,23<\/span><\/p>\n<p>[\/vc_column_text][vc_custom_heading text=&#8221;\u00c9s bela, \u00f3 Maria\u2026 no mist\u00e9rio do Templo&#8221; font_container=&#8221;tag:h2|font_size:50|text_align:center|color:%230066bf&#8221; google_fonts=&#8221;font_family:Allura%3Aregular|font_style:400%20regular%3A400%3Anormal&#8221; css_animation=&#8221;appear&#8221;][vc_column_text]<\/p>\n<h2 style=\"text-align: center;\"><span style=\"color: #003366;\">Novena 2022<\/span><\/h2>\n<p>[\/vc_column_text][vc_column_text]<img loading=\"lazy\" decoding=\"async\" class=\"aligncenter wp-image-28433 size-full\" src=\"https:\/\/soeurs-de-la-presentation-de-marie.org\/pom\/wp-content\/uploads\/2022\/11\/COVER-dig-38544_re.jpg\" alt=\"\" width=\"1920\" height=\"985\"><\/p>\n<p style=\"text-align: center;\"><em>Credit: \u201cPresentation of the Virgin in the Temple\u201d, Titian, c.1534 -38,&nbsp; Gallerie dell\u2019 Accademia, Venice.&nbsp;<\/em>&nbsp;<\/p>\n<p>[\/vc_column_text][vc_column_text]<\/p>\n<h2><span style=\"color: #003366;\"><strong>INTRODU\u00c7\u00c3O:<\/strong><\/span><\/h2>\n<p><span style=\"color: #003366;\">Vivemos um tempo de gra\u00e7a, um momento \u00fanico na hist\u00f3ria da nossa Congrega\u00e7\u00e3o. A nossa Santa Fundadora, Maria Rivier, foi canonizada pelo Papa Francisco a 15 de maio de 2022.<\/span><\/p>\n<p><span style=\"color: #003366;\">Este dia memor\u00e1vel est\u00e1 sempre presente nos nossos cora\u00e7\u00f5es e na nossa vis\u00e3o de futuro em dire\u00e7\u00e3o ao Deus do Universo, que nos fascina para seguirmos em frente nos caminhos da vontade do Pai. <strong><em>O amor de Deus foi derramado nos nossos cora\u00e7\u00f5es<\/em><\/strong> Rm 5,5, com muita Ternura e Miseric\u00f3rdia.<\/span><\/p>\n<p><span style=\"color: #003366;\">A novena preparat\u00f3ria para a Festa da Apresenta\u00e7\u00e3o de Maria no Templo conduz-nos ao cora\u00e7\u00e3o da nossa espiritualidade. <em>O esp\u00edrito da Apresenta\u00e7\u00e3o de Maria \u00e9 um esp\u00edrito inteiramente interior<\/em> <strong>C3<\/strong>. <em>Somos o santu\u00e1rio de Deus, o Esp\u00edrito de Deus habita em n\u00f3s<\/em> 1 Cor 3,16. Somos o Templo do Deus vivo. <em>Senhor, tu me seduziste, e eu deixei-me seduzir; dominaste-me e venceste.<\/em>&nbsp; Jr 20,7.<\/span><\/p>\n<p><span style=\"color: #003366;\">Rezando e vivendo esta novena, somos chamados a contemplar e proclamar: <strong><em>Tu \u00e9s bela, \u00f3 Maria&#8230; no mist\u00e9rio do Templo!<\/em><\/strong><em> Bendita sois v\u00f3s entre as mulheres, e bendito \u00e9 o fruto do vosso ventre<\/em> Lc 1,42. <em>Templo pur\u00edssimo da divindade, Maria \u00e9 para n\u00f3s um lugar de ora\u00e7\u00e3o. Cumulada de gra\u00e7a pelo Pai, cheia do pensamento de Jesus, orienta-nos para Deus, atrai sobre n\u00f3s o Esp\u00edrito que supre a nossa fraqueza e intercede Ele mesmo por n\u00f3s com gemidos inef\u00e1veis.<\/em> <strong>C76<\/strong>.<\/span><\/p>\n<p><span style=\"color: #003366;\">Maria, a Virgem da escuta da Vontade de Deus, permanece e vive entre n\u00f3s. Acolhamo-la nas nossas vidas com f\u00e9 e muito amor. Ela ensina-nos a descobrir os caminhos novos que o Pai escolheu para n\u00f3s.<\/span><\/p>\n<p><span style=\"color: #003366;\"><em>Dai-nos a santa ousadia de buscar novos caminhos para que chegue a todos o dom da beleza que n\u00e3o se apaga.<\/em><\/span><\/p>\n<p><span style=\"color: #003366;\"><em>Virgem e M\u00e3e Maria, V\u00f3s que, movida pelo Esp\u00edrito, acolhestes o Verbo da vida na profundidade da vossa f\u00e9 humilde, totalmente entregue ao Eterno, ajudai-nos a dizer o nosso \u00absim\u00bb perante a urg\u00eancia, mais imperiosa do que nunca, de fazer ressoar a Boa Nova de Jesus.<\/em><\/span><\/p>\n<p style=\"text-align: left;\"><span style=\"color: #003366;\"><em>&nbsp;<\/em><em>Estrela da nova evangeliza\u00e7\u00e3o, ajudai-nos a refulgir com o testemunho da comunh\u00e3o, do servi\u00e7o, da f\u00e9 ardente e generosa,<br \/>\nda justi\u00e7a e do amor aos pobres, para que a alegria do Evangelho chegue at\u00e9 aos confins da terra e nenhuma periferia fique privada da sua luz. <\/em>Papa Francisco, <strong><em>Evangelii Gaudium<\/em><\/strong><\/span><\/p>\n<p><span style=\"color: #003366;\"><em>&nbsp;<\/em>Em comunh\u00e3o com as minhas Conselheiras, desejo-vos uma fervorosa novena e uma bel\u00edssima festa da Apresenta\u00e7\u00e3o de Maria,<\/span><\/p>\n<p>&nbsp;<\/p>\n<p><span style=\"color: #003366;\">Madre Maria dos Anos Alves, pm<\/span><\/p>\n<p><span style=\"color: #003366;\">Superiora geral<\/span>[\/vc_column_text][vc_separator color=&#8221;blue&#8221; style=&#8221;shadow&#8221; el_width=&#8221;80&#8243;][vc_empty_space height=&#8221;25px&#8221;][\/vc_column][\/vc_row][vc_row row_space=&#8221;remove_padding_top&#8221;][vc_column width=&#8221;1\/2&#8243;][vc_column_text]&nbsp;<\/p>\n<p>&nbsp; &nbsp; &nbsp; &nbsp; &nbsp; &nbsp; &nbsp; &nbsp; &nbsp;<span style=\"color: #000080;\"> DIA 9&nbsp; &nbsp; &nbsp; &nbsp; &nbsp; 21 de novembro<\/span><\/p>\n<p><em><span style=\"color: #993300;\">A vida consagrada \u00e9 bela porque revela o divino no ser humano, revela que o ser humano \u00e9 capaz de Deus, por meio do Esp\u00edrito derramado em n\u00f3s que nos purifica, nos fortalece, nos cura. <\/span><\/em><\/p>\n<p>&nbsp;<\/p>\n<h2>Novena: <a href=\"https:\/\/soeurs-de-la-presentation-de-marie.org\/pom\/wp-content\/uploads\/2022\/11\/Apresentacao-de-Maria-no-Templo.pdf\">Apresenta\u00e7\u00e3o de Maria no Templo<\/a><\/h2>\n<p>[\/vc_column_text][\/vc_column][vc_column width=&#8221;1\/2&#8243;][vc_column_text]<img loading=\"lazy\" decoding=\"async\" class=\"alignnone size-medium wp-image-28661\" src=\"https:\/\/soeurs-de-la-presentation-de-marie.org\/pom\/wp-content\/uploads\/2022\/11\/3_PORT-2.png\" alt=\"\" width=\"1\" height=\"1\"><img loading=\"lazy\" decoding=\"async\" class=\"aligncenter wp-image-28913 size-full\" src=\"https:\/\/soeurs-de-la-presentation-de-marie.org\/pom\/wp-content\/uploads\/2022\/11\/PM_poster.png\" alt=\"\" width=\"800\" height=\"690\"><img loading=\"lazy\" decoding=\"async\" class=\"alignnone size-medium wp-image-28657\" src=\"https:\/\/soeurs-de-la-presentation-de-marie.org\/pom\/wp-content\/uploads\/2022\/11\/3_PORT-1.png\" alt=\"\" width=\"1\" height=\"1\">[\/vc_column_text][\/vc_column][\/vc_row][vc_row row_space=&#8221;remove_padding_top&#8221;][vc_column width=&#8221;1\/2&#8243;][vc_column_text]&nbsp;<\/p>\n<p>&nbsp; &nbsp; &nbsp; &nbsp; &nbsp; &nbsp; &nbsp; &nbsp; &nbsp;<span style=\"color: #000080;\"> DIA 8&nbsp; &nbsp; &nbsp; &nbsp; &nbsp; 20 de novembro<\/span><\/p>\n<p><span style=\"color: #993300;\"><em>El Par\u00e1clito, el Esp\u00edritu Santo, que el Padre enviar\u00e1 en mi nombre, os lo ense\u00f1ar\u00e1 todo y os recordar\u00e1 todo lo que yo os he dicho. <\/em>&#8211; Juan 14 &#8211;<\/span><\/p>\n<p>&nbsp;<\/p>\n<h2>Novena: <a href=\"https:\/\/soeurs-de-la-presentation-de-marie.org\/pom\/wp-content\/uploads\/2022\/11\/La-Congregacion-de-la-Presentacion-de-Maria.pdf\">La Congregaci\u00f3n de la Presentaci\u00f3n de Mar\u00eda<\/a><\/h2>\n<p>[\/vc_column_text][\/vc_column][vc_column width=&#8221;1\/2&#8243;][vc_column_text]<img loading=\"lazy\" decoding=\"async\" class=\"alignnone size-medium wp-image-28661\" src=\"https:\/\/soeurs-de-la-presentation-de-marie.org\/pom\/wp-content\/uploads\/2022\/11\/3_PORT-2.png\" alt=\"\" width=\"1\" height=\"1\"><img loading=\"lazy\" decoding=\"async\" class=\"wp-image-28902 size-full aligncenter\" src=\"https:\/\/soeurs-de-la-presentation-de-marie.org\/pom\/wp-content\/uploads\/2022\/11\/8_PORT.jpg\" alt=\"\" width=\"800\" height=\"559\"><img loading=\"lazy\" decoding=\"async\" class=\"alignnone size-medium wp-image-28657\" src=\"https:\/\/soeurs-de-la-presentation-de-marie.org\/pom\/wp-content\/uploads\/2022\/11\/3_PORT-1.png\" alt=\"\" width=\"1\" height=\"1\">[\/vc_column_text][\/vc_column][\/vc_row][vc_row row_space=&#8221;remove_padding_top&#8221;][vc_column width=&#8221;1\/2&#8243;][vc_column_text]&nbsp;<\/p>\n<p>&nbsp; &nbsp; &nbsp; &nbsp; &nbsp; &nbsp; &nbsp; &nbsp; &nbsp;<span style=\"color: #000080;\"> DIA 7&nbsp; &nbsp; &nbsp; &nbsp; &nbsp; &nbsp;19 de novembro<\/span><\/p>\n<p><span style=\"color: #993300;\">Sigamo-lo pois na viagem que temos todos que empreender para chegar \u00e0 Si\u00e3o eterna.&nbsp; &nbsp; <em>&#8211; Santa Maria Rivier &#8211;<\/em><\/span><\/p>\n<p>&nbsp;<\/p>\n<h2>&nbsp; &nbsp;Novena: <a href=\"https:\/\/soeurs-de-la-presentation-de-marie.org\/pom\/wp-content\/uploads\/2022\/11\/Jerusalem-celeste-Templo-definitivo.docx\">Jerusal\u00e9m celeste, Templo definitivo<\/a><\/h2>\n<p>[\/vc_column_text][\/vc_column][vc_column width=&#8221;1\/2&#8243;][vc_column_text]<img loading=\"lazy\" decoding=\"async\" class=\"alignnone size-medium wp-image-28661\" src=\"https:\/\/soeurs-de-la-presentation-de-marie.org\/pom\/wp-content\/uploads\/2022\/11\/3_PORT-2.png\" alt=\"\" width=\"1\" height=\"1\"><img loading=\"lazy\" decoding=\"async\" class=\"alignnone size-medium wp-image-28657\" src=\"https:\/\/soeurs-de-la-presentation-de-marie.org\/pom\/wp-content\/uploads\/2022\/11\/3_PORT-1.png\" alt=\"\" width=\"1\" height=\"1\"><img loading=\"lazy\" decoding=\"async\" class=\"aligncenter wp-image-28853 size-full\" src=\"https:\/\/soeurs-de-la-presentation-de-marie.org\/pom\/wp-content\/uploads\/2022\/11\/PORT.jpg\" alt=\"\" width=\"800\" height=\"620\">[\/vc_column_text][\/vc_column][\/vc_row][vc_row row_space=&#8221;remove_padding_top&#8221;][vc_column width=&#8221;1\/2&#8243;][vc_column_text]&nbsp;<\/p>\n<p>&nbsp; &nbsp; &nbsp; &nbsp; &nbsp; &nbsp; &nbsp; &nbsp; &nbsp;<span style=\"color: #000080;\"> DIA 6&nbsp; &nbsp; &nbsp; &nbsp; &nbsp; &nbsp;18 de novembro<\/span><\/p>\n<p><em><span style=\"color: #993300;\">Para muitos crist\u00e3os, este caminho de fraternidade tem tamb\u00e9m uma M\u00e3e, chamada Maria. Ela recebeu junto da Cruz esta maternidade universal e cuida n\u00e3o s\u00f3 de Jesus, mas tamb\u00e9m do \u00abresto da sua descend\u00eancia\u00bb.<\/span><\/em><\/p>\n<p>&nbsp;<\/p>\n<h2>&nbsp; &nbsp; &nbsp; &nbsp; &nbsp; Novena: <a href=\"https:\/\/soeurs-de-la-presentation-de-marie.org\/pom\/wp-content\/uploads\/2022\/11\/Marie-Mere-des-chretiens-1.pdf\">Marie, M\u00e8re des chr\u00e9tiens<\/a><\/h2>\n<p>[\/vc_column_text][\/vc_column][vc_column width=&#8221;1\/2&#8243;][vc_column_text]<img loading=\"lazy\" decoding=\"async\" class=\"alignnone size-medium wp-image-28661\" src=\"https:\/\/soeurs-de-la-presentation-de-marie.org\/pom\/wp-content\/uploads\/2022\/11\/3_PORT-2.png\" alt=\"\" width=\"1\" height=\"1\"><img loading=\"lazy\" decoding=\"async\" class=\"alignnone size-medium wp-image-28657\" src=\"https:\/\/soeurs-de-la-presentation-de-marie.org\/pom\/wp-content\/uploads\/2022\/11\/3_PORT-1.png\" alt=\"\" width=\"1\" height=\"1\"><img loading=\"lazy\" decoding=\"async\" class=\"aligncenter wp-image-28795 size-full\" src=\"https:\/\/soeurs-de-la-presentation-de-marie.org\/pom\/wp-content\/uploads\/2022\/11\/FR_6-1.png\" alt=\"\" width=\"1650\" height=\"1275\">[\/vc_column_text][\/vc_column][\/vc_row][vc_row row_space=&#8221;remove_padding_top&#8221;][vc_column width=&#8221;1\/2&#8243;][vc_column_text]&nbsp;<\/p>\n<p>&nbsp; &nbsp; &nbsp; &nbsp; &nbsp; &nbsp; &nbsp; &nbsp; &nbsp;<span style=\"color: #000080;\"> DIA 5&nbsp; &nbsp; &nbsp; &nbsp; &nbsp; &nbsp;17 de novembro<\/span><\/p>\n<p>&nbsp;<\/p>\n<p><span style=\"color: #993300;\"><em>Maria \u00e9 a figura ideal, a personifica\u00e7\u00e3o da Igreja. Ela \u00e9 a primeira entre os humildes e os pobres, os fi\u00e9is que esperam a Reden\u00e7\u00e3o.&nbsp; <\/em>(S. Jo\u00e3o Paulo II)<\/span><\/p>\n<p>&nbsp;<\/p>\n<h2>&nbsp; &nbsp; &nbsp;Novena: <a href=\"https:\/\/soeurs-de-la-presentation-de-marie.org\/pom\/wp-content\/uploads\/2022\/11\/Maria-figura-da-Igreja.pdf\">Maria, figura da Igreja<\/a><\/h2>\n<p>[\/vc_column_text][\/vc_column][vc_column width=&#8221;1\/2&#8243;][vc_column_text]<img loading=\"lazy\" decoding=\"async\" class=\"alignnone size-medium wp-image-28661\" src=\"https:\/\/soeurs-de-la-presentation-de-marie.org\/pom\/wp-content\/uploads\/2022\/11\/3_PORT-2.png\" alt=\"\" width=\"1\" height=\"1\"><img loading=\"lazy\" decoding=\"async\" class=\"alignnone size-medium wp-image-28657\" src=\"https:\/\/soeurs-de-la-presentation-de-marie.org\/pom\/wp-content\/uploads\/2022\/11\/3_PORT-1.png\" alt=\"\" width=\"1\" height=\"1\"><img loading=\"lazy\" decoding=\"async\" class=\"aligncenter wp-image-28712 size-full\" src=\"https:\/\/soeurs-de-la-presentation-de-marie.org\/pom\/wp-content\/uploads\/2022\/11\/5_PORT.png\" alt=\"\" width=\"1176\" height=\"667\">[\/vc_column_text][\/vc_column][\/vc_row][vc_row row_space=&#8221;remove_padding_top&#8221;][vc_column width=&#8221;1\/2&#8243;][vc_column_text]&nbsp;<\/p>\n<p>&nbsp; &nbsp; &nbsp; &nbsp; &nbsp; &nbsp; &nbsp; &nbsp; &nbsp;<span style=\"color: #000080;\"> DIA 4&nbsp; &nbsp; &nbsp; &nbsp; &nbsp; &nbsp;16 de novembro<\/span><\/p>\n<p>&nbsp;<\/p>\n<p><span style=\"color: #993300;\">Foi o conhecimento de Jesus Cristo que fez os Santos, que fez os M\u00e1rtires e o \u00fanico a poder fazer felizes as pessoas. Quando Jesus entrou alguma vez num cora\u00e7\u00e3o e nele reina, Ele queima e consome tudo o que h\u00e1 de impuro e de estranho \u00e0 sua grande santidade&#8230; <em>( Santa Maria Rivier)<\/em><\/span><\/p>\n<p>&nbsp;<\/p>\n<h2>&nbsp; &nbsp; &nbsp;Novena:&nbsp;<a href=\"https:\/\/soeurs-de-la-presentation-de-marie.org\/pom\/wp-content\/uploads\/2022\/11\/Jesus-Cristo-Templo-novo.pdf\">Jesus Cristo, Templo novo<\/a><\/h2>\n<p>[\/vc_column_text][\/vc_column][vc_column width=&#8221;1\/2&#8243;][vc_column_text]<img loading=\"lazy\" decoding=\"async\" class=\"alignnone size-medium wp-image-28661\" src=\"https:\/\/soeurs-de-la-presentation-de-marie.org\/pom\/wp-content\/uploads\/2022\/11\/3_PORT-2.png\" alt=\"\" width=\"1\" height=\"1\"><img loading=\"lazy\" decoding=\"async\" class=\"alignnone size-medium wp-image-28657\" src=\"https:\/\/soeurs-de-la-presentation-de-marie.org\/pom\/wp-content\/uploads\/2022\/11\/3_PORT-1.png\" alt=\"\" width=\"1\" height=\"1\"><img loading=\"lazy\" decoding=\"async\" class=\"aligncenter wp-image-28676 size-full\" src=\"https:\/\/soeurs-de-la-presentation-de-marie.org\/pom\/wp-content\/uploads\/2022\/11\/4_FR-1.png\" alt=\"\" width=\"800\" height=\"585\">[\/vc_column_text][\/vc_column][\/vc_row][vc_row row_space=&#8221;remove_padding_top&#8221;][vc_column width=&#8221;1\/2&#8243;][vc_column_text]&nbsp;<\/p>\n<p>&nbsp; &nbsp; &nbsp; &nbsp; &nbsp; &nbsp; &nbsp; &nbsp; &nbsp;<span style=\"color: #000080;\"> DIA 3&nbsp; &nbsp; &nbsp; &nbsp; &nbsp; &nbsp;15 de novembro<\/span><\/p>\n<p>&nbsp;<\/p>\n<p><span style=\"color: #993300;\">A vida consagrada como um reflexo da luz de Cristo, \u00e9 um sinal que recorda a entrada de Maria no Templo: a Virgem, a pessoa consagrada por excel\u00eancia, levava em seu colo a luz, o Verbo feito carne.<\/span>&nbsp;<span style=\"color: #993300;\"><em>(Antonella Palermo)<\/em><\/span><\/p>\n<p>&nbsp;<\/p>\n<h3>&nbsp; &nbsp; &nbsp;Novena: <a href=\"https:\/\/soeurs-de-la-presentation-de-marie.org\/pom\/wp-content\/uploads\/2022\/11\/Maria-e-Jose-apresentam-Jesus-no-Templo.pdf\">Maria e Jos\u00e9 apresentam Jesus no Templo<\/a>&nbsp; &nbsp;<\/h3>\n<p>[\/vc_column_text][\/vc_column][vc_column width=&#8221;1\/2&#8243;][vc_column_text]&nbsp;<\/p>\n<p><img loading=\"lazy\" decoding=\"async\" class=\"aligncenter wp-image-28596 size-full\" src=\"https:\/\/soeurs-de-la-presentation-de-marie.org\/pom\/wp-content\/uploads\/2022\/11\/3_PORT.png\" alt=\"\" width=\"1620\" height=\"1059\">[\/vc_column_text][\/vc_column][\/vc_row][vc_row row_space=&#8221;remove_padding_top&#8221;][vc_column width=&#8221;1\/2&#8243;][vc_column_text]&nbsp;<\/p>\n<p>&nbsp; &nbsp; &nbsp; &nbsp; &nbsp; &nbsp; &nbsp; &nbsp; &nbsp;<span style=\"color: #000080;\"> DIA 2&nbsp; &nbsp; &nbsp; &nbsp; &nbsp; &nbsp;14 de novembro<\/span><\/p>\n<p>&nbsp;<\/p>\n<p><span style=\"color: #993300;\">Maria tornar-se-\u00e1 ela pr\u00f3pria, um Templo, um lugar da Presen\u00e7a de Deus.&nbsp; Maria \u00e9 chamada o templo santo de Deus, mais belo do que o templo de Salom\u00e3o, o templo ou santu\u00e1rio do Esp\u00edrito Santo. Ela \u00e9 o tabern\u00e1culo do Alt\u00edssimo. Ela \u00e9 um Templo porque \u00e9 M\u00e3e. <em>(Vatican News)<\/em><\/span><\/p>\n<p>&nbsp;<\/p>\n<h3>&nbsp; &nbsp; &nbsp; &nbsp; &nbsp; &nbsp; &nbsp;Novena&nbsp;<a href=\"https:\/\/soeurs-de-la-presentation-de-marie.org\/pom\/wp-content\/uploads\/2022\/11\/Maria-Templo-de-Deus-a-Anunciacao.pdf\">Maria Templo de Deus, a Anuncia\u00e7\u00e3o<\/a> &nbsp;<\/h3>\n<p>[\/vc_column_text][\/vc_column][vc_column width=&#8221;1\/2&#8243;][vc_column_text]<img loading=\"lazy\" decoding=\"async\" class=\"aligncenter wp-image-28548 size-full\" src=\"https:\/\/soeurs-de-la-presentation-de-marie.org\/pom\/wp-content\/uploads\/2022\/11\/2-DAY_PORT.jpg\" alt=\"\" width=\"1650\" height=\"1275\">[\/vc_column_text][\/vc_column][\/vc_row][vc_row row_space=&#8221;remove_padding_top&#8221;][vc_column width=&#8221;1\/2&#8243;][vc_column_text]<\/p>\n<h3>&nbsp; &nbsp; &nbsp; &nbsp; &nbsp; &nbsp; &nbsp;<\/h3>\n<h3><span style=\"color: #003366;\">&nbsp; &nbsp; &nbsp; &nbsp; &nbsp; &nbsp; DIA 1&nbsp; &nbsp; &nbsp;13 de novembro<\/span><\/h3>\n<p>&nbsp; &nbsp; &nbsp; &nbsp; &nbsp; &nbsp;<span style=\"color: #993300;\"><em>O Templo de Jerusal\u00e9m \u00e9 o sinal da vontade de Deus de habitar a humanidade. Ele \u00e9 a &#8220;morada&#8221; de Deus entre n\u00f3s.<\/em><\/span><\/p>\n<p>&nbsp;<\/p>\n<h2><span style=\"color: #003366;\">&nbsp; &nbsp; &nbsp; &nbsp; &nbsp; <\/span><strong><span style=\"color: #003366;\">NOVENA<\/span>&nbsp;<a href=\"https:\/\/soeurs-de-la-presentation-de-marie.org\/pom\/wp-content\/uploads\/2022\/11\/Maria-e-o-Templo-de-Jerusalem-port.pdf\">Maria e o Templo de Jerusal\u00e9m-<\/a><\/strong><\/h2>\n<p>[\/vc_column_text][\/vc_column][vc_column width=&#8221;1\/2&#8243;][vc_column_text]<img loading=\"lazy\" decoding=\"async\" class=\"aligncenter wp-image-28497 size-full\" src=\"https:\/\/soeurs-de-la-presentation-de-marie.org\/pom\/wp-content\/uploads\/2022\/11\/1-DAY-PORT.jpg\" alt=\"\" width=\"1598\" height=\"1209\">[\/vc_column_text][\/vc_column][\/vc_row][vc_row row_space=&#8221;remove_padding_top&#8221;][vc_column][vc_column_text][\/vc_column_text][\/vc_column][\/vc_row]<\/p>\n<\/div>","protected":false},"excerpt":{"rendered":"<p>[vc_row row_space=&#8221;remove_padding_bottom&#8221;][vc_column][vc_column_text] Se algu\u00e9m me tem amor, h\u00e1-de guardar a minha palavra; &nbsp;e o meu Pai o amar\u00e1, e n\u00f3s viremos a ele e nele faremos morada. &nbsp;Jo 14,23 [\/vc_column_text][vc_custom_heading text=&#8221;\u00c9s bela, \u00f3 Maria\u2026 no mist\u00e9rio do Templo&#8221; font_container=&#8221;tag:h2|font_size:50|text_align:center|color:%230066bf&#8221; google_fonts=&#8221;font_family:Allura%3Aregular|font_style:400%20regular%3A400%3Anormal&#8221; css_animation=&#8221;appear&#8221;][vc_column_text] Novena 2022 [\/vc_column_text][vc_column_text] Credit: \u201cPresentation of the Virgin in the Temple\u201d, Titian, c.1534 -38,&nbsp; [&hellip;]<\/p>\n","protected":false},"author":6,"featured_media":0,"parent":0,"menu_order":0,"comment_status":"closed","ping_status":"closed","template":"","meta":{"ngg_post_thumbnail":0,"footnotes":""},"lang":"pt","translations":{"pt":28494},"pll_sync_post":[],"_links":{"self":[{"href":"https:\/\/soeurs-de-la-presentation-de-marie.org\/pom\/wp-json\/wp\/v2\/pages\/28494"}],"collection":[{"href":"https:\/\/soeurs-de-la-presentation-de-marie.org\/pom\/wp-json\/wp\/v2\/pages"}],"about":[{"href":"https:\/\/soeurs-de-la-presentation-de-marie.org\/pom\/wp-json\/wp\/v2\/types\/page"}],"author":[{"embeddable":true,"href":"https:\/\/soeurs-de-la-presentation-de-marie.org\/pom\/wp-json\/wp\/v2\/users\/6"}],"replies":[{"embeddable":true,"href":"https:\/\/soeurs-de-la-presentation-de-marie.org\/pom\/wp-json\/wp\/v2\/comments?post=28494"}],"version-history":[{"count":20,"href":"https:\/\/soeurs-de-la-presentation-de-marie.org\/pom\/wp-json\/wp\/v2\/pages\/28494\/revisions"}],"predecessor-version":[{"id":28925,"href":"https:\/\/soeurs-de-la-presentation-de-marie.org\/pom\/wp-json\/wp\/v2\/pages\/28494\/revisions\/28925"}],"wp:attachment":[{"href":"https:\/\/soeurs-de-la-presentation-de-marie.org\/pom\/wp-json\/wp\/v2\/media?parent=28494"}],"curies":[{"name":"wp","href":"https:\/\/api.w.org\/{rel}","templated":true}]}}