{"id":29196,"date":"2022-12-15T22:04:41","date_gmt":"2022-12-15T21:04:41","guid":{"rendered":"https:\/\/soeurs-de-la-presentation-de-marie.org\/pom\/?page_id=29196"},"modified":"2022-12-15T22:04:41","modified_gmt":"2022-12-15T21:04:41","slug":"animacao-espiritual","status":"publish","type":"page","link":"https:\/\/soeurs-de-la-presentation-de-marie.org\/pom\/animacao-espiritual\/","title":{"rendered":"ANIMA\u00c7\u00c3O ESPIRITUAL"},"content":{"rendered":"<div class=\"wpb-content-wrapper\"><p>[vc_row][vc_column][vc_custom_heading text=&#8221; &#8220;A alegria do Evangelho enche os cora\u00e7\u00f5es e as vidas de todos aqueles que encontram Jesus&#8230; Com Cristo, a alegria renasce constantemente. &#8220;&#8221; font_container=&#8221;tag:h2|font_size:30|text_align:center|color:%230078b5|line_height:1.6&#8243; google_fonts=&#8221;font_family:Esteban%3Aregular|font_style:400%20regular%3A400%3Anormal&#8221; css_animation=&#8221;slideInLeft&#8221;][vc_row_inner][vc_column_inner width=&#8221;2\/3&#8243;][vc_column_text]&nbsp;<\/p>\n<p><span style=\"color: #003366;\">Estas palavras do Papa Francisco encontraram um significado especial na longa tradi\u00e7\u00e3o de anima\u00e7\u00e3o espiritual da nossa Congrega\u00e7\u00e3o. A nossa Superiora Geral e o seu Conselho consideram esta anima\u00e7\u00e3o espiritual, entre outros, como um minist\u00e9rio especial. De tempos a tempos, a Superiora Geral escreve uma carta circular sobre v\u00e1rios t\u00f3picos que afectam a nossa voca\u00e7\u00e3o como Irm\u00e3s da Apresenta\u00e7\u00e3o de Maria, enquanto nos esfor\u00e7amos por viver uma configura\u00e7\u00e3o cont\u00ednua a Cristo e \u00e0 nossa miss\u00e3o na Igreja e no mundo de hoje.<\/span><\/p>\n<p><span style=\"color: #003366;\">Juntos, com novenas especiais preparadas para a festa da Apresenta\u00e7\u00e3o de Maria e a festa de Santa Maria Rivier, celebramos a alegria de pertencer \u00e0 <strong>Fam\u00edlia <\/strong>Espiritual de Santa Maria Rivier!&nbsp;<\/span><\/p>\n<p>&nbsp;[\/vc_column_text][\/vc_column_inner][vc_column_inner width=&#8221;1\/3&#8243;][vc_column_text]&nbsp;<\/p>\n<p><img loading=\"lazy\" decoding=\"async\" class=\"aligncenter wp-image-26535 \" src=\"https:\/\/soeurs-de-la-presentation-de-marie.org\/pom\/wp-content\/uploads\/2022\/02\/Marie-Rivier-18.jpg\" alt=\"\" width=\"331\" height=\"407\">[\/vc_column_text][\/vc_column_inner][\/vc_row_inner][\/vc_column][\/vc_row]<\/p>\n<\/div>","protected":false},"excerpt":{"rendered":"<p>[vc_row][vc_column][vc_custom_heading text=&#8221; &#8220;A alegria do Evangelho enche os cora\u00e7\u00f5es e as vidas de todos aqueles que encontram Jesus&#8230; Com Cristo, a alegria renasce constantemente. &#8220;&#8221; font_container=&#8221;tag:h2|font_size:30|text_align:center|color:%230078b5|line_height:1.6&#8243; google_fonts=&#8221;font_family:Esteban%3Aregular|font_style:400%20regular%3A400%3Anormal&#8221; css_animation=&#8221;slideInLeft&#8221;][vc_row_inner][vc_column_inner width=&#8221;2\/3&#8243;][vc_column_text]&nbsp; Estas palavras do Papa Francisco encontraram um significado especial na longa tradi\u00e7\u00e3o de anima\u00e7\u00e3o espiritual da nossa Congrega\u00e7\u00e3o. A nossa Superiora Geral e o seu Conselho [&hellip;]<\/p>\n","protected":false},"author":6,"featured_media":0,"parent":0,"menu_order":0,"comment_status":"closed","ping_status":"closed","template":"","meta":{"ngg_post_thumbnail":0,"footnotes":""},"lang":"pt","translations":{"pt":29196},"pll_sync_post":[],"_links":{"self":[{"href":"https:\/\/soeurs-de-la-presentation-de-marie.org\/pom\/wp-json\/wp\/v2\/pages\/29196"}],"collection":[{"href":"https:\/\/soeurs-de-la-presentation-de-marie.org\/pom\/wp-json\/wp\/v2\/pages"}],"about":[{"href":"https:\/\/soeurs-de-la-presentation-de-marie.org\/pom\/wp-json\/wp\/v2\/types\/page"}],"author":[{"embeddable":true,"href":"https:\/\/soeurs-de-la-presentation-de-marie.org\/pom\/wp-json\/wp\/v2\/users\/6"}],"replies":[{"embeddable":true,"href":"https:\/\/soeurs-de-la-presentation-de-marie.org\/pom\/wp-json\/wp\/v2\/comments?post=29196"}],"version-history":[{"count":4,"href":"https:\/\/soeurs-de-la-presentation-de-marie.org\/pom\/wp-json\/wp\/v2\/pages\/29196\/revisions"}],"predecessor-version":[{"id":29200,"href":"https:\/\/soeurs-de-la-presentation-de-marie.org\/pom\/wp-json\/wp\/v2\/pages\/29196\/revisions\/29200"}],"wp:attachment":[{"href":"https:\/\/soeurs-de-la-presentation-de-marie.org\/pom\/wp-json\/wp\/v2\/media?parent=29196"}],"curies":[{"name":"wp","href":"https:\/\/api.w.org\/{rel}","templated":true}]}}