{"id":29203,"date":"2022-12-15T22:25:06","date_gmt":"2022-12-15T21:25:06","guid":{"rendered":"https:\/\/soeurs-de-la-presentation-de-marie.org\/pom\/?page_id=29203"},"modified":"2022-12-15T22:25:06","modified_gmt":"2022-12-15T21:25:06","slug":"animacion-espiritual","status":"publish","type":"page","link":"https:\/\/soeurs-de-la-presentation-de-marie.org\/pom\/animacion-espiritual\/","title":{"rendered":"ANIMACI\u00d3N ESPIRITUAL"},"content":{"rendered":"<div class=\"wpb-content-wrapper\"><p>[vc_row][vc_column][vc_custom_heading text=&#8221;&#8220;La alegr\u00eda del Evangelio llena los corazones y la vida de todos los que se encuentran con Jes\u00fas&#8230; Con Cristo, la alegr\u00eda renace constantemente. &#8220;&#8221; font_container=&#8221;tag:h2|font_size:31|text_align:center|color:%230078b5|line_height:1.6&#8243; google_fonts=&#8221;font_family:Esteban%3Aregular|font_style:400%20regular%3A400%3Anormal&#8221; css_animation=&#8221;slideInLeft&#8221;][vc_row_inner][vc_column_inner width=&#8221;2\/3&#8243;][vc_column_text]&nbsp;<\/p>\n<p><span style=\"color: #003366;\">Estas palabras del Papa Francisco han encontrado un significado especial en la larga tradici\u00f3n de animaci\u00f3n espiritual de nuestra Congregaci\u00f3n. Nuestra Superiora general y su Consejo consideran esta animaci\u00f3n espiritual, entre otras, como un ministerio especial. De vez en cuando, la Superiora general escribe una circular sobre diversos temas que afectan a nuestra vocaci\u00f3n de Hermanas de la Presentaci\u00f3n de Mar\u00eda, mientras nos esforzamos por vivir una configuraci\u00f3n permanente con Cristo y vivir nuestra misi\u00f3n en la Iglesia y en el mundo de hoy.<\/span><\/p>\n<p><span style=\"color: #003366;\">Juntas, con novenas especiales preparadas para la fiesta de la Presentaci\u00f3n de Mar\u00eda y la fiesta de Santa Mar\u00eda Rivier, \u00a1celebramos la alegr\u00eda de pertenecer a la Familia Espiritual de Santa Mar\u00eda Rivier!<\/span>[\/vc_column_text][\/vc_column_inner][vc_column_inner width=&#8221;1\/3&#8243;][vc_column_text]&nbsp;<\/p>\n<p><img loading=\"lazy\" decoding=\"async\" class=\"aligncenter wp-image-26536 \" src=\"https:\/\/soeurs-de-la-presentation-de-marie.org\/pom\/wp-content\/uploads\/2022\/02\/Marie-Rivier-18.jpg\" alt=\"\" width=\"402\" height=\"494\">[\/vc_column_text][\/vc_column_inner][\/vc_row_inner][\/vc_column][\/vc_row]<\/p>\n<\/div>","protected":false},"excerpt":{"rendered":"<p>[vc_row][vc_column][vc_custom_heading text=&#8221;&#8220;La alegr\u00eda del Evangelio llena los corazones y la vida de todos los que se encuentran con Jes\u00fas&#8230; Con Cristo, la alegr\u00eda renace constantemente. &#8220;&#8221; font_container=&#8221;tag:h2|font_size:31|text_align:center|color:%230078b5|line_height:1.6&#8243; google_fonts=&#8221;font_family:Esteban%3Aregular|font_style:400%20regular%3A400%3Anormal&#8221; css_animation=&#8221;slideInLeft&#8221;][vc_row_inner][vc_column_inner width=&#8221;2\/3&#8243;][vc_column_text]&nbsp; Estas palabras del Papa Francisco han encontrado un significado especial en la larga tradici\u00f3n de animaci\u00f3n espiritual de nuestra Congregaci\u00f3n. Nuestra Superiora general y su [&hellip;]<\/p>\n","protected":false},"author":6,"featured_media":0,"parent":0,"menu_order":0,"comment_status":"closed","ping_status":"closed","template":"","meta":{"ngg_post_thumbnail":0,"footnotes":""},"lang":"es","translations":{"es":29203},"pll_sync_post":[],"_links":{"self":[{"href":"https:\/\/soeurs-de-la-presentation-de-marie.org\/pom\/wp-json\/wp\/v2\/pages\/29203"}],"collection":[{"href":"https:\/\/soeurs-de-la-presentation-de-marie.org\/pom\/wp-json\/wp\/v2\/pages"}],"about":[{"href":"https:\/\/soeurs-de-la-presentation-de-marie.org\/pom\/wp-json\/wp\/v2\/types\/page"}],"author":[{"embeddable":true,"href":"https:\/\/soeurs-de-la-presentation-de-marie.org\/pom\/wp-json\/wp\/v2\/users\/6"}],"replies":[{"embeddable":true,"href":"https:\/\/soeurs-de-la-presentation-de-marie.org\/pom\/wp-json\/wp\/v2\/comments?post=29203"}],"version-history":[{"count":2,"href":"https:\/\/soeurs-de-la-presentation-de-marie.org\/pom\/wp-json\/wp\/v2\/pages\/29203\/revisions"}],"predecessor-version":[{"id":29205,"href":"https:\/\/soeurs-de-la-presentation-de-marie.org\/pom\/wp-json\/wp\/v2\/pages\/29203\/revisions\/29205"}],"wp:attachment":[{"href":"https:\/\/soeurs-de-la-presentation-de-marie.org\/pom\/wp-json\/wp\/v2\/media?parent=29203"}],"curies":[{"name":"wp","href":"https:\/\/api.w.org\/{rel}","templated":true}]}}