{"id":30213,"date":"2023-03-05T11:33:46","date_gmt":"2023-03-05T10:33:46","guid":{"rendered":"https:\/\/soeurs-de-la-presentation-de-marie.org\/pom\/?page_id=30213"},"modified":"2023-03-05T11:46:03","modified_gmt":"2023-03-05T10:46:03","slug":"encontro-internacional-2023","status":"publish","type":"page","link":"https:\/\/soeurs-de-la-presentation-de-marie.org\/pom\/encontro-internacional-2023\/","title":{"rendered":"Encontro Internacional 2023"},"content":{"rendered":"<div class=\"wpb-content-wrapper\"><p>[vc_row row_space=&#8221;remove_padding_bottom&#8221;][vc_column][vc_custom_heading text=&#8221;Leigos Consagrados&#8221; font_container=&#8221;tag:h2|font_size:55|text_align:center|color:%23588e00|line_height:1.5&#8243; google_fonts=&#8221;font_family:Courgette%3Aregular|font_style:400%20regular%3A400%3Anormal&#8221;][vc_custom_heading text=&#8221;Jesus: Luz do Mundo&#8221; font_container=&#8221;tag:h2|font_size:56|text_align:center|color:%23588e00|line_height:2.0&#8243; google_fonts=&#8221;font_family:Bilbo%3Aregular|font_style:400%20regular%3A400%3Anormal&#8221;][vc_row_inner][vc_column_inner width=&#8221;1\/6&#8243;][\/vc_column_inner][vc_column_inner width=&#8221;2\/3&#8243;][vc_column_text]<img loading=\"lazy\" decoding=\"async\" class=\"aligncenter wp-image-30140 size-large\" src=\"https:\/\/soeurs-de-la-presentation-de-marie.org\/pom\/wp-content\/uploads\/2023\/03\/FEAUTRE-1-1024x792.png\" alt=\"\" width=\"900\" height=\"696\">[\/vc_column_text][vc_custom_heading text=&#8221;Videoconfer\u00eancia ZOOM, 15-16 de Fevereiro&#8221; font_container=&#8221;tag:h2|font_size:46|text_align:center|color:%23659300&#8243; google_fonts=&#8221;font_family:Bilbo%3Aregular|font_style:400%20regular%3A400%3Anormal&#8221;][\/vc_column_inner][vc_column_inner width=&#8221;1\/6&#8243;][\/vc_column_inner][\/vc_row_inner][\/vc_column][\/vc_row][vc_row row_space=&#8221;remove_padding_top&#8221;][vc_column][vc_column_text]<span style=\"color: #003300;\">A reuni\u00e3o foi convocada e animada pelas Conselheiras Gerais, Irm\u00e3 Louise Beno\u00eet, Irm\u00e3 Hort\u00eancia Ubisse e Irm\u00e3 Kelly Connors.&nbsp;&nbsp; A Madre Maria dos Anjos Alves, Superiora Geral, que estava de visita ao Brasil, esteve presente com o seu cora\u00e7\u00e3o e ora\u00e7\u00f5es; delegou a Irm\u00e3 Charito Gorgonio, Assistente Geral, para endere\u00e7ar as palavras de boas-vindas.&nbsp; Os participantes dos seis grupos e as Irm\u00e3s acompanhantes eram dos Camar\u00f5es, Estados Unidos, Mo\u00e7ambique, Peru, Filipinas e Qu\u00e9bec.&nbsp;&nbsp;<\/span><\/p>\n<p>&nbsp;<\/p>\n<p><span style=\"color: #003300;\"><img loading=\"lazy\" decoding=\"async\" class=\"alignleft wp-image-30148 \" src=\"https:\/\/soeurs-de-la-presentation-de-marie.org\/pom\/wp-content\/uploads\/2023\/03\/candle.jpg\" alt=\"\" width=\"308\" height=\"189\">Reunimo-nos sob o tema, <strong>Jesus: Luz do Mundo<\/strong>.&nbsp; A ora\u00e7\u00e3o de abertura convidou-nos a acolher esta Luz para n\u00f3s e para o nosso mundo e a ser luz por nossa vez, atrav\u00e9s do amor que vivemos na nossa vida quotidiana.&nbsp; Primeiro, as pessoas apresentaram-se e falaram do seu apelo a tornar -se pessoas leigas consagradas.&nbsp; Alguns est\u00e3o em forma\u00e7\u00e3o e outros j\u00e1 s\u00e3o consagrados h\u00e1 v\u00e1rios anos.&nbsp; Todos foram un\u00e2nimes em expressar a sua gratid\u00e3o \u00e0s Irm\u00e3s da Apresenta\u00e7\u00e3o de Maria, que abriram a oportunidade de uma consagra\u00e7\u00e3o leiga em liga\u00e7\u00e3o com a Congrega\u00e7\u00e3o.&nbsp; Santa Maria Rivier est\u00e1 cada vez mais presente nas suas vidas e leva-as ao amor de Jesus Cristo e ao servi\u00e7o do seu pr\u00f3ximo.<\/span><\/p>\n<p><span style=\"color: #003300;\">Foi interessante ouvir a hist\u00f3ria de cada grupo.&nbsp; A primeira consagra\u00e7\u00e3o teve lugar nos Estados Unidos em 2007; os outros grupos foram sendo formados gradualmente depois.&nbsp;&nbsp; As pessoas ouvem este apelo quer dos Religiosos, quer das pessoas consagradas, quer da Associa\u00e7\u00e3o Marie Rivier. Hoje, temos a alegria de contar 22 pessoas consagradas e 18 em forma\u00e7\u00e3o.&nbsp; S\u00e3o propostas orienta\u00e7\u00f5es para a forma\u00e7\u00e3o inicial de dois anos; a forma\u00e7\u00e3o permanente \u00e9 deixada \u00e0 iniciativa dos acompanhantes em colabora\u00e7\u00e3o com os grupos que determinam o conte\u00fado e o funcionamento dos seus encontros.&nbsp; Temos visto uma bela diversidade, uma grande profundidade nestes encontros e um generoso compromisso de f\u00e9 em v\u00e1rios campos da vida e da pastoral.<\/span><\/p>\n<p>ngg_shortcode_0_placeholder<span style=\"color: #003300;\">Os futos do Esp\u00edrito aparecem nos relatos que estas pessoas d\u00e3o do seu caminho: alegria, f\u00e9, liberdade, unidade, acolhimento, solidariedade, toler\u00e2ncia, aten\u00e7\u00e3o aos jovens, \u00e0s pessoas necessitadas.&nbsp; Ouvimos falar do gosto pela ora\u00e7\u00e3o, pela adora\u00e7\u00e3o, pelos sacramentos e pela Palavra de Deus.&nbsp; Sentimos que a espiritualidade e o carisma de Santa Maria Rivier se est\u00e3o a desenvolver e aprofundar nas suas vidas.<\/span><\/p>\n<p>ngg_shortcode_1_placeholder<span style=\"color: #003300;\">O grupo teve o privil\u00e9gio de participar numa peregrina\u00e7\u00e3o virtual, seguindo os passos de Santa Maria Rivier.&nbsp; Um slide show bem preparado guiou-nos atrav\u00e9s da visita de Montpezat, Thueyts e Bourg Saint And\u00e9ol.&nbsp; Uma bela aventura e uma experi\u00eancia espiritual vivida com Santa Maria Rivier t\u00e3o perto de cada um e de todos.&nbsp; Sentimos a sua aud\u00e1cia, a sua humildade, o seu esp\u00edrito de ora\u00e7\u00e3o, a sua confian\u00e7a na Provid\u00eancia, seu amor de Jesus, Maria e Jos\u00e9.<\/span><\/p>\n<p><span style=\"color: #003300;\">No final deste encontro internacional, todos os cora\u00e7\u00f5es estavam cheios de alegria, gratid\u00e3o e entusiasmo. Conhecemo-nos melhor, partilhamos o melhor de n\u00f3s pr\u00f3prios, amamo-nos mais uns aos outros e permanecemos unidos em ora\u00e7\u00e3o. As pessoas sentem-se revigoradas e renovadas por toda esta partilha fraterna. Formamos uma bela fam\u00edlia espiritual e a nossa esperan\u00e7a \u00e9 grande para o futuro. Santa Maria Rivier quis ter mil vidas&#8230; para a gl\u00f3ria de Deus!<\/span>[\/vc_column_text][vc_row_inner][vc_column_inner width=&#8221;1\/2&#8243;][vc_column_text]<\/p>\n<h2 style=\"text-align: center;\"><a href=\"https:\/\/soeurs-de-la-presentation-de-marie.org\/pom\/wp-content\/uploads\/2023\/03\/P.P.-priere-15-fevrier-2023.pdf\">Pri\u00e8re 15 f\u00e9vrier 2023<\/a><\/h2>\n<p>[\/vc_column_text][\/vc_column_inner][vc_column_inner width=&#8221;1\/2&#8243;][vc_column_text]<\/p>\n<h2 style=\"text-align: center;\"><a href=\"https:\/\/soeurs-de-la-presentation-de-marie.org\/pom\/wp-content\/uploads\/2023\/03\/P.P.-priere-16-fevrier-2023.pdf\">Pri\u00e8re 16 f\u00e9vrier 2023<\/a><\/h2>\n<p>[\/vc_column_text][\/vc_column_inner][\/vc_row_inner][\/vc_column][\/vc_row]<\/p>\n<\/div>","protected":false},"excerpt":{"rendered":"<p>[vc_row row_space=&#8221;remove_padding_bottom&#8221;][vc_column][vc_custom_heading text=&#8221;Leigos Consagrados&#8221; font_container=&#8221;tag:h2|font_size:55|text_align:center|color:%23588e00|line_height:1.5&#8243; google_fonts=&#8221;font_family:Courgette%3Aregular|font_style:400%20regular%3A400%3Anormal&#8221;][vc_custom_heading text=&#8221;Jesus: Luz do Mundo&#8221; font_container=&#8221;tag:h2|font_size:56|text_align:center|color:%23588e00|line_height:2.0&#8243; google_fonts=&#8221;font_family:Bilbo%3Aregular|font_style:400%20regular%3A400%3Anormal&#8221;][vc_row_inner][vc_column_inner width=&#8221;1\/6&#8243;][\/vc_column_inner][vc_column_inner width=&#8221;2\/3&#8243;][vc_column_text][\/vc_column_text][vc_custom_heading text=&#8221;Videoconfer\u00eancia ZOOM, 15-16 de Fevereiro&#8221; font_container=&#8221;tag:h2|font_size:46|text_align:center|color:%23659300&#8243; google_fonts=&#8221;font_family:Bilbo%3Aregular|font_style:400%20regular%3A400%3Anormal&#8221;][\/vc_column_inner][vc_column_inner width=&#8221;1\/6&#8243;][\/vc_column_inner][\/vc_row_inner][\/vc_column][\/vc_row][vc_row row_space=&#8221;remove_padding_top&#8221;][vc_column][vc_column_text]A reuni\u00e3o foi convocada e animada pelas Conselheiras Gerais, Irm\u00e3 Louise Beno\u00eet, Irm\u00e3 Hort\u00eancia Ubisse e Irm\u00e3 Kelly Connors.&nbsp;&nbsp; A Madre Maria dos Anjos Alves, Superiora Geral, que estava de visita ao Brasil, [&hellip;]<\/p>\n","protected":false},"author":6,"featured_media":0,"parent":0,"menu_order":0,"comment_status":"closed","ping_status":"closed","template":"","meta":{"ngg_post_thumbnail":0,"footnotes":""},"lang":"pt","translations":{"pt":30213},"pll_sync_post":[],"_links":{"self":[{"href":"https:\/\/soeurs-de-la-presentation-de-marie.org\/pom\/wp-json\/wp\/v2\/pages\/30213"}],"collection":[{"href":"https:\/\/soeurs-de-la-presentation-de-marie.org\/pom\/wp-json\/wp\/v2\/pages"}],"about":[{"href":"https:\/\/soeurs-de-la-presentation-de-marie.org\/pom\/wp-json\/wp\/v2\/types\/page"}],"author":[{"embeddable":true,"href":"https:\/\/soeurs-de-la-presentation-de-marie.org\/pom\/wp-json\/wp\/v2\/users\/6"}],"replies":[{"embeddable":true,"href":"https:\/\/soeurs-de-la-presentation-de-marie.org\/pom\/wp-json\/wp\/v2\/comments?post=30213"}],"version-history":[{"count":8,"href":"https:\/\/soeurs-de-la-presentation-de-marie.org\/pom\/wp-json\/wp\/v2\/pages\/30213\/revisions"}],"predecessor-version":[{"id":30220,"href":"https:\/\/soeurs-de-la-presentation-de-marie.org\/pom\/wp-json\/wp\/v2\/pages\/30213\/revisions\/30220"}],"wp:attachment":[{"href":"https:\/\/soeurs-de-la-presentation-de-marie.org\/pom\/wp-json\/wp\/v2\/media?parent=30213"}],"curies":[{"name":"wp","href":"https:\/\/api.w.org\/{rel}","templated":true}]}}