{"id":30734,"date":"2023-04-28T13:58:14","date_gmt":"2023-04-28T11:58:14","guid":{"rendered":"https:\/\/soeurs-de-la-presentation-de-marie.org\/pom\/?page_id=30734"},"modified":"2023-04-28T14:53:41","modified_gmt":"2023-04-28T12:53:41","slug":"provincia-de-mocambique","status":"publish","type":"page","link":"https:\/\/soeurs-de-la-presentation-de-marie.org\/pom\/provincia-de-mocambique\/","title":{"rendered":"PROVINCIA de MO\u00c7AMBIQUE"},"content":{"rendered":"<div class=\"wpb-content-wrapper\"><p>[vc_row row_space=&#8221;remove_padding_bottom&#8221;][vc_column][vc_custom_heading text=&#8221;HIST\u00d3RIA&#8221; font_container=&#8221;tag:h2|font_size:48|text_align:center|color:%230065b2&#8243; google_fonts=&#8221;font_family:Andada%3Aregular|font_style:400%20regular%3A400%3Anormal&#8221; css_animation=&#8221;fadeIn&#8221;][vc_column_text]&nbsp;<\/p>\n<p>&nbsp;<\/p>\n<p><span style=\"color: #003366;\">As primeiras mission\u00e1rias, chegaram \u00e0 Mo\u00e7ambique, a 30 de Outubro de 1941, no Pontificado do Papa Pio XII, a pedido de D. Teod\u00f3sio Clemente de Gouveia, Arcebispo de Maputo, concretizando a profecia de Ana Maria Rivier: <\/span><\/p>\n<p style=\"text-align: center;\"><strong><span style=\"color: #003366;\">\u201cAs minhas filhas atravessar\u00e3o os mares!\u201d&nbsp;<\/span><\/strong><\/p>\n<p>[\/vc_column_text][vc_row_inner][vc_column_inner width=&#8221;1\/4&#8243;][vc_empty_space height=&#8221;50px&#8221;][gva_image_content background=&#8221;22819&#8243;][\/gva_image_content][\/vc_column_inner][vc_column_inner width=&#8221;3\/4&#8243;][vc_column_text]&nbsp;<\/p>\n<p>&nbsp;<\/p>\n<p><span style=\"color: #003366;\">A Madre Trindade, as Irm\u00e3s do Cora\u00e7\u00e3o de Jesus, Maria da Eucaristia, Maria S.Guy, Maria L\u00eddia, Maria Benigna, Maria de S. Roberto e Maria Auxiliadora, foram as protagonistas do primeiro envio mission\u00e1rio, de Portugal para Mo\u00e7ambique.<\/span><\/p>\n<p><span style=\"color: #003366;\">Desde 1941 at\u00e9 ao presente, o Noviciado esteve, sucessivamente, em Magude, em Namaacha, no Col\u00e9gio D. Ant\u00f3nio Barroso, no Anchilo, na Machava, no Benfica, na Av. 24 de Julho, Casa Provincial e actualmente em Laulane. As Mestras de forma\u00e7\u00e3o foram as Irm\u00e3s: Saint Guy, Du Sacre Coeur, Isabel Grachane, Teresa Carvalho e Joana Agostinho. Foi inaugurado a 01 de Outubro de 1952, encerrou e reabriu em 1987, em 1989 foi aben\u00e7oado e fixado em Laulane.<\/span><\/p>\n<p><span style=\"color: #003366;\">De 1943 \u00e0 1948, a presen\u00e7a foi na Miss\u00e3o de N<sup>a<\/sup>&nbsp;Senhora da Concei\u00e7\u00e3o, actual Catedral do Maputo. Depois, os alunos foram integrados nas escolas das miss\u00f5es. \u201c&#8230;A escola permanece, para n\u00f3s, um meio particularmente favor\u00e1vel \u00e0 educa\u00e7\u00e3o da Juventude e, o ensino \u00e9 a principal tarefa apost\u00f3lica do nosso Instituto.\u201d D-47b<\/span><\/p>\n<p>&nbsp;[\/vc_column_text][\/vc_column_inner][\/vc_row_inner][\/vc_column][\/vc_row][vc_row row_space=&#8221;remove_padding_bottom&#8221;][vc_column width=&#8221;1\/4&#8243;][gva_image_content background=&#8221;30743&#8243;][\/gva_image_content][gva_image_content background=&#8221;30747&#8243;][\/gva_image_content][\/vc_column][vc_column width=&#8221;3\/4&#8243;][vc_column_text]&nbsp;<\/p>\n<p><span style=\"color: #003366;\">De 1945 \u00e0 1951\/1979, na Namaacha, as Irm\u00e3s dedicaram-se \u00e0 Escola, ao Col\u00e9gio, Noviciado, \u00e0 Catequese, \u00e0s fam\u00edlias. Nacionalizadas, as obras tomaram outra orienta\u00e7\u00e3o.<\/span><\/p>\n<p><span style=\"color: #003366;\">De 1963 \u00e0 2000, a Miss\u00e3o foi realizada na Machava e fechou para abrir Quissico. Em 1964, fundou-se a Escola Normal de Magude, de 1964 \u00e0 1967 a Miss\u00e3o do Anchilo e de 1967 \u00e0 2020 a de Corrane.<\/span><\/p>\n<p><span style=\"color: #003366;\">Em 1948 as Irm\u00e3s, em Magude, ocuparam-se da Escola Paroquial, do Semin\u00e1rio menor, dispens\u00e1rio e das Capelas. Com as nacionaliza\u00e7\u00f5es, a Miss\u00e3o se complicou. Em Mar\u00e7o de 1989, o rapto de 4 Irm\u00e3s, levou ao encerramento provis\u00f3rio da casa, pouco depois, as actividades da pastoral e do ensino foram melhorando at\u00e9 ao presente.<\/span>[\/vc_column_text][\/vc_column][\/vc_row][vc_row row_space=&#8221;remove_padding_top&#8221;][vc_column][vc_column_text]<\/p>\nngg_shortcode_0_placeholder\n<p><span style=\"color: #003366;\"><strong>De 1964 \u00e0 1974<\/strong>, as Irm\u00e3s se ocuparam da Escola de Habilita\u00e7\u00e3o de Professores de <strong>S.Pedro, em Nampula<\/strong>. Passaram a viver no bairro, junto \u00e0 comunidade de S. Maria, onde se ocuparam do Semin\u00e1rio M\u00e9dio Interdiocesano, da forma\u00e7\u00e3o de Catequistas, Pastoral juvenil, do Centro Vocacional e do Ensino.<\/span><\/p>\n<p><span style=\"color: #003366;\">De 1964 \u00e0 1967 a AM se ocupa do Centro Catequ\u00e9tico do Anchilo. E em 1971 dos leprosos na Nama\u00edta.<\/span>[\/vc_column_text][vc_column_text]<span style=\"color: #000080;\"><strong>Associa\u00e7\u00e3o Maria Rivier&nbsp;<\/strong><\/span><\/p>\n<p><span style=\"color: #003366;\">Em 1982 surgiu Associa\u00e7\u00e3o Maria Rivier que orientada pelas irm\u00e3s e colaboram no an\u00fancio de Jesus Cristo.<\/span>[\/vc_column_text][vc_row_inner][vc_column_inner width=&#8221;1\/2&#8243;][gva_image_content background=&#8221;30789&#8243;][\/gva_image_content][\/vc_column_inner][vc_column_inner width=&#8221;1\/2&#8243;][gva_image_content background=&#8221;30762&#8243;][\/gva_image_content][\/vc_column_inner][\/vc_row_inner][\/vc_column][\/vc_row][vc_row row_space=&#8221;remove_padding_top&#8221;][vc_column][vc_column_text]<span style=\"color: #003366;\">De&nbsp; 1987&nbsp; \u00e0 1991, as Irm\u00e3s rumaram para o Li\u00fapo, optando pelos pobres no servi\u00e7o da Evangeliza\u00e7\u00e3o, promo\u00e7\u00e3o, pastoral vocacional e Servi\u00e7o de sa\u00fade. A&nbsp; miss\u00e3o encerrrou devido ao agravamento da guerra.<\/span><\/p>\n<p><span style=\"color: #003366;\">De 1967 \u00e0 2020, para responder ao apelo dos mais pobres, as Irm\u00e3s exerceram o seu Zelo Apost\u00f3lico em Corrane: no ensino, na Catequese, assist\u00eancia das comunidades crist\u00e3s, costura, visita \u00e0s fam\u00edlias, reuni\u00f5es das m\u00e3es e educa\u00e7\u00e3o da juventude. Somos constantemente solicitadas para a evangeliza\u00e7\u00e3o e o ensino. A<\/span><\/p>\n<p><span style=\"color: #003366;\"> Catequese sempre foi e ser\u00e1 uma prioridade nos nossos compromissos apost\u00f3licos&#8230;<\/span><\/p>\n<p><span style=\"color: #003366;\">O crescimento da AM em Mo\u00e7ambique foi quebrado pela Revolu\u00e7\u00e3o. De 1975 \u00e0 1978 foi um per\u00edodo dif\u00edcil para a evangeliza\u00e7\u00e3o e para o ensino. Aos poucos o medo e a desorienta\u00e7\u00e3o foram vencidos. A presen\u00e7a da Irm\u00e3s foi testemunho para as Comunidades crist\u00e3s. Os n\u00facleos agruparam fam\u00edlias reunindo-se, semanalmente e rotativamente. Eram e ainda s\u00e3o encontros &nbsp;volta da Palavra, em ora\u00e7\u00e3o e Partilha, fatores de vitalidade para a Igreja em Mo\u00e7ambique.<\/span><\/p>\n<p><span style=\"color: #003366;\">Para melhor compreender a situa\u00e7\u00e3o actual da AM, \u00e9 necess\u00e1ria a refer\u00eancia \u00e0 Revolu\u00e7\u00e3o Portuguesas do 25 de Abril de 1974 e \u00e0 Independ\u00eancia de Mo\u00e7ambique a 25 de Junho de 1975. Dois per\u00edodos dif\u00edceis, a maior parte dos portugueses, deixou o Pa\u00eds. Os dois col\u00e9gios fecharam. Um bom n\u00famero de Irm\u00e3s regressou \u00e0 Portugal, v\u00e1rias Irm\u00e3s mo\u00e7ambicanas deixaram a Congrega\u00e7\u00e3o.<\/span><\/p>\n<p><span style=\"color: #003366;\">A 19 de Julho de 1975, na Revolu\u00e7\u00e3o, a pedido do Padre Jo\u00e3o Romano, fez-se a funda\u00e7\u00e3o, do Benfica. As 3 Irm\u00e3s que iniciaram a obra, dedicaram-se \u00e0 Evangeliza\u00e7\u00e3o. Mais tarde, surgiram a escolinha e a escola paroquiais.<\/span><\/p>\n<p><span style=\"color: #003366;\">A Comunidade do Quissico surgiu em 2001, para a funda\u00e7\u00e3o de um lar de raparigas, em 2010, em resposta ao pedido de D. Alberto Setela, Bispo de Inhembane, antigo aluno das Irm\u00e3s da AM, em Magude.<\/span><\/p>\n<p><span style=\"color: #003366;\">As Irm\u00e3s se dedicam \u00e0 catequese, forma\u00e7\u00e3o, liturgia, \u00e0s comunidades e ao ensino. Neste tempo de pandemia, continuam a sua presen\u00e7a silenciosa, participando no estudo das leituras e nas missas dominicais atrav\u00e9s da r\u00e1dio comunit\u00e1ria<\/span><\/p>\n<p><span style=\"color: #003366;\">A 19 de Julho de 1975, na Revolu\u00e7\u00e3o, a pedido do Padre Jo\u00e3o Romano, fez-se a funda\u00e7\u00e3o, do Benfica. As 3 irm\u00e3s que iniciaram a obra, dedicaram-se \u00e0 Evangeliza\u00e7\u00e3o. Mais tarde, surgiram a escolinha e a escola paroquiais.<\/span><\/p>\n<p><span style=\"color: #003366;\">A Comunidade de Nacala fundou-se em 2007. As Irm\u00e3s, dedicam-se \u00e0 Evangeliza\u00e7\u00e3o, visitam as fam\u00edlias e fazem pastoral junto aos deslocados dos ataques de Cabo Delgado, dedicam-se ao Ensino de crian\u00e7as e adolescentes.<\/span>[\/vc_column_text][\/vc_column][\/vc_row][vc_row row_space=&#8221;remove_padding_top&#8221;][vc_column][vc_custom_heading text=&#8221;HOJE&#8221; font_container=&#8221;tag:h2|font_size:48|text_align:center|color:%230065b2&#8243; google_fonts=&#8221;font_family:Andada%3Aregular|font_style:400%20regular%3A400%3Anormal&#8221; css_animation=&#8221;fadeIn&#8221;][vc_custom_heading text=&#8221;A pastoral vocacional \u00e9 uma Prioridade&#8221; font_container=&#8221;tag:h2|font_size:40|text_align:center|color:%23007cb2&#8243; google_fonts=&#8221;font_family:Bilbo%3Aregular|font_style:400%20regular%3A400%3Anormal&#8221;][vc_column_text]<span style=\"color: #003366;\">A pastoral vocacional \u00e9 uma Prioridade nos nossos compromissos apost\u00f3licos e cada Irm\u00e3 \u00e9 uma animadora vocacional.<\/span><\/p>\n<p><span style=\"color: #003366;\">Actualmente estamos em sete comunidades, Nacala, Nampula, Quissico, Magude, Benfica, Laulane (noviciado) e Maputo (casa provincial). Continuamos com actividades j\u00e1 iniciadas tendo em conta o nosso mundo de viol\u00eancia e sofrimento, ataques terroristas, inseguran\u00e7as, que se tornam um desafio para n\u00f3s.<\/span><\/p>\n<p><span style=\"color: #003366;\">Para al\u00e9m das nossas escolas colaboramos tamb\u00e9m nas outras institui\u00e7\u00f5es de ensino, temos o lar das meninas, Mateus 25 e junto aos deslocados das guerras que afluem as cidades.<\/span><\/p>\n<p><span style=\"color: #003366;\">Mais do que nunca, sentimos como \u00e9 importante sermos transmissores de Esperan\u00e7a, de alegria, Serenidade e Paz; sermos presen\u00e7a e testemunhas da Miseric\u00f3rdia de Deus; sermos anunciadoras de Jesus Cristo, conforme o nosso carisma.<\/span><\/p>\n<p><span style=\"color: #003366;\">Somos poucas Irm\u00e3s. As nossas jovens est\u00e3o ainda em forma\u00e7\u00e3o e, as que v\u00e3o saindo do Noviciado s\u00e3o em n\u00famero reduzido\u2026<\/span><\/p>\n<p><span style=\"color: #003366;\">Sentimos imenso esta limita\u00e7\u00e3o em pessoal dispon\u00edvel, limita\u00e7\u00e3o que nos impede de responder afirmativamente e de imediato a todas estas solicita\u00e7\u00f5es.<\/span>[\/vc_column_text][vc_custom_heading text=&#8221;O Noviciado&#8221; font_container=&#8221;tag:h2|font_size:24|text_align:left|color:%23007cb2&#8243; google_fonts=&#8221;font_family:Andada%3Aregular|font_style:400%20regular%3A400%3Anormal&#8221;][vc_row_inner][vc_column_inner width=&#8221;2\/3&#8243;][vc_column_text]&nbsp;<\/p>\n<p><span style=\"color: #003366;\">Desde 1941 at\u00e9 ao presente, o Noviciado esteve, sucessivamente, em Magude, na Namaacha, no Col\u00e9gio D. Ant\u00f3nio Barroso, Anchilo, na Machava, no Benfica, na Av. 24 de Julho, Casa Provincial e em Laulane. As Mestras de forma\u00e7\u00e3o foram as Irm\u00e3s: Saint Guy,&nbsp; Du Sacre Coeur, Isabel Grachane, Teresa Carvalho e Joana Agostinho. Foi inaugurado a 01 de Outubro de 1952, encerrou e reabriu em 1987, em 1989 foi aben\u00e7oado e fixado em Laulane.<\/span>[\/vc_column_text][\/vc_column_inner][vc_column_inner width=&#8221;1\/3&#8243;][gva_image_content background=&#8221;30778&#8243;][\/gva_image_content][\/vc_column_inner][\/vc_row_inner][vc_column_text]<\/p>\n<p>ngg_shortcode_1_placeholder[\/vc_column_text][vc_custom_heading text=&#8221;A Pastoral Vocacional&#8221; font_container=&#8221;tag:h2|font_size:24|text_align:left|color:%23007cb2&#8243; google_fonts=&#8221;font_family:Andada%3Aregular|font_style:400%20regular%3A400%3Anormal&#8221;][vc_column_text]<span style=\"color: #003366;\">\u00c9 uma Prioridade nos nossos compromissos apost\u00f3licos&nbsp;<\/span><span style=\"color: #003366;\">e cada Irm\u00e3 \u00e9 uma animadora vocacional!<\/span>[\/vc_column_text][vc_column_text]<\/p>\n<p>ngg_shortcode_2_placeholder[\/vc_column_text][vc_custom_heading text=&#8221;A Casa Provincial&#8221; font_container=&#8221;tag:h2|font_size:24|text_align:left|color:%23007cb2&#8243; google_fonts=&#8221;font_family:Andada%3Aregular|font_style:400%20regular%3A400%3Anormal&#8221;][vc_column_text]<span style=\"color: #003366;\">Desde os come\u00e7os, esteve no Col\u00e9gio D. Ant\u00f3nio Barroso, na Av. Armando Tivane e, pela gra\u00e7a de Deus, no quadro das devolu\u00e7\u00f5es dos bens da Igreja, voltou \u00e0 casa constru\u00edda pelas primeiras Irm\u00e3s, no antigo Col\u00e9gio D. Ant\u00f3nio Barroso, na Av. Eduardo Mondlane!<\/span><\/p>\nngg_shortcode_3_placeholder\n<h2 style=\"text-align: center;\"><span style=\"color: #000080;\">Que a Comunh\u00c3o seja uma Realidade!<\/span><\/h2>\n<p>[\/vc_column_text][\/vc_column][\/vc_row]<\/p>\n<\/div>","protected":false},"excerpt":{"rendered":"<p>[vc_row row_space=&#8221;remove_padding_bottom&#8221;][vc_column][vc_custom_heading text=&#8221;HIST\u00d3RIA&#8221; font_container=&#8221;tag:h2|font_size:48|text_align:center|color:%230065b2&#8243; google_fonts=&#8221;font_family:Andada%3Aregular|font_style:400%20regular%3A400%3Anormal&#8221; css_animation=&#8221;fadeIn&#8221;][vc_column_text]&nbsp; &nbsp; As primeiras mission\u00e1rias, chegaram \u00e0 Mo\u00e7ambique, a 30 de Outubro de 1941, no Pontificado do Papa Pio XII, a pedido de D. Teod\u00f3sio Clemente de Gouveia, Arcebispo de Maputo, concretizando a profecia de Ana Maria Rivier: \u201cAs minhas filhas atravessar\u00e3o os mares!\u201d&nbsp; [\/vc_column_text][vc_row_inner][vc_column_inner width=&#8221;1\/4&#8243;][vc_empty_space height=&#8221;50px&#8221;][gva_image_content background=&#8221;22819&#8243;][\/gva_image_content][\/vc_column_inner][vc_column_inner width=&#8221;3\/4&#8243;][vc_column_text]&nbsp; &nbsp; [&hellip;]<\/p>\n","protected":false},"author":6,"featured_media":0,"parent":0,"menu_order":0,"comment_status":"closed","ping_status":"closed","template":"","meta":{"ngg_post_thumbnail":0,"footnotes":""},"lang":"pt","translations":{"pt":30734},"pll_sync_post":[],"_links":{"self":[{"href":"https:\/\/soeurs-de-la-presentation-de-marie.org\/pom\/wp-json\/wp\/v2\/pages\/30734"}],"collection":[{"href":"https:\/\/soeurs-de-la-presentation-de-marie.org\/pom\/wp-json\/wp\/v2\/pages"}],"about":[{"href":"https:\/\/soeurs-de-la-presentation-de-marie.org\/pom\/wp-json\/wp\/v2\/types\/page"}],"author":[{"embeddable":true,"href":"https:\/\/soeurs-de-la-presentation-de-marie.org\/pom\/wp-json\/wp\/v2\/users\/6"}],"replies":[{"embeddable":true,"href":"https:\/\/soeurs-de-la-presentation-de-marie.org\/pom\/wp-json\/wp\/v2\/comments?post=30734"}],"version-history":[{"count":28,"href":"https:\/\/soeurs-de-la-presentation-de-marie.org\/pom\/wp-json\/wp\/v2\/pages\/30734\/revisions"}],"predecessor-version":[{"id":30809,"href":"https:\/\/soeurs-de-la-presentation-de-marie.org\/pom\/wp-json\/wp\/v2\/pages\/30734\/revisions\/30809"}],"wp:attachment":[{"href":"https:\/\/soeurs-de-la-presentation-de-marie.org\/pom\/wp-json\/wp\/v2\/media?parent=30734"}],"curies":[{"name":"wp","href":"https:\/\/api.w.org\/{rel}","templated":true}]}}