{"id":32537,"date":"2023-08-22T16:07:57","date_gmt":"2023-08-22T14:07:57","guid":{"rendered":"https:\/\/soeurs-de-la-presentation-de-marie.org\/pom\/?page_id=32537"},"modified":"2023-08-24T11:25:56","modified_gmt":"2023-08-24T09:25:56","slug":"32537","status":"publish","type":"page","link":"https:\/\/soeurs-de-la-presentation-de-marie.org\/pom\/32537\/","title":{"rendered":"Delegadas, Convidadas, Suplentes"},"content":{"rendered":"<div class=\"wpb-content-wrapper\"><p>[vc_row][vc_column width=&#8221;2\/3&#8243;][vc_hoverbox image=&#8221;32431&#8243; primary_title=&#8221;&#8221; primary_align=&#8221;left&#8221; hover_title=&#8221;Prince Albert&#8221; el_width=&#8221;70&#8243; align=&#8221;left&#8221;][\/vc_hoverbox][\/vc_column][vc_column width=&#8221;1\/3&#8243;][vc_column_text]<strong>Prince Albert<br \/>\n<\/strong><span style=\"color: #003300;\">S. Mary Woodward<br \/>\n<\/span><span style=\"color: #003300;\">S. Viviane Gareau<br \/>\n<\/span><span style=\"color: #003300;\">S. April Mireau&nbsp;<\/span><\/p>\n<div><span style=\"color: #003300;\"><strong><em>Suplentes<\/em><\/strong><\/span><\/div>\n<div><span style=\"color: #003300;\">S. Chantelle Bonk<\/span><\/div>\n<div><span style=\"color: #003300;\">S. R\u00e9Anne Letourneau<\/span><\/div>\n<div>&nbsp;<\/div>\n<p>[\/vc_column_text][\/vc_column][\/vc_row][vc_row][vc_column width=&#8221;2\/3&#8243;][vc_hoverbox image=&#8221;32438&#8243; primary_title=&#8221;&#8221; hover_title=&#8221;&#8221; el_width=&#8221;70&#8243; align=&#8221;left&#8221;][\/vc_hoverbox][vc_empty_space height=&#8221;75px&#8221;][\/vc_column][vc_column width=&#8221;1\/3&#8243;][vc_column_text]<strong>Qu\u00e9bec<br \/>\n<\/strong><span style=\"color: #003300;\">S. Ang\u00e8le Dion<br \/>\n<\/span><span style=\"color: #003300;\">S. Sylvie Dubois<br \/>\n<\/span><span style=\"color: #003300;\">S. Danielle Duplessis<br \/>\n<\/span><span style=\"color: #003300;\">S. Gis\u00e8le Patenaude<br \/>\n<\/span><span style=\"color: #003300;\">S. Francine Babin<\/span><\/p>\n<div><span style=\"color: #003300;\"><strong><em>Suplentes<\/em><\/strong><\/span><\/div>\n<div><span style=\"color: #003300;\">S. Marie-Marthe Laram\u00e9e<\/span><\/div>\n<div><span style=\"color: #003300;\">S. Germaine Lapierre<\/span><\/div>\n<div>&nbsp;<\/div>\n<p>[\/vc_column_text][\/vc_column][\/vc_row][vc_row][vc_column width=&#8221;2\/3&#8243;][vc_hoverbox image=&#8221;32448&#8243; primary_title=&#8221;&#8221; hover_title=&#8221;&#8221; el_width=&#8221;70&#8243; align=&#8221;left&#8221;][\/vc_hoverbox][vc_empty_space height=&#8221;75px&#8221;][\/vc_column][vc_column width=&#8221;1\/3&#8243;][vc_column_text]<\/p>\n<div><span style=\"color: #003300;\"><strong>Espagna<\/strong><br \/>\nS. Mar\u00eda Teresa Fern\u00e1ndez<\/span><\/div>\n<div><span style=\"color: #003300;\">S. Mar\u00eda Soledad S\u00e1ez de Ibarra<\/span><\/div>\n<div><span style=\"color: #003300;\">S. Mar\u00eda del Mar Fern\u00e1ndez<\/span><\/div>\n<div>&nbsp;<\/div>\n<div><span style=\"color: #003300;\"><strong><em>Suplentes<\/em><\/strong><\/span><\/div>\n<div><span style=\"color: #003300;\">S. Juana Guzm\u00e1n<\/span><\/div>\n<div><span style=\"color: #003300;\">S. Mar\u00eda Nieves Rabanedo<\/span><\/div>\n<p>[\/vc_column_text][\/vc_column][\/vc_row][vc_row][vc_column width=&#8221;2\/3&#8243;][vc_hoverbox image=&#8221;32475&#8243; primary_title=&#8221;&#8221; hover_title=&#8221;&#8221; el_width=&#8221;70&#8243; align=&#8221;left&#8221;][\/vc_hoverbox][\/vc_column][vc_column width=&#8221;1\/3&#8243;][vc_column_text]<strong>Estados Unidos<\/strong>&nbsp;<span style=\"color: #003300;\"><strong><br \/>\n<\/strong><\/span><span style=\"color: #003300;\">S. Helene Cote<br \/>\n<\/span><span style=\"color: #003300;\">S. Maria Rosa<br \/>\n<\/span><span style=\"color: #003300;\">S. Holly Gauthier<br \/>\n<\/span><span style=\"color: #003300;\">S. Diane Dube<br \/>\n<\/span><span style=\"color: #003300;\">S. Lorraine Aucoin<\/span><\/p>\n<div><span style=\"color: #003300;\"><strong><em>Suplentes<\/em><\/strong><\/span><\/div>\n<div><span style=\"color: #003300;\">S. Alice McAtee<\/span><\/div>\n<div><span style=\"color: #003300;\">S. Lucy Veilleux<\/span><\/div>\n<div>&nbsp;<\/div>\n<p>[\/vc_column_text][\/vc_column][\/vc_row][vc_row][vc_column width=&#8221;2\/3&#8243;][vc_hoverbox image=&#8221;32480&#8243; primary_title=&#8221;&#8221; hover_title=&#8221;&#8221; el_width=&#8221;70&#8243; align=&#8221;left&#8221;][\/vc_hoverbox][\/vc_column][vc_column width=&#8221;1\/3&#8243;][vc_column_text]<span style=\"color: #003300;\"><strong>Fran\u00e7a<br \/>\n<\/strong><\/span><span style=\"color: #003300;\">S. Jane Wilkinson<br \/>\n<\/span><span style=\"color: #003300;\">S. Marine Jean<br \/>\n<\/span><span style=\"color: #003300;\">S. Monique Charre<br \/>\n<\/span><span style=\"color: #003300;\">S. Catherine Marchisio<\/span><\/p>\n<div><span style=\"color: #003300;\"><strong><em>Suplentes<\/em><\/strong><\/span><\/div>\n<div><span style=\"color: #003300;\">S. Viviane Charpentier<\/span><\/div>\n<div><span style=\"color: #003300;\">S. Th\u00e9r\u00e8se Moracchini<\/span><\/div>\n<p>[\/vc_column_text][\/vc_column][\/vc_row][vc_row][vc_column width=&#8221;2\/3&#8243;][vc_hoverbox image=&#8221;32484&#8243; primary_title=&#8221;&#8221; hover_title=&#8221;&#8221; el_width=&#8221;70&#8243; align=&#8221;left&#8221;][\/vc_hoverbox][\/vc_column][vc_column width=&#8221;1\/3&#8243;][vc_column_text]<span style=\"color: #003300;\"><strong>Portugal&nbsp;<br \/>\n<\/strong><\/span><span style=\"color: #003300;\">S. Maria Fernanda da Mata Pereira<br \/>\n<\/span><span style=\"color: #003300;\">S. Carla Ferreira Barbosa&nbsp;<br \/>\n<\/span><span style=\"color: #003300;\">S. Maria Jos\u00e9 Ascens\u00e3o Faria<br \/>\n<\/span><span style=\"color: #003300;\">S. Rita da Gra\u00e7a R. Pestana<\/span><\/p>\n<div><span style=\"color: #003300;\"><strong><em>Suplentes<\/em><\/strong><\/span><\/div>\n<div><span style=\"color: #003300;\">S. Elodie Rodrigues Filipe<\/span><\/div>\n<div><span style=\"color: #003300;\">S. Maria da Concei\u00e7\u00e3o G. Malho<\/span><\/div>\n<p>[\/vc_column_text][\/vc_column][\/vc_row][vc_row][vc_column width=&#8221;2\/3&#8243;][vc_hoverbox image=&#8221;32488&#8243; primary_title=&#8221;&#8221; hover_title=&#8221;&#8221; el_width=&#8221;70&#8243; align=&#8221;left&#8221;][\/vc_hoverbox][\/vc_column][vc_column width=&#8221;1\/3&#8243;][vc_column_text]<span style=\"color: #003300;\"><strong>Senegal<br \/>\n<\/strong><\/span><span style=\"color: #003300;\">S. Louise Dioh<br \/>\n<\/span><span style=\"color: #003300;\">S. Marie Mberry Diatta<br \/>\n<\/span><span style=\"color: #003300;\">S. Yvonne Tavar\u00e8s<br \/>\n<\/span><span style=\"color: #003300;\">S. Marie No\u00ebl Di\u00e9m\u00e9<br \/>\n<\/span><span style=\"color: #003300;\">S. Sabine Daba Diouf<br \/>\n<\/span><span style=\"color: #003300;\">S. Madeleine Madoup\u00e9 Sambou<\/span><\/p>\n<div>\n<div><span style=\"color: #003300;\"><strong><em>Suplentes<\/em><\/strong><\/span><\/div>\n<div><span style=\"color: #003300;\">S. Rose Berthe Coly<\/span><\/div>\n<div><span style=\"color: #003300;\">S. Rose Sagna<\/span><\/div>\n<div>&nbsp;<\/div>\n<\/div>\n<p>[\/vc_column_text][\/vc_column][\/vc_row][vc_row][vc_column width=&#8221;2\/3&#8243;][vc_hoverbox image=&#8221;32492&#8243; primary_title=&#8221;&#8221; hover_title=&#8221;&#8221; el_width=&#8221;70&#8243; align=&#8221;left&#8221;][\/vc_hoverbox][\/vc_column][vc_column width=&#8221;1\/3&#8243;][vc_column_text]<span style=\"color: #003300;\"><strong>Filipinas<br \/>\n<\/strong><\/span><span style=\"color: #003300;\">S. Samuelita Enriquez<br \/>\n<\/span><span style=\"color: #003300;\">S. Gina Mae Campugan<br \/>\n<\/span><span style=\"color: #003300;\">S. Edel Gula<br \/>\n<\/span><span style=\"color: #003300;\">S. Cherie Eloisa Garrote<br \/>\n<\/span><span style=\"color: #003300;\">S. Stephanie Gimena<br \/>\n<\/span><span style=\"color: #003300;\">S. Zosima Escolano<\/span><\/p>\n<div><span style=\"color: #003300;\"><strong><em>Suplentes<\/em><\/strong><\/span><\/div>\n<div><span style=\"color: #003300;\">S. Janet Pilapil<\/span><\/div>\n<div><span style=\"color: #003300;\">S. Anna Mae Sonsona<\/span><\/div>\n<div>&nbsp;<\/div>\n<p>[\/vc_column_text][\/vc_column][\/vc_row][vc_row][vc_column width=&#8221;2\/3&#8243;][vc_hoverbox image=&#8221;32500&#8243; primary_title=&#8221;&#8221; hover_title=&#8221;&#8221; el_width=&#8221;70&#8243; align=&#8221;left&#8221;][\/vc_hoverbox][\/vc_column][vc_column width=&#8221;1\/3&#8243;][vc_column_text]<span style=\"color: #003300;\"><strong>Mo\u00e7ambique<br \/>\n<\/strong><\/span><span style=\"color: #003300;\">S. Teresa Carolina de Carvalho&nbsp;<br \/>\n<\/span><span style=\"color: #003300;\">S. Joana Agostinho<br \/>\n<\/span><span style=\"color: #003300;\">S. Iva Clara Tumbane<\/span><\/p>\n<div><span style=\"color: #003300;\"><strong><em>Suplentes<\/em><\/strong><\/span><\/div>\n<div><span style=\"color: #003300;\">S. Maria dos Anjos Jo\u00e3o<\/span><\/div>\n<div><span style=\"color: #003300;\">S. Lu\u00edsa Agostinho<\/span><\/div>\n<p>[\/vc_column_text][\/vc_column][\/vc_row][vc_row][vc_column width=&#8221;2\/3&#8243;][vc_hoverbox image=&#8221;32504&#8243; primary_title=&#8221;&#8221; hover_title=&#8221;&#8221; el_width=&#8221;70&#8243; align=&#8221;left&#8221;][\/vc_hoverbox][\/vc_column][vc_column width=&#8221;1\/3&#8243;][vc_column_text]<span style=\"color: #003300;\"><strong>G\u00e2mbia<br \/>\n<\/strong><\/span><span style=\"color: #003300;\">S. Marie Solange Badji&nbsp;<br \/>\n<\/span><span style=\"color: #003300;\">S. Bernadette Bah<br \/>\n<\/span><span style=\"color: #003300;\">S. Michelle A. Kujabi<\/span><\/p>\n<div><span style=\"color: #003300;\"><strong><em>Suplentes<\/em><\/strong><\/span><\/div>\n<div><span style=\"color: #003300;\">S. Gladys Osei<\/span><\/div>\n<div><span style=\"color: #003300;\">S. Rosine Sanyang<\/span><\/div>\n<p>[\/vc_column_text][\/vc_column][\/vc_row][vc_row][vc_column width=&#8221;2\/3&#8243;][vc_hoverbox image=&#8221;32510&#8243; primary_title=&#8221;&#8221; hover_title=&#8221;&#8221; el_width=&#8221;70&#8243; align=&#8221;left&#8221;][\/vc_hoverbox][\/vc_column][vc_column width=&#8221;1\/3&#8243;][vc_column_text]<span style=\"color: #003300;\"><strong>Peru<br \/>\n<\/strong><\/span><span style=\"color: #003300;\">S. Carmen Luz Chiroque&nbsp;<br \/>\n<\/span><span style=\"color: #003300;\">S. Mar\u00eda Elena Bustamante Rojas<\/span><\/p>\n<div><span style=\"color: #003300;\"><strong><em>Suplentes<\/em><\/strong><\/span><\/div>\n<div><span style=\"color: #003300;\">S. Nely Olivera Gutierrez<\/span><\/div>\n<div><span style=\"color: #003300;\">S. Enith Elena Ferreira Macedo<\/span><\/div>\n<p>[\/vc_column_text][\/vc_column][\/vc_row][vc_row][vc_column width=&#8221;2\/3&#8243;][vc_hoverbox image=&#8221;32514&#8243; primary_title=&#8221;&#8221; hover_title=&#8221;&#8221; el_width=&#8221;70&#8243; align=&#8221;left&#8221;][\/vc_hoverbox][\/vc_column][vc_column width=&#8221;1\/3&#8243;][vc_column_text]<span style=\"color: #003300;\"><strong>Camar\u00f5es<br \/>\n<\/strong><\/span><span style=\"color: #003300;\">S. Jeanne M\u00e9lanie Mawafeu&nbsp;&nbsp;<br \/>\n<\/span><span style=\"color: #003300;\">S. Gwladys Makoutche Talla&nbsp; (<em>invit\u00e9e<\/em>)<\/span>[\/vc_column_text][\/vc_column][\/vc_row][vc_row][vc_column width=&#8221;2\/3&#8243;][vc_hoverbox image=&#8221;32518&#8243; primary_title=&#8221;&#8221; hover_title=&#8221;&#8221; el_width=&#8221;70&#8243; align=&#8221;left&#8221;][\/vc_hoverbox][\/vc_column][vc_column width=&#8221;1\/3&#8243;][vc_column_text]<span style=\"color: #003300;\"><strong>Jap\u00e3o<br \/>\n<\/strong><\/span><span style=\"color: #003300;\">S. Kazuko Washio<br \/>\n<\/span><span style=\"color: #003300;\">S. Mieko Akita&nbsp; (<em>invit\u00e9e<\/em>)<br \/>\n<\/span><span style=\"color: #003300;\">S. Fumie Inutsuka&nbsp; (<em>invit\u00e9e<\/em>)<\/span>[\/vc_column_text][\/vc_column][\/vc_row][vc_row][vc_column width=&#8221;2\/3&#8243;][vc_hoverbox image=&#8221;32601&#8243; primary_title=&#8221;&#8221; hover_title=&#8221;&#8221; el_width=&#8221;70&#8243; align=&#8221;left&#8221;][\/vc_hoverbox][vc_empty_space height=&#8221;75px&#8221;][\/vc_column][vc_column width=&#8221;1\/3&#8243;][vc_column_text]<strong>Brasil<\/strong><br \/>\nIr. Isabel Grachane<br \/>\nIr. Aline Maria Braga <span style=\"color: #003300;\">(<em>invit\u00e9e<\/em>)<\/span>[\/vc_column_text][\/vc_column][\/vc_row]<\/p>\n<\/div>","protected":false},"excerpt":{"rendered":"<p>[vc_row][vc_column width=&#8221;2\/3&#8243;][vc_hoverbox image=&#8221;32431&#8243; primary_title=&#8221;&#8221; primary_align=&#8221;left&#8221; hover_title=&#8221;Prince Albert&#8221; el_width=&#8221;70&#8243; align=&#8221;left&#8221;][\/vc_hoverbox][\/vc_column][vc_column width=&#8221;1\/3&#8243;][vc_column_text]Prince Albert S. Mary Woodward S. Viviane Gareau S. April Mireau&nbsp; Suplentes S. Chantelle Bonk S. R\u00e9Anne Letourneau &nbsp; [\/vc_column_text][\/vc_column][\/vc_row][vc_row][vc_column width=&#8221;2\/3&#8243;][vc_hoverbox image=&#8221;32438&#8243; primary_title=&#8221;&#8221; hover_title=&#8221;&#8221; el_width=&#8221;70&#8243; align=&#8221;left&#8221;][\/vc_hoverbox][vc_empty_space height=&#8221;75px&#8221;][\/vc_column][vc_column width=&#8221;1\/3&#8243;][vc_column_text]Qu\u00e9bec S. Ang\u00e8le Dion S. Sylvie Dubois S. Danielle Duplessis S. Gis\u00e8le Patenaude S. Francine Babin Suplentes S. Marie-Marthe [&hellip;]<\/p>\n","protected":false},"author":8,"featured_media":0,"parent":0,"menu_order":0,"comment_status":"closed","ping_status":"closed","template":"","meta":{"ngg_post_thumbnail":0,"footnotes":""},"lang":"pt","translations":{"pt":32537,"fr":32533,"en":30926,"es":32541},"pll_sync_post":[],"_links":{"self":[{"href":"https:\/\/soeurs-de-la-presentation-de-marie.org\/pom\/wp-json\/wp\/v2\/pages\/32537"}],"collection":[{"href":"https:\/\/soeurs-de-la-presentation-de-marie.org\/pom\/wp-json\/wp\/v2\/pages"}],"about":[{"href":"https:\/\/soeurs-de-la-presentation-de-marie.org\/pom\/wp-json\/wp\/v2\/types\/page"}],"author":[{"embeddable":true,"href":"https:\/\/soeurs-de-la-presentation-de-marie.org\/pom\/wp-json\/wp\/v2\/users\/8"}],"replies":[{"embeddable":true,"href":"https:\/\/soeurs-de-la-presentation-de-marie.org\/pom\/wp-json\/wp\/v2\/comments?post=32537"}],"version-history":[{"count":8,"href":"https:\/\/soeurs-de-la-presentation-de-marie.org\/pom\/wp-json\/wp\/v2\/pages\/32537\/revisions"}],"predecessor-version":[{"id":32695,"href":"https:\/\/soeurs-de-la-presentation-de-marie.org\/pom\/wp-json\/wp\/v2\/pages\/32537\/revisions\/32695"}],"wp:attachment":[{"href":"https:\/\/soeurs-de-la-presentation-de-marie.org\/pom\/wp-json\/wp\/v2\/media?parent=32537"}],"curies":[{"name":"wp","href":"https:\/\/api.w.org\/{rel}","templated":true}]}}