{"id":32801,"date":"2023-08-28T22:52:26","date_gmt":"2023-08-28T20:52:26","guid":{"rendered":"https:\/\/soeurs-de-la-presentation-de-marie.org\/pom\/?page_id=32801"},"modified":"2023-08-28T22:52:26","modified_gmt":"2023-08-28T20:52:26","slug":"regiao-da-gambia","status":"publish","type":"page","link":"https:\/\/soeurs-de-la-presentation-de-marie.org\/pom\/regiao-da-gambia\/","title":{"rendered":"REGI\u00c3O DA G\u00c2MBIA"},"content":{"rendered":"<div class=\"wpb-content-wrapper\"><p>[vc_row][vc_column][vc_custom_heading text=&#8221;A FUNDA\u00c7\u00c3O&#8221; font_container=&#8221;tag:h2|font_size:38|text_align:left|color:%230066bf|line_height:1.8&#8243; google_fonts=&#8221;font_family:Adamina%3Aregular|font_style:400%20regular%3A400%3Anormal&#8221;][\/vc_column][\/vc_row][vc_row][vc_column][vc_hoverbox image=&#8221;23441&#8243; primary_title=&#8221;A nossa Santa Fundadora profetizou:&#8221; primary_title_font_container=&#8221;font_size:44|color:%23ffffff&#8221; primary_title_google_fonts=&#8221;font_family:Allura%3Aregular|font_style:400%20regular%3A400%3Anormal&#8221; hover_title=&#8221;&#8220;As minhas filhas atravessar\u00e3o os mares&#8220;!&#8221; hover_title_font_container=&#8221;font_size:36|color:%23dd4040&#8243; hover_title_google_fonts=&#8221;font_family:Bilbo%3Aregular|font_style:400%20regular%3A400%3Anormal&#8221; use_custom_fonts_primary_title=&#8221;true&#8221; use_custom_fonts_hover_title=&#8221;true&#8221;]<span style=\"color: #003366;\">A profecia de Santa Marie Rivier tornou-se realidade quando a Irm\u00e3 Ignatius de Loyola, do Senegal, acompanhou a Irm\u00e3 Cecile Lanovaz, que ainda se encontra na G\u00e2mbia, e a Irm\u00e3 Margret Camire. Aterraram na costa ocidental de \u00c1frica em Bathurst, agora Banjul, em 28 de outubro de 1968. \u00c0 chegada, abriram um convento em Serrekunda, na esquina de Londres.<\/span>[\/vc_hoverbox][\/vc_column][\/vc_row][vc_row row_space=&#8221;remove_padding_bottom&#8221;][vc_column width=&#8221;1\/4&#8243;][vc_column_text]<img loading=\"lazy\" decoding=\"async\" class=\"aligncenter wp-image-23446 size-large\" src=\"https:\/\/soeurs-de-la-presentation-de-marie.org\/pom\/wp-content\/uploads\/2021\/08\/WhatsApp-Image-2021-04-28-at-23.07.57-970x1024.jpeg\" alt=\"\" width=\"900\" height=\"950\">[\/vc_column_text][\/vc_column][vc_column width=&#8221;3\/4&#8243;][vc_column_text]<span style=\"color: #003366;\">Em 1969 foram abertas duas novas casas mission\u00e1rias em Bwaim e Picton Street em Banjul. Em 1969, uma jovem gambiana, a Irm\u00e3 Madeleine Mendy, juntou-se \u00e0s irm\u00e3s no convento de Serrekunda. Com a presen\u00e7a de um aspirante (Madeleine) entre elas, foi necess\u00e1rio ter uma casa de forma\u00e7\u00e3o. A 7 de fevereiro de 1971, o noviciado da Apresenta\u00e7\u00e3o de Maria foi fundado na G\u00e2mbia com a Irm\u00e3 Cec\u00edlia Lanovaz como formadora.<\/span><\/p>\n<p><span style=\"color: #003366;\">Outro convento foi aberto em Brikama com tr\u00eas irm\u00e3s juntas para partilhar o amor de Cristo. A casa foi aberta e aben\u00e7oada a 6 de setembro de 1976 e recebeu o nome de &#8220;Convento de Cristo Rei&#8221;.<\/span><\/p>\n<p><span style=\"color: #003366;\">Outro convento foi constru\u00eddo em Bathurst, chamado &#8220;Marian House&#8221;. As irm\u00e3s deixaram a antiga casa em Picton em 1989, a 23 de setembro, para se mudarem para Tobacco Road.<\/span>[\/vc_column_text][\/vc_column][\/vc_row][vc_row row_space=&#8221;remove_padding_top&#8221;][vc_column][vc_column_text]<span style=\"color: #003366;\">A 14 de janeiro foi criado o Centro de Retiro Shalom. Foi amplamente utilizado para aprofundar a f\u00e9 de adultos e jovens em toda a parte. O nome &#8220;Shalom&#8221; significa paz. Em setembro de 2009 foi criada uma nova funda\u00e7\u00e3o em Kunkujang Mariama.<\/span><\/p>\n<p><span style=\"color: #003366;\">A 13 de julho de 2015, foi aberta uma nova miss\u00e3o em Agogo, no Gana.<\/span>[\/vc_column_text][\/vc_column][\/vc_row][vc_row row_space=&#8221;remove_padding_bottom&#8221;][vc_column][vc_custom_heading text=&#8221;Nossos minist\u00e9rios hoje&#8230;&#8221; font_container=&#8221;tag:h2|font_size:36|text_align:left|color:%23096abf&#8221; google_fonts=&#8221;font_family:Adamina%3Aregular|font_style:400%20regular%3A400%3Anormal&#8221; css_animation=&#8221;bounceInLeft&#8221;][vc_empty_space height=&#8221;30px&#8221;][\/vc_column][\/vc_row][vc_row row_space=&#8221;remove_padding_bottom&#8221;][vc_column][gva_block_heading title=&#8221;Os nossos Apostolados e Minist\u00e9rios em Serrekunda&#8221; style=&#8221;style-4&#8243; align=&#8221;align-left&#8221;]<span style=\"color: #003366;\">A nossa comunidade em Serrekunda foi fundada a 28 de outubro de 1968. Est\u00e1 localizada em Kanifing, a sul da cidade, a cerca de 300 metros do mercado e da esquadra de pol\u00edcia.<\/span><\/p>\n<p><span style=\"color: #003366;\">A casa pertencia ao Sr. Duffy, um ingl\u00eas. Ap\u00f3s a sua morte, a propriedade foi doada \u00e0 Miss\u00e3o Cat\u00f3lica. Mais tarde, tornou-se a primeira casa da Apresenta\u00e7\u00e3o de Maria na G\u00e2mbia.<\/span><\/p>\n<p><span style=\"color: #003366;\">Hoje, as irm\u00e3s da miss\u00e3o est\u00e3o empenhadas no trabalho pastoral: ensino do catecismo na par\u00f3quia, pastoral de jovens e adultos.<\/span><\/p>\n<p><span style=\"color: #003366;\">H\u00e1 tamb\u00e9m uma escola prim\u00e1ria nas instala\u00e7\u00f5es. Em 22 de novembro de 1968, as nossas irm\u00e3s j\u00e1 tinham reunido 20 rapazes e raparigas sob uma mangueira para lhes ensinar Jesus Cristo. A estrutura da escola foi constru\u00edda e aben\u00e7oada em 1979, a 29 de junho. A escola prim\u00e1ria \u00e9 constitu\u00edda por doze (12) salas de aula, desde a pr\u00e9-escola at\u00e9 \u00e0 terceira classe. As crian\u00e7as t\u00eam entre dois anos e meio e sete anos de idade. S\u00e3o ensinados ingl\u00eas, franc\u00eas, matem\u00e1tica, escrita, leitura, fon\u00e9tica, educa\u00e7\u00e3o religiosa e moral.<\/span><\/p>\n<p><span style=\"color: #003366;\">As irm\u00e3s est\u00e3o envolvidas em outros trabalhos apost\u00f3licos:<\/span><\/p>\n<p style=\"text-align: center;\"><span style=\"color: #003366;\">&nbsp;Anima\u00e7\u00e3o de retiros<\/span><\/p>\n<p style=\"text-align: center;\"><span style=\"color: #003366;\">Workshops<\/span><\/p>\n<p style=\"text-align: center;\"><span style=\"color: #003366;\">&nbsp;Programa de r\u00e1dio<\/span><\/p>\n<p style=\"text-align: center;\"><span style=\"color: #003366;\">&nbsp;Distribui\u00e7\u00e3o da comunh\u00e3o na igreja<\/span><\/p>\n<p style=\"text-align: center;\"><span style=\"color: #003366;\">Visitas ao domic\u00edlio<\/span><\/p>\n<p style=\"text-align: center;\"><span style=\"color: #003366;\">&nbsp;Promo\u00e7\u00e3o das voca\u00e7\u00f5es<\/span><\/p>\n<p style=\"text-align: center;\"><span style=\"color: #003366;\">&nbsp;Servi\u00e7o aos pobres<\/span><\/p>\n<p style=\"text-align: center;\"><span style=\"color: #003366;\">&nbsp;Minist\u00e9rio da Crian\u00e7a (Inf\u00e2ncia Mission\u00e1ria)<\/span><\/p>\n<p>[\/gva_block_heading][gva_block_heading title=&#8221;Apresenta\u00e7\u00e3o Escola Profissional para Raparigas&#8221; style=&#8221;style-4&#8243; align=&#8221;align-left&#8221;]<span style=\"color: #003366;\">A Apresenta\u00e7\u00e3o Escola Profissional para Raparigas foi criada a 28 de setembro de 1972. O objetivo desta escola \u00e9 educar as mulheres desfavorecidas, proporcionando-lhes educa\u00e7\u00e3o e compet\u00eancias b\u00e1sicas para se tornarem independentes e desenvolverem uma carreira que melhore a sua qualidade de vida. \u00c9 uma escola que oferece um programa de autonomiza\u00e7\u00e3o das mulheres. Podem receber diferentes atividades para aprenderem compet\u00eancias e profiss\u00f5es que influenciam a mudan\u00e7a nas suas vidas. O programa que lhes \u00e9 oferecido contribui para melhorar o bem-estar, a auto-estima e a auto-efic\u00e1cia das mulheres.<\/span><\/p>\n<p><span style=\"color: #003366;\">A escola tem 298 estudantes do sexo feminino e 23 membros do pessoal. Oferece os seguintes programas: Cursos de Secretariado, Cursos de Administra\u00e7\u00e3o Interna e Cursos de Cabeleireiro.<\/span><\/p>\n<p><span style=\"color: #003366;\">Este ano, a escola celebra 50 anos de exist\u00eancia e abre uma nova estrutura com 4 salas de aula.<\/span>[\/gva_block_heading][gva_block_heading title=&#8221;Servir o povo de Brikama&#8221; style=&#8221;style-4&#8243; align=&#8221;align-left&#8221;]<span style=\"color: #003366;\">Brikama est\u00e1 localizada 35 quil\u00f3metros a sul de Banjul, na auto-estrada da G\u00e2mbia. Fica a 27 quil\u00f3metros de Serrekunda e a 31 quil\u00f3metros de Fajara.<\/span><\/p>\n<p><span style=\"color: #003366;\">A casa da comunidade foi inaugurada em 1976. A comunidade \u00e9 composta por quatro irm\u00e3s que est\u00e3o profundamente empenhadas no apostolado.<\/span><\/p>\n<p><span style=\"color: #003366;\">&nbsp;Aqui, as irm\u00e3s dirigem o jardim de inf\u00e2ncia Mary, que tem 12 aulas, 520 crian\u00e7as e 23 empregados.<\/span><\/p>\n<p><span style=\"color: #003366;\">A escola prim\u00e1ria Anne Marie Rivier foi inaugurada a 15 de setembro de 2007. Tem 1.024 alunos e 67 empregados. No in\u00edcio da d\u00e9cada de 1990, as irm\u00e3s abriram um internato para fornecer alimenta\u00e7\u00e3o e alojamento a raparigas de zonas rurais que v\u00eam para Brikama para frequentar as aulas. Existem atualmente quinze (15) pensionistas.<\/span><\/p>\n<p><span style=\"color: #003366;\">Al\u00e9m disso, as irm\u00e3s ensinam educa\u00e7\u00e3o religiosa nas escolas e aldeias \u00e0 volta de Brikama. Coordenam um grupo de associados Marie Rivier e dirigem um pequeno centro de retiro, chamado Centro Jo\u00e3o Paulo II.<\/span><\/p>\n<p><span style=\"color: #003366;\">Aos domingos, com catequistas, animam celebra\u00e7\u00f5es da Palavra e distribui\u00e7\u00e3o da comunh\u00e3o noutras miss\u00f5es na zona circundante.<\/span>[\/gva_block_heading][gva_block_heading title=&#8221; O nosso trabalho em Kunkujang Mariama &#8221; style=&#8221;style-4&#8243; align=&#8221;align-left&#8221;]<span style=\"color: #003366;\">O trabalho das Irm\u00e3s da Apresenta\u00e7\u00e3o de Maria em Kunkujang Mariama come\u00e7ou em setembro de 2009. Actualmente existem tr\u00eas irm\u00e3s, uma postulante e duas aspirantes.<\/span><\/p>\n<p><span style=\"color: #003366;\">As irm\u00e3s de Kunkujang Mariama t\u00eam sido e continuam a ser uma parte essencial da comunidade crist\u00e3 em termos de fun\u00e7\u00f5es religiosas e sociais. Em termos de evangeliza\u00e7\u00e3o da par\u00f3quia, elas est\u00e3o envolvidas no seguinte:<\/span><\/p>\n<p style=\"text-align: center;\"><span style=\"color: #003366;\">Anima\u00e7\u00e3o do servi\u00e7o dominical<\/span><\/p>\n<p style=\"text-align: center;\"><span style=\"color: #003366;\">&nbsp;Visitas \u00e0s fam\u00edlias<\/span><\/p>\n<p style=\"text-align: center;\"><span style=\"color: #003366;\">&nbsp;Ora\u00e7\u00f5es familiares<\/span><\/p>\n<p style=\"text-align: center;\"><span style=\"color: #003366;\">&nbsp;Ter\u00e7o<\/span><\/p>\n<p style=\"text-align: center;\"><span style=\"color: #003366;\">&nbsp;Ensino da educa\u00e7\u00e3o religiosa crist\u00e3<\/span><\/p>\n<p style=\"text-align: center;\"><span style=\"color: #003366;\">&nbsp;Prepara\u00e7\u00e3o de crian\u00e7as e adultos para os sacramentos<\/span><\/p>\n<p style=\"text-align: center;\"><span style=\"color: #003366;\">&nbsp;Forma\u00e7\u00e3o e consolida\u00e7\u00e3o de grupos eclesiais<\/span><\/p>\n<p><span style=\"color: #003366;\">Al\u00e9m disso, a comunidade \u00e9 um lar para jovens do ensino secund\u00e1rio. As irm\u00e3s ajudam-nas no seu desenvolvimento espiritual e moral.<\/span><\/p>\n<p><span style=\"color: #003366;\">&nbsp;A horta local na aldeia de Kunkujang est\u00e1 tamb\u00e9m sob a supervis\u00e3o da comunidade.<\/span>[\/gva_block_heading][gva_block_heading title=&#8221;Comunidade Agogo&#8221; style=&#8221;style-4&#8243; align=&#8221;align-left&#8221;]<span style=\"color: #003366;\">Agogo \u00e9 uma cidade na Regi\u00e3o Ashanti do Gana. Est\u00e1 localizado no munic\u00edpio de Ashanti Akim North, na regi\u00e3o de Kumasi, no Gana. A dist\u00e2ncia de Kumasi a Agogo \u00e9 de aproximadamente 79 quil\u00f3metros e de Accra a Agogo \u00e9 de 229 quil\u00f3metros. O voo de Accra para Kumasi demora aproximadamente 45 minutos e por estrada demora 5 horas.<\/span><\/p>\n<p><span style=\"color: #003366;\">A comunidade de Agogo \u00e9 a \u00faltima comunidade de Irm\u00e3s da Apresenta\u00e7\u00e3o de Maria na regi\u00e3o da G\u00e2mbia. Foi estabelecida a 13 de julho de 2015.&nbsp;<\/span><\/p>\n<p><span style=\"color: #003366;\">A comunidade \u00e9 atualmente composta por quatro irm\u00e3s. Continuam a partilhar com a popula\u00e7\u00e3o o esp\u00edrito da Madre Rivier e o amor de Deus atrav\u00e9s do ensino nas escolas e no minist\u00e9rio pastoral. A sua presen\u00e7a \u00e9 muito apreciada pela popula\u00e7\u00e3o.<\/span><\/p>\n<p><span style=\"color: #003366;\">De facto, como Regi\u00e3o, sa\u00edmos das zonas de conforto com o nosso cora\u00e7\u00e3o renovando o nosso compromisso de amar com compaix\u00e3o, de servir com paix\u00e3o e de viver a nossa miss\u00e3o de Apresenta\u00e7\u00e3o de Maria, para a transforma\u00e7\u00e3o de todas as pessoas.<\/span>[\/gva_block_heading][\/vc_column][\/vc_row][vc_row row_space=&#8221;remove_padding_top&#8221;][vc_column][vc_column_text]<\/p>\n<p style=\"text-align: center;\"><span style=\"color: #003366;\">Fotos da G\u00e2mbia<\/span><\/p>\n<p>ngg_shortcode_0_placeholder[\/vc_column_text][\/vc_column][\/vc_row]<\/p>\n<\/div>","protected":false},"excerpt":{"rendered":"<p>[vc_row][vc_column][vc_custom_heading text=&#8221;A FUNDA\u00c7\u00c3O&#8221; font_container=&#8221;tag:h2|font_size:38|text_align:left|color:%230066bf|line_height:1.8&#8243; google_fonts=&#8221;font_family:Adamina%3Aregular|font_style:400%20regular%3A400%3Anormal&#8221;][\/vc_column][\/vc_row][vc_row][vc_column][vc_hoverbox image=&#8221;23441&#8243; primary_title=&#8221;A nossa Santa Fundadora profetizou:&#8221; primary_title_font_container=&#8221;font_size:44|color:%23ffffff&#8221; primary_title_google_fonts=&#8221;font_family:Allura%3Aregular|font_style:400%20regular%3A400%3Anormal&#8221; hover_title=&#8221;&#8220;As minhas filhas atravessar\u00e3o os mares&#8220;!&#8221; hover_title_font_container=&#8221;font_size:36|color:%23dd4040&#8243; hover_title_google_fonts=&#8221;font_family:Bilbo%3Aregular|font_style:400%20regular%3A400%3Anormal&#8221; use_custom_fonts_primary_title=&#8221;true&#8221; use_custom_fonts_hover_title=&#8221;true&#8221;]A profecia de Santa Marie Rivier tornou-se realidade quando a Irm\u00e3 Ignatius de Loyola, do Senegal, acompanhou a Irm\u00e3 Cecile Lanovaz, que ainda se encontra na G\u00e2mbia, e a Irm\u00e3 Margret Camire. Aterraram [&hellip;]<\/p>\n","protected":false},"author":6,"featured_media":0,"parent":0,"menu_order":0,"comment_status":"closed","ping_status":"closed","template":"","meta":{"ngg_post_thumbnail":0,"footnotes":""},"lang":"pt","translations":{"pt":32801},"pll_sync_post":[],"_links":{"self":[{"href":"https:\/\/soeurs-de-la-presentation-de-marie.org\/pom\/wp-json\/wp\/v2\/pages\/32801"}],"collection":[{"href":"https:\/\/soeurs-de-la-presentation-de-marie.org\/pom\/wp-json\/wp\/v2\/pages"}],"about":[{"href":"https:\/\/soeurs-de-la-presentation-de-marie.org\/pom\/wp-json\/wp\/v2\/types\/page"}],"author":[{"embeddable":true,"href":"https:\/\/soeurs-de-la-presentation-de-marie.org\/pom\/wp-json\/wp\/v2\/users\/6"}],"replies":[{"embeddable":true,"href":"https:\/\/soeurs-de-la-presentation-de-marie.org\/pom\/wp-json\/wp\/v2\/comments?post=32801"}],"version-history":[{"count":15,"href":"https:\/\/soeurs-de-la-presentation-de-marie.org\/pom\/wp-json\/wp\/v2\/pages\/32801\/revisions"}],"predecessor-version":[{"id":32816,"href":"https:\/\/soeurs-de-la-presentation-de-marie.org\/pom\/wp-json\/wp\/v2\/pages\/32801\/revisions\/32816"}],"wp:attachment":[{"href":"https:\/\/soeurs-de-la-presentation-de-marie.org\/pom\/wp-json\/wp\/v2\/media?parent=32801"}],"curies":[{"name":"wp","href":"https:\/\/api.w.org\/{rel}","templated":true}]}}