{"id":32824,"date":"2023-08-29T22:35:03","date_gmt":"2023-08-29T20:35:03","guid":{"rendered":"https:\/\/soeurs-de-la-presentation-de-marie.org\/pom\/?page_id=32824"},"modified":"2023-08-29T22:35:03","modified_gmt":"2023-08-29T20:35:03","slug":"missao-no-japao","status":"publish","type":"page","link":"https:\/\/soeurs-de-la-presentation-de-marie.org\/pom\/missao-no-japao\/","title":{"rendered":"Miss\u00e3o no Jap\u00e3o"},"content":{"rendered":"<div class=\"wpb-content-wrapper\"><p>[vc_row row_space=&#8221;remove_padding_bottom&#8221;][vc_column][vc_custom_heading text=&#8221;O nosso zelo apost\u00f3lico<br \/>\nn\u00e3o conhece fronteiras, nem de ra\u00e7as, nem de povos.&#8221; font_container=&#8221;tag:h2|font_size:48|text_align:center|color:%230066bf|line_height:1.5&#8243; google_fonts=&#8221;font_family:Italianno%3Aregular|font_style:400%20regular%3A400%3Anormal&#8221; css_animation=&#8221;fadeInLeftBig&#8221;][vc_custom_heading text=&#8221;1948&#8243; font_container=&#8221;tag:h2|font_size:90|text_align:center|color:%230056c6&#8243; google_fonts=&#8221;font_family:Amarante%3Aregular|font_style:400%20regular%3A400%3Anormal&#8221;][\/vc_column][\/vc_row][vc_row row_space=&#8221;remove_padding_top&#8221;][vc_column][vc_column_text]<span style=\"color: #003366;\">Antes da guerra no Pac\u00edfico, o Arcebispo Taguchi de Osaka pediu \u00e0 Madre S. Paulo, Superiora Provincial de Saint-Hyacinthe, que enviasse irm\u00e3s para ensinar na sua diocese. Este desejo foi finalmente realizado ap\u00f3s a guerra, em 1948. <\/span>[\/vc_column_text][vc_row_inner][vc_column_inner width=&#8221;2\/3&#8243;][vc_column_text]<img loading=\"lazy\" decoding=\"async\" class=\"aligncenter wp-image-22183 size-full\" src=\"https:\/\/soeurs-de-la-presentation-de-marie.org\/pom\/wp-content\/uploads\/2021\/06\/2.-first-missionaries_WEB.jpg\" alt=\"\" width=\"800\" height=\"508\"><\/p>\n<p style=\"text-align: center;\">Os primeiros mission\u00e1rios<\/p>\n<p>[\/vc_column_text][\/vc_column_inner][vc_column_inner width=&#8221;1\/3&#8243;][vc_column_text]<img loading=\"lazy\" decoding=\"async\" class=\"aligncenter wp-image-22178 size-full\" src=\"https:\/\/soeurs-de-la-presentation-de-marie.org\/pom\/wp-content\/uploads\/2021\/06\/Mere-St.-Paul-1.jpg\" alt=\"\" width=\"800\" height=\"1259\"><\/p>\n<p style=\"text-align: center;\">Madre Saint Paul, Superiora Provincial de Sainte-Hyacinthe<\/p>\n<p>[\/vc_column_text][\/vc_column_inner][\/vc_row_inner][\/vc_column][\/vc_row][vc_row row_space=&#8221;remove_padding_bottom&#8221;][vc_column][vc_column_text]<span style=\"color: #003366;\">Nove irm\u00e3s em dois grupos atravessaram o Oceano Pac\u00edfico de barco. Instalaram-se em Osaka e procuraram um local adequado para a escola, o que n\u00e3o foi uma tarefa f\u00e1cil. Enfrentaram grandes dificuldades na confus\u00e3o do p\u00f3s-guerra. No entanto, foi aberto um jardim-de-inf\u00e2ncia na Par\u00f3quia de Abeno em 1952. Outra foi aberta em Sakai em 1954, que mais tarde se desenvolveu em escolas prim\u00e1rias, m\u00e9dias e secund\u00e1rias sob o nome &#8220;Kenmei&#8221; da ladainha de Nossa Senhora &#8220;Virgem prudent\u00edssima&#8221;.<\/span>[\/vc_column_text][vc_column_text]<\/p>\n<p>ngg_shortcode_0_placeholder[\/vc_column_text][vc_column_text]<span style=\"color: #003366;\">Expulsos da China comunista, os padres da C.I.C.M. tinham acabado de chegar a Himeji, na prov\u00edncia de Hyogo, perto de Osaka. Como estavam \u00e0 procura de irm\u00e3s professoras, a nossa Congrega\u00e7\u00e3o aceitou fundar uma escola secund\u00e1ria, tamb\u00e9m com o nome de Kenmei. Esta escola transformou-se num estabelecimento de ensino que, ao longo dos \u00faltimos 70 anos, formou mais de 11.000 alunos.<\/span>[\/vc_column_text][\/vc_column][\/vc_row][vc_row row_space=&#8221;remove_padding_bottom&#8221;][vc_column][vc_custom_heading text=&#8221;Actualmente&#8221; font_container=&#8221;tag:h2|font_size:48|text_align:center|color:%23005cc6&#8243; google_fonts=&#8221;font_family:Alike%20Angular%3Aregular|font_style:400%20regular%3A400%3Anormal&#8221; css_animation=&#8221;fadeInDownBig&#8221;][\/vc_column][\/vc_row][vc_row row_space=&#8221;remove_padding_bottom&#8221;][vc_column width=&#8221;1\/2&#8243;][vc_column_text]<\/p>\n<p>ngg_shortcode_1_placeholder[\/vc_column_text][\/vc_column][vc_column width=&#8221;1\/2&#8243;][vc_column_text]&nbsp;<\/p>\n<p><span style=\"color: #003366;\">Actualmente, as escolas est\u00e3o nas m\u00e3os de professores leigos que zelosamente prosseguem a educa\u00e7\u00e3o crist\u00e3 dos jovens. As irm\u00e3s reformadas ajudam de v\u00e1rias maneiras: ajudando crian\u00e7as que necessitam de aten\u00e7\u00e3o especial, acompanhando estudantes de pa\u00edses estrangeiros, dando palestras a pais e licenciados, etc. E finalmente, com as m\u00e3os sempre levantadas em ora\u00e7\u00e3o, comprometem-se &#8220;cada vez mais profunda e eficazmente com o plano de reden\u00e7\u00e3o para o nosso mundo&#8221; (C133).<\/span><\/p>\n<p><span style=\"color: #003366;\">O Jap\u00e3o foi uma regi\u00e3o ligada \u00e0 prov\u00edncia de Saint-Hyacinthe at\u00e9 2018, quando foi constitu\u00edda como uma Miss\u00e3o ligada \u00e0 Casa Geral. Mais de trinta irm\u00e3s mission\u00e1rias do Canad\u00e1, EUA e Filipinas vieram para tornar Jesus Cristo conhecido e amado neste pa\u00eds do Extremo Oriente onde os cat\u00f3licos representam apenas 0,4% da popula\u00e7\u00e3o. Deixaram uma grande influ\u00eancia sobre aqueles que estiveram em contacto com um ou outro deles.<\/span>[\/vc_column_text][\/vc_column][\/vc_row][vc_row row_space=&#8221;remove_padding_top&#8221;][vc_column][vc_column_text]<span style=\"color: #003366;\">Desde 1951, quando o noviciado foi aberto, 37 irm\u00e3s japonesas fizeram profiss\u00e3o. Algumas jovens irm\u00e3s vietnamitas entraram desde 2005. Tr\u00eas delas s\u00e3o agora irm\u00e3s professas tempor\u00e1rias. Em colabora\u00e7\u00e3o com a Prov\u00edncia Filipina, foi aberta uma Casa para o a pastoral vocacional em Ho Chi Minh, Vietname. Que &#8220;Deus chame e tamb\u00e9m inspire a resposta&#8221; (C114) nos cora\u00e7\u00f5es de muitas jovens mulheres dentro e fora do pa\u00eds.<\/span>[\/vc_column_text][vc_column_text]<\/p>\n<p>ngg_shortcode_2_placeholder[\/vc_column_text][\/vc_column][\/vc_row]<\/p>\n<\/div>","protected":false},"excerpt":{"rendered":"<p>[vc_row row_space=&#8221;remove_padding_bottom&#8221;][vc_column][vc_custom_heading text=&#8221;O nosso zelo apost\u00f3lico n\u00e3o conhece fronteiras, nem de ra\u00e7as, nem de povos.&#8221; font_container=&#8221;tag:h2|font_size:48|text_align:center|color:%230066bf|line_height:1.5&#8243; google_fonts=&#8221;font_family:Italianno%3Aregular|font_style:400%20regular%3A400%3Anormal&#8221; css_animation=&#8221;fadeInLeftBig&#8221;][vc_custom_heading text=&#8221;1948&#8243; font_container=&#8221;tag:h2|font_size:90|text_align:center|color:%230056c6&#8243; google_fonts=&#8221;font_family:Amarante%3Aregular|font_style:400%20regular%3A400%3Anormal&#8221;][\/vc_column][\/vc_row][vc_row row_space=&#8221;remove_padding_top&#8221;][vc_column][vc_column_text]Antes da guerra no Pac\u00edfico, o Arcebispo Taguchi de Osaka pediu \u00e0 Madre S. Paulo, Superiora Provincial de Saint-Hyacinthe, que enviasse irm\u00e3s para ensinar na sua diocese. Este desejo foi finalmente realizado ap\u00f3s a [&hellip;]<\/p>\n","protected":false},"author":6,"featured_media":0,"parent":0,"menu_order":0,"comment_status":"closed","ping_status":"closed","template":"","meta":{"ngg_post_thumbnail":0,"footnotes":""},"lang":"pt","translations":{"pt":32824},"pll_sync_post":[],"_links":{"self":[{"href":"https:\/\/soeurs-de-la-presentation-de-marie.org\/pom\/wp-json\/wp\/v2\/pages\/32824"}],"collection":[{"href":"https:\/\/soeurs-de-la-presentation-de-marie.org\/pom\/wp-json\/wp\/v2\/pages"}],"about":[{"href":"https:\/\/soeurs-de-la-presentation-de-marie.org\/pom\/wp-json\/wp\/v2\/types\/page"}],"author":[{"embeddable":true,"href":"https:\/\/soeurs-de-la-presentation-de-marie.org\/pom\/wp-json\/wp\/v2\/users\/6"}],"replies":[{"embeddable":true,"href":"https:\/\/soeurs-de-la-presentation-de-marie.org\/pom\/wp-json\/wp\/v2\/comments?post=32824"}],"version-history":[{"count":11,"href":"https:\/\/soeurs-de-la-presentation-de-marie.org\/pom\/wp-json\/wp\/v2\/pages\/32824\/revisions"}],"predecessor-version":[{"id":32835,"href":"https:\/\/soeurs-de-la-presentation-de-marie.org\/pom\/wp-json\/wp\/v2\/pages\/32824\/revisions\/32835"}],"wp:attachment":[{"href":"https:\/\/soeurs-de-la-presentation-de-marie.org\/pom\/wp-json\/wp\/v2\/media?parent=32824"}],"curies":[{"name":"wp","href":"https:\/\/api.w.org\/{rel}","templated":true}]}}