{"id":35212,"date":"2024-11-21T00:00:52","date_gmt":"2024-11-20T23:00:52","guid":{"rendered":"https:\/\/soeurs-de-la-presentation-de-marie.org\/pom\/?page_id=35212"},"modified":"2024-11-22T16:13:38","modified_gmt":"2024-11-22T15:13:38","slug":"2024-neuvaine-fete-de-la-presentation-de-marie","status":"publish","type":"page","link":"https:\/\/soeurs-de-la-presentation-de-marie.org\/pom\/2024-neuvaine-fete-de-la-presentation-de-marie\/","title":{"rendered":"2024 NEUVAINE F\u00caTE DE LA PR\u00c9SENTATION DE MARIE"},"content":{"rendered":"<div class=\"wpb-content-wrapper\"><p>[vc_row][vc_column][\/vc_column][\/vc_row][vc_row][vc_column][vc_custom_heading text=&#8221;Avec Marie, marchons ensemble en \u00c9glise sur le chemin de la synodalit\u00e9.<br \/>\n&#8221; font_container=&#8221;tag:h2|font_size:40|text_align:center|color:%23042E54&#8243; google_fonts=&#8221;font_family:Alex%20Brush%3Aregular|font_style:400%20regular%3A400%3Anormal&#8221; css=&#8221;&#8221;][\/vc_column][\/vc_row][vc_row][vc_column][vc_custom_heading text=&#8221;Introduction&#8221; font_container=&#8221;tag:h2|text_align:left|color:%23054E8F&#8221; google_fonts=&#8221;font_family:Andada%3Aregular|font_style:400%20regular%3A400%3Anormal&#8221; css=&#8221;&#8221;][vc_custom_heading text=&#8221;Si nous marchons dans la lumi\u00e8re, comme il est lui-m\u00eame dans la lumi\u00e8re, <\/p>\n<p>nous sommes en communion les uns avec les autres.<br \/>\n  1 Jn 1:7&#8243; font_container=&#8221;tag:h2|font_size:30|text_align:center|color:%231E73BE&#8221; google_fonts=&#8221;font_family:Arizonia%3Aregular|font_style:400%20regular%3A400%3Anormal&#8221; css=&#8221;&#8221;][vc_empty_space height=&#8221;4px&#8221;][vc_custom_heading text=&#8221;Bien ch\u00e8res S\u0153urs et toute la Famille spirituelle de Sainte Marie Rivier,&#8221; font_container=&#8221;tag:h2|text_align:justify|color:%2308508F&#8221; google_fonts=&#8221;font_family:Cookie%3Aregular|font_style:400%20regular%3A400%3Anormal&#8221; css=&#8221;&#8221;][vc_custom_heading text=&#8221;En chemin dans une \u00c9glise synodale, une \u00c9glise qui d\u00e9couvre la beaut\u00e9 de vivre en communion. De vivre le temps o\u00f9 l\u2019Esprit Saint veut nous conduire sur le chemin de la paix, de la lumi\u00e8re et de la simplicit\u00e9 de l\u2019\u00c9vangile. Avec J\u00e9sus Christ la joie na\u00eet et rena\u00eet toujours (Evangelii Gaudium, n\u00ba 1). Marcher ensemble avec Celui qui est le Chemin, la V\u00e9rit\u00e9 et la Vie\u2009; personne ne va vers le P\u00e8re sans passer par moi Jn 14,6.&#8221; font_container=&#8221;tag:h2|text_align:justify|color:%2308508F&#8221; google_fonts=&#8221;font_family:Cookie%3Aregular|font_style:400%20regular%3A400%3Anormal&#8221; css=&#8221;&#8221;][vc_custom_heading text=&#8221;La neuvaine pr\u00e9paratoire \u00e0 notre F\u00eate patronale, du 21 novembre, nous invite \u00e0 marcher ensemble, en \u00c9glise avec Marie, sur le chemin de la synodalit\u00e9. Marie, femme de pri\u00e8re et d\u2019\u00e9coute, habit\u00e9e par l\u2019Esprit Saint, femme de communion, de discernement et de d\u00e9cision, femme d\u2019engagement, M\u00e8re de l\u2019\u00c9glise. L\u2019humble Vierge Marie est l\u2019inspiratrice et la gardienne de notre famille religieuse\u2026 Dans le myst\u00e8re de sa Pr\u00e9sentation au Temple, elle est le mod\u00e8le de notre cons\u00e9cration C11.&#8221; font_container=&#8221;tag:h2|text_align:justify|color:%2308508F&#8221; google_fonts=&#8221;font_family:Cookie%3Aregular|font_style:400%20regular%3A400%3Anormal&#8221; css=&#8221;&#8221;][vc_custom_heading text=&#8221;En ce temps nouveau, nous sommes appel\u00e9s \u00e0 construire ensemble des communaut\u00e9s synodales avec Marie, M\u00e8re de Dieu, M\u00e8re de l\u2019\u00c9glise et notre M\u00e8re. Elle est toujours avec nous sur notre route synodale pour vivre dans une plus grande participation de tous et de toutes gr\u00e2ce \u00e0 un discernement communautaire.&#8221; font_container=&#8221;tag:h2|text_align:justify|color:%2308508F&#8221; google_fonts=&#8221;font_family:Cookie%3Aregular|font_style:400%20regular%3A400%3Anormal&#8221; css=&#8221;&#8221;][vc_custom_heading text=&#8221;\u00ab\u2009Le Pape Fran\u00e7ois enseigne que \u201cmarcher ensemble est le chemin constitutif de l\u2019\u00c9glise\u2009; le code qui nous permet d\u2019interpr\u00e9ter la r\u00e9alit\u00e9 avec les yeux et le c\u0153ur de Dieu\u2009; la condition pour suivre le Seigneur J\u00e9sus et pour \u00eatre des serviteurs de la vie \u00e0 notre \u00e9poque bless\u00e9e. Le souffle et le rythme du synode r\u00e9v\u00e8lent ce que nous sommes et le dynamisme de communion qui inspire nos d\u00e9cisions. Ce n\u2019est qu\u2019ainsi que nous pouvons r\u00e9ellement renouveler notre pastorale et l\u2019adapter \u00e0 la mission de l\u2019\u00c9glise dans le monde d\u2019aujourd\u2019hui\u2009; ce n\u2019est qu\u2019ainsi que nous pouvons faire face \u00e0 la complexit\u00e9 de notre temps, pleins de gratitude pour le chemin parcouru et d\u00e9termin\u00e9s \u00e0 le poursuivre avec parrh\u00e8sia\u201d.&#8221; font_container=&#8221;tag:h2|text_align:justify|color:%2308508F&#8221; google_fonts=&#8221;font_family:Cookie%3Aregular|font_style:400%20regular%3A400%3Anormal&#8221; css=&#8221;&#8221;][vc_custom_heading text=&#8221;L\u2019exp\u00e9rience v\u00e9cue et pers\u00e9v\u00e9rante de la synodalit\u00e9 est pour le Peuple de Dieu une source de la joie promise par J\u00e9sus, un ferment de vie nouvelle, un tremplin pour une nouvelle phase de l\u2019engagement missionnaire.&#8221; font_container=&#8221;tag:h2|text_align:justify|color:%2308508F&#8221; google_fonts=&#8221;font_family:Cookie%3Aregular|font_style:400%20regular%3A400%3Anormal&#8221; css=&#8221;&#8221;][vc_custom_heading text=&#8221;Que Marie, M\u00e8re de Dieu et de l\u2019\u00c9glise, qui \u201c\u00e9tait avec les disciples pour invoquer l\u2019Esprit Saint (cf. Ac 1,14) qui a ainsi rendu possible l\u2019explosion missionnaire advenue \u00e0 la Pentec\u00f4te\u201d accompagne le p\u00e8lerinage synodal du Peuple de Dieu, en indiquant le but et en enseignant le style beau, tendre et fort de cette nouvelle \u00e9tape de l\u2019\u00e9vang\u00e9lisation\u2009\u00bb (Commission Th\u00e9ologique internationale, la Synodalit\u00e9 dans la vie et dans la Mission de l\u2019\u00c9glise, n\u00ba 120-121).&#8221; font_container=&#8221;tag:h2|text_align:justify|color:%2308508F&#8221; google_fonts=&#8221;font_family:Cookie%3Aregular|font_style:400%20regular%3A400%3Anormal&#8221; css=&#8221;&#8221;][vc_custom_heading text=&#8221;En communion avec mes Conseill\u00e8res, je vous souhaite une fervente neuvaine et une tr\u00e8s belle f\u00eate de la Pr\u00e9sentation de Marie. &#8221; font_container=&#8221;tag:h2|text_align:center|color:%2308508F&#8221; google_fonts=&#8221;font_family:Cookie%3Aregular|font_style:400%20regular%3A400%3Anormal&#8221; css=&#8221;&#8221;][vc_custom_heading text=&#8221;Sr. Maria dos Anjos Alves, p.m.&#8221; font_container=&#8221;tag:h2|text_align:center|color:%2308508F&#8221; google_fonts=&#8221;font_family:Cookie%3Aregular|font_style:400%20regular%3A400%3Anormal&#8221; css=&#8221;&#8221;][vc_custom_heading text=&#8221;Sup\u00e9rieure G\u00e9n\u00e9rale&#8221; font_container=&#8221;tag:h2|text_align:center|color:%2308508F&#8221; google_fonts=&#8221;font_family:Cookie%3Aregular|font_style:400%20regular%3A400%3Anormal&#8221; css=&#8221;&#8221;][vc_empty_space height=&#8221;5px&#8221;][vc_single_image image=&#8221;35127&#8243; img_size=&#8221;medium&#8221; alignment=&#8221;center&#8221; onclick=&#8221;zoom&#8221; css_animation=&#8221;slideInUp&#8221; css=&#8221;&#8221;][vc_row_inner][vc_column_inner][\/vc_column_inner][\/vc_row_inner][vc_row_inner][vc_column_inner][\/vc_column_inner][\/vc_row_inner][vc_row_inner][vc_column_inner][vc_custom_heading text=&#8221;1        Marie et l\u2019Esprit Saint<br \/>\n&#8221; font_container=&#8221;tag:h2|text_align:left|color:%231E73BE&#8221; google_fonts=&#8221;font_family:Lily%20Script%20One%3Aregular|font_style:400%20regular%3A400%3Anormal&#8221; css=&#8221;&#8221;][vc_custom_heading text=&#8221;La Vierge Marie marche en pr\u00e9sence de l\u2019Esprit Saint qui l\u2019habite. C\u2019est son compagnon de route. Elle est une femme synodale, parce qu\u2019elle chemine notamment avec l\u2019Esprit par l\u2019\u00e9coute et la pri\u00e8re. Gr\u00e2ce \u00e0 Lui, tout au long de sa vie, elle vit une communion profonde avec son peuple. Sa participation aux \u00e9v\u00e9nements de son milieu la caract\u00e9rise et porte du fruit. C\u2019est ainsi qu\u2019elle a rempli pleinement sa mission, laquelle se poursuit aujourd\u2019hui, puisqu\u2019elle est devenue par la gr\u00e2ce de Dieu notre m\u00e8re, notre mod\u00e8le et la M\u00e8re de l\u2019\u00c9glise. &#8221; font_container=&#8221;tag:h2|text_align:justify|color:%2324445F&#8221; google_fonts=&#8221;font_family:Alegreya%20Sans%3A100%2C100italic%2C300%2C300italic%2Cregular%2Citalic%2C500%2C500italic%2C700%2C700italic%2C800%2C800italic%2C900%2C900italic|font_style:400%20regular%3A400%3Anormal&#8221; css=&#8221;&#8221;][vc_empty_space][\/vc_column_inner][\/vc_row_inner][vc_row_inner][vc_column_inner][vc_custom_heading text=&#8221;2 Marie : Femme de Pri\u00e8re et d\u2019\u00c9coute&#8221; font_container=&#8221;tag:h2|text_align:left|color:%231E73BE&#8221; google_fonts=&#8221;font_family:Lily%20Script%20One%3Aregular|font_style:400%20regular%3A400%3Anormal&#8221; css=&#8221;&#8221;][vc_custom_heading text=&#8221;\u00ab\u2009Marie apparait dans les \u00c9vangiles comme une femme silencieuse qui, souvent, ne comprend pas tout ce qui se passe autour d\u2019elle, mais qui m\u00e9dite chaque parole et chaque \u00e9v\u00e9nement dans son c\u0153ur.\u2009\u00bb  (Pape Fran\u00e7ois, 10 mai 2017)&#8221; font_container=&#8221;tag:h2|text_align:justify|color:%2324445F&#8221; google_fonts=&#8221;font_family:Alegreya%20Sans%3A100%2C100italic%2C300%2C300italic%2Cregular%2Citalic%2C500%2C500italic%2C700%2C700italic%2C800%2C800italic%2C900%2C900italic|font_style:400%20regular%3A400%3Anormal&#8221; css=&#8221;&#8221;][\/vc_column_inner][\/vc_row_inner][\/vc_column][\/vc_row][vc_row][vc_column][vc_custom_heading text=&#8221;3 Marie : Femme Int\u00e9rieure&#8221; font_container=&#8221;tag:h2|text_align:left|color:%231E73BE&#8221; google_fonts=&#8221;font_family:Lily%20Script%20One%3Aregular|font_style:400%20regular%3A400%3Anormal&#8221; css=&#8221;&#8221;][vc_custom_heading text=&#8221;\u00ab\u2009L\u2019Esprit met Marie en communion avec toute la vie trinitaire. Selon Jean Damasc\u00e8ne, \u201cle P\u00e8re l\u2019a pr\u00e9destin\u00e9e, mais l\u2019Esprit l\u2019a visit\u00e9e, purifi\u00e9e et rendue sainte, et pour ainsi dire irrigu\u00e9e\u201d. Marie a \u00e9t\u00e9 progressivement transform\u00e9e par l\u2019Esprit. Il reposait si profond\u00e9ment en elle qu\u2019il impr\u00e9gnait tout son \u00eatre. \u00bb (Sr Shalini Mulackal, p.7-8)&#8221; font_container=&#8221;tag:h2|text_align:justify|color:%2324445F&#8221; google_fonts=&#8221;font_family:Alegreya%20Sans%3A100%2C100italic%2C300%2C300italic%2Cregular%2Citalic%2C500%2C500italic%2C700%2C700italic%2C800%2C800italic%2C900%2C900italic|font_style:400%20regular%3A400%3Anormal&#8221; css=&#8221;&#8221;][\/vc_column][\/vc_row][vc_row][vc_column][vc_custom_heading text=&#8221;4 Marie : Femme de Communion&#8221; font_container=&#8221;tag:h2|text_align:left|color:%231E73BE&#8221; google_fonts=&#8221;font_family:Lily%20Script%20One%3Aregular|font_style:400%20regular%3A400%3Anormal&#8221; css=&#8221;&#8221;][vc_custom_heading text=&#8221;Marie vit en communion avec son peuple et s\u2019est tr\u00e8s bien int\u00e9gr\u00e9e \u00e0 son milieu. Lorsqu\u2019elle a pr\u00e9sent\u00e9 J\u00e9sus au temple, en compagnie de Joseph, elle respectait la Loi\u2009; elle manifestait ainsi qu\u2019elle participait \u00e0 ce qui \u00e9tait attendu d\u2019elle : pr\u00e9senter le premier-n\u00e9 au pr\u00eatre pour le consacrer au Seigneur.&#8221; font_container=&#8221;tag:h2|text_align:justify|color:%2324445F&#8221; google_fonts=&#8221;font_family:Alegreya%20Sans%3A100%2C100italic%2C300%2C300italic%2Cregular%2Citalic%2C500%2C500italic%2C700%2C700italic%2C800%2C800italic%2C900%2C900italic|font_style:400%20regular%3A400%3Anormal&#8221; css=&#8221;&#8221;][\/vc_column][\/vc_row][vc_row][vc_column][vc_custom_heading text=&#8221;5 Marie: Femme de Visitation&#8221; font_container=&#8221;tag:h2|text_align:left|color:%231E73BE&#8221; google_fonts=&#8221;font_family:Lily%20Script%20One%3Aregular|font_style:400%20regular%3A400%3Anormal&#8221; css=&#8221;&#8221;][vc_custom_heading text=&#8221;\u00ab Marie vit profond\u00e9ment enracin\u00e9e dans la communaut\u00e9 du peuple de Dieu. \u00bb (Timothy Radcliffe, OP) Elle repense aux \u00e9v\u00e8nements qui ont jonch\u00e9 son pass\u00e9 et, avec un \u00e9lan joyeux, se dirige vers sa cousine, pour lui offrir son aide. Elle se sent coresponsable avec son Fils de toute l\u2019humanit\u00e9, notamment du bien-\u00eatre de sa cousine bien aim\u00e9e.&#8221; font_container=&#8221;tag:h2|text_align:justify|color:%2324445F&#8221; google_fonts=&#8221;font_family:Alegreya%20Sans%3A100%2C100italic%2C300%2C300italic%2Cregular%2Citalic%2C500%2C500italic%2C700%2C700italic%2C800%2C800italic%2C900%2C900italic|font_style:400%20regular%3A400%3Anormal&#8221; css=&#8221;&#8221;][\/vc_column][\/vc_row][vc_row][vc_column][vc_custom_heading text=&#8221;6 Marie : Femme de Discernement et de D\u00e9cision&#8221; font_container=&#8221;tag:h2|text_align:left|color:%231E73BE&#8221; google_fonts=&#8221;font_family:Lily%20Script%20One%3Aregular|font_style:400%20regular%3A400%3Anormal&#8221; css=&#8221;&#8221;][vc_custom_heading text=&#8221;\u00ab La Vierge Marie est un ma\u00eetre du discernement : elle parle peu, \u00e9coute beaucoup, et garde des tr\u00e9sors dans son c\u0153ur (cf. Lc 2, 19). Et les quelques fois o\u00f9 elle parle, elle laisse une trace. \u00bb (Pape Fran\u00e7ois, 4 janvier 2023) &#8221; font_container=&#8221;tag:h2|text_align:justify|color:%2324445F&#8221; google_fonts=&#8221;font_family:Alegreya%20Sans%3A100%2C100italic%2C300%2C300italic%2Cregular%2Citalic%2C500%2C500italic%2C700%2C700italic%2C800%2C800italic%2C900%2C900italic|font_style:400%20regular%3A400%3Anormal&#8221; css=&#8221;&#8221;][\/vc_column][\/vc_row][vc_row][vc_column][vc_custom_heading text=&#8221;7 Marie : Femme d\u2019Engagement&#8221; font_container=&#8221;tag:h2|text_align:left|color:%231E73BE&#8221; google_fonts=&#8221;font_family:Lily%20Script%20One%3Aregular|font_style:400%20regular%3A400%3Anormal&#8221; css=&#8221;&#8221;][vc_custom_heading text=&#8221;Marie, femme de discernement et de d\u00e9cision, suit son Fils jusqu\u2019\u00e0 la croix. Elle poursuit sa mission et s\u2019engage \u00e0 l\u2019\u0153uvre de l\u2019Esprit jusqu\u2019au bout. L\u2019esp\u00e9rance est le moteur qui fait vibrer sa vie spirituelle.&#8221; font_container=&#8221;tag:h2|text_align:justify|color:%2324445F&#8221; google_fonts=&#8221;font_family:Alegreya%20Sans%3A100%2C100italic%2C300%2C300italic%2Cregular%2Citalic%2C500%2C500italic%2C700%2C700italic%2C800%2C800italic%2C900%2C900italic|font_style:400%20regular%3A400%3Anormal&#8221; css=&#8221;&#8221;][\/vc_column][\/vc_row][vc_row][vc_column][vc_custom_heading text=&#8221;8 Marie : M\u00e8re de l\u2019\u00c9glise&#8221; font_container=&#8221;tag:h2|text_align:left|color:%231E73BE&#8221; google_fonts=&#8221;font_family:Lily%20Script%20One%3Aregular|font_style:400%20regular%3A400%3Anormal&#8221; css=&#8221;&#8221;][vc_custom_heading text=&#8221;\u00ab\u2009Au C\u00e9nacle, les 11 ap\u00f4tres, quelques femmes et Marie qui les accompagnait, faisaient m\u00e9moire de J\u00e9sus et de ses paroles, de ses actes, de ses promesses, jusqu\u2019\u00e0 l\u2019accomplissement du myst\u00e8re du C\u00e9nacle, au jour de la Pentec\u00f4te, lorsque l\u2019Esprit transforme les ap\u00f4tres en br\u00fblants t\u00e9moins et messagers de J\u00e9sus-Christ.\u2009\u00bb (Avec Marie au C\u00e9nacle, Sr Nathalie Albert, NDDC)&#8221; font_container=&#8221;tag:h2|text_align:justify|color:%2324445F&#8221; google_fonts=&#8221;font_family:Alegreya%20Sans%3A100%2C100italic%2C300%2C300italic%2Cregular%2Citalic%2C500%2C500italic%2C700%2C700italic%2C800%2C800italic%2C900%2C900italic|font_style:400%20regular%3A400%3Anormal&#8221; css=&#8221;&#8221;][\/vc_column][\/vc_row][vc_row][vc_column][vc_custom_heading text=&#8221;9 Marie : notre Mod\u00e8le&#8221; font_container=&#8221;tag:h2|text_align:left|color:%231E73BE&#8221; google_fonts=&#8221;font_family:Lily%20Script%20One%3Aregular|font_style:400%20regular%3A400%3Anormal&#8221; css=&#8221;&#8221;][vc_custom_heading text=&#8221;Marie, qui ce jour-l\u00e0 s\u2019est pr\u00e9sent\u00e9e au Temple, est notre mod\u00e8le de cons\u00e9cration. Tr\u00e8s jeune, elle a fait preuve d\u2019un grand courage et d\u2019un amour sans limites en montant les marches du Temple pour y consacrer sa vie au Seigneur. Elle est un exemple d\u2019esp\u00e9rance.&#8221; font_container=&#8221;tag:h2|text_align:justify|color:%2324445F&#8221; google_fonts=&#8221;font_family:Alegreya%20Sans%3A100%2C100italic%2C300%2C300italic%2Cregular%2Citalic%2C500%2C500italic%2C700%2C700italic%2C800%2C800italic%2C900%2C900italic|font_style:400%20regular%3A400%3Anormal&#8221; css=&#8221;&#8221;][\/vc_column][\/vc_row]<\/p>\n<\/div>","protected":false},"excerpt":{"rendered":"<p>[vc_row][vc_column][\/vc_column][\/vc_row][vc_row][vc_column][vc_custom_heading text=&#8221;Avec Marie, marchons ensemble en \u00c9glise sur le chemin de la synodalit\u00e9. &#8221; font_container=&#8221;tag:h2|font_size:40|text_align:center|color:%23042E54&#8243; google_fonts=&#8221;font_family:Alex%20Brush%3Aregular|font_style:400%20regular%3A400%3Anormal&#8221; css=&#8221;&#8221;][\/vc_column][\/vc_row][vc_row][vc_column][vc_custom_heading text=&#8221;Introduction&#8221; font_container=&#8221;tag:h2|text_align:left|color:%23054E8F&#8221; google_fonts=&#8221;font_family:Andada%3Aregular|font_style:400%20regular%3A400%3Anormal&#8221; css=&#8221;&#8221;][vc_custom_heading text=&#8221;Si nous marchons dans la lumi\u00e8re, comme il est lui-m\u00eame dans la lumi\u00e8re, nous sommes en communion les uns avec les autres. 1 Jn 1:7&#8243; font_container=&#8221;tag:h2|font_size:30|text_align:center|color:%231E73BE&#8221; google_fonts=&#8221;font_family:Arizonia%3Aregular|font_style:400%20regular%3A400%3Anormal&#8221; css=&#8221;&#8221;][vc_empty_space height=&#8221;4px&#8221;][vc_custom_heading text=&#8221;Bien ch\u00e8res S\u0153urs et toute [&hellip;]<\/p>\n","protected":false},"author":9,"featured_media":35128,"parent":0,"menu_order":0,"comment_status":"closed","ping_status":"closed","template":"","meta":{"ngg_post_thumbnail":0,"footnotes":""},"lang":"fr","translations":{"fr":35212,"en":35132},"pll_sync_post":[],"_links":{"self":[{"href":"https:\/\/soeurs-de-la-presentation-de-marie.org\/pom\/wp-json\/wp\/v2\/pages\/35212"}],"collection":[{"href":"https:\/\/soeurs-de-la-presentation-de-marie.org\/pom\/wp-json\/wp\/v2\/pages"}],"about":[{"href":"https:\/\/soeurs-de-la-presentation-de-marie.org\/pom\/wp-json\/wp\/v2\/types\/page"}],"author":[{"embeddable":true,"href":"https:\/\/soeurs-de-la-presentation-de-marie.org\/pom\/wp-json\/wp\/v2\/users\/9"}],"replies":[{"embeddable":true,"href":"https:\/\/soeurs-de-la-presentation-de-marie.org\/pom\/wp-json\/wp\/v2\/comments?post=35212"}],"version-history":[{"count":3,"href":"https:\/\/soeurs-de-la-presentation-de-marie.org\/pom\/wp-json\/wp\/v2\/pages\/35212\/revisions"}],"predecessor-version":[{"id":35215,"href":"https:\/\/soeurs-de-la-presentation-de-marie.org\/pom\/wp-json\/wp\/v2\/pages\/35212\/revisions\/35215"}],"wp:featuredmedia":[{"embeddable":true,"href":"https:\/\/soeurs-de-la-presentation-de-marie.org\/pom\/wp-json\/wp\/v2\/media\/35128"}],"wp:attachment":[{"href":"https:\/\/soeurs-de-la-presentation-de-marie.org\/pom\/wp-json\/wp\/v2\/media?parent=35212"}],"curies":[{"name":"wp","href":"https:\/\/api.w.org\/{rel}","templated":true}]}}