{"id":36177,"date":"2025-04-20T23:10:35","date_gmt":"2025-04-20T21:10:35","guid":{"rendered":"https:\/\/soeurs-de-la-presentation-de-marie.org\/pom\/?page_id=36177"},"modified":"2025-05-21T20:24:23","modified_gmt":"2025-05-21T18:24:23","slug":"messages-2-2","status":"publish","type":"page","link":"https:\/\/soeurs-de-la-presentation-de-marie.org\/pom\/messages-2-2\/","title":{"rendered":"Messages"},"content":{"rendered":"<div class=\"wpb-content-wrapper\"><p>[vc_section][vc_row][vc_column][vc_row_inner equal_height=&#8221;yes&#8221; gap=&#8221;10&#8243; css=&#8221;.vc_custom_1736858532215{background-color: #FFFFFF !important;border-radius: 5px !important;}&#8221;][vc_column_inner width=&#8221;1\/6&#8243; css=&#8221;.vc_custom_1732114223491{background-color: #FFFFFF !important;border-color: #FFFFFF !important;}&#8221;][vc_single_image image=&#8221;36207&#8243; img_size=&#8221;full&#8221; alignment=&#8221;center&#8221; style=&#8221;vc_box_shadow_border&#8221; css=&#8221;&#8221;][\/vc_column_inner][vc_column_inner width=&#8221;2\/3&#8243;][vc_single_image image=&#8221;34935&#8243; img_size=&#8221;medium&#8221; alignment=&#8221;center&#8221; style=&#8221;vc_box_shadow_border&#8221; onclick=&#8221;img_link_large&#8221; css=&#8221;&#8221;][vc_custom_heading text=&#8221;All for God! All through Holy Love!&#8221; font_container=&#8221;tag:h2|text_align:center|color:%23022746&#8243; google_fonts=&#8221;font_family:Asap%3Aregular%2Citalic%2C700%2C700italic|font_style:400%20regular%3A400%3Anormal&#8221; css=&#8221;&#8221;][vc_custom_heading text=&#8221;Very dear sisters and the entire spiritual Family of Saint Marie Rivier,&#8221; font_container=&#8221;tag:h2|font_size:25|text_align:left|color:%23083A66&#8243; google_fonts=&#8221;font_family:Archivo%20Narrow%3Aregular%2Citalic%2C700%2C700italic|font_style:400%20regular%3A400%3Anormal&#8221; css=&#8221;&#8221;][vc_custom_heading text=&#8221;It was with surprise that we learned this morning of the death of our dear Pope Francis. Yesterday, Easter Sunday, we heard his voice, we heard him address to the whole world a cry of Hope, Love and Peace for all.&#8221; font_container=&#8221;tag:h2|font_size:25|text_align:justify|color:%23083A66&#8243; google_fonts=&#8221;font_family:Archivo%20Narrow%3Aregular%2Citalic%2C700%2C700italic|font_style:400%20regular%3A400%3Anormal&#8221; css=&#8221;&#8221;][vc_custom_heading text=&#8221;Let us continue to remember his life, the gift he was for the Church and for our world. We give thanks to the Lord for his remarkable dedication to all people, and especially to the poor, the sick, the abandoned, the marginalized, the martyrs, those whose dignity as human beings is not respected.   His message, his voice and his cry of love for humanity will remain engraved in our memories.&#8221; font_container=&#8221;tag:h2|font_size:25|text_align:justify|color:%23083A66&#8243; google_fonts=&#8221;font_family:Archivo%20Narrow%3Aregular%2Citalic%2C700%2C700italic|font_style:400%20regular%3A400%3Anormal&#8221; css=&#8221;&#8221;][vc_custom_heading text=&#8221;Let us give thanks for his message, a source of inspiration, and for the living testimony he left us during his stay on earth.&#8221; font_container=&#8221;tag:h2|font_size:25|text_align:justify|color:%23083A66&#8243; google_fonts=&#8221;font_family:Archivo%20Narrow%3Aregular%2Citalic%2C700%2C700italic|font_style:400%20regular%3A400%3Anormal&#8221; css=&#8221;&#8221;][vc_custom_heading text=&#8221;In union with the universal Church and all of humanity, we pray to Pope Francis to continue to intercede for all people in need and to obtain for us from Jesus, Prince of Peace, the gift of Reconciliation, Peace and Life.&#8221; font_container=&#8221;tag:h2|font_size:25|text_align:justify|color:%23083A66&#8243; google_fonts=&#8221;font_family:Archivo%20Narrow%3Aregular%2Citalic%2C700%2C700italic|font_style:400%20regular%3A400%3Anormal&#8221; css=&#8221;&#8221;][vc_custom_heading text=&#8221;May the Virgin Mary, Mother of Jesus and Mother of the Church, support us in Trust and Love. All, with one heart, were diligent in prayer, with women, with Mary the mother of Jesus (Acts 1:14).&#8221; font_container=&#8221;tag:h2|font_size:25|text_align:justify|color:%23083A66&#8243; google_fonts=&#8221;font_family:Archivo%20Narrow%3Aregular%2Citalic%2C700%2C700italic|font_style:400%20regular%3A400%3Anormal&#8221; css=&#8221;&#8221;][vc_custom_heading text=&#8221;The Holy Spirit continues to guide His Church on the paths of the will of God, Father of all humanity.&#8221; font_container=&#8221;tag:h2|font_size:25|text_align:justify|color:%23083A66&#8243; google_fonts=&#8221;font_family:Archivo%20Narrow%3Aregular%2Citalic%2C700%2C700italic|font_style:400%20regular%3A400%3Anormal&#8221; css=&#8221;&#8221;][vc_custom_heading text=&#8221;Well united in Communion and Hope,<br \/>\nSister Maria dos Anjos Alves, p.m.<br \/>\nSuperior General<br \/>\n22 April 2025&#8243; font_container=&#8221;tag:h2|font_size:25|text_align:left|color:%23083A66&#8243; google_fonts=&#8221;font_family:Archivo%20Narrow%3Aregular%2Citalic%2C700%2C700italic|font_style:400%20regular%3A400%3Anormal&#8221; css=&#8221;&#8221;][\/vc_column_inner][vc_column_inner width=&#8221;1\/6&#8243;][vc_single_image image=&#8221;36215&#8243; img_size=&#8221;full&#8221; alignment=&#8221;center&#8221; style=&#8221;vc_box_shadow_border&#8221; css=&#8221;&#8221;][\/vc_column_inner][\/vc_row_inner][\/vc_column][\/vc_row][vc_row][vc_column][gva_image_content title=&#8221;Mother&#8217;s Message for Easter 2025&#8243; background=&#8221;36168&#8243; link=&#8221;https:\/\/soeurs-de-la-presentation-de-marie.org\/pom\/wp-content\/uploads\/2025\/04\/EN-Easter-message-2025-2.pdf&#8221;][\/gva_image_content][\/vc_column][vc_column][vc_column_text]<\/p>\n<h2>Message de M\u00e8re Maria dos Anjos Alves pour No\u00ebl 2018<\/h2>\n<p>[\/vc_column_text][\/vc_column][\/vc_row][vc_row][vc_column width=&#8221;1\/5&#8243;][vc_column_text]<\/p>\n<p style=\"text-align: center;\"><a href=\"http:\/\/soeurs-de-la-presentation-de-marie.org\/pom\/wp-content\/uploads\/2018\/12\/No\u00ebl-2018-voeux-en-Fran\u00e7ais-A4.pdf\"><img loading=\"lazy\" decoding=\"async\" class=\"wp-image-4922 aligncenter\" src=\"http:\/\/soeurs-de-la-presentation-de-marie.org\/pom\/wp-content\/uploads\/2015\/12\/Christmas-wish-thumbnail.jpg\" alt=\"\" width=\"109\" height=\"169\"><\/a><\/p>\n<p style=\"text-align: center;\"><a href=\"http:\/\/soeurs-de-la-presentation-de-marie.org\/pom\/wp-content\/uploads\/2018\/12\/No\u00ebl-2018-voeux-en-Fran\u00e7ais-A4.pdf\">en Fran\u00e7ais<\/a><\/p>\n<p>[\/vc_column_text][\/vc_column][vc_column width=&#8221;1\/5&#8243;][vc_column_text]<\/p>\n<p style=\"text-align: center;\"><a href=\"http:\/\/soeurs-de-la-presentation-de-marie.org\/pom\/wp-content\/uploads\/2018\/12\/No\u00ebl-2018-voeux-en-Fran\u00e7ais-A4.pdf\"><img loading=\"lazy\" decoding=\"async\" class=\"wp-image-4922 aligncenter\" src=\"http:\/\/soeurs-de-la-presentation-de-marie.org\/pom\/wp-content\/uploads\/2015\/12\/Christmas-wish-thumbnail.jpg\" alt=\"\" width=\"109\" height=\"169\"><\/a><\/p>\n<p style=\"text-align: center;\"><a href=\"http:\/\/soeurs-de-la-presentation-de-marie.org\/pom\/wp-content\/uploads\/2018\/12\/No\u00ebl-2018-voeux-en-Portugais-A4.pdf\">em Portugu\u00eas<\/a><\/p>\n<p>[\/vc_column_text][\/vc_column][vc_column width=&#8221;1\/5&#8243;][vc_column_text]<\/p>\n<p style=\"text-align: center;\"><a href=\"http:\/\/soeurs-de-la-presentation-de-marie.org\/pom\/wp-content\/uploads\/2018\/12\/No\u00ebl-2018-voeux-en-Fran\u00e7ais-A4.pdf\"><img loading=\"lazy\" decoding=\"async\" class=\"wp-image-4922 aligncenter\" src=\"http:\/\/soeurs-de-la-presentation-de-marie.org\/pom\/wp-content\/uploads\/2015\/12\/Christmas-wish-thumbnail.jpg\" alt=\"\" width=\"109\" height=\"169\"><\/a><\/p>\n<p style=\"text-align: center;\"><a href=\"http:\/\/soeurs-de-la-presentation-de-marie.org\/pom\/wp-content\/uploads\/2018\/12\/Noel-2018-Jvoeux-en-Japonais.pdf\">\u65e5\u672c\u8a9e<\/a><\/p>\n<p>[\/vc_column_text][\/vc_column][vc_column width=&#8221;1\/5&#8243;][vc_column_text]<\/p>\n<p style=\"text-align: center;\"><a href=\"http:\/\/soeurs-de-la-presentation-de-marie.org\/pom\/wp-content\/uploads\/2018\/12\/No\u00ebl-2018-voeux-en-Fran\u00e7ais-A4.pdf\"><img loading=\"lazy\" decoding=\"async\" class=\"wp-image-4922 aligncenter\" src=\"http:\/\/soeurs-de-la-presentation-de-marie.org\/pom\/wp-content\/uploads\/2015\/12\/Christmas-wish-thumbnail.jpg\" alt=\"\" width=\"109\" height=\"169\"><\/a><\/p>\n<p style=\"text-align: center;\"><a href=\"http:\/\/soeurs-de-la-presentation-de-marie.org\/pom\/wp-content\/uploads\/2018\/12\/No\u00ebl-2018-voeux-en-Anglais-A4.pdf\">in English<\/a><\/p>\n<p>[\/vc_column_text][\/vc_column][vc_column width=&#8221;1\/5&#8243;][vc_column_text]<\/p>\n<p style=\"text-align: center;\"><a href=\"http:\/\/soeurs-de-la-presentation-de-marie.org\/pom\/wp-content\/uploads\/2018\/12\/No\u00ebl-2018-voeux-en-Fran\u00e7ais-A4.pdf\"><img loading=\"lazy\" decoding=\"async\" class=\"wp-image-4922 aligncenter\" src=\"http:\/\/soeurs-de-la-presentation-de-marie.org\/pom\/wp-content\/uploads\/2015\/12\/Christmas-wish-thumbnail.jpg\" alt=\"\" width=\"109\" height=\"169\"><\/a><\/p>\n<p style=\"text-align: center;\"><a href=\"http:\/\/soeurs-de-la-presentation-de-marie.org\/pom\/wp-content\/uploads\/2018\/12\/No\u00ebl-2018-voeux-en-Espa\u00f1ol-A4.pdf\">en Espa\u00f1ol<\/a><\/p>\n<p>[\/vc_column_text][\/vc_column][\/vc_row][\/vc_section][vc_row][vc_column][vc_column_text]<\/p>\n<h2>Message de M\u00e8re Maria dos Anjos Alves pour le d\u00e9but de l&#8217;Ann\u00e9e de la R\u00e8gle de Vie (2018)<\/h2>\n<p>[\/vc_column_text][\/vc_column][\/vc_row][vc_row][vc_column width=&#8221;1\/5&#8243;][vc_column_text]<img loading=\"lazy\" decoding=\"async\" class=\"alignleft wp-image-6281\" src=\"http:\/\/soeurs-de-la-presentation-de-marie.org\/pom\/wp-content\/uploads\/2018\/11\/pdf-180x180.png\" alt=\"\" width=\"20\" height=\"20\"><a href=\"http:\/\/soeurs-de-la-presentation-de-marie.org\/pom\/wp-content\/uploads\/2018\/11\/Message-Annee-de-la-Regle-de-Vie_francais.pdf\" target=\"_blank\" rel=\"noopener\">en fran\u00e7ais<\/a>[\/vc_column_text][\/vc_column][vc_column width=&#8221;1\/5&#8243;][vc_column_text]<img loading=\"lazy\" decoding=\"async\" class=\"alignleft wp-image-6281\" src=\"http:\/\/soeurs-de-la-presentation-de-marie.org\/pom\/wp-content\/uploads\/2018\/11\/pdf-180x180.png\" alt=\"\" width=\"20\" height=\"20\"><a href=\"http:\/\/soeurs-de-la-presentation-de-marie.org\/pom\/wp-content\/uploads\/2018\/11\/Message-Annee-de-la-Regle-de-Vie_portoguese.pdf\" target=\"_blank\" rel=\"noopener\">em portugu\u00eas<\/a>[\/vc_column_text][\/vc_column][vc_column width=&#8221;1\/5&#8243;][vc_column_text]<img loading=\"lazy\" decoding=\"async\" class=\"alignleft wp-image-6281\" src=\"http:\/\/soeurs-de-la-presentation-de-marie.org\/pom\/wp-content\/uploads\/2018\/11\/pdf-180x180.png\" alt=\"\" width=\"20\" height=\"20\"><a href=\"http:\/\/soeurs-de-la-presentation-de-marie.org\/pom\/wp-content\/uploads\/2018\/11\/Message-Annee-de-la-Regle-de-Vie_espanol.pdf\" target=\"_blank\" rel=\"noopener\">en espa\u00f1ol<\/a>[\/vc_column_text][\/vc_column][vc_column width=&#8221;1\/5&#8243;][vc_column_text]<img loading=\"lazy\" decoding=\"async\" class=\"alignleft wp-image-6281\" src=\"http:\/\/soeurs-de-la-presentation-de-marie.org\/pom\/wp-content\/uploads\/2018\/11\/pdf-180x180.png\" alt=\"\" width=\"20\" height=\"20\"><a href=\"http:\/\/soeurs-de-la-presentation-de-marie.org\/pom\/wp-content\/uploads\/2018\/11\/Message-Annee-de-la-Regle-de-Vie_english.pdf\" target=\"_blank\" rel=\"noopener\">in English<\/a>[\/vc_column_text][\/vc_column][vc_column width=&#8221;1\/5&#8243;][vc_column_text]<img loading=\"lazy\" decoding=\"async\" class=\"alignleft wp-image-6281\" src=\"http:\/\/soeurs-de-la-presentation-de-marie.org\/pom\/wp-content\/uploads\/2018\/11\/pdf-180x180.png\" alt=\"\" width=\"20\" height=\"20\"><a href=\"http:\/\/soeurs-de-la-presentation-de-marie.org\/pom\/wp-content\/uploads\/2018\/11\/Message-Annee-de-la-Regle-de-Vie_japonais.pdf\" target=\"_blank\" rel=\"noopener\">\u65e5\u672c\u8a9e\u3067<\/a>[\/vc_column_text][\/vc_column][\/vc_row][vc_row][vc_column width=&#8221;1\/2&#8243;][vc_video link=&#8221;https:\/\/youtu.be\/9RRwHdSdfEs&#8221; title=&#8221;en fran\u00e7ais&#8221;][vc_video link=&#8221;https:\/\/youtu.be\/ow5qYQiQbkM&#8221; title=&#8221;en espa\u00f1ol&#8221;][\/vc_column][vc_column width=&#8221;1\/2&#8243;][vc_video link=&#8221;https:\/\/youtu.be\/ZXjxXnRMHZM&#8221; title=&#8221;em portugu\u00eas&#8221;][vc_video link=&#8221;https:\/\/youtu.be\/W55EI-L_xho&#8221; title=&#8221;in English&#8221;][\/vc_column][\/vc_row]<\/p>\n<\/div>","protected":false},"excerpt":{"rendered":"<p>[vc_section][vc_row][vc_column][vc_row_inner equal_height=&#8221;yes&#8221; gap=&#8221;10&#8243; css=&#8221;.vc_custom_1736858532215{background-color: #FFFFFF !important;border-radius: 5px !important;}&#8221;][vc_column_inner width=&#8221;1\/6&#8243; css=&#8221;.vc_custom_1732114223491{background-color: #FFFFFF !important;border-color: #FFFFFF !important;}&#8221;][vc_single_image image=&#8221;36207&#8243; img_size=&#8221;full&#8221; alignment=&#8221;center&#8221; style=&#8221;vc_box_shadow_border&#8221; css=&#8221;&#8221;][\/vc_column_inner][vc_column_inner width=&#8221;2\/3&#8243;][vc_single_image image=&#8221;34935&#8243; img_size=&#8221;medium&#8221; alignment=&#8221;center&#8221; style=&#8221;vc_box_shadow_border&#8221; onclick=&#8221;img_link_large&#8221; css=&#8221;&#8221;][vc_custom_heading text=&#8221;All for God! All through Holy Love!&#8221; font_container=&#8221;tag:h2|text_align:center|color:%23022746&#8243; google_fonts=&#8221;font_family:Asap%3Aregular%2Citalic%2C700%2C700italic|font_style:400%20regular%3A400%3Anormal&#8221; css=&#8221;&#8221;][vc_custom_heading text=&#8221;Very dear sisters and the entire spiritual Family of Saint Marie Rivier,&#8221; font_container=&#8221;tag:h2|font_size:25|text_align:left|color:%23083A66&#8243; google_fonts=&#8221;font_family:Archivo%20Narrow%3Aregular%2Citalic%2C700%2C700italic|font_style:400%20regular%3A400%3Anormal&#8221; css=&#8221;&#8221;][vc_custom_heading text=&#8221;It was with surprise [&hellip;]<\/p>\n","protected":false},"author":9,"featured_media":0,"parent":0,"menu_order":1,"comment_status":"closed","ping_status":"closed","template":"","meta":{"ngg_post_thumbnail":0,"footnotes":""},"lang":"en","translations":{"en":36177,"pt":6280,"fr":36181,"es":36185},"pll_sync_post":[],"_links":{"self":[{"href":"https:\/\/soeurs-de-la-presentation-de-marie.org\/pom\/wp-json\/wp\/v2\/pages\/36177"}],"collection":[{"href":"https:\/\/soeurs-de-la-presentation-de-marie.org\/pom\/wp-json\/wp\/v2\/pages"}],"about":[{"href":"https:\/\/soeurs-de-la-presentation-de-marie.org\/pom\/wp-json\/wp\/v2\/types\/page"}],"author":[{"embeddable":true,"href":"https:\/\/soeurs-de-la-presentation-de-marie.org\/pom\/wp-json\/wp\/v2\/users\/9"}],"replies":[{"embeddable":true,"href":"https:\/\/soeurs-de-la-presentation-de-marie.org\/pom\/wp-json\/wp\/v2\/comments?post=36177"}],"version-history":[{"count":5,"href":"https:\/\/soeurs-de-la-presentation-de-marie.org\/pom\/wp-json\/wp\/v2\/pages\/36177\/revisions"}],"predecessor-version":[{"id":36301,"href":"https:\/\/soeurs-de-la-presentation-de-marie.org\/pom\/wp-json\/wp\/v2\/pages\/36177\/revisions\/36301"}],"wp:attachment":[{"href":"https:\/\/soeurs-de-la-presentation-de-marie.org\/pom\/wp-json\/wp\/v2\/media?parent=36177"}],"curies":[{"name":"wp","href":"https:\/\/api.w.org\/{rel}","templated":true}]}}