{"id":4066,"date":"2018-10-27T11:20:04","date_gmt":"2018-10-27T09:20:04","guid":{"rendered":"http:\/\/soeurs-de-la-presentation-de-marie.org\/pom\/?page_id=4066"},"modified":"2020-05-24T12:25:13","modified_gmt":"2020-05-24T10:25:13","slug":"mission","status":"publish","type":"page","link":"https:\/\/soeurs-de-la-presentation-de-marie.org\/pom\/mission\/","title":{"rendered":"Mission"},"content":{"rendered":"<div class=\"wpb-content-wrapper\"><p>[vc_row row_space=&#8221;remove_padding_bottom&#8221;][vc_column][vc_custom_heading text=&#8221;Le z\u00e8le pour faire conna\u00eetre et aimer J\u00e9sus Christ<br \/>\nest le caract\u00e8re propre des S\u0153urs de la Pr\u00e9sentation de Marie.&#8221; font_container=&#8221;tag:h3|font_size:46|text_align:center|color:%232059cc&#8221; google_fonts=&#8221;font_family:Italianno%3Aregular|font_style:400%20regular%3A400%3Anormal&#8221;][vc_custom_heading text=&#8221;Pour Marie Rivier, avoir l\u2019esprit de J\u00e9sus Christ, c\u2019est \u00eatre comme Lui pleine de z\u00e8le pour la gloire du P\u00e8re et le salut du monde. Br\u00fbl\u00e9e d\u2019un ardent d\u00e9sir de faire conna\u00eetre et aimer J\u00e9sus Christ, elle parcourt les routes de l\u2019Ard\u00e8che et y s\u00e8me une multitude de \u00abpetites \u00e9coles\u00bb, faisant de l\u2019\u00e9ducation chr\u00e9tienne de la jeunesse, la fin sp\u00e9cifique de notre Institut.&#8221; font_container=&#8221;tag:h3|font_size:21|text_align:justify|color:%230066bf&#8221; google_fonts=&#8221;font_family:Alice%3Aregular|font_style:400%20regular%3A400%3Anormal&#8221;][vc_custom_heading text=&#8221;Cette \u0153uvre principale et nos autres engagements apostoliques<br \/>\nd\u00e9coulent du d\u00e9sir de Marie Rivier<br \/>\nde faire conna\u00eetre et aimer J\u00e9sus Christ.<br \/>\nC\u2019est l\u00e0 que nous trouvons notre joie.&#8221; font_container=&#8221;tag:h3|font_size:40|text_align:center|color:%230066bf&#8221; google_fonts=&#8221;font_family:Italianno%3Aregular|font_style:400%20regular%3A400%3Anormal&#8221;][vc_custom_heading text=&#8221;SECTEURS DE L\u2019OEUVRE APOSTOLIQUE DES S\u0152URS DE LA PR\u00c9SENTATION DE MARIE&#8221; font_container=&#8221;tag:h2|font_size:26|text_align:center|color:%231f4fc1&#8243; google_fonts=&#8221;font_family:Alice%3Aregular|font_style:400%20regular%3A400%3Anormal&#8221;][vc_row_inner][vc_column_inner width=&#8221;1\/4&#8243;][\/vc_column_inner][vc_column_inner width=&#8221;1\/2&#8243;][vc_column_text]<\/p>\n<p style=\"text-align: center;\"><a href=\"http:\/\/soeurs-de-la-presentation-de-marie.org\/pom\/mission\/education\/centre-educatif\/\">\u00c9COLES<\/a>&nbsp;<\/p>\n<p style=\"text-align: center;\"><a href=\"http:\/\/soeurs-de-la-presentation-de-marie.org\/pom\/mission\/centre-spirituelle\/\">CENTRES SPIRITUELS<\/a><\/p>\n<p style=\"text-align: center;\">SERVICE PASTORAL<\/p>\n<p style=\"text-align: center;\">ORPHELINAT<\/p>\n<p style=\"text-align: center;\">FOYER POUR ENFANTS<\/p>\n<p style=\"text-align: center;\"><a href=\"http:\/\/soeurs-de-la-presentation-de-marie.org\/pom\/mission\/maison-de-retraite\/\">MAISONS DE RETRAITE<\/a><\/p>\n<p>[\/vc_column_text][\/vc_column_inner][vc_column_inner width=&#8221;1\/4&#8243;][\/vc_column_inner][\/vc_row_inner][\/vc_column][\/vc_row][vc_row row_space=&#8221;remove_padding_top&#8221;][vc_column][vc_custom_heading text=&#8221;Tant qu\u2019il y aura un coin de terre o\u00f9 J\u00e9sus Christ n\u2019est pas connu et aim\u00e9,<br \/>\nles filles de la Femme-Ap\u00f4tre ne peuvent rester en repos.&#8221; font_container=&#8221;tag:h2|font_size:42|text_align:center|color:%231147c4&#8243; google_fonts=&#8221;font_family:Italianno%3Aregular|font_style:400%20regular%3A400%3Anormal&#8221;][\/vc_column][\/vc_row][vc_row][vc_column][\/vc_column][\/vc_row]<\/p>\n<\/div>","protected":false},"excerpt":{"rendered":"<p>[vc_row row_space=&#8221;remove_padding_bottom&#8221;][vc_column][vc_custom_heading text=&#8221;Le z\u00e8le pour faire conna\u00eetre et aimer J\u00e9sus Christ est le caract\u00e8re propre des S\u0153urs de la Pr\u00e9sentation de Marie.&#8221; font_container=&#8221;tag:h3|font_size:46|text_align:center|color:%232059cc&#8221; google_fonts=&#8221;font_family:Italianno%3Aregular|font_style:400%20regular%3A400%3Anormal&#8221;][vc_custom_heading text=&#8221;Pour Marie Rivier, avoir l\u2019esprit de J\u00e9sus Christ, c\u2019est \u00eatre comme Lui pleine de z\u00e8le pour la gloire du P\u00e8re et le salut du monde. Br\u00fbl\u00e9e d\u2019un ardent d\u00e9sir de faire [&hellip;]<\/p>\n","protected":false},"author":1,"featured_media":0,"parent":0,"menu_order":22,"comment_status":"closed","ping_status":"closed","template":"","meta":{"ngg_post_thumbnail":0,"footnotes":""},"lang":"fr","translations":{"fr":4066,"en":6200,"pt":6202,"es":6204},"pll_sync_post":[],"_links":{"self":[{"href":"https:\/\/soeurs-de-la-presentation-de-marie.org\/pom\/wp-json\/wp\/v2\/pages\/4066"}],"collection":[{"href":"https:\/\/soeurs-de-la-presentation-de-marie.org\/pom\/wp-json\/wp\/v2\/pages"}],"about":[{"href":"https:\/\/soeurs-de-la-presentation-de-marie.org\/pom\/wp-json\/wp\/v2\/types\/page"}],"author":[{"embeddable":true,"href":"https:\/\/soeurs-de-la-presentation-de-marie.org\/pom\/wp-json\/wp\/v2\/users\/1"}],"replies":[{"embeddable":true,"href":"https:\/\/soeurs-de-la-presentation-de-marie.org\/pom\/wp-json\/wp\/v2\/comments?post=4066"}],"version-history":[{"count":15,"href":"https:\/\/soeurs-de-la-presentation-de-marie.org\/pom\/wp-json\/wp\/v2\/pages\/4066\/revisions"}],"predecessor-version":[{"id":13895,"href":"https:\/\/soeurs-de-la-presentation-de-marie.org\/pom\/wp-json\/wp\/v2\/pages\/4066\/revisions\/13895"}],"wp:attachment":[{"href":"https:\/\/soeurs-de-la-presentation-de-marie.org\/pom\/wp-json\/wp\/v2\/media?parent=4066"}],"curies":[{"name":"wp","href":"https:\/\/api.w.org\/{rel}","templated":true}]}}