{"id":4067,"date":"2018-10-27T11:19:32","date_gmt":"2018-10-27T09:19:32","guid":{"rendered":"http:\/\/soeurs-de-la-presentation-de-marie.org\/pom\/?page_id=4067"},"modified":"2024-11-15T12:18:09","modified_gmt":"2024-11-15T11:18:09","slug":"events-3","status":"publish","type":"page","link":"https:\/\/soeurs-de-la-presentation-de-marie.org\/pom\/events-3\/","title":{"rendered":"\u00c9v\u00e9nements"},"content":{"rendered":"<div class=\"wpb-content-wrapper\"><p>[vc_row css=&#8221;.vc_custom_1546095627459{margin: 0px !important;border-width: 0px !important;}&#8221;][vc_column width=&#8221;1\/2&#8243;][vc_single_image image=&#8221;35101&#8243; img_size=&#8221;large&#8221; css=&#8221;&#8221;][\/vc_column][vc_column width=&#8221;1\/2&#8243;][vc_custom_heading text=&#8221;PR\u00c9SENTATION DE MARIE<br \/>\nCONGR\u00c8S \u00c9DUCATIF 2025&#8243; font_container=&#8221;tag:h2|text_align:center|color:%231E73BE|line_height:3&#8243; google_fonts=&#8221;font_family:Amethysta%3Aregular|font_style:400%20regular%3A400%3Anormal&#8221; css=&#8221;&#8221; link=&#8221;url:https%3A%2F%2Fcentenarioam.externatoam.com%2F|title:https%3A%2F%2Fcentenarioam.externatoam.com%2F&#8221;][vc_custom_heading text=&#8221;https:\/\/centenarioam.externatoam.com\/&#8221; font_container=&#8221;tag:h2|text_align:left|color:%231E73BE&#8221; google_fonts=&#8221;font_family:Amethysta%3Aregular|font_style:400%20regular%3A400%3Anormal&#8221; css=&#8221;&#8221; link=&#8221;url:https%3A%2F%2Fcentenarioam.externatoam.com%2F|title:https%3A%2F%2Fcentenarioam.externatoam.com%2F&#8221;][\/vc_column][\/vc_row][vc_row row_space=&#8221;remove_padding_top&#8221; css=&#8221;.vc_custom_1668681584277{margin-top: 0px !important;margin-right: 0px !important;margin-bottom: 0px !important;margin-left: 0px !important;border-top-width: 0px !important;border-right-width: 0px !important;border-bottom-width: 0px !important;border-left-width: 0px !important;}&#8221;][vc_column][vc_custom_heading text=&#8221;CHAPITRES PROVINCIAUX, REGIONAUX et des Mini-CHAPITRES des MISSIONS&#8221; font_container=&#8221;tag:h2|font_size:30|text_align:center|color:%230066bf|line_height:2&#8243; google_fonts=&#8221;font_family:Andada%3Aregular|font_style:400%20regular%3A400%3Anormal&#8221;][vc_custom_heading text=&#8221;CHAPITRE G\u00c9NERAUX 2023<br \/>\n12 ao\u00fbt &#8211; 12 septembre&#8221; font_container=&#8221;tag:h2|font_size:30|text_align:center|color:%230066bf|line_height:1&#8243; google_fonts=&#8221;font_family:Andada%3Aregular|font_style:400%20regular%3A400%3Anormal&#8221;][\/vc_column][\/vc_row][vc_row row_space=&#8221;remove_padding_bottom&#8221; isfullwidth=&#8221;&#8221; css=&#8221;.vc_custom_1668681917933{padding-top: 20px !important;}&#8221;][vc_column width=&#8221;1\/4&#8243;][vc_column_text]<img loading=\"lazy\" decoding=\"async\" class=\"wp-image-27829 alignright\" src=\"https:\/\/soeurs-de-la-presentation-de-marie.org\/pom\/wp-content\/uploads\/2022\/08\/logo_printing_avecbateaux2-2-180x180.png\" alt=\"\" width=\"120\" height=\"85\">[\/vc_column_text][\/vc_column][vc_column width=&#8221;3\/4&#8243;][vc_empty_space height=&#8221;42px&#8221;][vc_custom_heading text=&#8221;PROVINCE DES \u00c9TATS-UNIS&#8221; font_container=&#8221;tag:h2|font_size:22|text_align:left|color:%230066bf&#8221; google_fonts=&#8221;font_family:Andada%3Aregular|font_style:400%20regular%3A400%3Anormal&#8221;][vc_custom_heading text=&#8221;du 30 juillet au 6 ao\u00fbt 2022&#8243; font_container=&#8221;tag:h2|font_size:22|text_align:left|color:%230066bf&#8221; google_fonts=&#8221;font_family:Andada%3Aregular|font_style:400%20regular%3A400%3Anormal&#8221;][\/vc_column][\/vc_row][vc_row row_space=&#8221;remove_padding_bottom&#8221; isfullwidth=&#8221;&#8221; css=&#8221;.vc_custom_1668681917933{padding-top: 20px !important;}&#8221;][vc_column width=&#8221;1\/4&#8243;][vc_column_text]<img loading=\"lazy\" decoding=\"async\" class=\"wp-image-27829 alignright\" src=\"https:\/\/soeurs-de-la-presentation-de-marie.org\/pom\/wp-content\/uploads\/2022\/08\/logo_printing_avecbateaux2-2-180x180.png\" alt=\"\" width=\"120\" height=\"85\">[\/vc_column_text][\/vc_column][vc_column width=&#8221;3\/4&#8243;][vc_empty_space height=&#8221;42px&#8221;][vc_custom_heading text=&#8221;MISSION DU BR\u00c9SIL&#8221; font_container=&#8221;tag:h2|font_size:22|text_align:left|color:%230066bf&#8221; google_fonts=&#8221;font_family:Andada%3Aregular|font_style:400%20regular%3A400%3Anormal&#8221;][vc_custom_heading text=&#8221;du 25 au 27 novembre 2022&#8243; font_container=&#8221;tag:h2|font_size:22|text_align:left|color:%230066bf&#8221; google_fonts=&#8221;font_family:Andada%3Aregular|font_style:400%20regular%3A400%3Anormal&#8221;][\/vc_column][\/vc_row][vc_row row_space=&#8221;remove_padding_bottom&#8221; isfullwidth=&#8221;&#8221; css=&#8221;.vc_custom_1668681917933{padding-top: 20px !important;}&#8221;][vc_column width=&#8221;1\/4&#8243;][vc_column_text]<img loading=\"lazy\" decoding=\"async\" class=\"wp-image-27829 alignright\" src=\"https:\/\/soeurs-de-la-presentation-de-marie.org\/pom\/wp-content\/uploads\/2022\/08\/logo_printing_avecbateaux2-2-180x180.png\" alt=\"\" width=\"120\" height=\"85\">[\/vc_column_text][\/vc_column][vc_column width=&#8221;3\/4&#8243;][vc_empty_space height=&#8221;42px&#8221;][vc_custom_heading text=&#8221;PROVINCE PORTUGUESE&#8221; font_container=&#8221;tag:h2|font_size:22|text_align:left|color:%230066bf&#8221; google_fonts=&#8221;font_family:Andada%3Aregular|font_style:400%20regular%3A400%3Anormal&#8221;][vc_custom_heading text=&#8221;du 26 au 30 d\u00e9cembre 2022&#8243; font_container=&#8221;tag:h2|font_size:22|text_align:left|color:%230066bf&#8221; google_fonts=&#8221;font_family:Andada%3Aregular|font_style:400%20regular%3A400%3Anormal&#8221;][\/vc_column][\/vc_row][vc_row row_space=&#8221;remove_padding_bottom&#8221; isfullwidth=&#8221;&#8221; css=&#8221;.vc_custom_1668681917933{padding-top: 20px !important;}&#8221;][vc_column width=&#8221;1\/4&#8243;][vc_column_text]<img loading=\"lazy\" decoding=\"async\" class=\"wp-image-27829 alignright\" src=\"https:\/\/soeurs-de-la-presentation-de-marie.org\/pom\/wp-content\/uploads\/2022\/08\/logo_printing_avecbateaux2-2-180x180.png\" alt=\"\" width=\"120\" height=\"85\">[\/vc_column_text][\/vc_column][vc_column width=&#8221;3\/4&#8243;][vc_empty_space height=&#8221;42px&#8221;][vc_custom_heading text=&#8221;PROVINCE DES PHILIPPINES&#8221; font_container=&#8221;tag:h2|font_size:22|text_align:left|color:%230066bf&#8221; google_fonts=&#8221;font_family:Andada%3Aregular|font_style:400%20regular%3A400%3Anormal&#8221;][vc_custom_heading text=&#8221;du 26 au 30 d\u00e9cembre 2022&#8243; font_container=&#8221;tag:h2|font_size:22|text_align:left|color:%230066bf&#8221; google_fonts=&#8221;font_family:Andada%3Aregular|font_style:400%20regular%3A400%3Anormal&#8221;][\/vc_column][\/vc_row][vc_row row_space=&#8221;remove_padding_bottom&#8221; isfullwidth=&#8221;&#8221; css=&#8221;.vc_custom_1668681917933{padding-top: 20px !important;}&#8221;][vc_column width=&#8221;1\/4&#8243;][vc_column_text]<img loading=\"lazy\" decoding=\"async\" class=\"wp-image-27829 alignright\" src=\"https:\/\/soeurs-de-la-presentation-de-marie.org\/pom\/wp-content\/uploads\/2022\/08\/logo_printing_avecbateaux2-2-180x180.png\" alt=\"\" width=\"120\" height=\"85\">[\/vc_column_text][\/vc_column][vc_column width=&#8221;3\/4&#8243;][vc_empty_space height=&#8221;42px&#8221;][vc_custom_heading text=&#8221;R\u00c9GION DE LA GAMBIE&#8221; font_container=&#8221;tag:h2|font_size:22|text_align:left|color:%230066bf&#8221; google_fonts=&#8221;font_family:Andada%3Aregular|font_style:400%20regular%3A400%3Anormal&#8221;][vc_custom_heading text=&#8221;du 26 au 30 d\u00e9cembre 2022&#8243; font_container=&#8221;tag:h2|font_size:22|text_align:left|color:%230066bf&#8221; google_fonts=&#8221;font_family:Andada%3Aregular|font_style:400%20regular%3A400%3Anormal&#8221;][\/vc_column][\/vc_row][vc_row row_space=&#8221;remove_padding_bottom&#8221; isfullwidth=&#8221;&#8221; css=&#8221;.vc_custom_1668681917933{padding-top: 20px !important;}&#8221;][vc_column width=&#8221;1\/4&#8243;][vc_column_text]<img loading=\"lazy\" decoding=\"async\" class=\"wp-image-27829 alignright\" src=\"https:\/\/soeurs-de-la-presentation-de-marie.org\/pom\/wp-content\/uploads\/2022\/08\/logo_printing_avecbateaux2-2-180x180.png\" alt=\"\" width=\"120\" height=\"85\">[\/vc_column_text][\/vc_column][vc_column width=&#8221;3\/4&#8243;][vc_empty_space height=&#8221;42px&#8221;][vc_custom_heading text=&#8221;PROVINCE DE PRINCE ALBERT&#8221; font_container=&#8221;tag:h2|font_size:22|text_align:left|color:%230066bf&#8221; google_fonts=&#8221;font_family:Andada%3Aregular|font_style:400%20regular%3A400%3Anormal&#8221;][vc_custom_heading text=&#8221;du 8 au 12 janvier 2023&#8243; font_container=&#8221;tag:h2|font_size:22|text_align:left|color:%230066bf&#8221; google_fonts=&#8221;font_family:Andada%3Aregular|font_style:400%20regular%3A400%3Anormal&#8221;][\/vc_column][\/vc_row][vc_row row_space=&#8221;remove_padding_bottom&#8221; isfullwidth=&#8221;&#8221; css=&#8221;.vc_custom_1668681917933{padding-top: 20px !important;}&#8221;][vc_column width=&#8221;1\/4&#8243;][vc_column_text]<img loading=\"lazy\" decoding=\"async\" class=\"wp-image-27829 alignright\" src=\"https:\/\/soeurs-de-la-presentation-de-marie.org\/pom\/wp-content\/uploads\/2022\/08\/logo_printing_avecbateaux2-2-180x180.png\" alt=\"\" width=\"120\" height=\"85\">[\/vc_column_text][\/vc_column][vc_column width=&#8221;3\/4&#8243;][vc_empty_space height=&#8221;42px&#8221;][vc_custom_heading text=&#8221;PROVINCE DU MOZAMBIQUE&#8221; font_container=&#8221;tag:h2|font_size:22|text_align:left|color:%230066bf&#8221; google_fonts=&#8221;font_family:Andada%3Aregular|font_style:400%20regular%3A400%3Anormal&#8221;][vc_custom_heading text=&#8221;du 8 au 13 janvier 2023&#8243; font_container=&#8221;tag:h2|font_size:22|text_align:left|color:%230066bf&#8221; google_fonts=&#8221;font_family:Andada%3Aregular|font_style:400%20regular%3A400%3Anormal&#8221;][\/vc_column][\/vc_row][vc_row row_space=&#8221;remove_padding_bottom&#8221; isfullwidth=&#8221;&#8221; css=&#8221;.vc_custom_1668681917933{padding-top: 20px !important;}&#8221;][vc_column width=&#8221;1\/4&#8243;][vc_column_text]<img loading=\"lazy\" decoding=\"async\" class=\"wp-image-27829 alignright\" src=\"https:\/\/soeurs-de-la-presentation-de-marie.org\/pom\/wp-content\/uploads\/2022\/08\/logo_printing_avecbateaux2-2-180x180.png\" alt=\"\" width=\"120\" height=\"85\">[\/vc_column_text][\/vc_column][vc_column width=&#8221;3\/4&#8243;][vc_empty_space height=&#8221;42px&#8221;][vc_custom_heading text=&#8221;R\u00c9GION DU P\u00c9ROU&#8221; font_container=&#8221;tag:h2|font_size:22|text_align:left|color:%230066bf&#8221; google_fonts=&#8221;font_family:Andada%3Aregular|font_style:400%20regular%3A400%3Anormal&#8221;][vc_custom_heading text=&#8221;du 23 au 28 janvier 2023&#8243; font_container=&#8221;tag:h2|font_size:22|text_align:left|color:%230066bf&#8221; google_fonts=&#8221;font_family:Andada%3Aregular|font_style:400%20regular%3A400%3Anormal&#8221;][\/vc_column][\/vc_row][vc_row row_space=&#8221;remove_padding_bottom&#8221; isfullwidth=&#8221;&#8221; css=&#8221;.vc_custom_1668681917933{padding-top: 20px !important;}&#8221;][vc_column width=&#8221;1\/4&#8243;][vc_column_text]<img loading=\"lazy\" decoding=\"async\" class=\"wp-image-27829 alignright\" src=\"https:\/\/soeurs-de-la-presentation-de-marie.org\/pom\/wp-content\/uploads\/2022\/08\/logo_printing_avecbateaux2-2-180x180.png\" alt=\"\" width=\"120\" height=\"85\">[\/vc_column_text][\/vc_column][vc_column width=&#8221;3\/4&#8243;][vc_empty_space height=&#8221;42px&#8221;][vc_custom_heading text=&#8221;PROVINCE DU S\u00c9N\u00c9GAL&#8221; font_container=&#8221;tag:h2|font_size:22|text_align:left|color:%230066bf&#8221; google_fonts=&#8221;font_family:Andada%3Aregular|font_style:400%20regular%3A400%3Anormal&#8221;][vc_custom_heading text=&#8221;du 27 au 31 janvier 2023&#8243; font_container=&#8221;tag:h2|font_size:22|text_align:left|color:%230066bf&#8221; google_fonts=&#8221;font_family:Andada%3Aregular|font_style:400%20regular%3A400%3Anormal&#8221;][\/vc_column][\/vc_row][vc_row row_space=&#8221;remove_padding_bottom&#8221; isfullwidth=&#8221;&#8221; css=&#8221;.vc_custom_1668681917933{padding-top: 20px !important;}&#8221;][vc_column width=&#8221;1\/4&#8243;][vc_column_text]<img loading=\"lazy\" decoding=\"async\" class=\"wp-image-27829 alignright\" src=\"https:\/\/soeurs-de-la-presentation-de-marie.org\/pom\/wp-content\/uploads\/2022\/08\/logo_printing_avecbateaux2-2-180x180.png\" alt=\"\" width=\"120\" height=\"85\">[\/vc_column_text][\/vc_column][vc_column width=&#8221;3\/4&#8243;][vc_empty_space height=&#8221;42px&#8221;][vc_custom_heading text=&#8221;MISSION DU JAPON&#8221; font_container=&#8221;tag:h2|font_size:22|text_align:left|color:%230066bf&#8221; google_fonts=&#8221;font_family:Andada%3Aregular|font_style:400%20regular%3A400%3Anormal&#8221;][vc_custom_heading text=&#8221;du 10 au 12 f\u00e9vrier 2023&#8243; font_container=&#8221;tag:h2|font_size:22|text_align:left|color:%230066bf&#8221; google_fonts=&#8221;font_family:Andada%3Aregular|font_style:400%20regular%3A400%3Anormal&#8221;][\/vc_column][\/vc_row][vc_row row_space=&#8221;remove_padding_bottom&#8221; isfullwidth=&#8221;&#8221; css=&#8221;.vc_custom_1668681917933{padding-top: 20px !important;}&#8221;][vc_column width=&#8221;1\/4&#8243;][vc_column_text]<img loading=\"lazy\" decoding=\"async\" class=\"wp-image-27829 alignright\" src=\"https:\/\/soeurs-de-la-presentation-de-marie.org\/pom\/wp-content\/uploads\/2022\/08\/logo_printing_avecbateaux2-2-180x180.png\" alt=\"\" width=\"120\" height=\"85\">[\/vc_column_text][\/vc_column][vc_column width=&#8221;3\/4&#8243;][vc_empty_space height=&#8221;42px&#8221;][vc_custom_heading text=&#8221;PROVINCE DE FRANCE&#8221; font_container=&#8221;tag:h2|font_size:22|text_align:left|color:%230066bf&#8221; google_fonts=&#8221;font_family:Andada%3Aregular|font_style:400%20regular%3A400%3Anormal&#8221;][vc_custom_heading text=&#8221;du 19 au 24 f\u00e9vrier 2023&#8243; font_container=&#8221;tag:h2|font_size:22|text_align:left|color:%230066bf&#8221; google_fonts=&#8221;font_family:Andada%3Aregular|font_style:400%20regular%3A400%3Anormal&#8221;][\/vc_column][\/vc_row][vc_row row_space=&#8221;remove_padding_bottom&#8221; isfullwidth=&#8221;&#8221; css=&#8221;.vc_custom_1668681917933{padding-top: 20px !important;}&#8221;][vc_column width=&#8221;1\/4&#8243;][vc_column_text]<img loading=\"lazy\" decoding=\"async\" class=\"wp-image-27829 alignright\" src=\"https:\/\/soeurs-de-la-presentation-de-marie.org\/pom\/wp-content\/uploads\/2022\/08\/logo_printing_avecbateaux2-2-180x180.png\" alt=\"\" width=\"120\" height=\"85\">[\/vc_column_text][\/vc_column][vc_column width=&#8221;3\/4&#8243;][vc_empty_space height=&#8221;42px&#8221;][vc_custom_heading text=&#8221;MISSION DU CAMEROUN&#8221; font_container=&#8221;tag:h2|font_size:22|text_align:left|color:%230066bf&#8221; google_fonts=&#8221;font_family:Andada%3Aregular|font_style:400%20regular%3A400%3Anormal&#8221;][vc_custom_heading text=&#8221;du 27 f\u00e9vrier au 3 mars 2023&#8243; font_container=&#8221;tag:h2|font_size:22|text_align:left|color:%230066bf&#8221; google_fonts=&#8221;font_family:Andada%3Aregular|font_style:400%20regular%3A400%3Anormal&#8221;][\/vc_column][\/vc_row]<\/p>\n<\/div>","protected":false},"excerpt":{"rendered":"<p>[vc_row css=&#8221;.vc_custom_1546095627459{margin: 0px !important;border-width: 0px !important;}&#8221;][vc_column width=&#8221;1\/2&#8243;][vc_single_image image=&#8221;35101&#8243; img_size=&#8221;large&#8221; css=&#8221;&#8221;][\/vc_column][vc_column width=&#8221;1\/2&#8243;][vc_custom_heading text=&#8221;PR\u00c9SENTATION DE MARIE CONGR\u00c8S \u00c9DUCATIF 2025&#8243; font_container=&#8221;tag:h2|text_align:center|color:%231E73BE|line_height:3&#8243; google_fonts=&#8221;font_family:Amethysta%3Aregular|font_style:400%20regular%3A400%3Anormal&#8221; css=&#8221;&#8221; link=&#8221;url:https%3A%2F%2Fcentenarioam.externatoam.com%2F|title:https%3A%2F%2Fcentenarioam.externatoam.com%2F&#8221;][vc_custom_heading text=&#8221;https:\/\/centenarioam.externatoam.com\/&#8221; font_container=&#8221;tag:h2|text_align:left|color:%231E73BE&#8221; google_fonts=&#8221;font_family:Amethysta%3Aregular|font_style:400%20regular%3A400%3Anormal&#8221; css=&#8221;&#8221; link=&#8221;url:https%3A%2F%2Fcentenarioam.externatoam.com%2F|title:https%3A%2F%2Fcentenarioam.externatoam.com%2F&#8221;][\/vc_column][\/vc_row][vc_row row_space=&#8221;remove_padding_top&#8221; css=&#8221;.vc_custom_1668681584277{margin-top: 0px !important;margin-right: 0px !important;margin-bottom: 0px !important;margin-left: 0px !important;border-top-width: 0px !important;border-right-width: 0px !important;border-bottom-width: 0px !important;border-left-width: 0px !important;}&#8221;][vc_column][vc_custom_heading text=&#8221;CHAPITRES PROVINCIAUX, REGIONAUX et des Mini-CHAPITRES des MISSIONS&#8221; font_container=&#8221;tag:h2|font_size:30|text_align:center|color:%230066bf|line_height:2&#8243; google_fonts=&#8221;font_family:Andada%3Aregular|font_style:400%20regular%3A400%3Anormal&#8221;][vc_custom_heading text=&#8221;CHAPITRE [&hellip;]<\/p>\n","protected":false},"author":1,"featured_media":0,"parent":0,"menu_order":13,"comment_status":"closed","ping_status":"closed","template":"","meta":{"ngg_post_thumbnail":0,"footnotes":""},"lang":"fr","translations":{"fr":4067,"en":5948,"pt":5950,"es":5952},"pll_sync_post":[],"_links":{"self":[{"href":"https:\/\/soeurs-de-la-presentation-de-marie.org\/pom\/wp-json\/wp\/v2\/pages\/4067"}],"collection":[{"href":"https:\/\/soeurs-de-la-presentation-de-marie.org\/pom\/wp-json\/wp\/v2\/pages"}],"about":[{"href":"https:\/\/soeurs-de-la-presentation-de-marie.org\/pom\/wp-json\/wp\/v2\/types\/page"}],"author":[{"embeddable":true,"href":"https:\/\/soeurs-de-la-presentation-de-marie.org\/pom\/wp-json\/wp\/v2\/users\/1"}],"replies":[{"embeddable":true,"href":"https:\/\/soeurs-de-la-presentation-de-marie.org\/pom\/wp-json\/wp\/v2\/comments?post=4067"}],"version-history":[{"count":24,"href":"https:\/\/soeurs-de-la-presentation-de-marie.org\/pom\/wp-json\/wp\/v2\/pages\/4067\/revisions"}],"predecessor-version":[{"id":35100,"href":"https:\/\/soeurs-de-la-presentation-de-marie.org\/pom\/wp-json\/wp\/v2\/pages\/4067\/revisions\/35100"}],"wp:attachment":[{"href":"https:\/\/soeurs-de-la-presentation-de-marie.org\/pom\/wp-json\/wp\/v2\/media?parent=4067"}],"curies":[{"name":"wp","href":"https:\/\/api.w.org\/{rel}","templated":true}]}}