{"id":4068,"date":"2019-03-04T18:24:49","date_gmt":"2019-03-04T17:24:49","guid":{"rendered":"http:\/\/soeurs-de-la-presentation-de-marie.org\/pom\/?page_id=4068"},"modified":"2021-02-11T18:51:50","modified_gmt":"2021-02-11T17:51:50","slug":"presentation-de-marie","status":"publish","type":"page","link":"https:\/\/soeurs-de-la-presentation-de-marie.org\/pom\/presentation-de-marie\/","title":{"rendered":"Pr\u00e9sentation de Marie"},"content":{"rendered":"<div class=\"wpb-content-wrapper\"><p>[vc_row row_space=&#8221;remove_padding_bottom&#8221;][vc_column][vc_row_inner][vc_column_inner][vc_custom_heading text=&#8221;LA PR\u00c9SENTATION DE MARIE AU TEMPLE&#8221; font_container=&#8221;tag:h2|font_size:34|text_align:center|color:%230060c1&#8243; google_fonts=&#8221;font_family:Amarante%3Aregular|font_style:400%20regular%3A400%3Anormal&#8221;][vc_column_text]<span style=\"color: #003366;\">En ce jour, l\u2019Eglise c\u00e9l\u00e8bre le myst\u00e8re de la premi\u00e8re rencontre de Marie avec son Dieu. Avec son OUI, elle monte les degr\u00e9s du Temple&nbsp; \u00ab sans regarder en arri\u00e8re \u00bb. Elle quitte tout&nbsp; et s\u2019offre en hostie sainte, agr\u00e9able \u00e0 Dieu, se donne enti\u00e8rement&nbsp; et pour toujours. Elle est s\u00e9duite par son Dieu et elle s\u2019est laiss\u00e9e s\u00e9duire.&nbsp; Marie devient le temple tr\u00e8s pur de Dieu. Elle demeure dans le temple en sa pr\u00e9sence.<\/span><\/p>\n<p><span style=\"color: #003366;\">Marie se met \u00e0 la disposition de son Dieu, simplement, totalement, humblement. Son don est gratuit, absolu. Elle ne d\u00e9sire qu\u2019une chose : \u00eatre la petite servante du Seigneur qui s\u2019offre \u00e0 son Maitre. Dieu \u00e0 qui elle s\u2019offre est sa vie, sa joie, son bonheur. C\u2019est pourquoi <strong>la f\u00eate du 21 novembre<\/strong> est la f\u00eate du <strong>premier oui<\/strong>, la f\u00eate du <strong><em>&#8220;prends Seigneur et re\u00e7ois.&#8221;<\/em><\/strong><\/span><\/p>\n<p>&nbsp;[\/vc_column_text][\/vc_column_inner][\/vc_row_inner][\/vc_column][\/vc_row][vc_row row_space=&#8221;remove_padding_top&#8221;][vc_column][vc_custom_heading text=&#8221;LA SAINTE VIERGE MARIE ET MARIE RIVIER&#8221; font_container=&#8221;tag:h2|font_size:34|text_align:center|color:%230060c1&#8243; google_fonts=&#8221;font_family:Amarante%3Aregular|font_style:400%20regular%3A400%3Anormal&#8221;][vc_custom_heading text=&#8221;\u00ab L\u2019histoire de la vie de Madame Rivier n\u2019est presque que l\u2019histoire de sa d\u00e9votion \u00e0 la Sainte Vierge, d\u2019une r\u00e9ciprocit\u00e9 non interrompue de confiance et de faveurs, de pri\u00e8res et de gr\u00e2ces obtenues par l\u2019intercession de la Vierge Marie. \u00bb&#8221; font_container=&#8221;tag:h2|font_size:38|text_align:center|color:%230066bf&#8221; google_fonts=&#8221;font_family:Alex%20Brush%3Aregular|font_style:400%20regular%3A400%3Anormal&#8221;][vc_custom_heading text=&#8221;\u2013 Monsieur Hamon \u2013<\/p>\n<p>Le premier biographe de la Bienheureuse Marie Rivier&#8221; font_container=&#8221;tag:h2|font_size:20|text_align:right|color:%231c73bf&#8221; google_fonts=&#8221;font_family:Alike%3Aregular|font_style:400%20regular%3A400%3Anormal&#8221;][vc_row_inner][vc_column_inner width=&#8221;1\/2&#8243;][vc_empty_space height=&#8221;75px&#8221;][vc_empty_space height=&#8221;15px&#8221;][vc_column_text]<img loading=\"lazy\" decoding=\"async\" class=\"alignleft wp-image-12261 size-full\" src=\"https:\/\/soeurs-de-la-presentation-de-marie.org\/pom\/wp-content\/uploads\/2020\/03\/Virgin-Mary_Castel_rs.jpg\" alt=\"\" width=\"1200\" height=\"1531\">[\/vc_column_text][\/vc_column_inner][vc_column_inner width=&#8221;1\/2&#8243;][vc_empty_space][vc_column_text]&nbsp;<\/p>\n<p>C\u2019est \u00e0 Montpezat, au pied de Notre-Dame de Piti\u00e9, que la petite Rivier se laisse saisir par un myst\u00e8re qui la d\u00e9passe.&nbsp; De cette longue contemplation du Fils offert et de la M\u00e8re au c\u0153ur transperc\u00e9, elle apprendra jusqu\u2019o\u00f9 va l\u2019offrande de l\u2019amour. Son c\u0153ur deviendra toujours plus compatissant \u00e0 la mani\u00e8re de J\u00e9sus et de Marie.<\/p>\n<p>&nbsp;&nbsp;&nbsp;&nbsp; Nous pouvons affirmer que, d\u00e8s sa petite enfance jusqu\u2019aux derni\u00e8res heures de sa vie, Marie Rivier s\u2019est remise totalement entre les mains de la Vierge Marie.&nbsp; Au fil des rencontres, il s\u2019est cr\u00e9\u00e9 entre elle et Notre-Dame une sorte de connivence, qui s\u2019est approfondie avec les ann\u00e9es.<\/p>\n<p>&nbsp;&nbsp;&nbsp;&nbsp; La Vierge Marie est la grande formatrice de M\u00e8re Rivier. Elle lui enseigne J\u00e9sus Christ, lui apprend le sens de l\u2019adoration et de l\u2019offrande. Le myst\u00e8re de la Pr\u00e9sentation de Marie au Temple r\u00e9pond parfaitement aux aspirations de son c\u0153ur. \u00ab Sa vie, elle la veut depuis toujours comme une continuelle Pr\u00e9sentation : Me voici ! \u00bb La f\u00eate du 21 novembre rejoint bien l\u2019offrande de J\u00e9sus, le parfait Serviteur, qui s\u2019est livr\u00e9 pour sauver le monde : Tu ne voulais ni sacrifice, ni oblation, tu n\u2019exigeais ni holocauste, ni victime, alors j\u2019ai dit : Voici je viens pour faire tes volont\u00e9s (Ps 40). Rien d\u2019\u00e9tonnant que Marie Rivier soit si impressionn\u00e9e par la contemplation du myst\u00e8re de la Pr\u00e9sentation de J\u00e9sus au Temple : \u00ab Cette f\u00eate m\u2019\u00e9touffe par les d\u00e9sirs ardents qu\u2019elle excite en moi de me sacrifier avec J\u00e9sus Christ \u00bb[\/vc_column_text][\/vc_column_inner][\/vc_row_inner][vc_row_inner][vc_column_inner][vc_empty_space][vc_custom_heading text=&#8221;LA SAINTE VIERGE MARIE et MARIE RIVIER<br \/>\nDANS L\u2019HISTOIRE DE LA FONDATION&#8221; font_container=&#8221;tag:h2|font_size:36|text_align:center|color:%230066bf&#8221; google_fonts=&#8221;font_family:Amarante%3Aregular|font_style:400%20regular%3A400%3Anormal&#8221;][\/vc_column_inner][\/vc_row_inner][vc_row_inner][vc_column_inner width=&#8221;1\/2&#8243;][vc_column_text]&nbsp;<\/p>\n<p>&nbsp;<\/p>\n<p>&nbsp;<\/p>\n<p><img loading=\"lazy\" decoding=\"async\" class=\"aligncenter wp-image-4352\" src=\"https:\/\/soeurs-de-la-presentation-de-marie.org\/pom\/wp-content\/uploads\/2018\/11\/MRL8.png\" alt=\"\" width=\"475\" height=\"179\"><\/p>\n<p>&nbsp;<\/p>\n<p>&nbsp;<\/p>\n<p>&nbsp;<\/p>\n<p>&nbsp;<\/p>\n<p>&nbsp;[\/vc_column_text][vc_column_text]&nbsp;<\/p>\n<p>&nbsp;<\/p>\n<p><img loading=\"lazy\" decoding=\"async\" class=\"aligncenter wp-image-12269\" src=\"https:\/\/soeurs-de-la-presentation-de-marie.org\/pom\/wp-content\/uploads\/2020\/03\/FPieta.jpg\" alt=\"\" width=\"475\" height=\"449\"><\/p>\n<p>&nbsp;[\/vc_column_text][vc_column_text]&nbsp;<\/p>\n<p>&nbsp;<\/p>\n<p><img loading=\"lazy\" decoding=\"async\" class=\"aligncenter wp-image-12273\" src=\"https:\/\/soeurs-de-la-presentation-de-marie.org\/pom\/wp-content\/uploads\/2020\/03\/foundation-750x510.jpg\" alt=\"\" width=\"475\" height=\"326\">[\/vc_column_text][vc_column_text]&nbsp;<\/p>\n<p>&nbsp;<\/p>\n<p><img loading=\"lazy\" decoding=\"async\" class=\"aligncenter wp-image-12277\" src=\"https:\/\/soeurs-de-la-presentation-de-marie.org\/pom\/wp-content\/uploads\/2020\/03\/DSC09091-2018_03_24-10_24_52-UTC-750x510.jpg\" alt=\"\" width=\"475\" height=\"356\">[\/vc_column_text][vc_column_text]&nbsp;<\/p>\n<p>&nbsp;<\/p>\n<p>&nbsp;<\/p>\n<p>&nbsp;<\/p>\n<p>&nbsp;<\/p>\n<p><img loading=\"lazy\" decoding=\"async\" class=\"aligncenter wp-image-12285\" src=\"https:\/\/soeurs-de-la-presentation-de-marie.org\/pom\/wp-content\/uploads\/2020\/03\/Marie-Rivier_icon_postulator-2-1.jpg\" alt=\"\" width=\"475\" height=\"393\">[\/vc_column_text][\/vc_column_inner][vc_column_inner width=&#8221;1\/2&#8243;][vc_empty_space height=&#8221;75px&#8221;][vc_custom_heading text=&#8221;La Naissance d&#8217;une Fondatrice&#8221; font_container=&#8221;tag:h2|font_size:38|text_align:left|color:%230066bf&#8221; google_fonts=&#8221;font_family:Alex%20Brush%3Aregular|font_style:400%20regular%3A400%3Anormal&#8221;][vc_column_text]&nbsp;La Fondatrice, Marie RIVIER, naquit \u00e0 Montpezat, en France, le 19 d\u00e9cembre 1768. Elle n&#8217;avait pas cinq ans lorsqu&#8217;elle se sentit fortement press\u00e9e de consacrer sa vie \u00e0 Dieu pour faire le cat\u00e9chisme aux enfants. Priv\u00e9e de I \u2019usage de ses jambes \u00e0 la suite d&#8217;une chute qu&#8217;elle fit \u00e0 l\u2019\u00e2ge de seize mois, elle suppliait inlassablement Notre Dame : \u00ab Sainte Vierge, gu\u00e9ris-moi et je te ramasserai des petites. Je leur ferai l\u2019\u00e9cole et je leur apprendrai \u00e0 te bien aimer \u00bb. C\u2019est, l\u00e0, au pied de la Piet\u00e0&nbsp;qu\u2018est n\u00e9e notre Congr\u00e9gation.<\/p>\n<p>&nbsp;&nbsp;&nbsp;&nbsp; \u00c0 cette \u00c9cole de la Croix et du c\u0153ur, Marie Rivier \u00e9prouve de plus en plus les sentiments de J\u00e9sus et de sa M\u00e8re. Son c\u0153ur ne sait plus qu\u2019aimer, aimer tendrement, intens\u00e9ment, jusqu\u2019au bout.<\/p>\n<p>Avec Notre-Dame de Piti\u00e9, sa compassion s\u2019ouvre \u00e0 toutes les d\u00e9tresses.<\/p>\n<p>&nbsp;[\/vc_column_text][vc_custom_heading text=&#8221;La Gu\u00e9rison&#8221; font_container=&#8221;tag:h2|font_size:38|text_align:left|color:%230066bf&#8221; google_fonts=&#8221;font_family:Alex%20Brush%3Aregular|font_style:400%20regular%3A400%3Anormal&#8221;][vc_column_text]&nbsp;Gu\u00e9rie partiellement le 8 septembre 1774, elle obtient sa gu\u00e9rison compl\u00e8te trois ans plus tard en une autre f\u00eate de Marie, celle de son Assomption. D\u00e8s lors, elle ne vit plus que pour r\u00e9aliser sa promesse, s\u00fbre qu&#8217;elle peut tout attendre de la Sainte Vierge, certitude qu&#8217;elle gardera toute sa vie.<\/p>\n<p>&nbsp;[\/vc_column_text][vc_empty_space height=&#8221;200px&#8221;][vc_empty_space height=&#8221;95px&#8221;][vc_custom_heading text=&#8221;La promese&#8221; font_container=&#8221;tag:h2|font_size:40|text_align:left|color:%230060c1&#8243; google_fonts=&#8221;font_family:Alex%20Brush%3Aregular|font_style:400%20regular%3A400%3Anormal&#8221;][vc_column_text]<span style=\"color: #003366;\">Le 21 novembre 1796, en pleine tourmente r\u00e9volutionnaire et contre toutes les r\u00e8gles de la prudence humaine, fid\u00e8le \u00e0 sa promesse, elle fonde son Institut, munie d\u2019une approbation du Vicaire g\u00e9n\u00e9ral du Dioc\u00e8se, Monsieur R\u00e9gis Vernet, pr\u00eatre de Saint-Sulpice qui deviendra le Conseiller et le P\u00e8re de la nouvelle fondation. Avec quatre compagnes, elle se consacre \u00e0 Dieu et se voue \u00e0 l\u2019instruction chr\u00e9tienne de la jeunesse.<\/span><\/p>\n<p>&nbsp;<\/p>\n<p>&nbsp;<\/p>\n<p>&nbsp;[\/vc_column_text][vc_custom_heading text=&#8221;La Proph\u00e9tie&#8221; font_container=&#8221;tag:h2|font_size:40|text_align:left|color:%230060c1&#8243; google_fonts=&#8221;font_family:Alex%20Brush%3Aregular|font_style:400%20regular%3A400%3Anormal&#8221;][vc_column_text]<span style=\"color: #003366;\">&nbsp;&nbsp;&nbsp;&nbsp;&nbsp; Son amour br\u00fblant pour Dieu, son z\u00e8le intr\u00e9pide, sa passion pour faire conna\u00eetre et aimer J\u00e9sus Christ jusqu\u2019au bout du monde, sa tendre et in\u00e9puisable charit\u00e9 pour les malheureux, les pauvres, les enfants d\u00e9laiss\u00e9s la font surnommer par Pie IX la Femme-ap\u00f4tre. Elle meurt dans la faim de son z\u00e8le, le 3 f\u00e9vrier 1838. Saint Jean-Paul II la b\u00e9atifie le 23 mai 1982.<\/span><\/p>\n<p><span style=\"color: #003366;\">&nbsp;&nbsp;&nbsp;&nbsp; Marie Rivier a fond\u00e9 149 \u00e9coles de son vivant. Elle avait pr\u00e9dit : \u00ab Mes filles traverseront les mers \u00bb. Moins de vingt ans apr\u00e8s sa mort, les S\u0153urs de la Pr\u00e9sentation de Marie, ayant d\u00e9j\u00e0 commenc\u00e9 \u00e0 se r\u00e9pandre en d\u2019autres pays d\u2019Europe, allaient s\u2019implanter en Am\u00e9rique. Les filles de la Femme Ap\u00f4tre ont travers\u00e9 les mers. Les fondations se sont multipli\u00e9es sur les quatre continents : Am\u00e9rique, Europe, Asie et Afrique.<\/span><\/p>\n<p>&nbsp;<\/p>\n<p>&nbsp;[\/vc_column_text][vc_custom_heading text=&#8221;La Force Int\u00e9rieure&#8221; font_container=&#8221;tag:h2|font_size:40|text_align:left|color:%230060c1&#8243; google_fonts=&#8221;font_family:Alex%20Brush%3Aregular|font_style:400%20regular%3A400%3Anormal&#8221;][vc_column_text]<span style=\"color: #003366;\">&nbsp;Marie Rivier \u00e9tait p\u00e9n\u00e9tr\u00e9e de l\u2019urgence de la pri\u00e8re dans la vie apostolique. Elle insistait particuli\u00e8rement sur l\u2019esprit de pri\u00e8re, la \u00ab retraite int\u00e9rieure \u00bb, la pr\u00e9sence de Dieu, l\u2019\u00e9tat d\u2019adoration et d\u2019offrande dans lequel \u00ab il fallait se tenir \u00bb. Elle \u00e9tait convaincue que \u00ab rien ne se ferait sans la pri\u00e8re \u00bb. Elle a attribu\u00e9 tout ce qu&#8217;elle avait accompli gr\u00e2ce \u00e0 l&#8217;aide de la Sainte Vierge Marie.&nbsp;<\/span>[\/vc_column_text][\/vc_column_inner][\/vc_row_inner][vc_row_inner][vc_column_inner][\/vc_column_inner][\/vc_row_inner][\/vc_column][\/vc_row][vc_row row_space=&#8221;remove_padding_top&#8221;][vc_column][vc_custom_heading text=&#8221;LE NOM de la CONGR\u00c9GATION&#8221; font_container=&#8221;tag:h2|font_size:40|text_align:center|color:%230060c1&#8243; google_fonts=&#8221;font_family:Amarante%3Aregular|font_style:400%20regular%3A400%3Anormal&#8221;][vc_column_text]<span style=\"color: #003366;\">\u00c1 nom de la Pr\u00e9sentation de la Sainte-Vierge, aux br\u00e8ves explications que son pieux directeur lui donna sur la signification de cette f\u00eate, la future Fondatrice se sentit subitement p\u00e9n\u00e9tr\u00e9e d\u2019une grande joie. Elle eut aussit\u00f4t la conviction intime que ses v\u0153ux les plus chers allaient \u00eatre r\u00e9alis\u00e9s, que la communaut\u00e9 tant d\u00e9sires allait enfin naitre, et que la Sainte-Vierge elle-m\u00eame voulait pr\u00e9sidera sa naissance, sous le patronage d\u2019un de ses plus touchants myst\u00e8res.<\/span><\/p>\n<p><span style=\"color: #003366;\">Le lendemain, 21 novembre 1796 fut un jour de ferveur extraordinaire. La joie surnaturelle de Marie Rivier s&#8217;est r\u00e9pandue dans toute la maison.&nbsp; Toute re\u00e7urent la sainte communion de la main de M. Pontanier, et toutes se consacr\u00e8rent \u00e0 Marie, avec cet \u00e9lan unanime de pieux enthousiasme que le signe d\u2019une inspiration c\u00e9leste et le pr\u00e9sage de grandes choses. &nbsp;<\/span><\/p>\n<p><span style=\"color: #003366;\">L\u2019\u00e9motion de Marie Rivier fut \u00e0 son comble lorsque, apr\u00e8s la c\u00e9r\u00e9monie dont nous venons de parler, M. Pontanier lui remit un cachet portant les initiales <strong>d\u2019AVE MARIA<\/strong>, en lui disant&nbsp;: \u00ab&nbsp;prenez ceci, ce sera le sceau de votre maison. C\u2019\u00e9tait le sceau de la Compagnie de Saint-Sulpice. La pieuse Fondatrice le prit avec respect, le baisa \u00e0 plusieurs reprises, et ne voulut pas s\u2019en s\u00e9parer de toute la journ\u00e9e.<\/span><\/p>\n<p><span style=\"color: #003366;\">Ainsi fut fond\u00e9, le 21 novembre 1796, l\u2019Institut des S\u0153urs de la Pr\u00e9sentation de Marie.<\/span><\/p>\n<p><span style=\"color: #003366;\">Marie Rivier n&#8217;oubliera jamais que ce fut sous les auspices de Marie que sa Congr\u00e9gation prit naissance.<\/span><\/p>\n<p><strong><em><span style=\"color: #003366;\">\u00ab&nbsp;Mes enfants, s\u2019\u00e9crira-t-elle plus tard, confiez vous toujours sans r\u00e9serve \u00e0 la Sainte-Vierge. Au d\u00e9but de notre Congr\u00e9gation, c\u2019est elle qui a tout fait\u2026&nbsp;\u00bb<\/span><\/em><\/strong><\/p>\n<ul>\n<li>extrait de F. Mourret, <em>V\u00e9n\u00e9rable Marie Rivier, 1898<\/em><\/li>\n<\/ul>\n<p>[\/vc_column_text][\/vc_column][\/vc_row]<\/p>\n<\/div>","protected":false},"excerpt":{"rendered":"<p>[vc_row row_space=&#8221;remove_padding_bottom&#8221;][vc_column][vc_row_inner][vc_column_inner][vc_custom_heading text=&#8221;LA PR\u00c9SENTATION DE MARIE AU TEMPLE&#8221; font_container=&#8221;tag:h2|font_size:34|text_align:center|color:%230060c1&#8243; google_fonts=&#8221;font_family:Amarante%3Aregular|font_style:400%20regular%3A400%3Anormal&#8221;][vc_column_text]En ce jour, l\u2019Eglise c\u00e9l\u00e8bre le myst\u00e8re de la premi\u00e8re rencontre de Marie avec son Dieu. Avec son OUI, elle monte les degr\u00e9s du Temple&nbsp; \u00ab sans regarder en arri\u00e8re \u00bb. Elle quitte tout&nbsp; et s\u2019offre en hostie sainte, agr\u00e9able \u00e0 Dieu, se donne enti\u00e8rement&nbsp; et [&hellip;]<\/p>\n","protected":false},"author":3,"featured_media":0,"parent":0,"menu_order":21,"comment_status":"closed","ping_status":"closed","template":"","meta":{"ngg_post_thumbnail":0,"footnotes":""},"lang":"fr","translations":{"fr":4068,"en":6030,"pt":8268},"pll_sync_post":[],"_links":{"self":[{"href":"https:\/\/soeurs-de-la-presentation-de-marie.org\/pom\/wp-json\/wp\/v2\/pages\/4068"}],"collection":[{"href":"https:\/\/soeurs-de-la-presentation-de-marie.org\/pom\/wp-json\/wp\/v2\/pages"}],"about":[{"href":"https:\/\/soeurs-de-la-presentation-de-marie.org\/pom\/wp-json\/wp\/v2\/types\/page"}],"author":[{"embeddable":true,"href":"https:\/\/soeurs-de-la-presentation-de-marie.org\/pom\/wp-json\/wp\/v2\/users\/3"}],"replies":[{"embeddable":true,"href":"https:\/\/soeurs-de-la-presentation-de-marie.org\/pom\/wp-json\/wp\/v2\/comments?post=4068"}],"version-history":[{"count":35,"href":"https:\/\/soeurs-de-la-presentation-de-marie.org\/pom\/wp-json\/wp\/v2\/pages\/4068\/revisions"}],"predecessor-version":[{"id":18942,"href":"https:\/\/soeurs-de-la-presentation-de-marie.org\/pom\/wp-json\/wp\/v2\/pages\/4068\/revisions\/18942"}],"wp:attachment":[{"href":"https:\/\/soeurs-de-la-presentation-de-marie.org\/pom\/wp-json\/wp\/v2\/media?parent=4068"}],"curies":[{"name":"wp","href":"https:\/\/api.w.org\/{rel}","templated":true}]}}