{"id":4076,"date":"2018-10-27T11:20:34","date_gmt":"2018-10-27T09:20:34","guid":{"rendered":"http:\/\/soeurs-de-la-presentation-de-marie.org\/pom\/?page_id=4076"},"modified":"2018-11-20T23:34:07","modified_gmt":"2018-11-20T22:34:07","slug":"ressources","status":"publish","type":"page","link":"https:\/\/soeurs-de-la-presentation-de-marie.org\/pom\/ressources\/","title":{"rendered":"Ressources"},"content":{"rendered":"<p>Dans cette section, vous trouverez des informations int\u00e9ressantes sur la vie de la congr\u00e9gation et sur la spiritualit\u00e9.<\/p>\n","protected":false},"excerpt":{"rendered":"<p>Dans cette section, vous trouverez des informations int\u00e9ressantes sur la vie de la congr\u00e9gation et sur la spiritualit\u00e9.<\/p>\n","protected":false},"author":1,"featured_media":0,"parent":0,"menu_order":24,"comment_status":"closed","ping_status":"closed","template":"","meta":{"ngg_post_thumbnail":0,"footnotes":""},"lang":"fr","translations":{"fr":4076,"en":6274,"es":6276,"pt":6278},"pll_sync_post":[],"_links":{"self":[{"href":"https:\/\/soeurs-de-la-presentation-de-marie.org\/pom\/wp-json\/wp\/v2\/pages\/4076"}],"collection":[{"href":"https:\/\/soeurs-de-la-presentation-de-marie.org\/pom\/wp-json\/wp\/v2\/pages"}],"about":[{"href":"https:\/\/soeurs-de-la-presentation-de-marie.org\/pom\/wp-json\/wp\/v2\/types\/page"}],"author":[{"embeddable":true,"href":"https:\/\/soeurs-de-la-presentation-de-marie.org\/pom\/wp-json\/wp\/v2\/users\/1"}],"replies":[{"embeddable":true,"href":"https:\/\/soeurs-de-la-presentation-de-marie.org\/pom\/wp-json\/wp\/v2\/comments?post=4076"}],"version-history":[{"count":3,"href":"https:\/\/soeurs-de-la-presentation-de-marie.org\/pom\/wp-json\/wp\/v2\/pages\/4076\/revisions"}],"predecessor-version":[{"id":4702,"href":"https:\/\/soeurs-de-la-presentation-de-marie.org\/pom\/wp-json\/wp\/v2\/pages\/4076\/revisions\/4702"}],"wp:attachment":[{"href":"https:\/\/soeurs-de-la-presentation-de-marie.org\/pom\/wp-json\/wp\/v2\/media?parent=4076"}],"curies":[{"name":"wp","href":"https:\/\/api.w.org\/{rel}","templated":true}]}}