{"id":4077,"date":"2018-10-27T11:20:45","date_gmt":"2018-10-27T09:20:45","guid":{"rendered":"http:\/\/soeurs-de-la-presentation-de-marie.org\/pom\/?page_id=4077"},"modified":"2020-05-29T18:31:18","modified_gmt":"2020-05-29T16:31:18","slug":"liens","status":"publish","type":"page","link":"https:\/\/soeurs-de-la-presentation-de-marie.org\/pom\/liens\/","title":{"rendered":"Liens"},"content":{"rendered":"<div class=\"wpb-content-wrapper\"><p>[vc_row][vc_column width=&#8221;1\/3&#8243;][vc_column_text]<\/p>\n<h2 style=\"text-align: left;\">Provinces<\/h2>\n<p>[\/vc_column_text][vc_single_image image=&#8221;4782&#8243; alignment=&#8221;center&#8221; onclick=&#8221;custom_link&#8221; img_link_target=&#8221;_blank&#8221; link=&#8221;https:\/\/presentationofmary-usa.org\/&#8221;][vc_column_text]<\/p>\n<p style=\"text-align: center;\"><a style=\"text-align: center;\" href=\"https:\/\/presentationofmary-usa.org\/\" target=\"_blank\" rel=\"noopener noreferrer\">\u00c9tats-Unis<\/a><\/p>\n<p>[\/vc_column_text][vc_row_inner][vc_column_inner][vc_single_image image=&#8221;14010&#8243; alignment=&#8221;center&#8221; onclick=&#8221;custom_link&#8221; link=&#8221;https:\/\/apresentacaodemaria.pt\/&#8221;][vc_column_text]<\/p>\n<p style=\"text-align: center;\"><a href=\"https:\/\/apresentacaodemaria.pt\/\">Portugal<\/a><\/p>\n<p>[\/vc_column_text][\/vc_column_inner][\/vc_row_inner][\/vc_column][vc_column width=&#8221;1\/3&#8243;][vc_column_text]<\/p>\n<h2 style=\"text-align: left;\"><span style=\"color: #ffffff;\">P<\/span><\/h2>\n<p>[\/vc_column_text][vc_single_image image=&#8221;4781&#8243; alignment=&#8221;center&#8221; onclick=&#8221;custom_link&#8221; img_link_target=&#8221;_blank&#8221; link=&#8221;http:\/\/presentationdemarie.org\/&#8221;][vc_column_text]<\/p>\n<p style=\"text-align: center;\"><a href=\"http:\/\/presentationdemarie.org\/\" target=\"_blank\" rel=\"noopener noreferrer\">France<\/a><\/p>\n<p>[\/vc_column_text][\/vc_column][vc_column width=&#8221;1\/3&#8243;][vc_column_text]<\/p>\n<h2 style=\"text-align: left;\"><span style=\"color: #ffffff;\">P<\/span><\/h2>\n<p>[\/vc_column_text][vc_single_image image=&#8221;4786&#8243; alignment=&#8221;center&#8221; onclick=&#8221;custom_link&#8221; img_link_target=&#8221;_blank&#8221; link=&#8221;https:\/\/presentationofmary.ca\/&#8221;][vc_column_text]<\/p>\n<p style=\"text-align: center;\"><a href=\"https:\/\/presentationofmary.ca\/\" target=\"_blank\" rel=\"noopener noreferrer\">Prince Albert<\/a><\/p>\n<p>[\/vc_column_text][\/vc_column][\/vc_row][vc_row][vc_column width=&#8221;1\/3&#8243;][vc_column_text]<\/p>\n<h2 style=\"text-align: left;\">Institutions<\/h2>\n<p>[\/vc_column_text][vc_single_image image=&#8221;4787&#8243; alignment=&#8221;center&#8221; onclick=&#8221;custom_link&#8221; img_link_target=&#8221;_blank&#8221; link=&#8221;http:\/\/w2.vatican.va\/content\/vatican\/fr.html&#8221;][vc_column_text]<\/p>\n<p style=\"text-align: center;\"><a style=\"text-align: center;\" href=\"http:\/\/w2.vatican.va\/content\/vatican\/fr.html\" target=\"_blank\" rel=\"noopener noreferrer\">Le Saint-Si\u00e8ge<\/a><\/p>\n<p>[\/vc_column_text][\/vc_column][vc_column width=&#8221;1\/3&#8243;][vc_column_text]<\/p>\n<h2 style=\"text-align: left;\"><span style=\"color: #ffffff;\">P<\/span><\/h2>\n<p>[\/vc_column_text][vc_single_image image=&#8221;4789&#8243; alignment=&#8221;center&#8221; onclick=&#8221;custom_link&#8221; img_link_target=&#8221;_blank&#8221; link=&#8221;http:\/\/www.internationalunionsuperiorsgeneral.org\/fr\/&#8221;][vc_column_text]<\/p>\n<p style=\"text-align: center;\"><a href=\"http:\/\/www.internationalunionsuperiorsgeneral.org\/fr\/\" target=\"_blank\" rel=\"noopener noreferrer\">Union International des Sup\u00e9rieures G\u00e9n\u00e9rales<\/a><\/p>\n<p>[\/vc_column_text][\/vc_column][vc_column width=&#8221;1\/3&#8243;][vc_column_text]<\/p>\n<h2 style=\"text-align: left;\"><span style=\"color: #ffffff;\">P<\/span><\/h2>\n<p>[\/vc_column_text][vc_single_image image=&#8221;7184&#8243; alignment=&#8221;center&#8221; onclick=&#8221;custom_link&#8221; img_link_target=&#8221;_blank&#8221; link=&#8221;https:\/\/www.popesprayer.va\/fr\/&#8221;][vc_column_text]<\/p>\n<p style=\"text-align: center;\"><a href=\"https:\/\/www.popesprayer.va\/\">Pope&#8217;s Worldwide Prayer Network<\/a><\/p>\n<p>[\/vc_column_text][\/vc_column][\/vc_row]<\/p>\n<\/div>","protected":false},"excerpt":{"rendered":"<p>[vc_row][vc_column width=&#8221;1\/3&#8243;][vc_column_text] Provinces [\/vc_column_text][vc_single_image image=&#8221;4782&#8243; alignment=&#8221;center&#8221; onclick=&#8221;custom_link&#8221; img_link_target=&#8221;_blank&#8221; link=&#8221;https:\/\/presentationofmary-usa.org\/&#8221;][vc_column_text] \u00c9tats-Unis [\/vc_column_text][vc_row_inner][vc_column_inner][vc_single_image image=&#8221;14010&#8243; alignment=&#8221;center&#8221; onclick=&#8221;custom_link&#8221; link=&#8221;https:\/\/apresentacaodemaria.pt\/&#8221;][vc_column_text] Portugal [\/vc_column_text][\/vc_column_inner][\/vc_row_inner][\/vc_column][vc_column width=&#8221;1\/3&#8243;][vc_column_text] P [\/vc_column_text][vc_single_image image=&#8221;4781&#8243; alignment=&#8221;center&#8221; onclick=&#8221;custom_link&#8221; img_link_target=&#8221;_blank&#8221; link=&#8221;http:\/\/presentationdemarie.org\/&#8221;][vc_column_text] France [\/vc_column_text][\/vc_column][vc_column width=&#8221;1\/3&#8243;][vc_column_text] P [\/vc_column_text][vc_single_image image=&#8221;4786&#8243; alignment=&#8221;center&#8221; onclick=&#8221;custom_link&#8221; img_link_target=&#8221;_blank&#8221; link=&#8221;https:\/\/presentationofmary.ca\/&#8221;][vc_column_text] Prince Albert [\/vc_column_text][\/vc_column][\/vc_row][vc_row][vc_column width=&#8221;1\/3&#8243;][vc_column_text] Institutions [\/vc_column_text][vc_single_image image=&#8221;4787&#8243; alignment=&#8221;center&#8221; onclick=&#8221;custom_link&#8221; img_link_target=&#8221;_blank&#8221; link=&#8221;http:\/\/w2.vatican.va\/content\/vatican\/fr.html&#8221;][vc_column_text] Le Saint-Si\u00e8ge [\/vc_column_text][\/vc_column][vc_column width=&#8221;1\/3&#8243;][vc_column_text] P [\/vc_column_text][vc_single_image image=&#8221;4789&#8243; alignment=&#8221;center&#8221; onclick=&#8221;custom_link&#8221; [&hellip;]<\/p>\n","protected":false},"author":1,"featured_media":0,"parent":0,"menu_order":25,"comment_status":"closed","ping_status":"closed","template":"","meta":{"ngg_post_thumbnail":0,"footnotes":""},"lang":"fr","translations":{"fr":4077,"en":6305,"pt":6307,"es":6309},"pll_sync_post":[],"_links":{"self":[{"href":"https:\/\/soeurs-de-la-presentation-de-marie.org\/pom\/wp-json\/wp\/v2\/pages\/4077"}],"collection":[{"href":"https:\/\/soeurs-de-la-presentation-de-marie.org\/pom\/wp-json\/wp\/v2\/pages"}],"about":[{"href":"https:\/\/soeurs-de-la-presentation-de-marie.org\/pom\/wp-json\/wp\/v2\/types\/page"}],"author":[{"embeddable":true,"href":"https:\/\/soeurs-de-la-presentation-de-marie.org\/pom\/wp-json\/wp\/v2\/users\/1"}],"replies":[{"embeddable":true,"href":"https:\/\/soeurs-de-la-presentation-de-marie.org\/pom\/wp-json\/wp\/v2\/comments?post=4077"}],"version-history":[{"count":19,"href":"https:\/\/soeurs-de-la-presentation-de-marie.org\/pom\/wp-json\/wp\/v2\/pages\/4077\/revisions"}],"predecessor-version":[{"id":14032,"href":"https:\/\/soeurs-de-la-presentation-de-marie.org\/pom\/wp-json\/wp\/v2\/pages\/4077\/revisions\/14032"}],"wp:attachment":[{"href":"https:\/\/soeurs-de-la-presentation-de-marie.org\/pom\/wp-json\/wp\/v2\/media?parent=4077"}],"curies":[{"name":"wp","href":"https:\/\/api.w.org\/{rel}","templated":true}]}}