{"id":4089,"date":"2018-10-27T11:24:37","date_gmt":"2018-10-27T09:24:37","guid":{"rendered":"http:\/\/soeurs-de-la-presentation-de-marie.org\/pom\/?page_id=4089"},"modified":"2020-03-13T16:13:20","modified_gmt":"2020-03-13T15:13:20","slug":"formation","status":"publish","type":"page","link":"https:\/\/soeurs-de-la-presentation-de-marie.org\/pom\/presentation-de-marie\/formation\/","title":{"rendered":"Formation"},"content":{"rendered":"<div class=\"wpb-content-wrapper\"><p>[vc_row][vc_column][vc_custom_heading text=&#8221;C\u2019est Dieu qui a l\u2019initiative de l\u2019appel et c\u2019est lui qui inspire la r\u00e9ponse.<br \/>\nIl donne en m\u00eame temps la capacit\u00e9 de se livrer<br \/>\n\u00e0 son myst\u00e8re et de consentir, avec une libert\u00e9 joyeuse,<br \/>\n\u00e0 toutes les ruptures que suppose l\u2019accueil de ce don.&#8221; font_container=&#8221;tag:h2|font_size:46|text_align:center|color:%2339a009&#8243; google_fonts=&#8221;font_family:Italianno%3Aregular|font_style:400%20regular%3A400%3Anormal&#8221;][vc_row_inner content_placement=&#8221;middle&#8221; gap=&#8221;3&#8243;][vc_column_inner][vc_custom_heading text=&#8221;La Vie consacr\u00e9e&#8221; font_container=&#8221;tag:h2|font_size:30|text_align:center|color:%23009e0d|line_height:2&#8243; google_fonts=&#8221;font_family:Almendra%3Aregular%2Citalic%2C700%2C700italic|font_style:400%20regular%3A400%3Anormal&#8221;][vc_custom_heading text=&#8221;Quand vous vous donnez au Seigneur, quand vous vous consacrez \u00e0 son service,<br \/>\nvous lui donnez tout ce que vous \u00eates, votre \u00e2me avec toutes ses puissances,<br \/>\nvotre esprit avec toutes ses mis\u00e8res, votre coeur avec toutes ses affections<br \/>\net ses d\u00e9sirs, votre corps avec tous ses sens.<br \/>\nIl n\u2019y a plus en vous rien qui soit \u00e0 vous,<br \/>\nrien dont vous soyez les ma\u00eetresses<br \/>\net dont vous puissiez disposer.<\/p>\n<p>&#8211; \u00c9crits Spirituel de Bienheureuse Marie Rivier -&#8221; font_container=&#8221;tag:h3|font_size:23|text_align:center|color:%2358c912|line_height:1&#8243; google_fonts=&#8221;font_family:Alice%3Aregular|font_style:400%20regular%3A400%3Anormal&#8221;][\/vc_column_inner][\/vc_row_inner][\/vc_column][\/vc_row][vc_row][vc_column][\/vc_column][\/vc_row]<\/p>\n<\/div>","protected":false},"excerpt":{"rendered":"<p>[vc_row][vc_column][vc_custom_heading text=&#8221;C\u2019est Dieu qui a l\u2019initiative de l\u2019appel et c\u2019est lui qui inspire la r\u00e9ponse. Il donne en m\u00eame temps la capacit\u00e9 de se livrer \u00e0 son myst\u00e8re et de consentir, avec une libert\u00e9 joyeuse, \u00e0 toutes les ruptures que suppose l\u2019accueil de ce don.&#8221; font_container=&#8221;tag:h2|font_size:46|text_align:center|color:%2339a009&#8243; google_fonts=&#8221;font_family:Italianno%3Aregular|font_style:400%20regular%3A400%3Anormal&#8221;][vc_row_inner content_placement=&#8221;middle&#8221; gap=&#8221;3&#8243;][vc_column_inner][vc_custom_heading text=&#8221;La Vie consacr\u00e9e&#8221; font_container=&#8221;tag:h2|font_size:30|text_align:center|color:%23009e0d|line_height:2&#8243; google_fonts=&#8221;font_family:Almendra%3Aregular%2Citalic%2C700%2C700italic|font_style:400%20regular%3A400%3Anormal&#8221;][vc_custom_heading text=&#8221;Quand [&hellip;]<\/p>\n","protected":false},"author":1,"featured_media":0,"parent":4068,"menu_order":0,"comment_status":"closed","ping_status":"closed","template":"","meta":{"ngg_post_thumbnail":0,"footnotes":""},"lang":"fr","translations":{"fr":4089,"pt":6082,"es":6088,"en":6094},"pll_sync_post":[],"_links":{"self":[{"href":"https:\/\/soeurs-de-la-presentation-de-marie.org\/pom\/wp-json\/wp\/v2\/pages\/4089"}],"collection":[{"href":"https:\/\/soeurs-de-la-presentation-de-marie.org\/pom\/wp-json\/wp\/v2\/pages"}],"about":[{"href":"https:\/\/soeurs-de-la-presentation-de-marie.org\/pom\/wp-json\/wp\/v2\/types\/page"}],"author":[{"embeddable":true,"href":"https:\/\/soeurs-de-la-presentation-de-marie.org\/pom\/wp-json\/wp\/v2\/users\/1"}],"replies":[{"embeddable":true,"href":"https:\/\/soeurs-de-la-presentation-de-marie.org\/pom\/wp-json\/wp\/v2\/comments?post=4089"}],"version-history":[{"count":18,"href":"https:\/\/soeurs-de-la-presentation-de-marie.org\/pom\/wp-json\/wp\/v2\/pages\/4089\/revisions"}],"predecessor-version":[{"id":6753,"href":"https:\/\/soeurs-de-la-presentation-de-marie.org\/pom\/wp-json\/wp\/v2\/pages\/4089\/revisions\/6753"}],"up":[{"embeddable":true,"href":"https:\/\/soeurs-de-la-presentation-de-marie.org\/pom\/wp-json\/wp\/v2\/pages\/4068"}],"wp:attachment":[{"href":"https:\/\/soeurs-de-la-presentation-de-marie.org\/pom\/wp-json\/wp\/v2\/media?parent=4089"}],"curies":[{"name":"wp","href":"https:\/\/api.w.org\/{rel}","templated":true}]}}