{"id":4139,"date":"2018-10-27T11:35:40","date_gmt":"2018-10-27T09:35:40","guid":{"rendered":"http:\/\/soeurs-de-la-presentation-de-marie.org\/pom\/?page_id=4139"},"modified":"2021-02-17T22:47:50","modified_gmt":"2021-02-17T21:47:50","slug":"care-for-creation-action-for-justice","status":"publish","type":"page","link":"https:\/\/soeurs-de-la-presentation-de-marie.org\/pom\/mission\/care-for-creation-action-for-justice\/","title":{"rendered":"Le souci de la cr\u00e9ation et l&#8217;action pour la justice"},"content":{"rendered":"<div class=\"wpb-content-wrapper\"><p>[vc_row][vc_column][vc_custom_heading text=&#8221;Nous nous engageons \u00e0 sauvegarder l\u2019harmonie d\u2019ensemble voulue par le Cr\u00e9ateur, \u00ab\u00e0 \u00e9couter tant la clameur de la terre que la clameur des pauvres\u00bb (Laudato si\u2019, 49)&#8221; font_container=&#8221;tag:h2|font_size:45|text_align:center|color:%23229e00&#8243; google_fonts=&#8221;font_family:Italianno%3Aregular|font_style:400%20regular%3A400%3Anormal&#8221;][vc_custom_heading text=&#8221;Le sentiment de communion profonde avec la cr\u00e9ation n\u2019est vrai que si nos c\u0153urs sont remplis de tendresse, de compassion et d\u2019un r\u00e9el souci pour le bonheur de chaque personne. Notre engagement pour la justice et la paix de m\u00eame que nos efforts pour pr\u00e9server la beaut\u00e9, la richesse et la f\u00e9condit\u00e9 de notre \u00abM\u00e8re, la terre\u00bb feront de notre \u00abmaison commune\u00bb un lieu capable de soutenir la vie sous toutes ses formes.&#8221; font_container=&#8221;tag:h2|font_size:24|text_align:justify|color:%2326870e&#8221; google_fonts=&#8221;font_family:Acme%3Aregular|font_style:400%20regular%3A400%3Anormal&#8221;][\/vc_column][\/vc_row][vc_row][vc_column][vc_column_text]<\/p>\n<div id=\"attachment_14020\" style=\"width: 910px\" class=\"wp-caption aligncenter\"><img loading=\"lazy\" decoding=\"async\" aria-describedby=\"caption-attachment-14020\" class=\"wp-image-14020 size-large\" src=\"https:\/\/soeurs-de-la-presentation-de-marie.org\/pom\/wp-content\/uploads\/2020\/05\/Laudato-Si-1024x866.jpg\" alt=\"\" width=\"900\" height=\"761\"><p id=\"caption-attachment-14020\" class=\"wp-caption-text\">C\u00e9l\u00e9bration de la semaine Laudato Si 2020<br \/>La plantation d&#8217;un arbre<\/p><\/div>\n<p>[\/vc_column_text][\/vc_column][\/vc_row][vc_row][vc_column width=&#8221;1\/2&#8243;][vc_video link=&#8221;https:\/\/youtu.be\/BayvLy1r4bM&#8221; align=&#8221;center&#8221;][\/vc_column][vc_column width=&#8221;1\/2&#8243;][vc_video link=&#8221;https:\/\/youtu.be\/WMZOeJJmz2M&#8221; align=&#8221;center&#8221;][\/vc_column][\/vc_row]<\/p>\n<\/div>","protected":false},"excerpt":{"rendered":"<p>[vc_row][vc_column][vc_custom_heading text=&#8221;Nous nous engageons \u00e0 sauvegarder l\u2019harmonie d\u2019ensemble voulue par le Cr\u00e9ateur, \u00ab\u00e0 \u00e9couter tant la clameur de la terre que la clameur des pauvres\u00bb (Laudato si\u2019, 49)&#8221; font_container=&#8221;tag:h2|font_size:45|text_align:center|color:%23229e00&#8243; google_fonts=&#8221;font_family:Italianno%3Aregular|font_style:400%20regular%3A400%3Anormal&#8221;][vc_custom_heading text=&#8221;Le sentiment de communion profonde avec la cr\u00e9ation n\u2019est vrai que si nos c\u0153urs sont remplis de tendresse, de compassion et d\u2019un r\u00e9el souci pour [&hellip;]<\/p>\n","protected":false},"author":1,"featured_media":0,"parent":4066,"menu_order":3,"comment_status":"closed","ping_status":"closed","template":"","meta":{"ngg_post_thumbnail":0,"footnotes":""},"lang":"fr","translations":{"fr":4139,"en":6262,"es":6264,"pt":6266},"pll_sync_post":[],"_links":{"self":[{"href":"https:\/\/soeurs-de-la-presentation-de-marie.org\/pom\/wp-json\/wp\/v2\/pages\/4139"}],"collection":[{"href":"https:\/\/soeurs-de-la-presentation-de-marie.org\/pom\/wp-json\/wp\/v2\/pages"}],"about":[{"href":"https:\/\/soeurs-de-la-presentation-de-marie.org\/pom\/wp-json\/wp\/v2\/types\/page"}],"author":[{"embeddable":true,"href":"https:\/\/soeurs-de-la-presentation-de-marie.org\/pom\/wp-json\/wp\/v2\/users\/1"}],"replies":[{"embeddable":true,"href":"https:\/\/soeurs-de-la-presentation-de-marie.org\/pom\/wp-json\/wp\/v2\/comments?post=4139"}],"version-history":[{"count":11,"href":"https:\/\/soeurs-de-la-presentation-de-marie.org\/pom\/wp-json\/wp\/v2\/pages\/4139\/revisions"}],"predecessor-version":[{"id":13904,"href":"https:\/\/soeurs-de-la-presentation-de-marie.org\/pom\/wp-json\/wp\/v2\/pages\/4139\/revisions\/13904"}],"up":[{"embeddable":true,"href":"https:\/\/soeurs-de-la-presentation-de-marie.org\/pom\/wp-json\/wp\/v2\/pages\/4066"}],"wp:attachment":[{"href":"https:\/\/soeurs-de-la-presentation-de-marie.org\/pom\/wp-json\/wp\/v2\/media?parent=4139"}],"curies":[{"name":"wp","href":"https:\/\/api.w.org\/{rel}","templated":true}]}}