{"id":4265,"date":"2018-11-09T11:58:10","date_gmt":"2018-11-09T10:58:10","guid":{"rendered":"http:\/\/soeurs-de-la-presentation-de-marie.org\/pom\/?page_id=4265"},"modified":"2022-02-08T21:54:07","modified_gmt":"2022-02-08T20:54:07","slug":"communion","status":"publish","type":"page","link":"https:\/\/soeurs-de-la-presentation-de-marie.org\/pom\/communion\/","title":{"rendered":"Communion, une r\u00e9alit\u00e9"},"content":{"rendered":"<div class=\"wpb-content-wrapper\"><p>[vc_row][vc_column][vc_custom_heading text=&#8221;Mettons-nous ensemble pour d\u00e9velopper une v\u00e9ritable spiritualit\u00e9 de la communion qui nous ouvre aux autres et nous garde en harmonie avec toute la cr\u00e9ation.&#8221; font_container=&#8221;tag:h2|font_size:30|text_align:justify|color:%23007018&#8243; google_fonts=&#8221;font_family:Aladin%3Aregular|font_style:400%20regular%3A400%3Anormal&#8221;][vc_column_text]&nbsp;<\/p>\n<ul>\n<li><span style=\"color: #003300;\">Gardons vivant notre esprit de famille par des rencontres locales et internationales et des \u00e9changes d\u2019informations et d\u2019exp\u00e9riences.<\/span><\/li>\n<li><span style=\"color: #003300;\">Aidons-nous \u00e0 faire de nos communaut\u00e9s locales des lieux d\u2019\u00e9coute, d\u2019\u00e9changes, de r\u00e9conciliation et de compassion o\u00f9 se respire \u00abla bonne odeur de J\u00e9sus Christ\u00bb. 2 Cor 2, 15<\/span><\/li>\n<li><span style=\"color: #003300;\">Sachons utiliser avec discernement les nouveaux moyens de communication de fa\u00e7on qu\u2019ils favorisent la communion entre nous.<\/span><\/li>\n<li><span style=\"color: #003300;\">Soyons des t\u00e9moins cr\u00e9dibles de l\u2019\u00c9vangile par une vie coh\u00e9rente o\u00f9 s\u2019exprime la joie d\u2019\u00eatre rassembl\u00e9es par J\u00e9sus Christ.<\/span><\/li>\n<li><span style=\"color: #003300;\">Participons \u00e0 l\u2019harmonie de la cr\u00e9ation par nos paroles positives et nos gestes respectueux de l\u2019environnement.<\/span><\/li>\n<\/ul>\n<p>[\/vc_column_text][vc_separator color=&#8221;green&#8221; style=&#8221;double&#8221; el_width=&#8221;70&#8243;][\/vc_column][\/vc_row][vc_row row_space=&#8221;remove_padding_bottom&#8221;][vc_column][vc_custom_heading text=&#8221;Lancement de l&#8217;Ann\u00e9e de la vie fraternelle&#8221; font_container=&#8221;tag:h2|font_size:65|text_align:center|color:%232b8200&#8243; google_fonts=&#8221;font_family:Italianno%3Aregular|font_style:400%20regular%3A400%3Anormal&#8221;][vc_custom_heading text=&#8221;3 f\u00e9vier 2022 &#8211; 3 f\u00e9vrier 2023&#8243; font_container=&#8221;tag:h2|font_size:45|text_align:center|color:%2351751e&#8221; google_fonts=&#8221;font_family:Bilbo%3Aregular|font_style:400%20regular%3A400%3Anormal&#8221;][vc_row_inner][vc_column_inner width=&#8221;1\/4&#8243;][vc_column_text][\/vc_column_text][vc_custom_heading text=&#8221;29 f\u00e9vrier 2022&#8243; font_container=&#8221;tag:h2|font_size:36|text_align:center|color:%232b8200&#8243; google_fonts=&#8221;font_family:Bilbo%3Aregular|font_style:400%20regular%3A400%3Anormal&#8221;][\/vc_column_inner][vc_column_inner width=&#8221;3\/4&#8243;][vc_custom_heading text=&#8221;La communaut\u00e9 : Image de la Trinit\u00e9&#8221; font_container=&#8221;tag:h2|font_size:40|text_align:center|color:%23447500&#8243; google_fonts=&#8221;font_family:Averia%20Serif%20Libre%3A300%2C300italic%2Cregular%2Citalic%2C700%2C700italic|font_style:400%20regular%3A400%3Anormal&#8221;][vc_custom_heading text=&#8221;un lettre circulaire&#8221; font_container=&#8221;tag:h2|font_size:28|text_align:center|color:%232b8200&#8243; google_fonts=&#8221;font_family:Averia%20Serif%20Libre%3A300%2C300italic%2Cregular%2Citalic%2C700%2C700italic|font_style:400%20regular%3A400%3Anormal&#8221;][\/vc_column_inner][\/vc_row_inner][\/vc_column][\/vc_row][vc_row row_space=&#8221;remove_padding_top&#8221;][vc_column width=&#8221;1\/4&#8243;][vc_column_text]&nbsp;<\/p>\n<p>&nbsp;<\/p>\n<p><img loading=\"lazy\" decoding=\"async\" class=\"wp-image-26646 aligncenter\" src=\"https:\/\/soeurs-de-la-presentation-de-marie.org\/pom\/wp-content\/uploads\/2022\/01\/trinity_880.png\" alt=\"\" width=\"496\" height=\"620\">[\/vc_column_text][\/vc_column][vc_column width=&#8221;3\/4&#8243;][vc_empty_space][vc_custom_heading text=&#8221;Pr\u00e9sentation&#8221; font_container=&#8221;tag:h2|font_size:28|text_align:left|color:%23447500&#8243; google_fonts=&#8221;font_family:Averia%20Serif%20Libre%3A300%2C300italic%2Cregular%2Citalic%2C700%2C700italic|font_style:400%20regular%3A400%3Anormal&#8221;][vc_custom_heading text=&#8221;Itin\u00e9raire historique&#8221; font_container=&#8221;tag:h2|font_size:38|text_align:center|color:%232b8200&#8243; google_fonts=&#8221;font_family:Bilbo%3Aregular|font_style:400%20regular%3A400%3Anormal&#8221;][vc_column_text]&nbsp;<\/p>\n<p><span style=\"color: #003300;\">Dans cette premi\u00e8re partie, j\u2019aimerais faire avec vous un voyage vers nos origines, pour continuer \u00e0 approfondir, \u00e0 graver dans nos vies la richesse de la vie en communaut\u00e9. En allant au c\u0153ur du charisme de Marie Rivier, je me suis pos\u00e9 la question : o\u00f9 notre Fondatrice a-t-elle trouv\u00e9 sa source ?&nbsp;<\/span><\/p>\n<h4 style=\"text-align: center;\"><span style=\"color: #003300;\"><strong>Conna\u00eetre J\u00e9sus Christ dans l\u2019\u00c9vangile\u2026<\/strong><\/span><\/h4>\n<p><span style=\"color: #003300;\">Conna\u00eetre dans le sens biblique, c\u2019est surtout une connaissance amoureuse qui touche et transforme toute notre vie&nbsp;; c\u2019est exp\u00e9rimenter, vivre en profondeur, \u00e9tablir une relation, une communion, vivre une pr\u00e9sence. <strong>Go\u00fbtez et voyez comme le Seigneur est bon !<\/strong> Heureux qui trouve en lui son refuge, Psaume 33, 9.<\/span>[\/vc_column_text][\/vc_column][\/vc_row][vc_row row_space=&#8221;remove_padding_top&#8221;][vc_column][vc_column_text]<span style=\"color: #003300;\">C\u2019est cette connaissance qui nous pousse \u00e0 aimer et \u00e0 imiter J\u00e9sus par toute notre vie. Marie Rivier nous dit toujours : <em><strong>Nous ne pouvons l\u2019aimer sans le conna\u00eetre et nous ne l\u2019imiterons qu\u2019en autant que nous l\u2019aimerons. Aimons donc Notre Seigneur afin de l\u2019imiter et pour l\u2019aimer, \u00e9tudions-le, m\u00e9ditons-le sans cesse, et mettons notre plus grande application \u00e0 le conna\u00eetr<\/strong><\/em>e (E.S., p.19)<\/span><\/p>\n<p><strong><span style=\"color: #003300;\">C\u2019est ici que j\u2019ai mis le focus, la connaissance amoureuse et une relation profonde.&nbsp; Notre lieu de transformation, c\u2019est la rencontre avec le Christ. La puissance de transformation de l\u2019\u00c9vangile dans nos vies personnelles revitalise aussi nos communaut\u00e9s.<\/span><\/strong><\/p>\n<p>&nbsp;<\/p>\n<p><span style=\"color: #003300;\">M\u00e8re Maria dos Anjos Alves, pm<\/span><\/p>\n<p><span style=\"color: #003300;\">Sup\u00e9rieure g\u00e9n\u00e9rale<\/span>[\/vc_column_text][\/vc_column][\/vc_row]<\/p>\n<\/div>","protected":false},"excerpt":{"rendered":"<p>[vc_row][vc_column][vc_custom_heading text=&#8221;Mettons-nous ensemble pour d\u00e9velopper une v\u00e9ritable spiritualit\u00e9 de la communion qui nous ouvre aux autres et nous garde en harmonie avec toute la cr\u00e9ation.&#8221; font_container=&#8221;tag:h2|font_size:30|text_align:justify|color:%23007018&#8243; google_fonts=&#8221;font_family:Aladin%3Aregular|font_style:400%20regular%3A400%3Anormal&#8221;][vc_column_text]&nbsp; Gardons vivant notre esprit de famille par des rencontres locales et internationales et des \u00e9changes d\u2019informations et d\u2019exp\u00e9riences. Aidons-nous \u00e0 faire de nos communaut\u00e9s locales des lieux d\u2019\u00e9coute, [&hellip;]<\/p>\n","protected":false},"author":3,"featured_media":0,"parent":0,"menu_order":31,"comment_status":"closed","ping_status":"closed","template":"","meta":{"ngg_post_thumbnail":0,"footnotes":""},"lang":"fr","translations":{"fr":4265,"en":6311,"es":6313,"pt":6315},"pll_sync_post":[],"_links":{"self":[{"href":"https:\/\/soeurs-de-la-presentation-de-marie.org\/pom\/wp-json\/wp\/v2\/pages\/4265"}],"collection":[{"href":"https:\/\/soeurs-de-la-presentation-de-marie.org\/pom\/wp-json\/wp\/v2\/pages"}],"about":[{"href":"https:\/\/soeurs-de-la-presentation-de-marie.org\/pom\/wp-json\/wp\/v2\/types\/page"}],"author":[{"embeddable":true,"href":"https:\/\/soeurs-de-la-presentation-de-marie.org\/pom\/wp-json\/wp\/v2\/users\/3"}],"replies":[{"embeddable":true,"href":"https:\/\/soeurs-de-la-presentation-de-marie.org\/pom\/wp-json\/wp\/v2\/comments?post=4265"}],"version-history":[{"count":19,"href":"https:\/\/soeurs-de-la-presentation-de-marie.org\/pom\/wp-json\/wp\/v2\/pages\/4265\/revisions"}],"predecessor-version":[{"id":26669,"href":"https:\/\/soeurs-de-la-presentation-de-marie.org\/pom\/wp-json\/wp\/v2\/pages\/4265\/revisions\/26669"}],"wp:attachment":[{"href":"https:\/\/soeurs-de-la-presentation-de-marie.org\/pom\/wp-json\/wp\/v2\/media?parent=4265"}],"curies":[{"name":"wp","href":"https:\/\/api.w.org\/{rel}","templated":true}]}}