{"id":4717,"date":"2018-11-21T00:31:20","date_gmt":"2018-11-20T23:31:20","guid":{"rendered":"http:\/\/soeurs-de-la-presentation-de-marie.org\/pom\/?page_id=4717"},"modified":"2021-02-11T18:02:02","modified_gmt":"2021-02-11T17:02:02","slug":"la-mission-de-compassion","status":"publish","type":"page","link":"https:\/\/soeurs-de-la-presentation-de-marie.org\/pom\/mission\/la-mission-de-compassion\/","title":{"rendered":"La Mission de Compassion"},"content":{"rendered":"<div class=\"wpb-content-wrapper\"><p>[vc_row][vc_column][vc_custom_heading text=&#8221;&#8220; Je suis rempli de compassion pour toutes les souffrances. &#8220;&#8221; font_container=&#8221;tag:h2|font_size:50|text_align:center|color:%230064bc&#8221; google_fonts=&#8221;font_family:Italianno%3Aregular|font_style:400%20regular%3A400%3Anormal&#8221;][vc_custom_heading text=&#8221;- Bienheureuse Marie Rivier -&#8221; font_container=&#8221;tag:h2|font_size:50|text_align:center|color:%230c58cc&#8221; google_fonts=&#8221;font_family:Italianno%3Aregular|font_style:400%20regular%3A400%3Anormal&#8221;][\/vc_column][\/vc_row][vc_row row_space=&#8221;remove_padding_top&#8221;][vc_column][vc_custom_heading text=&#8221;AMOUR DES PAUVRES&#8221; font_container=&#8221;tag:h2|font_size:34|text_align:left|color:%230066bf&#8221; google_fonts=&#8221;font_family:Signika%3A300%2Cregular%2C600%2C700|font_style:400%20regular%3A400%3Anormal&#8221;][vc_custom_heading text=&#8221;Dieu que nous a marqu\u00e9s d\u00e8s l\u2019origine du signe que son divin Fils a invoqu\u00e9 comme preuve de sa divinit\u00e9: nous avons \u00e9vang\u00e9lis\u00e9 les pauvres.<\/p>\n<p>L\u2019amour et le soin des orphelines sont ma consolation. Cette oeuvre est la joie de mon coeur, j\u2019esp\u00e8re qu\u2019elle sera aussii celle du v\u00f4tre.<\/p>\n<p>Secourir les pauvres de J\u00e9sus Christ, c\u2019est notre premier devoir. Quand nous avons pris ce qui nous est n\u00e9cessaire, qu\u2019avons-nous besoin de plus?<\/p>\n<p>N\u2019avons-nous pas la Providence pour prendre soin de nous?<\/p>\n<p>Je suis convaincue que Dieu a \u00e9tabli notre maison pour l\u2019instruction des pauvres et des personnes modestes. Dans ce oeuvres-l\u00e0 nous sommes b\u00e9nis, nous ressucitons.<\/p>\n<p>\u2013 M\u00e8re Marie Rivier \u2013&#8221; font_container=&#8221;tag:h2|font_size:20|text_align:justify|color:%232476bf|line_height:1.5&#8243; google_fonts=&#8221;font_family:Alike%20Angular%3Aregular|font_style:400%20regular%3A400%3Anormal&#8221;][\/vc_column][\/vc_row][vc_row row_space=&#8221;remove_padding_top&#8221;][vc_column][\/vc_column][\/vc_row][vc_row row_space=&#8221;remove_padding_top&#8221;][vc_column][vc_custom_heading text=&#8221;FRANCE&#8221; font_container=&#8221;tag:h2|font_size:30|text_align:left|color:%230f6dbf&#8221; google_fonts=&#8221;font_family:Alike%20Angular%3Aregular|font_style:400%20regular%3A400%3Anormal&#8221;][vc_row_inner][vc_column_inner width=&#8221;1\/3&#8243;][vc_custom_heading text=&#8221;EHPAD de la Compassion (Rouen)&#8221; font_container=&#8221;tag:h2|font_size:22|text_align:left|color:%230066bf&#8221; google_fonts=&#8221;font_family:Alike%20Angular%3Aregular|font_style:400%20regular%3A400%3Anormal&#8221;][vc_column_text]&nbsp;<\/p>\n<p><img loading=\"lazy\" decoding=\"async\" class=\"alignnone size-medium wp-image-16034\" src=\"https:\/\/soeurs-de-la-presentation-de-marie.org\/pom\/wp-content\/uploads\/2020\/10\/ehpad-la-compassion-Rouen-750x510.jpg\" alt=\"\" width=\"750\" height=\"510\">[\/vc_column_text][\/vc_column_inner][vc_column_inner width=&#8221;1\/3&#8243;][vc_custom_heading text=&#8221;EHPAD du Castel Saint Jacques (Saint Jacques sur Darnetal)&#8221; font_container=&#8221;tag:h2|font_size:22|text_align:left|color:%230166bf&#8221; google_fonts=&#8221;font_family:Alike%20Angular%3Aregular|font_style:400%20regular%3A400%3Anormal&#8221;][vc_column_text]<img loading=\"lazy\" decoding=\"async\" class=\"size-full wp-image-16038 aligncenter\" src=\"https:\/\/soeurs-de-la-presentation-de-marie.org\/pom\/wp-content\/uploads\/2020\/10\/EHPAD-Castel-St-Jacques-St-Jacques-sur-Darnetal.jpg\" alt=\"\" width=\"474\" height=\"315\">[\/vc_column_text][\/vc_column_inner][vc_column_inner width=&#8221;1\/3&#8243;][vc_custom_heading text=&#8221;EHPAD Sacr\u00e9 C\u0153ur&#8221; font_container=&#8221;tag:h2|font_size:22|text_align:left|color:%230066bf&#8221; google_fonts=&#8221;font_family:Alike%20Angular%3Aregular|font_style:400%20regular%3A400%3Anormal&#8221;][vc_column_text]&nbsp;<\/p>\n<p><img loading=\"lazy\" decoding=\"async\" class=\"size-medium wp-image-16050 aligncenter\" src=\"https:\/\/soeurs-de-la-presentation-de-marie.org\/pom\/wp-content\/uploads\/2020\/10\/EHPAD-Sacre-Coeur-Rouen-750x510.jpg\" alt=\"\" width=\"750\" height=\"510\">[\/vc_column_text][\/vc_column_inner][\/vc_row_inner][vc_row_inner][vc_column_inner][vc_custom_heading text=&#8221;EHPAD de Saint Joseph (Brassac)&#8221; font_container=&#8221;tag:h2|font_size:22|text_align:left|color:%230066bf&#8221; google_fonts=&#8221;font_family:Alike%20Angular%3Aregular|font_style:400%20regular%3A400%3Anormal&#8221;][\/vc_column_inner][\/vc_row_inner][vc_row_inner][vc_column_inner width=&#8221;1\/3&#8243;][vc_column_text]<img loading=\"lazy\" decoding=\"async\" class=\"size-medium wp-image-16054 aligncenter\" src=\"https:\/\/soeurs-de-la-presentation-de-marie.org\/pom\/wp-content\/uploads\/2020\/10\/EHPAD-St-Joseph-Brassac-2-750x510.jpg\" alt=\"\" width=\"750\" height=\"510\">[\/vc_column_text][\/vc_column_inner][vc_column_inner width=&#8221;1\/3&#8243;][vc_column_text]<img loading=\"lazy\" decoding=\"async\" class=\"alignnone size-medium wp-image-16068\" src=\"https:\/\/soeurs-de-la-presentation-de-marie.org\/pom\/wp-content\/uploads\/2020\/10\/EHPAD-St-Joseph-Brassac-1-750x510.jpg\" alt=\"\" width=\"750\" height=\"510\">[\/vc_column_text][\/vc_column_inner][vc_column_inner width=&#8221;1\/3&#8243;][vc_column_text]<img loading=\"lazy\" decoding=\"async\" class=\"alignnone size-medium wp-image-16062\" src=\"https:\/\/soeurs-de-la-presentation-de-marie.org\/pom\/wp-content\/uploads\/2020\/10\/EHPAD-St-Joseph-Brassac-cour-750x510.jpg\" alt=\"\" width=\"750\" height=\"510\">[\/vc_column_text][\/vc_column_inner][\/vc_row_inner][vc_row_inner][vc_column_inner][vc_custom_heading text=&#8221;EHPAD Sainte Marie (Bourg Saint And\u00e9ol)&#8221; font_container=&#8221;tag:h2|font_size:22|text_align:left|color:%230166bf&#8221; google_fonts=&#8221;font_family:Alike%20Angular%3Aregular|font_style:400%20regular%3A400%3Anormal&#8221;][\/vc_column_inner][\/vc_row_inner][vc_row_inner][vc_column_inner width=&#8221;1\/3&#8243;][vc_column_text]<img loading=\"lazy\" decoding=\"async\" class=\"size-medium wp-image-16076 aligncenter\" src=\"https:\/\/soeurs-de-la-presentation-de-marie.org\/pom\/wp-content\/uploads\/2020\/10\/EHPAD-Ste-Marie-Bourg-St-Andeol-750x462.jpg\" alt=\"\" width=\"750\" height=\"462\">[\/vc_column_text][\/vc_column_inner][vc_column_inner width=&#8221;1\/3&#8243;][vc_column_text]<img loading=\"lazy\" decoding=\"async\" class=\"size-full wp-image-16080 aligncenter\" src=\"https:\/\/soeurs-de-la-presentation-de-marie.org\/pom\/wp-content\/uploads\/2020\/10\/futur-batiment-EHPAD-Ste-Marie.png\" alt=\"\" width=\"565\" height=\"389\">[\/vc_column_text][\/vc_column_inner][vc_column_inner width=&#8221;1\/3&#8243;][vc_column_text]<img loading=\"lazy\" decoding=\"async\" class=\"size-full wp-image-16149 aligncenter\" src=\"https:\/\/soeurs-de-la-presentation-de-marie.org\/pom\/wp-content\/uploads\/2020\/10\/20170418_185553.jpg\" alt=\"\" width=\"500\" height=\"333\">[\/vc_column_text][\/vc_column_inner][\/vc_row_inner][vc_row_inner][vc_column_inner][vc_custom_heading text=&#8221;Institut Marie Rivier pour enfants polyhandicap\u00e9s (Le Puy en Velay)&#8221; font_container=&#8221;tag:h2|font_size:22|text_align:left|color:%230066bf&#8221; google_fonts=&#8221;font_family:Alike%20Angular%3Aregular|font_style:400%20regular%3A400%3Anormal&#8221;][\/vc_column_inner][\/vc_row_inner][vc_row_inner][vc_column_inner width=&#8221;1\/3&#8243;][vc_column_text]<img loading=\"lazy\" decoding=\"async\" class=\"size-medium wp-image-16088 aligncenter\" src=\"https:\/\/soeurs-de-la-presentation-de-marie.org\/pom\/wp-content\/uploads\/2020\/10\/travaux-institut-marie-rivier_4226710-1-750x510.jpeg\" alt=\"\" width=\"750\" height=\"510\">[\/vc_column_text][\/vc_column_inner][vc_column_inner width=&#8221;1\/3&#8243;][vc_column_text]<img loading=\"lazy\" decoding=\"async\" class=\"size-full wp-image-16144 aligncenter\" src=\"https:\/\/soeurs-de-la-presentation-de-marie.org\/pom\/wp-content\/uploads\/2020\/10\/institut-Marie-Rivier-Le-Puy-en-Velay.jpg\" alt=\"\" width=\"500\" height=\"355\">.[\/vc_column_text][\/vc_column_inner][vc_column_inner width=&#8221;1\/3&#8243;][vc_column_text]<img loading=\"lazy\" decoding=\"async\" class=\"size-full wp-image-16153 aligncenter\" src=\"https:\/\/soeurs-de-la-presentation-de-marie.org\/pom\/wp-content\/uploads\/2020\/10\/Institut-Marie-Rivier-Le-Puy-en-Velay-2.jpg\" alt=\"\" width=\"300\" height=\"225\">[\/vc_column_text][\/vc_column_inner][\/vc_row_inner][vc_row_inner][vc_column_inner][vc_custom_heading text=&#8221;R\u00e9sidence Nancy Bez&#8221; font_container=&#8221;tag:h2|font_size:22|text_align:left|color:%230066bf&#8221; google_fonts=&#8221;font_family:Alike%20Angular%3Aregular|font_style:400%20regular%3A400%3Anormal&#8221;][\/vc_column_inner][\/vc_row_inner][vc_row_inner][vc_column_inner width=&#8221;1\/3&#8243;][vc_column_text]<img loading=\"lazy\" decoding=\"async\" class=\"size-full wp-image-16120 aligncenter\" src=\"https:\/\/soeurs-de-la-presentation-de-marie.org\/pom\/wp-content\/uploads\/2020\/10\/Residence-Nacy-Bez-Biot.jpg\" alt=\"\" width=\"500\" height=\"281\">[\/vc_column_text][\/vc_column_inner][vc_column_inner width=&#8221;1\/3&#8243;][vc_column_text]<img loading=\"lazy\" decoding=\"async\" class=\"size-medium wp-image-16124 aligncenter\" src=\"https:\/\/soeurs-de-la-presentation-de-marie.org\/pom\/wp-content\/uploads\/2020\/10\/Residence-Nacy-Bez-Biot-2-750x510.jpg\" alt=\"\" width=\"750\" height=\"510\">[\/vc_column_text][\/vc_column_inner][vc_column_inner width=&#8221;1\/3&#8243;][vc_column_text]<img loading=\"lazy\" decoding=\"async\" class=\"size-full wp-image-16131 aligncenter\" src=\"https:\/\/soeurs-de-la-presentation-de-marie.org\/pom\/wp-content\/uploads\/2020\/10\/Residence-Nacy-Bez-Biot-interieur.jpg\" alt=\"\" width=\"500\" height=\"281\">[\/vc_column_text][\/vc_column_inner][\/vc_row_inner][vc_custom_heading text=&#8221;R\u00e8sidence du Bois&#8221; font_container=&#8221;tag:h2|font_size:22|text_align:left|color:%230066bf&#8221; google_fonts=&#8221;font_family:Alike%20Angular%3Aregular|font_style:400%20regular%3A400%3Anormal&#8221;][vc_row_inner][vc_column_inner width=&#8221;1\/3&#8243;][vc_column_text]<img loading=\"lazy\" decoding=\"async\" class=\"size-full wp-image-16046 aligncenter\" src=\"https:\/\/soeurs-de-la-presentation-de-marie.org\/pom\/wp-content\/uploads\/2020\/10\/Residence-du-Bois-St-Jacques.jpg\" alt=\"\" width=\"474\" height=\"309\">[\/vc_column_text][\/vc_column_inner][vc_column_inner width=&#8221;1\/3&#8243;][vc_column_text]<img loading=\"lazy\" decoding=\"async\" class=\"size-full wp-image-16139 aligncenter\" src=\"https:\/\/soeurs-de-la-presentation-de-marie.org\/pom\/wp-content\/uploads\/2020\/10\/Bois-St-Jacques-1.jpg\" alt=\"\" width=\"500\" height=\"375\">[\/vc_column_text][\/vc_column_inner][vc_column_inner width=&#8221;1\/3&#8243;][vc_column_text]<img loading=\"lazy\" decoding=\"async\" class=\"size-full wp-image-16135 aligncenter\" src=\"https:\/\/soeurs-de-la-presentation-de-marie.org\/pom\/wp-content\/uploads\/2020\/10\/Bois-St-Jacques-5.jpg\" alt=\"\" width=\"500\" height=\"375\">[\/vc_column_text][\/vc_column_inner][\/vc_row_inner][\/vc_column][\/vc_row][vc_row row_space=&#8221;remove_padding_bottom&#8221;][vc_column][vc_custom_heading text=&#8221;PHILIPPINES&#8221; font_container=&#8221;tag:h2|font_size:30|text_align:left|color:%23136ebf&#8221; google_fonts=&#8221;font_family:Alike%20Angular%3Aregular|font_style:400%20regular%3A400%3Anormal&#8221;][vc_custom_heading text=&#8221;Marie Rivier Home for Children&#8221; font_container=&#8221;tag:h2|font_size:22|text_align:left|color:%232677bf&#8221; google_fonts=&#8221;font_family:Alike%20Angular%3Aregular|font_style:400%20regular%3A400%3Anormal&#8221;][\/vc_column][\/vc_row][vc_row][vc_column][vc_row_inner][vc_column_inner width=&#8221;1\/3&#8243;][vc_column_text]<img loading=\"lazy\" decoding=\"async\" class=\"size-medium wp-image-16093 aligncenter\" src=\"https:\/\/soeurs-de-la-presentation-de-marie.org\/pom\/wp-content\/uploads\/2020\/10\/b72e4b97-ff21-4631-94da-e20d3b73a8bf-1-750x510.jpg\" alt=\"\" width=\"750\" height=\"510\">[\/vc_column_text][\/vc_column_inner][vc_column_inner width=&#8221;1\/3&#8243;][vc_column_text]<img loading=\"lazy\" decoding=\"async\" class=\"size-full wp-image-16101 aligncenter\" src=\"https:\/\/soeurs-de-la-presentation-de-marie.org\/pom\/wp-content\/uploads\/2020\/10\/Hometraining_backyard-cleaning.jpg\" alt=\"\" width=\"500\" height=\"375\">[\/vc_column_text][\/vc_column_inner][vc_column_inner width=&#8221;1\/3&#8243;][vc_column_text]<img loading=\"lazy\" decoding=\"async\" class=\"size-medium wp-image-16246 aligncenter\" src=\"https:\/\/soeurs-de-la-presentation-de-marie.org\/pom\/wp-content\/uploads\/2020\/10\/MRHC-2-750x510.jpeg\" alt=\"\" width=\"750\" height=\"510\">[\/vc_column_text][\/vc_column_inner][\/vc_row_inner][vc_custom_heading text=&#8221;PORTUGAL&#8221; font_container=&#8221;tag:h2|font_size:30|text_align:left|color:%230066bf&#8221; google_fonts=&#8221;font_family:Alike%20Angular%3Aregular|font_style:400%20regular%3A400%3Anormal&#8221;][vc_custom_heading text=&#8221;Notre-Dame de la Sant\u00e9&#8221; font_container=&#8221;tag:h2|font_size:22|text_align:left|color:%230367bf&#8221; google_fonts=&#8221;font_family:Alike%20Angular%3Aregular|font_style:400%20regular%3A400%3Anormal&#8221;][vc_row_inner][vc_column_inner width=&#8221;1\/3&#8243;][vc_column_text]<img loading=\"lazy\" decoding=\"async\" class=\"size-full wp-image-16250 aligncenter\" src=\"https:\/\/soeurs-de-la-presentation-de-marie.org\/pom\/wp-content\/uploads\/2020\/10\/Setubal-portugal-4.jpg\" alt=\"\" width=\"640\" height=\"480\">[\/vc_column_text][\/vc_column_inner][vc_column_inner width=&#8221;1\/3&#8243;][vc_column_text]<img loading=\"lazy\" decoding=\"async\" class=\"size-full wp-image-16254 aligncenter\" src=\"https:\/\/soeurs-de-la-presentation-de-marie.org\/pom\/wp-content\/uploads\/2020\/10\/Setubal-portugal-2.jpg\" alt=\"\" width=\"650\" height=\"412\">[\/vc_column_text][\/vc_column_inner][vc_column_inner width=&#8221;1\/3&#8243;][vc_column_text]<img loading=\"lazy\" decoding=\"async\" class=\"size-full wp-image-16258 aligncenter\" src=\"https:\/\/soeurs-de-la-presentation-de-marie.org\/pom\/wp-content\/uploads\/2020\/10\/Setubal-portugal-3.jpg\" alt=\"\" width=\"650\" height=\"410\">[\/vc_column_text][\/vc_column_inner][\/vc_row_inner][\/vc_column][\/vc_row][vc_row row_space=&#8221;remove_padding_bottom&#8221;][vc_column][vc_custom_heading text=&#8221;CANADA (Prince Albert)&#8221; font_container=&#8221;tag:h2|font_size:28|text_align:left|color:%230066bf&#8221; google_fonts=&#8221;font_family:Alike%20Angular%3Aregular|font_style:400%20regular%3A400%3Anormal&#8221;][vc_custom_heading text=&#8221;Minist\u00e8re avec les autochtones dans le dioc\u00e8se de Regina&#8221; font_container=&#8221;tag:h2|font_size:22|text_align:left|color:%230066bf&#8221; google_fonts=&#8221;font_family:Alike%20Angular%3Aregular|font_style:400%20regular%3A400%3Anormal&#8221;][vc_row_inner][vc_column_inner width=&#8221;1\/3&#8243;][vc_column_text]<img loading=\"lazy\" decoding=\"async\" class=\"size-medium wp-image-16107 aligncenter\" src=\"https:\/\/soeurs-de-la-presentation-de-marie.org\/pom\/wp-content\/uploads\/2020\/10\/4-ANARC-750x510.jpg\" alt=\"\" width=\"750\" height=\"510\">.[\/vc_column_text][\/vc_column_inner][vc_column_inner width=&#8221;1\/3&#8243;][vc_column_text]<img loading=\"lazy\" decoding=\"async\" class=\"size-medium wp-image-16111 aligncenter\" src=\"https:\/\/soeurs-de-la-presentation-de-marie.org\/pom\/wp-content\/uploads\/2020\/10\/3-ANARC..-750x510.jpg\" alt=\"\" width=\"750\" height=\"510\">[\/vc_column_text][\/vc_column_inner][vc_column_inner width=&#8221;1\/3&#8243;][vc_column_text]<img loading=\"lazy\" decoding=\"async\" class=\"size-medium wp-image-16115 aligncenter\" src=\"https:\/\/soeurs-de-la-presentation-de-marie.org\/pom\/wp-content\/uploads\/2020\/10\/9-Church-drum-750x510.jpg\" alt=\"\" width=\"750\" height=\"510\">[\/vc_column_text][\/vc_column_inner][\/vc_row_inner][\/vc_column][\/vc_row][vc_row row_space=&#8221;remove_padding_top&#8221;][vc_column][vc_custom_heading text=&#8221;S\u00c9N\u00c9GAL&#8221; font_container=&#8221;tag:h2|font_size:28|text_align:left|color:%230066bf&#8221; google_fonts=&#8221;font_family:Alike%20Angular%3Aregular|font_style:400%20regular%3A400%3Anormal&#8221;][vc_custom_heading text=&#8221;Centre de soins&#8221; font_container=&#8221;tag:h2|font_size:22|text_align:left|color:%230f6dbf&#8221; google_fonts=&#8221;font_family:Alike%20Angular%3Aregular|font_style:400%20regular%3A400%3Anormal&#8221;][\/vc_column][\/vc_row][vc_row row_space=&#8221;remove_padding_top&#8221;][vc_column width=&#8221;1\/3&#8243;][vc_column_text]<img loading=\"lazy\" decoding=\"async\" class=\"alignnone size-medium wp-image-16413\" src=\"https:\/\/soeurs-de-la-presentation-de-marie.org\/pom\/wp-content\/uploads\/2020\/10\/d7eb56cf-916a-4267-a05b-15f7db8268cf-1-750x510.jpg\" alt=\"\" width=\"750\" height=\"510\">[\/vc_column_text][\/vc_column][vc_column width=&#8221;1\/3&#8243;][vc_column_text]<img loading=\"lazy\" decoding=\"async\" class=\"alignnone size-medium wp-image-16417\" src=\"https:\/\/soeurs-de-la-presentation-de-marie.org\/pom\/wp-content\/uploads\/2020\/10\/108a87ac-3c6d-41d4-a133-d9fbf2eb46ba-750x510.jpg\" alt=\"\" width=\"750\" height=\"510\">[\/vc_column_text][\/vc_column][vc_column width=&#8221;1\/3&#8243;][vc_column_text]<img loading=\"lazy\" decoding=\"async\" class=\"alignnone size-medium wp-image-16421\" src=\"https:\/\/soeurs-de-la-presentation-de-marie.org\/pom\/wp-content\/uploads\/2020\/10\/12bdccc0-c5e0-47d4-a364-5c62c080c462-750x450.jpg\" alt=\"\" width=\"750\" height=\"450\">[\/vc_column_text][\/vc_column][\/vc_row][vc_row][vc_column][\/vc_column][\/vc_row]<\/p>\n<\/div>","protected":false},"excerpt":{"rendered":"<p>[vc_row][vc_column][vc_custom_heading text=&#8221;&#8220; Je suis rempli de compassion pour toutes les souffrances. &#8220;&#8221; font_container=&#8221;tag:h2|font_size:50|text_align:center|color:%230064bc&#8221; google_fonts=&#8221;font_family:Italianno%3Aregular|font_style:400%20regular%3A400%3Anormal&#8221;][vc_custom_heading text=&#8221;- Bienheureuse Marie Rivier -&#8221; font_container=&#8221;tag:h2|font_size:50|text_align:center|color:%230c58cc&#8221; google_fonts=&#8221;font_family:Italianno%3Aregular|font_style:400%20regular%3A400%3Anormal&#8221;][\/vc_column][\/vc_row][vc_row row_space=&#8221;remove_padding_top&#8221;][vc_column][vc_custom_heading text=&#8221;AMOUR DES PAUVRES&#8221; font_container=&#8221;tag:h2|font_size:34|text_align:left|color:%230066bf&#8221; google_fonts=&#8221;font_family:Signika%3A300%2Cregular%2C600%2C700|font_style:400%20regular%3A400%3Anormal&#8221;][vc_custom_heading text=&#8221;Dieu que nous a marqu\u00e9s d\u00e8s l\u2019origine du signe que son divin Fils a invoqu\u00e9 comme preuve de sa divinit\u00e9: nous avons \u00e9vang\u00e9lis\u00e9 les pauvres. L\u2019amour et le [&hellip;]<\/p>\n","protected":false},"author":2,"featured_media":0,"parent":4066,"menu_order":3,"comment_status":"closed","ping_status":"closed","template":"","meta":{"ngg_post_thumbnail":0,"footnotes":""},"lang":"fr","translations":{"fr":4717,"en":6247,"es":6249,"pt":6251},"pll_sync_post":[],"_links":{"self":[{"href":"https:\/\/soeurs-de-la-presentation-de-marie.org\/pom\/wp-json\/wp\/v2\/pages\/4717"}],"collection":[{"href":"https:\/\/soeurs-de-la-presentation-de-marie.org\/pom\/wp-json\/wp\/v2\/pages"}],"about":[{"href":"https:\/\/soeurs-de-la-presentation-de-marie.org\/pom\/wp-json\/wp\/v2\/types\/page"}],"author":[{"embeddable":true,"href":"https:\/\/soeurs-de-la-presentation-de-marie.org\/pom\/wp-json\/wp\/v2\/users\/2"}],"replies":[{"embeddable":true,"href":"https:\/\/soeurs-de-la-presentation-de-marie.org\/pom\/wp-json\/wp\/v2\/comments?post=4717"}],"version-history":[{"count":22,"href":"https:\/\/soeurs-de-la-presentation-de-marie.org\/pom\/wp-json\/wp\/v2\/pages\/4717\/revisions"}],"predecessor-version":[{"id":16160,"href":"https:\/\/soeurs-de-la-presentation-de-marie.org\/pom\/wp-json\/wp\/v2\/pages\/4717\/revisions\/16160"}],"up":[{"embeddable":true,"href":"https:\/\/soeurs-de-la-presentation-de-marie.org\/pom\/wp-json\/wp\/v2\/pages\/4066"}],"wp:attachment":[{"href":"https:\/\/soeurs-de-la-presentation-de-marie.org\/pom\/wp-json\/wp\/v2\/media?parent=4717"}],"curies":[{"name":"wp","href":"https:\/\/api.w.org\/{rel}","templated":true}]}}