{"id":5950,"date":"2019-03-04T17:03:01","date_gmt":"2019-03-04T16:03:01","guid":{"rendered":"http:\/\/soeurs-de-la-presentation-de-marie.org\/pom\/?page_id=5950"},"modified":"2024-11-15T12:28:44","modified_gmt":"2024-11-15T11:28:44","slug":"eventos","status":"publish","type":"page","link":"https:\/\/soeurs-de-la-presentation-de-marie.org\/pom\/eventos\/","title":{"rendered":"Eventos"},"content":{"rendered":"<div class=\"wpb-content-wrapper\"><p>[vc_row css=&#8221;.vc_custom_1546095627459{margin: 0px !important;border-width: 0px !important;}&#8221;][vc_column][vc_row_inner][vc_column_inner width=&#8221;1\/2&#8243;][vc_single_image image=&#8221;35103&#8243; img_size=&#8221;large&#8221; css=&#8221;&#8221;][\/vc_column_inner][vc_column_inner width=&#8221;1\/2&#8243;][vc_custom_heading text=&#8221;APRESENTA\u00c7\u00c3O DE MARIA<br \/>\nCONGRESSO DE EDUCA\u00c7\u00c3O 2025&#8243; font_container=&#8221;tag:h2|text_align:center|color:%231E73BE|line_height:3&#8243; google_fonts=&#8221;font_family:Amethysta%3Aregular|font_style:400%20regular%3A400%3Anormal&#8221; css=&#8221;&#8221;][vc_custom_heading text=&#8221;https:\/\/centenarioam.externatoam.com\/&#8221; font_container=&#8221;tag:h2|text_align:center|color:%231E73BE|line_height:3&#8243; google_fonts=&#8221;font_family:Aladin%3Aregular|font_style:400%20regular%3A400%3Anormal&#8221; css=&#8221;&#8221; link=&#8221;url:https%3A%2F%2Fcentenarioam.externatoam.com%2F|title:https%3A%2F%2Fcentenarioam.externatoam.com%2F&#8221;][\/vc_column_inner][\/vc_row_inner][\/vc_column][\/vc_row][vc_row row_space=&#8221;remove_padding_top&#8221; isfullwidth=&#8221;&#8221; css=&#8221;.vc_custom_1668682773303{padding-top: 20px !important;}&#8221;][vc_column][vc_custom_heading text=&#8221;CAP\u00cdTULOS PROVINCIAIS, REGIONAIS e Mini &#8211; CAP\u00cdTULOS das MISS\u00d5ES&#8221; font_container=&#8221;tag:h2|font_size:30|text_align:center|color:%230066bf|line_height:2&#8243; google_fonts=&#8221;font_family:Andada%3Aregular|font_style:400%20regular%3A400%3Anormal&#8221;][vc_custom_heading text=&#8221;CAP\u00cdTULO GERAL<br \/>\n12 de Agosto &#8211; 12 de Setembro&#8221; font_container=&#8221;tag:h2|font_size:30|text_align:center|color:%230066bf|line_height:1&#8243; google_fonts=&#8221;font_family:Andada%3Aregular|font_style:400%20regular%3A400%3Anormal&#8221;][\/vc_column][\/vc_row][vc_row row_space=&#8221;remove_padding_top&#8221; isfullwidth=&#8221;&#8221; css=&#8221;.vc_custom_1668683242846{padding-top: 20px !important;}&#8221;][vc_column width=&#8221;1\/4&#8243;][vc_column_text]<img loading=\"lazy\" decoding=\"async\" class=\"alignright wp-image-27830\" src=\"https:\/\/soeurs-de-la-presentation-de-marie.org\/pom\/wp-content\/uploads\/2022\/08\/logo_printing_avecbateaux2-2-180x180.png\" alt=\"\" width=\"120\" height=\"85\">[\/vc_column_text][\/vc_column][vc_column width=&#8221;3\/4&#8243;][vc_empty_space height=&#8221;42px&#8221;][vc_custom_heading text=&#8221;PROVINCIA DE ESTADOS UNIDOS&#8221; font_container=&#8221;tag:h2|font_size:22|text_align:left|color:%230066bf&#8221; google_fonts=&#8221;font_family:Andada%3Aregular|font_style:400%20regular%3A400%3Anormal&#8221;][vc_custom_heading text=&#8221;de 30 de julho a 6 de agosto de 2022&#8243; font_container=&#8221;tag:h2|font_size:22|text_align:left|color:%230066bf&#8221; google_fonts=&#8221;font_family:Andada%3Aregular|font_style:400%20regular%3A400%3Anormal&#8221;][\/vc_column][\/vc_row][vc_row row_space=&#8221;remove_padding_top&#8221; isfullwidth=&#8221;&#8221; css=&#8221;.vc_custom_1668683242846{padding-top: 20px !important;}&#8221;][vc_column width=&#8221;1\/4&#8243;][vc_column_text]<img loading=\"lazy\" decoding=\"async\" class=\"alignright wp-image-27830\" src=\"https:\/\/soeurs-de-la-presentation-de-marie.org\/pom\/wp-content\/uploads\/2022\/08\/logo_printing_avecbateaux2-2-180x180.png\" alt=\"\" width=\"120\" height=\"85\">[\/vc_column_text][\/vc_column][vc_column width=&#8221;3\/4&#8243;][vc_empty_space height=&#8221;42px&#8221;][vc_custom_heading text=&#8221;MISS\u00c3O DO BRASIL &#8211; Mini Capitulo&#8221; font_container=&#8221;tag:h2|font_size:22|text_align:left|color:%230066bf&#8221; google_fonts=&#8221;font_family:Andada%3Aregular|font_style:400%20regular%3A400%3Anormal&#8221;][vc_custom_heading text=&#8221;de 25 a 27 de novembro de 2022&#8243; font_container=&#8221;tag:h2|font_size:22|text_align:left|color:%230066bf&#8221; google_fonts=&#8221;font_family:Andada%3Aregular|font_style:400%20regular%3A400%3Anormal&#8221;][\/vc_column][\/vc_row][vc_row row_space=&#8221;remove_padding_top&#8221; isfullwidth=&#8221;&#8221; css=&#8221;.vc_custom_1668683242846{padding-top: 20px !important;}&#8221;][vc_column width=&#8221;1\/4&#8243;][vc_column_text]<img loading=\"lazy\" decoding=\"async\" class=\"alignright wp-image-27830\" src=\"https:\/\/soeurs-de-la-presentation-de-marie.org\/pom\/wp-content\/uploads\/2022\/08\/logo_printing_avecbateaux2-2-180x180.png\" alt=\"\" width=\"120\" height=\"85\">[\/vc_column_text][\/vc_column][vc_column width=&#8221;3\/4&#8243;][vc_empty_space height=&#8221;42px&#8221;][vc_custom_heading text=&#8221;PROVINCIA DE FILIPINAS&#8221; font_container=&#8221;tag:h2|font_size:22|text_align:left|color:%230066bf&#8221; google_fonts=&#8221;font_family:Andada%3Aregular|font_style:400%20regular%3A400%3Anormal&#8221;][vc_custom_heading text=&#8221;de 26 a 30 de dezembro de 2022&#8243; font_container=&#8221;tag:h2|font_size:22|text_align:left|color:%230066bf&#8221; google_fonts=&#8221;font_family:Andada%3Aregular|font_style:400%20regular%3A400%3Anormal&#8221;][\/vc_column][\/vc_row][vc_row row_space=&#8221;remove_padding_top&#8221; isfullwidth=&#8221;&#8221; css=&#8221;.vc_custom_1668683242846{padding-top: 20px !important;}&#8221;][vc_column width=&#8221;1\/4&#8243;][vc_column_text]<img loading=\"lazy\" decoding=\"async\" class=\"alignright wp-image-27830\" src=\"https:\/\/soeurs-de-la-presentation-de-marie.org\/pom\/wp-content\/uploads\/2022\/08\/logo_printing_avecbateaux2-2-180x180.png\" alt=\"\" width=\"120\" height=\"85\">[\/vc_column_text][\/vc_column][vc_column width=&#8221;3\/4&#8243;][vc_empty_space height=&#8221;42px&#8221;][vc_custom_heading text=&#8221;PROVINCIA PORTUGUESA&#8221; font_container=&#8221;tag:h2|font_size:22|text_align:left|color:%230066bf&#8221; google_fonts=&#8221;font_family:Andada%3Aregular|font_style:400%20regular%3A400%3Anormal&#8221;][vc_custom_heading text=&#8221;de 26 a 30 de dezembro de 2022&#8243; font_container=&#8221;tag:h2|font_size:22|text_align:left|color:%230066bf&#8221; google_fonts=&#8221;font_family:Andada%3Aregular|font_style:400%20regular%3A400%3Anormal&#8221;][\/vc_column][\/vc_row][vc_row row_space=&#8221;remove_padding_top&#8221; isfullwidth=&#8221;&#8221; css=&#8221;.vc_custom_1668683242846{padding-top: 20px !important;}&#8221;][vc_column width=&#8221;1\/4&#8243;][vc_column_text]<img loading=\"lazy\" decoding=\"async\" class=\"alignright wp-image-27830\" src=\"https:\/\/soeurs-de-la-presentation-de-marie.org\/pom\/wp-content\/uploads\/2022\/08\/logo_printing_avecbateaux2-2-180x180.png\" alt=\"\" width=\"120\" height=\"85\">[\/vc_column_text][\/vc_column][vc_column width=&#8221;3\/4&#8243;][vc_empty_space height=&#8221;42px&#8221;][vc_custom_heading text=&#8221;REGI\u00c3O DO GAMBIA&#8221; font_container=&#8221;tag:h2|font_size:22|text_align:left|color:%230066bf&#8221; google_fonts=&#8221;font_family:Andada%3Aregular|font_style:400%20regular%3A400%3Anormal&#8221;][vc_custom_heading text=&#8221;de 26 a 30 de dezembro de 2022&#8243; font_container=&#8221;tag:h2|font_size:22|text_align:left|color:%230066bf&#8221; google_fonts=&#8221;font_family:Andada%3Aregular|font_style:400%20regular%3A400%3Anormal&#8221;][\/vc_column][\/vc_row][vc_row row_space=&#8221;remove_padding_top&#8221; isfullwidth=&#8221;&#8221; css=&#8221;.vc_custom_1668683242846{padding-top: 20px !important;}&#8221;][vc_column width=&#8221;1\/4&#8243;][vc_column_text]<img loading=\"lazy\" decoding=\"async\" class=\"alignright wp-image-27830\" src=\"https:\/\/soeurs-de-la-presentation-de-marie.org\/pom\/wp-content\/uploads\/2022\/08\/logo_printing_avecbateaux2-2-180x180.png\" alt=\"\" width=\"120\" height=\"85\">[\/vc_column_text][\/vc_column][vc_column width=&#8221;3\/4&#8243;][vc_empty_space height=&#8221;42px&#8221;][vc_custom_heading text=&#8221;PROVINCIA DO PRINCE ALBERT&#8221; font_container=&#8221;tag:h2|font_size:22|text_align:left|color:%230066bf&#8221; google_fonts=&#8221;font_family:Andada%3Aregular|font_style:400%20regular%3A400%3Anormal&#8221;][vc_custom_heading text=&#8221;de 8 a 12 de janeiro de 2023&#8243; font_container=&#8221;tag:h2|font_size:22|text_align:left|color:%230066bf&#8221; google_fonts=&#8221;font_family:Andada%3Aregular|font_style:400%20regular%3A400%3Anormal&#8221;][\/vc_column][\/vc_row][vc_row row_space=&#8221;remove_padding_top&#8221; isfullwidth=&#8221;&#8221; css=&#8221;.vc_custom_1668683242846{padding-top: 20px !important;}&#8221;][vc_column width=&#8221;1\/4&#8243;][vc_column_text]<img loading=\"lazy\" decoding=\"async\" class=\"alignright wp-image-27830\" src=\"https:\/\/soeurs-de-la-presentation-de-marie.org\/pom\/wp-content\/uploads\/2022\/08\/logo_printing_avecbateaux2-2-180x180.png\" alt=\"\" width=\"120\" height=\"85\">[\/vc_column_text][\/vc_column][vc_column width=&#8221;3\/4&#8243;][vc_empty_space height=&#8221;42px&#8221;][vc_custom_heading text=&#8221;PROVINCIA DO QU\u00c9BEC&#8221; font_container=&#8221;tag:h2|font_size:22|text_align:left|color:%230066bf&#8221; google_fonts=&#8221;font_family:Andada%3Aregular|font_style:400%20regular%3A400%3Anormal&#8221;][vc_custom_heading text=&#8221;de 8 a 13 de janeiro de 2023&#8243; font_container=&#8221;tag:h2|font_size:22|text_align:left|color:%230066bf&#8221; google_fonts=&#8221;font_family:Andada%3Aregular|font_style:400%20regular%3A400%3Anormal&#8221;][\/vc_column][\/vc_row][vc_row row_space=&#8221;remove_padding_top&#8221; isfullwidth=&#8221;&#8221; css=&#8221;.vc_custom_1668683242846{padding-top: 20px !important;}&#8221;][vc_column width=&#8221;1\/4&#8243;][vc_column_text]<img loading=\"lazy\" decoding=\"async\" class=\"alignright wp-image-27830\" src=\"https:\/\/soeurs-de-la-presentation-de-marie.org\/pom\/wp-content\/uploads\/2022\/08\/logo_printing_avecbateaux2-2-180x180.png\" alt=\"\" width=\"120\" height=\"85\">[\/vc_column_text][\/vc_column][vc_column width=&#8221;3\/4&#8243;][vc_empty_space height=&#8221;42px&#8221;][vc_custom_heading text=&#8221;PROVINCIA DO MOZAMBIQUE&#8221; font_container=&#8221;tag:h2|font_size:22|text_align:left|color:%230066bf&#8221; google_fonts=&#8221;font_family:Andada%3Aregular|font_style:400%20regular%3A400%3Anormal&#8221;][vc_custom_heading text=&#8221;de 22 a 27 de janeiro de 2023&#8243; font_container=&#8221;tag:h2|font_size:22|text_align:left|color:%230066bf&#8221; google_fonts=&#8221;font_family:Andada%3Aregular|font_style:400%20regular%3A400%3Anormal&#8221;][\/vc_column][\/vc_row][vc_row row_space=&#8221;remove_padding_top&#8221; isfullwidth=&#8221;&#8221; css=&#8221;.vc_custom_1668683242846{padding-top: 20px !important;}&#8221;][vc_column width=&#8221;1\/4&#8243;][vc_column_text]<img loading=\"lazy\" decoding=\"async\" class=\"alignright wp-image-27830\" src=\"https:\/\/soeurs-de-la-presentation-de-marie.org\/pom\/wp-content\/uploads\/2022\/08\/logo_printing_avecbateaux2-2-180x180.png\" alt=\"\" width=\"120\" height=\"85\">[\/vc_column_text][\/vc_column][vc_column width=&#8221;3\/4&#8243;][vc_empty_space height=&#8221;42px&#8221;][vc_custom_heading text=&#8221;REGI\u00c3O DO PERU&#8221; font_container=&#8221;tag:h2|font_size:22|text_align:left|color:%230066bf&#8221; google_fonts=&#8221;font_family:Andada%3Aregular|font_style:400%20regular%3A400%3Anormal&#8221;][vc_custom_heading text=&#8221;de 23 a 28 de janeiro de 2023&#8243; font_container=&#8221;tag:h2|font_size:22|text_align:left|color:%230066bf&#8221; google_fonts=&#8221;font_family:Andada%3Aregular|font_style:400%20regular%3A400%3Anormal&#8221;][\/vc_column][\/vc_row][vc_row row_space=&#8221;remove_padding_top&#8221; isfullwidth=&#8221;&#8221; css=&#8221;.vc_custom_1668683242846{padding-top: 20px !important;}&#8221;][vc_column width=&#8221;1\/4&#8243;][vc_column_text]<img loading=\"lazy\" decoding=\"async\" class=\"alignright wp-image-27830\" src=\"https:\/\/soeurs-de-la-presentation-de-marie.org\/pom\/wp-content\/uploads\/2022\/08\/logo_printing_avecbateaux2-2-180x180.png\" alt=\"\" width=\"120\" height=\"85\">[\/vc_column_text][\/vc_column][vc_column width=&#8221;3\/4&#8243;][vc_empty_space height=&#8221;42px&#8221;][vc_custom_heading text=&#8221;PROVINCIA DO SENEGAL&#8221; font_container=&#8221;tag:h2|font_size:22|text_align:left|color:%230066bf&#8221; google_fonts=&#8221;font_family:Andada%3Aregular|font_style:400%20regular%3A400%3Anormal&#8221;][vc_custom_heading text=&#8221;de 27 a 31 de janeiro de 2023&#8243; font_container=&#8221;tag:h2|font_size:22|text_align:left|color:%230066bf&#8221; google_fonts=&#8221;font_family:Andada%3Aregular|font_style:400%20regular%3A400%3Anormal&#8221;][\/vc_column][\/vc_row][vc_row row_space=&#8221;remove_padding_top&#8221; isfullwidth=&#8221;&#8221; css=&#8221;.vc_custom_1668683242846{padding-top: 20px !important;}&#8221;][vc_column width=&#8221;1\/4&#8243;][vc_column_text]<img loading=\"lazy\" decoding=\"async\" class=\"alignright wp-image-27830\" src=\"https:\/\/soeurs-de-la-presentation-de-marie.org\/pom\/wp-content\/uploads\/2022\/08\/logo_printing_avecbateaux2-2-180x180.png\" alt=\"\" width=\"120\" height=\"85\">[\/vc_column_text][\/vc_column][vc_column width=&#8221;3\/4&#8243;][vc_empty_space height=&#8221;42px&#8221;][vc_custom_heading text=&#8221;MISS\u00c3O DO JAP\u00c3O &#8211; Mini Capitulo&#8221; font_container=&#8221;tag:h2|font_size:22|text_align:left|color:%230066bf&#8221; google_fonts=&#8221;font_family:Andada%3Aregular|font_style:400%20regular%3A400%3Anormal&#8221;][vc_custom_heading text=&#8221;de 10 a 12 de fevereiro de 2023&#8243; font_container=&#8221;tag:h2|font_size:22|text_align:left|color:%230066bf&#8221; google_fonts=&#8221;font_family:Andada%3Aregular|font_style:400%20regular%3A400%3Anormal&#8221;][\/vc_column][\/vc_row][vc_row row_space=&#8221;remove_padding_top&#8221; isfullwidth=&#8221;&#8221; css=&#8221;.vc_custom_1668683242846{padding-top: 20px !important;}&#8221;][vc_column width=&#8221;1\/4&#8243;][vc_column_text]<img loading=\"lazy\" decoding=\"async\" class=\"alignright wp-image-27830\" src=\"https:\/\/soeurs-de-la-presentation-de-marie.org\/pom\/wp-content\/uploads\/2022\/08\/logo_printing_avecbateaux2-2-180x180.png\" alt=\"\" width=\"120\" height=\"85\">[\/vc_column_text][\/vc_column][vc_column width=&#8221;3\/4&#8243;][vc_empty_space height=&#8221;42px&#8221;][vc_custom_heading text=&#8221;PROVINCIA DO FRAN\u00c7A&#8221; font_container=&#8221;tag:h2|font_size:22|text_align:left|color:%230066bf&#8221; google_fonts=&#8221;font_family:Andada%3Aregular|font_style:400%20regular%3A400%3Anormal&#8221;][vc_custom_heading text=&#8221;de 19 a 24 de fevereiro de 2023&#8243; font_container=&#8221;tag:h2|font_size:22|text_align:left|color:%230066bf&#8221; google_fonts=&#8221;font_family:Andada%3Aregular|font_style:400%20regular%3A400%3Anormal&#8221;][\/vc_column][\/vc_row][vc_row row_space=&#8221;remove_padding_top&#8221; isfullwidth=&#8221;&#8221; css=&#8221;.vc_custom_1668683242846{padding-top: 20px !important;}&#8221;][vc_column width=&#8221;1\/4&#8243;][vc_column_text]<img loading=\"lazy\" decoding=\"async\" class=\"alignright wp-image-27830\" src=\"https:\/\/soeurs-de-la-presentation-de-marie.org\/pom\/wp-content\/uploads\/2022\/08\/logo_printing_avecbateaux2-2-180x180.png\" alt=\"\" width=\"120\" height=\"85\">[\/vc_column_text][\/vc_column][vc_column width=&#8221;3\/4&#8243;][vc_empty_space height=&#8221;42px&#8221;][vc_custom_heading text=&#8221;MISS\u00c3O DO CAMAR\u00d5ES &#8211; Mini Cap\u00edtulo&#8221; font_container=&#8221;tag:h2|font_size:22|text_align:left|color:%230066bf&#8221; google_fonts=&#8221;font_family:Andada%3Aregular|font_style:400%20regular%3A400%3Anormal&#8221;][vc_custom_heading text=&#8221;de 27 de fevereiro a 3 de mar\u00e7o de 2023&#8243; font_container=&#8221;tag:h2|font_size:22|text_align:left|color:%230066bf&#8221; google_fonts=&#8221;font_family:Andada%3Aregular|font_style:400%20regular%3A400%3Anormal&#8221;][\/vc_column][\/vc_row]<\/p>\n<\/div>","protected":false},"excerpt":{"rendered":"<p>[vc_row css=&#8221;.vc_custom_1546095627459{margin: 0px !important;border-width: 0px !important;}&#8221;][vc_column][vc_row_inner][vc_column_inner width=&#8221;1\/2&#8243;][vc_single_image image=&#8221;35103&#8243; img_size=&#8221;large&#8221; css=&#8221;&#8221;][\/vc_column_inner][vc_column_inner width=&#8221;1\/2&#8243;][vc_custom_heading text=&#8221;APRESENTA\u00c7\u00c3O DE MARIA CONGRESSO DE EDUCA\u00c7\u00c3O 2025&#8243; font_container=&#8221;tag:h2|text_align:center|color:%231E73BE|line_height:3&#8243; google_fonts=&#8221;font_family:Amethysta%3Aregular|font_style:400%20regular%3A400%3Anormal&#8221; css=&#8221;&#8221;][vc_custom_heading text=&#8221;https:\/\/centenarioam.externatoam.com\/&#8221; font_container=&#8221;tag:h2|text_align:center|color:%231E73BE|line_height:3&#8243; google_fonts=&#8221;font_family:Aladin%3Aregular|font_style:400%20regular%3A400%3Anormal&#8221; css=&#8221;&#8221; link=&#8221;url:https%3A%2F%2Fcentenarioam.externatoam.com%2F|title:https%3A%2F%2Fcentenarioam.externatoam.com%2F&#8221;][\/vc_column_inner][\/vc_row_inner][\/vc_column][\/vc_row][vc_row row_space=&#8221;remove_padding_top&#8221; isfullwidth=&#8221;&#8221; css=&#8221;.vc_custom_1668682773303{padding-top: 20px !important;}&#8221;][vc_column][vc_custom_heading text=&#8221;CAP\u00cdTULOS PROVINCIAIS, REGIONAIS e Mini &#8211; CAP\u00cdTULOS das MISS\u00d5ES&#8221; font_container=&#8221;tag:h2|font_size:30|text_align:center|color:%230066bf|line_height:2&#8243; google_fonts=&#8221;font_family:Andada%3Aregular|font_style:400%20regular%3A400%3Anormal&#8221;][vc_custom_heading text=&#8221;CAP\u00cdTULO GERAL 12 de Agosto &#8211; 12 de Setembro&#8221; font_container=&#8221;tag:h2|font_size:30|text_align:center|color:%230066bf|line_height:1&#8243; google_fonts=&#8221;font_family:Andada%3Aregular|font_style:400%20regular%3A400%3Anormal&#8221;][\/vc_column][\/vc_row][vc_row row_space=&#8221;remove_padding_top&#8221; isfullwidth=&#8221;&#8221; [&hellip;]<\/p>\n","protected":false},"author":3,"featured_media":0,"parent":0,"menu_order":13,"comment_status":"closed","ping_status":"closed","template":"","meta":{"ngg_post_thumbnail":0,"footnotes":""},"lang":"pt","translations":{"pt":5950,"en":5948,"fr":4067,"es":5952},"pll_sync_post":[],"_links":{"self":[{"href":"https:\/\/soeurs-de-la-presentation-de-marie.org\/pom\/wp-json\/wp\/v2\/pages\/5950"}],"collection":[{"href":"https:\/\/soeurs-de-la-presentation-de-marie.org\/pom\/wp-json\/wp\/v2\/pages"}],"about":[{"href":"https:\/\/soeurs-de-la-presentation-de-marie.org\/pom\/wp-json\/wp\/v2\/types\/page"}],"author":[{"embeddable":true,"href":"https:\/\/soeurs-de-la-presentation-de-marie.org\/pom\/wp-json\/wp\/v2\/users\/3"}],"replies":[{"embeddable":true,"href":"https:\/\/soeurs-de-la-presentation-de-marie.org\/pom\/wp-json\/wp\/v2\/comments?post=5950"}],"version-history":[{"count":11,"href":"https:\/\/soeurs-de-la-presentation-de-marie.org\/pom\/wp-json\/wp\/v2\/pages\/5950\/revisions"}],"predecessor-version":[{"id":35116,"href":"https:\/\/soeurs-de-la-presentation-de-marie.org\/pom\/wp-json\/wp\/v2\/pages\/5950\/revisions\/35116"}],"wp:attachment":[{"href":"https:\/\/soeurs-de-la-presentation-de-marie.org\/pom\/wp-json\/wp\/v2\/media?parent=5950"}],"curies":[{"name":"wp","href":"https:\/\/api.w.org\/{rel}","templated":true}]}}