{"id":6040,"date":"2021-03-21T17:30:05","date_gmt":"2021-03-21T16:30:05","guid":{"rendered":"http:\/\/soeurs-de-la-presentation-de-marie.org\/pom\/?page_id=6040"},"modified":"2021-03-22T18:18:16","modified_gmt":"2021-03-22T17:18:16","slug":"espirito-e-missao","status":"publish","type":"page","link":"https:\/\/soeurs-de-la-presentation-de-marie.org\/pom\/espirito-e-missao\/","title":{"rendered":"Ser Irm\u00e3 da Apresenta\u00e7\u00e3o de Maria"},"content":{"rendered":"<div class=\"wpb-content-wrapper\"><p>[vc_row][vc_column width=&#8221;2\/3&#8243;][vc_custom_heading text=&#8221;Ser Irm\u00e3 da Apresenta\u00e7\u00e3o de Maria&#8221; font_container=&#8221;tag:h2|font_size:60|text_align:center|color:%230066bf&#8221; google_fonts=&#8221;font_family:Italianno%3Aregular|font_style:400%20regular%3A400%3Anormal&#8221;][vc_column_text]&nbsp;<\/p>\n<p><span style=\"color: #003366;\">Na hist\u00f3ria da Fran\u00e7a do s\u00e9culo XVIII, quando todos os antigos mosteiros estavam em ru\u00ednas, uma mulher humilde, Maria Rivier, com as suas quatro companheiras, abriu uma pequena escola em Thueyts no ano de 1794. Desde o in\u00edcio, Maria Rivier pretendia dedicar-se juntamente com as suas companheiras, ao servi\u00e7o da evangeliza\u00e7\u00e3o e \u00e0 pr\u00e1tica da caridade. Ela continuou a convidar mulheres para se juntarem a ela: &#8220;<em>Mettons-nous ensemble&#8230;&#8221;.<\/em><\/span><\/p>\n<p><span style=\"color: #003366;\">A Congrega\u00e7\u00e3o das Irm\u00e3s da Apresenta\u00e7\u00e3o de Maria foi oficialmente fundada a 21 de novembro de 1796. Maria Rivier e as suas primeiras companheiras, consagraram-se a Deus, sob a prote\u00e7\u00e3o da Bem-Aventurada Virgem Maria, assim como a Congrega\u00e7\u00e3o, as suas alunas, as suas casas e as suas obras (p. 109 Mourret).<\/span><\/p>\n<p><span style=\"color: #003366;\">As primeiras Irm\u00e3s da Apresenta\u00e7\u00e3o de Maria foram: Maria Rivier (Fundadora), Th\u00e9r\u00e8se Chaudanson, Marie Eyraud, Jeanne Delubac e Martine Teston.&nbsp;&nbsp;<\/span><\/p>\n<p><span style=\"color: #003366;\">Somos Irm\u00e3s da Apresenta\u00e7\u00e3o de Maria chamadas a viver, no cora\u00e7\u00e3o do nosso mundo, a nossa miss\u00e3o enquanto pessoas consagradas, reconhecidas pela Igreja. A nossa identidade tem os seus fundamentos em dois mist\u00e9rios: Apresenta\u00e7\u00e3o de Maria no Templo \u2013 mist\u00e9rio da Presen\u00e7a de Deus e a Apresenta\u00e7\u00e3o de Jesus no Templo \u2013 mist\u00e9rio da oferenda de Jesus e de sua M\u00e3e (D 3).<\/span><\/p>\n<p><span style=\"color: #003366;\">Ao procurarmos viver estes dois mist\u00e9rios no quotidiano das nossas vidas, refletimos aquilo que Jesus e Maria viveram t\u00e3o intensamente: o esp\u00edrito de adora\u00e7\u00e3o, de oferenda de si e de compaix\u00e3o.<\/span>[\/vc_column_text][\/vc_column][vc_column width=&#8221;1\/3&#8243;][vc_column_text]&nbsp;<\/p>\n<p>&nbsp;<\/p>\n<p>&nbsp;<\/p>\n<p>&nbsp;<\/p>\n<p>&nbsp;<\/p>\n<p><img loading=\"lazy\" decoding=\"async\" class=\"wp-image-12829 alignright\" src=\"https:\/\/soeurs-de-la-presentation-de-marie.org\/pom\/wp-content\/uploads\/2020\/04\/LOGO.jpg\" alt=\"\" width=\"622\" height=\"674\">[\/vc_column_text][\/vc_column][\/vc_row][vc_row][vc_column width=&#8221;1\/2&#8243;][vc_hoverbox image=&#8221;5802&#8243; primary_title=&#8221;&#8221; primary_title_font_container=&#8221;font_size:24|color:%230066bf&#8221; hover_title=&#8221;Ser Irm\u00e3 da Apresenta\u00e7\u00e3o de Maria&#8230;&#8221; hover_align=&#8221;left&#8221; hover_title_font_container=&#8221;font_size:24|color:%230066bf&#8221; hover_title_google_fonts=&#8221;font_family:Amarante%3Aregular|font_style:400%20regular%3A400%3Anormal&#8221; hover_background_color=&#8221;custom&#8221; use_custom_fonts_primary_title=&#8221;true&#8221; use_custom_fonts_hover_title=&#8221;true&#8221; hover_custom_background=&#8221;#5f9ab7&#8243;]<span style=\"color: #003366;\">\u00e9 viver <em>um esp\u00edrito inteiramente interior, fundado no esp\u00edrito de Jesus Cristo <\/em>(C 3). Tudo para Deus! Tudo pelo Santo Amor! Eis a express\u00e3o que encarna o sentido e a raz\u00e3o de ser da vida de uma Irm\u00e3 da Apresenta\u00e7\u00e3o de Maria, no mundo de hoje.<\/span>[\/vc_hoverbox][\/vc_column][vc_column width=&#8221;1\/2&#8243;][vc_hoverbox image=&#8221;8038&#8243; primary_title=&#8221;&#8221; hover_title=&#8221;Ser Irm\u00e3 da Apresenta\u00e7\u00e3o de Maria&#8230;&#8221; hover_align=&#8221;left&#8221; hover_title_font_container=&#8221;font_size:24|color:%230066bf&#8221; hover_title_google_fonts=&#8221;font_family:Amarante%3Aregular|font_style:400%20regular%3A400%3Anormal&#8221; hover_background_color=&#8221;custom&#8221; use_custom_fonts_primary_title=&#8221;true&#8221; use_custom_fonts_hover_title=&#8221;true&#8221; hover_custom_background=&#8221;#5f9ab7&#8243;]<span style=\"color: #003366;\">\u00e9 viver em comunidade fraterna. <em>Formamos uma mesma fam\u00edlia, pondo tudo em comum, e temos um s\u00f3 cora\u00e7\u00e3o e uma s\u00f3 alma em Jesus Cristo <\/em>(C 81).<\/span>[\/vc_hoverbox][\/vc_column][\/vc_row][vc_row][vc_column width=&#8221;1\/2&#8243;][vc_hoverbox image=&#8221;9302&#8243; primary_title=&#8221;&#8221; hover_title=&#8221;Ser Irm\u00e3 da Apresenta\u00e7\u00e3o de Maria&#8230;&#8221; hover_align=&#8221;left&#8221; hover_title_font_container=&#8221;font_size:24|color:%230066bf&#8221; hover_title_google_fonts=&#8221;font_family:Amarante%3Aregular|font_style:400%20regular%3A400%3Anormal&#8221; hover_background_color=&#8221;custom&#8221; use_custom_fonts_hover_title=&#8221;true&#8221; hover_custom_background=&#8221;#5f9ab7&#8243;]<span style=\"color: #003366;\">\u00e9 viver um zelo apost\u00f3lico que n\u00e3o conhece fronteiras, nem de ra\u00e7as, nem de povos. <em>Enquanto houver um canto de terra em que Jesus Cristo n\u00e3o seja conhecido e amado, <\/em><em>as filhas da Mulher Ap\u00f3stolo n\u00e3o podem ficar tranquilas<\/em> (C 109).<\/span>[\/vc_hoverbox][\/vc_column][vc_column width=&#8221;1\/2&#8243;][vc_hoverbox image=&#8221;19216&#8243; primary_title=&#8221;&#8221; hover_title=&#8221;Ser Irm\u00e3 da Apresenta\u00e7\u00e3o de Maria&#8230;&#8221; hover_align=&#8221;left&#8221; hover_title_font_container=&#8221;font_size:24|color:%230066bf&#8221; hover_title_google_fonts=&#8221;font_family:Amarante%3Aregular|font_style:400%20regular%3A400%3Anormal&#8221; hover_background_color=&#8221;custom&#8221; use_custom_fonts_hover_title=&#8221;true&#8221; hover_custom_background=&#8221;#5f9ab7&#8243;]<span style=\"color: #003366;\">\u00e9 viver como Maria na presen\u00e7a de Deus no Templo da Apresenta\u00e7\u00e3o. Estamos no cora\u00e7\u00e3o do mist\u00e9rio do Templo.<\/span>[\/vc_hoverbox][\/vc_column][\/vc_row]<\/p>\n<\/div>","protected":false},"excerpt":{"rendered":"<p>[vc_row][vc_column width=&#8221;2\/3&#8243;][vc_custom_heading text=&#8221;Ser Irm\u00e3 da Apresenta\u00e7\u00e3o de Maria&#8221; font_container=&#8221;tag:h2|font_size:60|text_align:center|color:%230066bf&#8221; google_fonts=&#8221;font_family:Italianno%3Aregular|font_style:400%20regular%3A400%3Anormal&#8221;][vc_column_text]&nbsp; Na hist\u00f3ria da Fran\u00e7a do s\u00e9culo XVIII, quando todos os antigos mosteiros estavam em ru\u00ednas, uma mulher humilde, Maria Rivier, com as suas quatro companheiras, abriu uma pequena escola em Thueyts no ano de 1794. Desde o in\u00edcio, Maria Rivier pretendia dedicar-se juntamente com as [&hellip;]<\/p>\n","protected":false},"author":3,"featured_media":0,"parent":0,"menu_order":0,"comment_status":"closed","ping_status":"closed","template":"","meta":{"ngg_post_thumbnail":0,"footnotes":""},"lang":"pt","translations":{"pt":6040,"fr":4106,"es":6054,"en":6068},"pll_sync_post":[],"_links":{"self":[{"href":"https:\/\/soeurs-de-la-presentation-de-marie.org\/pom\/wp-json\/wp\/v2\/pages\/6040"}],"collection":[{"href":"https:\/\/soeurs-de-la-presentation-de-marie.org\/pom\/wp-json\/wp\/v2\/pages"}],"about":[{"href":"https:\/\/soeurs-de-la-presentation-de-marie.org\/pom\/wp-json\/wp\/v2\/types\/page"}],"author":[{"embeddable":true,"href":"https:\/\/soeurs-de-la-presentation-de-marie.org\/pom\/wp-json\/wp\/v2\/users\/3"}],"replies":[{"embeddable":true,"href":"https:\/\/soeurs-de-la-presentation-de-marie.org\/pom\/wp-json\/wp\/v2\/comments?post=6040"}],"version-history":[{"count":17,"href":"https:\/\/soeurs-de-la-presentation-de-marie.org\/pom\/wp-json\/wp\/v2\/pages\/6040\/revisions"}],"predecessor-version":[{"id":9067,"href":"https:\/\/soeurs-de-la-presentation-de-marie.org\/pom\/wp-json\/wp\/v2\/pages\/6040\/revisions\/9067"}],"wp:attachment":[{"href":"https:\/\/soeurs-de-la-presentation-de-marie.org\/pom\/wp-json\/wp\/v2\/media?parent=6040"}],"curies":[{"name":"wp","href":"https:\/\/api.w.org\/{rel}","templated":true}]}}