{"id":6082,"date":"2019-03-04T18:37:53","date_gmt":"2019-03-04T17:37:53","guid":{"rendered":"http:\/\/soeurs-de-la-presentation-de-marie.org\/pom\/?page_id=6082"},"modified":"2020-05-24T21:29:26","modified_gmt":"2020-05-24T19:29:26","slug":"formacao-2","status":"publish","type":"page","link":"https:\/\/soeurs-de-la-presentation-de-marie.org\/pom\/formacao-2\/","title":{"rendered":"Forma\u00e7\u00e3o"},"content":{"rendered":"<div class=\"wpb-content-wrapper\"><p>[vc_row][vc_column][\/vc_column][\/vc_row][vc_row row_space=&#8221;remove_padding_top&#8221;][vc_column][vc_custom_heading text=&#8221;\u00c9 Deus que tem a iniciativa do chamamento<br \/>\ne \u00e9 Ele que inspira a resposta.&nbsp;D\u00e1, ao mesmo tempo, a capacidade<br \/>\nde se entregar ao Seu mist\u00e9rio<br \/>\ne de consentir, com uma liberdade alegre, em todas as rupturas que sup\u00f5e<br \/>\no acolhimento deste dom.&#8221; font_container=&#8221;tag:h3|font_size:42|text_align:center|color:%234e891e&#8221; google_fonts=&#8221;font_family:Alex%20Brush%3Aregular|font_style:400%20regular%3A400%3Anormal&#8221;][vc_custom_heading text=&#8221;A Vida Consagrada&#8221; font_container=&#8221;tag:h4|font_size:32|text_align:center|color:%23349600&#8243; google_fonts=&#8221;font_family:Almendra%3Aregular%2Citalic%2C700%2C700italic|font_style:400%20regular%3A400%3Anormal&#8221;][vc_custom_heading text=&#8221;Quando vos dais ao Senhor,<br \/>\nquando vos consagrais ao Seu servi\u00e7o&nbsp;dais-lhes tudo o que sois,<br \/>\na vossa alma com todas as suas faculdades, o vosso esp\u00edrito com todos os seus pensamentos,&nbsp;o vosso cora\u00e7\u00e3o com todos os seus afectos e desejos,<br \/>\no vosso corpo com todos os seus sentidos\u2026<br \/>\nJ\u00e1 n\u00e3o h\u00e1 em v\u00f3s coisa alguma que vos perten\u00e7a, coisa alguma de que sejais donas e&nbsp;de que possais dispor. (EE, p. 71)&#8221; font_container=&#8221;tag:h4|font_size:22|text_align:center|color:%233e8200&#8243; google_fonts=&#8221;font_family:Alice%3Aregular|font_style:400%20regular%3A400%3Anormal&#8221;][\/vc_column][\/vc_row][vc_row][vc_column][\/vc_column][\/vc_row][vc_row][vc_column][\/vc_column][\/vc_row]<\/p>\n<\/div>","protected":false},"excerpt":{"rendered":"<p>[vc_row][vc_column][\/vc_column][\/vc_row][vc_row row_space=&#8221;remove_padding_top&#8221;][vc_column][vc_custom_heading text=&#8221;\u00c9 Deus que tem a iniciativa do chamamento e \u00e9 Ele que inspira a resposta.&nbsp;D\u00e1, ao mesmo tempo, a capacidade de se entregar ao Seu mist\u00e9rio e de consentir, com uma liberdade alegre, em todas as rupturas que sup\u00f5e o acolhimento deste dom.&#8221; font_container=&#8221;tag:h3|font_size:42|text_align:center|color:%234e891e&#8221; google_fonts=&#8221;font_family:Alex%20Brush%3Aregular|font_style:400%20regular%3A400%3Anormal&#8221;][vc_custom_heading text=&#8221;A Vida Consagrada&#8221; font_container=&#8221;tag:h4|font_size:32|text_align:center|color:%23349600&#8243; google_fonts=&#8221;font_family:Almendra%3Aregular%2Citalic%2C700%2C700italic|font_style:400%20regular%3A400%3Anormal&#8221;][vc_custom_heading text=&#8221;Quando vos dais [&hellip;]<\/p>\n","protected":false},"author":3,"featured_media":0,"parent":0,"menu_order":0,"comment_status":"closed","ping_status":"closed","template":"","meta":{"ngg_post_thumbnail":0,"footnotes":""},"lang":"pt","translations":{"pt":6082,"fr":4089,"es":6088,"en":6094},"pll_sync_post":[],"_links":{"self":[{"href":"https:\/\/soeurs-de-la-presentation-de-marie.org\/pom\/wp-json\/wp\/v2\/pages\/6082"}],"collection":[{"href":"https:\/\/soeurs-de-la-presentation-de-marie.org\/pom\/wp-json\/wp\/v2\/pages"}],"about":[{"href":"https:\/\/soeurs-de-la-presentation-de-marie.org\/pom\/wp-json\/wp\/v2\/types\/page"}],"author":[{"embeddable":true,"href":"https:\/\/soeurs-de-la-presentation-de-marie.org\/pom\/wp-json\/wp\/v2\/users\/3"}],"replies":[{"embeddable":true,"href":"https:\/\/soeurs-de-la-presentation-de-marie.org\/pom\/wp-json\/wp\/v2\/comments?post=6082"}],"version-history":[{"count":7,"href":"https:\/\/soeurs-de-la-presentation-de-marie.org\/pom\/wp-json\/wp\/v2\/pages\/6082\/revisions"}],"predecessor-version":[{"id":13909,"href":"https:\/\/soeurs-de-la-presentation-de-marie.org\/pom\/wp-json\/wp\/v2\/pages\/6082\/revisions\/13909"}],"wp:attachment":[{"href":"https:\/\/soeurs-de-la-presentation-de-marie.org\/pom\/wp-json\/wp\/v2\/media?parent=6082"}],"curies":[{"name":"wp","href":"https:\/\/api.w.org\/{rel}","templated":true}]}}