{"id":6148,"date":"2019-03-04T19:06:26","date_gmt":"2019-03-04T18:06:26","guid":{"rendered":"http:\/\/soeurs-de-la-presentation-de-marie.org\/pom\/?page_id=6148"},"modified":"2024-07-27T11:46:30","modified_gmt":"2024-07-27T09:46:30","slug":"conselho-geral","status":"publish","type":"page","link":"https:\/\/soeurs-de-la-presentation-de-marie.org\/pom\/conselho-geral\/","title":{"rendered":"ADMINISTRA\u00c7\u00c3O GERAL"},"content":{"rendered":"<div class=\"wpb-content-wrapper\"><p>[vc_row row_space=&#8221;remove_padding_bottom&#8221;][vc_column][vc_custom_heading text=&#8221;Ent\u00e3o, ouvi a voz do Senhor que dizia:<br \/>\nQuem enviarei? Quem ser\u00e1 o nosso mensageiro?<br \/>\nEnt\u00e3o eu disse:  Eis-me aqui, envia-me!<br \/>\n&#8211; Is 6,8 -&#8221; font_container=&#8221;tag:h2|font_size:30|text_align:center|color:%230962c6&#8243; google_fonts=&#8221;font_family:Almendra%3Aregular%2Citalic%2C700%2C700italic|font_style:400%20regular%3A400%3Anormal&#8221;][\/vc_column][\/vc_row][vc_row row_space=&#8221;remove_padding_top&#8221;][vc_column][vc_custom_heading text=&#8221;A autoridade na Congrega\u00e7\u00e3o \u00e9 essencialmente espiritual.<br \/>\nVem de Cristo pela media\u00e7\u00e3o de Igreja e exerce-se em seu nome:<br \/>\ndeve sempre apresentar o rosto do amor. C 144&#8243; font_container=&#8221;tag:h2|font_size:46|text_align:center|color:%232677bf&#8221; google_fonts=&#8221;font_family:Italianno%3Aregular|font_style:400%20regular%3A400%3Anormal&#8221;][\/vc_column][\/vc_row][vc_row row_space=&#8221;remove_padding_bottom&#8221;][vc_column width=&#8221;1\/2&#8243;][vc_column_text]<\/p>\n<p><img loading=\"lazy\" decoding=\"async\" src=\"https:\/\/soeurs-de-la-presentation-de-marie.org\/pom\/wp-content\/uploads\/2024\/07\/mother-704x510.png\" alt=\"\" width=\"704\" height=\"510\" class=\"alignright size-medium wp-image-34770\" \/><\/p>\n<p>[\/vc_column_text][\/vc_column][vc_column width=&#8221;1\/2&#8243;][vc_custom_heading text=&#8221;Como Conselho geral, estamos ao servi\u00e7o de cada Irm\u00e3, de cada Prov\u00edncia, Regi\u00e3o e Miss\u00e3o da Apresenta\u00e7\u00e3o de Maria, ao servi\u00e7o de toda a Congrega\u00e7\u00e3o e da sua Fam\u00edlia espiritual.<\/p>\n<p>Sempre atentas ao Esp\u00edrito Santo e aos sinais dos tempos, caminharemos juntas na fidelidade criativa \u00e0 nossa voca\u00e7\u00e3o e miss\u00e3o de Irm\u00e3s da Apresenta\u00e7\u00e3o de Maria<\/p>\n<p>Tenho a alegria de apresentar as Conselheiras gerais que, nos pr\u00f3ximos seis anos, viver\u00e3o e trabalhar\u00e3o juntas para bem servir a Congrega\u00e7\u00e3o.&#8221; font_container=&#8221;tag:h3|font_size:21|text_align:justify|color:%23136ebf|line_height:2&#8243; google_fonts=&#8221;font_family:Alice%3Aregular|font_style:400%20regular%3A400%3Anormal&#8221;][vc_custom_heading text=&#8221;Madre Maria dos Anjos Alves, pm&#8221; font_container=&#8221;tag:h2|font_size:28|text_align:right|color:%230b6bbf&#8221; google_fonts=&#8221;font_family:Alex%20Brush%3Aregular|font_style:400%20regular%3A400%3Anormal&#8221;][\/vc_column][\/vc_row][vc_row][vc_column][vc_row_inner][vc_column_inner width=&#8221;1\/4&#8243;][\/vc_column_inner][vc_column_inner width=&#8221;1\/2&#8243;][vc_column_text]<\/p>\n<p><img loading=\"lazy\" decoding=\"async\" src=\"https:\/\/soeurs-de-la-presentation-de-marie.org\/pom\/wp-content\/uploads\/2024\/07\/general-council-website-2.png\" alt=\"\" width=\"650\" height=\"433\" class=\"alignright size-full wp-image-34809\" \/><\/p>\n<p style=\"text-align: center;\"><span style=\"color: #003366;\">A Equipa de Administra\u00e7\u00e3o Geral<\/span><br \/>\n<span style=\"color: #003366;\">2023 &#8211; 2029<\/span><\/p>\n<p>[\/vc_column_text][vc_separator color=&#8221;sky&#8221; style=&#8221;shadow&#8221; el_width=&#8221;90&#8243;][\/vc_column_inner][vc_column_inner width=&#8221;1\/4&#8243;][\/vc_column_inner][\/vc_row_inner][vc_column_text]<\/p>\n<p>[vc_column_text]<\/p>\n<p>&nbsp;<\/p>\n<p><img loading=\"lazy\" decoding=\"async\" src=\"https:\/\/soeurs-de-la-presentation-de-marie.org\/pom\/wp-content\/uploads\/2024\/07\/irma-teresa-1.png\" alt=\"\" width=\"180\" height=\"190\" class=\"alignright size-medium wp-image-34816\" \/> A <strong>Irm\u00e3 Teresa Carolina de Carvalho<\/strong> \u00e9 de nacionalidade Mo\u00e7ambicana nasceu a 16 de abril de 1970. Fez a sua primeira profiss\u00e3o, no dia 1 de fevereiro de 1992 e os seus votos perp\u00e9tuos a 20 de novembro de 1999. Depois de terminar a sua forma\u00e7\u00e3o como professora de l\u00edngua portuguesa, lecionou em duas escolas p\u00fablicas. &nbsp; &nbsp; &nbsp; &nbsp; &nbsp; &nbsp; &nbsp; &nbsp; &nbsp; &nbsp; &nbsp; &nbsp; &nbsp; &nbsp; &nbsp; &nbsp; &nbsp; &nbsp; &nbsp; &nbsp; &nbsp; &nbsp; &nbsp; &nbsp; &nbsp; &nbsp; &nbsp; &nbsp; &nbsp; &nbsp; &nbsp; &nbsp; &nbsp; &nbsp; &nbsp; &nbsp; &nbsp; &nbsp; &nbsp; &nbsp; &nbsp; &nbsp; &nbsp; &nbsp; &nbsp; &nbsp; &nbsp; &nbsp; &nbsp; &nbsp; &nbsp; &nbsp; &nbsp; &nbsp; &nbsp; &nbsp;&nbsp;<\/p>\n<p>Os seus diversos minist\u00e9rios paroquiais, em particular a pastoral dos jovens e a anima\u00e7\u00e3o lit\u00fargica, foram espa\u00e7os privilegiados para exercer o zelo apost\u00f3lico de Santa Maria Rivier. Depois de se ter licenciado em Ci\u00eancias Religiosas e em Educa\u00e7\u00e3o Moral e C\u00edvica, foi chamada a servir como mestra de postulantes e novi\u00e7as durante nove anos e depois como Superiora Provincial durante oito anos. Agradece a Deus por ter tido a gra\u00e7a de fazer parte do Conselho Permanente da Confer\u00eancia dos Religiosos de Mo\u00e7ambique &#8211; CIRMO-. Em 2025, terminar\u00e1 o seu servi\u00e7o como membro do Conselho Executivo da Confedera\u00e7\u00e3o das Confer\u00eancias dos Superiores Maiores de \u00c1frica e Madag\u00e1scar -COSMAM- e, ao mesmo tempo, como membro do Conselho da Confer\u00eancia dos Religiosos da Regi\u00e3o da \u00c1frica Austral.<\/p>\n<p>Os diferentes encontros a n\u00edvel da Igreja e da Congrega\u00e7\u00e3o foram para ela uma verdadeira escola de f\u00e9. A sua participa\u00e7\u00e3o ao servi\u00e7o da Congrega\u00e7\u00e3o como membro da Administra\u00e7\u00e3o geral \u00e9 agora uma oportunidade para crescer e continuar a viver o SIM que deu no dia da sua primeira profiss\u00e3o.<em>&#8220;Permanecei em mim e eu permanecerei em v\u00f3s&#8221; <\/em>. (Jo 15,4) \u00e9 o texto que a entusiasma e encoraja em todos os momentos da sua vida.<\/p>\n<p>&nbsp;<\/p>\n<p><img loading=\"lazy\" decoding=\"async\" src=\"https:\/\/soeurs-de-la-presentation-de-marie.org\/pom\/wp-content\/uploads\/2024\/07\/s-mberry.png\" alt=\"\" width=\"180\" height=\"180\" class=\"alignleft size-full wp-image-34820\" \/> A <strong>Irm\u00e3 Marie Mberry Diatta<\/strong> da Prov\u00edncia do Senegal\/Burkina Faso nasceu a 27 de setembro de 1965 \u00e0 Diemb\u00e9ring na Regi\u00e3o de Ziguinchor. Fez a sua primeira profiss\u00e3o a 8 de setembro de 1989 na Gambia.<\/p>\n<p>Desde ent\u00e3o, teve a alegria de viver v\u00e1rias experi\u00eancias: acompanhar jovens na pastoral dos jovens, escuteiros e guias, jovens irm\u00e3s professas, despertar das voca\u00e7\u00f5es, superiora local, conselheira e assistente provincial. <\/p>\n<p>Depois de alguns anos de ensino nas escolas prim\u00e1rias, formou-se em contabilidade e gest\u00e3o financeira, o que lhe permitiu de assumir o economato provincial durante v\u00e1rios anos. Recebeu tamb\u00e9m uma forma\u00e7\u00e3o em pastoral e de acompanhamento espiritual. Desde h\u00e1 tr\u00eas anos, \u00e9 respons\u00e1vel pelo Centro Espiritual do Monte-Tabor. Esta miss\u00e3o deu-lhe a oportunidade de cultivar a escuta atenta.<br \/>\n&nbsp; &nbsp; &nbsp; &nbsp; &nbsp; &nbsp; &nbsp; &nbsp; &nbsp; &nbsp; &nbsp; &nbsp; &nbsp; &nbsp; &nbsp; &nbsp; &nbsp; &nbsp; &nbsp; &nbsp; &nbsp; &nbsp; &nbsp; &nbsp; &nbsp; &nbsp; &nbsp; &nbsp; &nbsp; &nbsp; &nbsp; &nbsp; &nbsp; &nbsp; &nbsp; &nbsp; &nbsp; &nbsp; &nbsp; &nbsp; &nbsp; &nbsp; &nbsp; &nbsp; &nbsp; &nbsp; &nbsp;&nbsp;<\/p>\n<p>Gosta de desporto, de ler, de ouvir m\u00fasica suave e de descansar em comunidade.<br \/>\nA palavra de Deus que sempre a inspirou \u00e9 Romanos 12: &#8220;Exorto-vos, pois, irm\u00e3os, pela miseric\u00f3rdia de Deus, a que vos ofere\u00e7ais a v\u00f3s mesmos em sacrif\u00edcio vivo, santo e agrad\u00e1vel a Deus&#8230;&#8221;<br \/>\n<\/em>&nbsp;<\/p>\n<p>&nbsp;<\/p>\n<p><img loading=\"lazy\" decoding=\"async\" src=\"https:\/\/soeurs-de-la-presentation-de-marie.org\/pom\/wp-content\/uploads\/2024\/07\/s-jane-e1721554379418-645x510.png\" alt=\"\" width=\"180\" height=\"185\" class=\"alignright size-medium wp-image-34784\" \/> A <strong>Irm\u00e3 Jane Wilkinson<\/strong> nasceu a 19 de junho de 1958 em Rochester, Inglaterra. Depois duma licenciatura em franc\u00eas, dedicou-se ao ensino, mas cedo se apercebeu que n\u00e3o era essa a sua voca\u00e7\u00e3o e fez uma forma\u00e7\u00e3o como terapeuta ocupacional. Amava a sua profiss\u00e3o, que exercia junto dos idosos, sobretudo os que sofriam da doen\u00e7a de Alzheimer, e sentia-se feliz por ser uma presen\u00e7a de Cristo nos lares e nos hospitais p\u00fablicos, primeiro em Inglaterra e depois em Fran\u00e7a.<br \/>Conheceu as irm\u00e3s da Apresenta\u00e7\u00e3o de Maria durante os seus estudos e ficou impressionada com a sua alegria e tamb\u00e9m com a personalidade de Marie Rivier. Fez a sua primeira profiss\u00e3o a 24 de novembro de 1989. Depois de 11 anos em Exeter, foi chamada para Fran\u00e7a onde viveu 23 anos. Foi nomeada superiora provincial da Fran\u00e7a em 2016.<br \/>Estar \u00e0 beira mar acalma-a e refresca-a. Gosta de passear, ver r\u00e2guebi e ler. Uma palavra de Deus que sempre a inspirou: <em>&#8220;Foste feito para saber o que \u00e9 bom, o que o Senhor exige de ti: nada mais do que fazer o que \u00e9 justo, amar o que \u00e9 fiel e andar humildemente com o teu Deus&#8221;<\/em> (Miqueias 6,8).<\/p>\n<p>&nbsp;<\/p>\n<p><img loading=\"lazy\" decoding=\"async\" src=\"https:\/\/soeurs-de-la-presentation-de-marie.org\/pom\/wp-content\/uploads\/2024\/07\/s-michelle-750x510.png\" alt=\"\" width=\"180\" height=\"200\" class=\"alignleft size-medium wp-image-34792\" \/> A <strong>Irm\u00e3 Michelle A. Kujabi<\/strong> nasceu a Bwiam, na Gambia, a 13 de janeiro de 1969. Nasceu no ano em que as Irm\u00e3s da Apresenta\u00e7\u00e3o de Maria abriram um convento em Bwiam. Come\u00e7ou o seu postulantado em outubro de 1988, em Fajara. Fez a primeira profiss\u00e3o a 28 de setembro de 1991 e os votos perp\u00e9tuos a 27 de dezembro de 1997 em Thi\u00e8s, Senegal.<\/p>\n<p>Estudou na Gambia College, tendo-se licenciado como professora do ensino prim\u00e1rio e fundamental. Em 1999, frequentou o curso de forma\u00e7\u00e3o de formadores da UISG em Roma. Em outubro de 2 000, foi nomeada Mestra das Postulantes e continuou a ensinar na escola fundamental de Sainte-Th\u00e9r\u00e8se. Em 2006, quando a G\u00e2mbia se tornou uma Regi\u00e3o, foi nomeada Ec\u00f3noma, cargo que ocupou at\u00e9 ao Cap\u00edtulo geral. Seguiu um programa de forma\u00e7\u00e3o em contabilidade para facilitar o seu trabalho como ec\u00f3noma. Como professora, lecionou durante tr\u00eas anos na escola prim\u00e1ria e cinco anos no ciclo b\u00e1sico superior.<\/p>\n<p>Na Regi\u00e3o, trabalhou na pastoral, particularmente com as mulheres pertencentes \u00e0s Associadas de Santa Marie Rivier. Em 2016, foi nomeada Conselheira Regional e, em fevereiro de 2022, tornou-se Assistente Regional. No seu tempo livre, gosta de socializar e de jardinagem. A Palavra de Deus pela qual ela vive \u00e9 2 Cor 12: \u201c<em>Basta-te a minha gra\u00e7a porque a for\u00e7a manifesta-se na fraqueza.<\/em>\u201d<\/p>\n<p>&nbsp;<\/p>\n<p><img loading=\"lazy\" decoding=\"async\" src=\"https:\/\/soeurs-de-la-presentation-de-marie.org\/pom\/wp-content\/uploads\/2024\/07\/s-danielle-cropped-609x510.png\" alt=\"\" width=\"180\" height=\"180\" class=\"alignright size-medium wp-image-34833\" \/> A <strong>Irm\u00e3 Danielle Duplessis<\/strong> nasceu em Sherbrooke, Canada, a 19 de abril de 1951.  Faz parte duma fam\u00edlia de sete filhos.  Antes de entrar na Congrega\u00e7\u00e3o em 1995, trabalhou num banco, foi volunt\u00e1ria num servi\u00e7o de escuta numa linha telef\u00f3nica de apoio e trabalhou com mulheres em dificuldades, enquanto seguia os estudos em psicologia. Em seguida, trabalhou como psic\u00f3loga em escolas prim\u00e1rias e secund\u00e1rias, assim como junto dos adultos.<\/p>\n<p>Na comunidade, obteve um diploma de especializa\u00e7\u00e3o em orienta\u00e7\u00e3o espiritual inaciana e deu cursos de forma\u00e7\u00e3o.  Trabalhou na pastoral da crian\u00e7a e em diversos movimentos com adolescentes, bem como na orienta\u00e7\u00e3o espiritual de adultos. Foi conselheira provincial, superiora e respons\u00e1vel das leigas consagradas. Gosta de fazer palavras cruzadas, de ler e de caminhar.  Palavra de Deus que a interpela: <em>&#8220;Alarga o espa\u00e7o da tua tenda.&#8221;<\/em> (Isa\u00edas 54,2).<\/p>\n<p>&nbsp;<\/p>\n<p><img loading=\"lazy\" decoding=\"async\" src=\"https:\/\/soeurs-de-la-presentation-de-marie.org\/pom\/wp-content\/uploads\/2024\/07\/s-gina-mae.png\" alt=\"\" width=\"180\" height=\"180\" class=\"alignleft size-medium wp-image-34780\" \/> A <strong>Irm\u00e3 Gina Mae Campugan<\/strong> nasceu em Davao Cidade, nas Filipinas. Foi aluna das Irm\u00e3s da Apresenta\u00e7\u00e3o de Maria no Liceu. O seu fasc\u00ednio pelas ci\u00eancias levou-a a apaixonar-se por Deus e a vida de Santa Maria Rivier atraiu-a para ser uma das suas filhas. Entrou para a Congrega\u00e7\u00e3o no ano do bicenten\u00e1rio, 1996, e fez a sua primeira profiss\u00e3o a 1 de maio do ano jubilar de 2 000.<br \/>\u00c9 professora de matem\u00e1tica por profiss\u00e3o e ministra da juventude por paix\u00e3o. As suas experi\u00eancias apost\u00f3licas incluem a administra\u00e7\u00e3o escolar, a promo\u00e7\u00e3o das voca\u00e7\u00f5es a dire\u00e7\u00e3o espiritual, a pastoral de jovens dentro e fora da escola, a pastoral da a\u00e7\u00e3o social, a defesa do ambiente e a anima\u00e7\u00e3o dos Associados de Marie Rivier. Foi tamb\u00e9m superiora local, conselheira provincial e secret\u00e1ria da prov\u00edncia das Filipinas, e respons\u00e1vel pelas comunica\u00e7\u00f5es sociais numa diocese.<br \/>&nbsp; &nbsp; &nbsp; &nbsp; &nbsp; &nbsp; &nbsp; &nbsp; &nbsp; &nbsp; &nbsp; &nbsp; &nbsp; &nbsp; &nbsp; &nbsp; &nbsp; &nbsp; &nbsp; &nbsp; &nbsp;<\/p>\n<p>Gosta de ensinar, aprender l\u00ednguas, ler, escutar as pessoas, dar retiros, dirigir recole\u00e7\u00f5es, criar jogos e editar v\u00eddeos.  Acredita alegremente que: \u201c<em>Felizes os que escutam a Palavra de Deus e a p\u00f5em em pr\u00e1tica<\/em>\u201d (Lc 11,28).<\/p>\n<p>[\/vc_column_text]<\/p>\n<p>[\/vc_column_text][\/vc_column][\/vc_row]<\/p>\n<\/div>","protected":false},"excerpt":{"rendered":"<p>[vc_row row_space=&#8221;remove_padding_bottom&#8221;][vc_column][vc_custom_heading text=&#8221;Ent\u00e3o, ouvi a voz do Senhor que dizia: Quem enviarei? Quem ser\u00e1 o nosso mensageiro? Ent\u00e3o eu disse: Eis-me aqui, envia-me! &#8211; Is 6,8 -&#8221; font_container=&#8221;tag:h2|font_size:30|text_align:center|color:%230962c6&#8243; google_fonts=&#8221;font_family:Almendra%3Aregular%2Citalic%2C700%2C700italic|font_style:400%20regular%3A400%3Anormal&#8221;][\/vc_column][\/vc_row][vc_row row_space=&#8221;remove_padding_top&#8221;][vc_column][vc_custom_heading text=&#8221;A autoridade na Congrega\u00e7\u00e3o \u00e9 essencialmente espiritual. Vem de Cristo pela media\u00e7\u00e3o de Igreja e exerce-se em seu nome: deve sempre apresentar o rosto do [&hellip;]<\/p>\n","protected":false},"author":3,"featured_media":0,"parent":0,"menu_order":4,"comment_status":"closed","ping_status":"closed","template":"","meta":{"ngg_post_thumbnail":0,"footnotes":""},"lang":"pt","translations":{"pt":6148,"en":6122,"fr":4476,"es":6174},"pll_sync_post":[],"_links":{"self":[{"href":"https:\/\/soeurs-de-la-presentation-de-marie.org\/pom\/wp-json\/wp\/v2\/pages\/6148"}],"collection":[{"href":"https:\/\/soeurs-de-la-presentation-de-marie.org\/pom\/wp-json\/wp\/v2\/pages"}],"about":[{"href":"https:\/\/soeurs-de-la-presentation-de-marie.org\/pom\/wp-json\/wp\/v2\/types\/page"}],"author":[{"embeddable":true,"href":"https:\/\/soeurs-de-la-presentation-de-marie.org\/pom\/wp-json\/wp\/v2\/users\/3"}],"replies":[{"embeddable":true,"href":"https:\/\/soeurs-de-la-presentation-de-marie.org\/pom\/wp-json\/wp\/v2\/comments?post=6148"}],"version-history":[{"count":14,"href":"https:\/\/soeurs-de-la-presentation-de-marie.org\/pom\/wp-json\/wp\/v2\/pages\/6148\/revisions"}],"predecessor-version":[{"id":34870,"href":"https:\/\/soeurs-de-la-presentation-de-marie.org\/pom\/wp-json\/wp\/v2\/pages\/6148\/revisions\/34870"}],"wp:attachment":[{"href":"https:\/\/soeurs-de-la-presentation-de-marie.org\/pom\/wp-json\/wp\/v2\/media?parent=6148"}],"curies":[{"name":"wp","href":"https:\/\/api.w.org\/{rel}","templated":true}]}}