{"id":6202,"date":"2019-03-04T19:12:40","date_gmt":"2019-03-04T18:12:40","guid":{"rendered":"http:\/\/soeurs-de-la-presentation-de-marie.org\/pom\/?page_id=6202"},"modified":"2019-03-21T09:07:47","modified_gmt":"2019-03-21T08:07:47","slug":"missao","status":"publish","type":"page","link":"https:\/\/soeurs-de-la-presentation-de-marie.org\/pom\/missao\/","title":{"rendered":"Miss\u00e3o"},"content":{"rendered":"<p style=\"text-align: center;\"><em>O ZELO para fazer conhecer e amar Jesus Cristo<\/em><br \/>\n<em>\u00e9 o car\u00e1cter pr\u00f3prio das Irm\u00e3s da Apresenta\u00e7\u00e3o de Maria. C9<\/em><br \/>\n<em>Enquanto arder em n\u00f3s<\/em><br \/>\n<em>o zelo ardente e puro das nossas origens,<\/em><br \/>\n<em>Deus aben\u00e7oar\u00e1 os nossos trabalhos. C109<\/em><\/p>\n<p>Para Maria Rivier, ter o esp\u00edrito de Jesus Cristo, \u00e9 ser como <strong>Ele cheia de zelo pela gl\u00f3ria do Pai e a salva\u00e7\u00e3o do mundo<\/strong>. Abrasada por um ardente desejo de fazer conhecer e amar Jesus Cristo, percorre as estradas da Ard\u00e8che e por a\u00ed semeia uma quantidade de \u00abescolinhas\u00bb, fazendo da educa\u00e7\u00e3o crist\u00e3 da juventude , o fim espec\u00edfico do nosso Instituto.<\/p>\n<p style=\"text-align: center;\"><em>Esta obra principal e os nossos outros compromissos apost\u00f3licos,<br \/>\n<\/em><em>decorrem do desejo de Maria Rivier de fazer conhecer e amar Jesus Cristo.<br \/>\n<\/em><em>\u00c9 a\u00ed que encontramos a nossa alegria. C7<\/em><\/p>\n<p>&nbsp;<\/p>\n<p>O seu zelo ardente n\u00e3o fica por a\u00ed. Ela acolhe \u00f3rf\u00e3s em grande n\u00famero, tem a maior alegria em dar catequese, re\u00fane as mulheres nas par\u00f3quias, prega retiros e forma as suas filhas na vida em Deus. O entusiasmo que a impele \u00e9 o da urg\u00eancia do Reino. \u00abS<em>ofro cada vez mais ao saber de tantas par\u00f3quias onde n\u00e3o h\u00e1 ningu\u00e9m para mostrar o caminho do c\u00e9u a tantas pobres crian\u00e7as que se perdem. Ah! N\u00e3o sermos n\u00f3s em n\u00famero suficiente para fazer conhecer e amar o Senhor por toda a parte! N\u00e3o podermos inflamar todos os cora\u00e7\u00f5es do Seu amor! Deixemo-nos abrasar de fervor. N\u00e3o amamos meu Deus!<\/em> (MR)\u00bb<\/p>\n<p><strong>SECTORES DA OBRA APOST\u00d3LICA DAS IRM\u00c3S DA APRESENTA\u00c7\u00c3O DE MARIA<\/strong><br \/>\nApaixonadas por Jesus Cristo, as filhas da Mulher-Ap\u00f3stolo, s\u00e3o tamb\u00e9m no meio do mundo, presen\u00e7a da sua terna compaix\u00e3o. Nos meios culturais respectivos, procuram tornar-se pr\u00f3ximas das pessoas, atentas \u00e0s suas necessidades, engenhosas para lhes dar apoio e empenhadas em abri-las ao amor do Pai. Para serem mais eficazes nos seus esfor\u00e7os, sabem colaborar com leigos competentes e comprometidos com a sua f\u00e9.<\/p>\n<p><a href=\"http:\/\/soeurs-de-la-presentation-de-marie.org\/pom\/mission\/education\/centre-educatif\/\">ESCOLAS<\/a>&nbsp;<\/p>\n<p><a href=\"http:\/\/soeurs-de-la-presentation-de-marie.org\/pom\/mission\/centre-spirituelle\/\">CENTROS DE ESPIRITUALIDADE<\/a><\/p>\n<p>SERVI\u00c7O PASTORAL<\/p>\n<p>ORFANATOS<\/p>\n<p>LAR PARA CRIAN\u00c7AS<\/p>\n<p><a href=\"http:\/\/soeurs-de-la-presentation-de-marie.org\/pom\/mission\/maison-de-retraite\/\">LAR DE IDOSOS<\/a><\/p>\n<p>&nbsp;<\/p>\n<p style=\"text-align: center;\"><em>Enquanto houver um canto de terra<\/em><br \/>\n<em>em que Jesus Cristo n\u00e3o seja conhecido e amado,<\/em><br \/>\n<em>as filhas da Mulher-Ap\u00f3stolo<\/em><br \/>\n<em>n\u00e3o podem ficar tranquilas<\/em>. C109<\/p>\n","protected":false},"excerpt":{"rendered":"<p>O ZELO para fazer conhecer e amar Jesus Cristo \u00e9 o car\u00e1cter pr\u00f3prio das Irm\u00e3s da Apresenta\u00e7\u00e3o de Maria. C9 Enquanto arder em n\u00f3s o zelo ardente e puro das nossas origens, Deus aben\u00e7oar\u00e1 os nossos trabalhos. C109 Para Maria Rivier, ter o esp\u00edrito de Jesus Cristo, \u00e9 ser como Ele cheia de zelo pela [&hellip;]<\/p>\n","protected":false},"author":3,"featured_media":0,"parent":0,"menu_order":22,"comment_status":"closed","ping_status":"closed","template":"","meta":{"ngg_post_thumbnail":0,"footnotes":""},"lang":"pt","translations":{"pt":6202,"en":6200,"fr":4066,"es":6204},"pll_sync_post":[],"_links":{"self":[{"href":"https:\/\/soeurs-de-la-presentation-de-marie.org\/pom\/wp-json\/wp\/v2\/pages\/6202"}],"collection":[{"href":"https:\/\/soeurs-de-la-presentation-de-marie.org\/pom\/wp-json\/wp\/v2\/pages"}],"about":[{"href":"https:\/\/soeurs-de-la-presentation-de-marie.org\/pom\/wp-json\/wp\/v2\/types\/page"}],"author":[{"embeddable":true,"href":"https:\/\/soeurs-de-la-presentation-de-marie.org\/pom\/wp-json\/wp\/v2\/users\/3"}],"replies":[{"embeddable":true,"href":"https:\/\/soeurs-de-la-presentation-de-marie.org\/pom\/wp-json\/wp\/v2\/comments?post=6202"}],"version-history":[{"count":4,"href":"https:\/\/soeurs-de-la-presentation-de-marie.org\/pom\/wp-json\/wp\/v2\/pages\/6202\/revisions"}],"predecessor-version":[{"id":7066,"href":"https:\/\/soeurs-de-la-presentation-de-marie.org\/pom\/wp-json\/wp\/v2\/pages\/6202\/revisions\/7066"}],"wp:attachment":[{"href":"https:\/\/soeurs-de-la-presentation-de-marie.org\/pom\/wp-json\/wp\/v2\/media?parent=6202"}],"curies":[{"name":"wp","href":"https:\/\/api.w.org\/{rel}","templated":true}]}}