{"id":6208,"date":"2019-03-04T19:16:08","date_gmt":"2019-03-04T18:16:08","guid":{"rendered":"http:\/\/soeurs-de-la-presentation-de-marie.org\/pom\/?page_id=6208"},"modified":"2019-03-21T09:08:28","modified_gmt":"2019-03-21T08:08:28","slug":"educacao","status":"publish","type":"page","link":"https:\/\/soeurs-de-la-presentation-de-marie.org\/pom\/missao\/educacao\/","title":{"rendered":"Educa\u00e7\u00e3o"},"content":{"rendered":"<p style=\"text-align: center;\"><em>\u00abPonhamo-nos juntas e<\/em><br \/>\n<em>daremos escola\u00bb<\/em><br \/>\n<em>\u00abA boa semente que lan\u00e7ais no cora\u00e7\u00e3o<\/em><br \/>\n<em>dos alunos, dar\u00e1 fruto a seu tempo; j\u00e1 fiz essa experi\u00eancia.\u00bb<\/em><br \/>\nCarta 1072 em 1833<br \/>\nMaria Rivier<\/p>\n<p><strong>MISS\u00c3O DE EDUCA\u00c7\u00c3O<\/strong><br \/>\n<em>Jesus, associa-nos intimamente, atrav\u00e9s de toda a nossa vida, \u00e0 sua obra de Reden\u00e7\u00e3o e chama-nos a participar<\/em><br \/>\n<em>na miss\u00e3o de ensino da Igreja, pela educa\u00e7\u00e3o crist\u00e3 da juventude. C7<\/em><br \/>\n<em>A Educa\u00e7\u00e3o crist\u00e3 da juventude,&nbsp;miss\u00e3o espec\u00edfica da Congrega\u00e7\u00e3o,&nbsp;foi inspirada por Deus \u00e0 nossa Fundadora e <\/em><br \/>\n<em>reconhecida pela Igreja. D48<\/em><br \/>\n<em>\u00c9 nela que encontramos a nossa alegria.<\/em><\/p>\n<p><strong>EDUCA\u00c7\u00c3O E MARIA RIVIER<\/strong><br \/>\nDiante da Piet\u00e1, a pequena Mariazinha suplicou a Nossa Senhora a sua cura: \u00abSant\u00edssima Virgem, cura-me e eu hei-de juntar-te meninas, dar-lhes escola e ensin\u00e1-las a amarem-te muito.\u00bb<br \/>\nEm 1794, ela deixa Montpezat e vai para Thueyts. Enquanto s\u00e3o dissolvidos os conventos, dispersos os religiosos e as igrejas fechadas ao culto, ela chama outras jovens: \u00abPonhamo-nos juntas e daremos escola\u00bb. Assim nasce, a 21 de novembro de 1796, uma nova fam\u00edlia religiosa: a Apresenta\u00e7\u00e3o de Maria. <strong>A escola ser\u00e1 o meio privilegiado para anunciar Jesus Cristo \u00e0s crian\u00e7as e aos jovens<\/strong>. Os mais abandonados ser\u00e3o para ela uma preocupa\u00e7\u00e3o constante.<br \/>\nQuando morreu a 3 de fevereiro de 1838 aos 69 anos, tinha fundado <strong>141 escolas<\/strong> <strong>repartidas por 14 dioceses<\/strong> em Fran\u00e7a e recebido mais de 350 irm\u00e3s para continuarem a sua obra. Hoje, em 20 pa\u00edses do mundo, a Mulher-Ap\u00f3stolo continua a fazer conhecer e amar Jesus Cristo!<\/p>\n","protected":false},"excerpt":{"rendered":"<p>\u00abPonhamo-nos juntas e daremos escola\u00bb \u00abA boa semente que lan\u00e7ais no cora\u00e7\u00e3o dos alunos, dar\u00e1 fruto a seu tempo; j\u00e1 fiz essa experi\u00eancia.\u00bb Carta 1072 em 1833 Maria Rivier MISS\u00c3O DE EDUCA\u00c7\u00c3O Jesus, associa-nos intimamente, atrav\u00e9s de toda a nossa vida, \u00e0 sua obra de Reden\u00e7\u00e3o e chama-nos a participar na miss\u00e3o de ensino da [&hellip;]<\/p>\n","protected":false},"author":3,"featured_media":0,"parent":6202,"menu_order":1,"comment_status":"closed","ping_status":"closed","template":"","meta":{"ngg_post_thumbnail":0,"footnotes":""},"lang":"pt","translations":{"pt":6208,"en":6206,"fr":4117,"es":6210},"pll_sync_post":[],"_links":{"self":[{"href":"https:\/\/soeurs-de-la-presentation-de-marie.org\/pom\/wp-json\/wp\/v2\/pages\/6208"}],"collection":[{"href":"https:\/\/soeurs-de-la-presentation-de-marie.org\/pom\/wp-json\/wp\/v2\/pages"}],"about":[{"href":"https:\/\/soeurs-de-la-presentation-de-marie.org\/pom\/wp-json\/wp\/v2\/types\/page"}],"author":[{"embeddable":true,"href":"https:\/\/soeurs-de-la-presentation-de-marie.org\/pom\/wp-json\/wp\/v2\/users\/3"}],"replies":[{"embeddable":true,"href":"https:\/\/soeurs-de-la-presentation-de-marie.org\/pom\/wp-json\/wp\/v2\/comments?post=6208"}],"version-history":[{"count":4,"href":"https:\/\/soeurs-de-la-presentation-de-marie.org\/pom\/wp-json\/wp\/v2\/pages\/6208\/revisions"}],"predecessor-version":[{"id":7067,"href":"https:\/\/soeurs-de-la-presentation-de-marie.org\/pom\/wp-json\/wp\/v2\/pages\/6208\/revisions\/7067"}],"up":[{"embeddable":true,"href":"https:\/\/soeurs-de-la-presentation-de-marie.org\/pom\/wp-json\/wp\/v2\/pages\/6202"}],"wp:attachment":[{"href":"https:\/\/soeurs-de-la-presentation-de-marie.org\/pom\/wp-json\/wp\/v2\/media?parent=6208"}],"curies":[{"name":"wp","href":"https:\/\/api.w.org\/{rel}","templated":true}]}}