{"id":6237,"date":"2019-03-05T10:53:19","date_gmt":"2019-03-05T09:53:19","guid":{"rendered":"http:\/\/soeurs-de-la-presentation-de-marie.org\/pom\/?page_id=6237"},"modified":"2020-11-27T10:14:22","modified_gmt":"2020-11-27T09:14:22","slug":"centros-educativos","status":"publish","type":"page","link":"https:\/\/soeurs-de-la-presentation-de-marie.org\/pom\/missao\/educacao\/centros-educativos\/","title":{"rendered":"Centros educativos"},"content":{"rendered":"<h3>Br\u00e9sil<\/h3>\n<p>Escola Ana Maria Rivier<\/p>\n<p>&nbsp;<\/p>\n<h3>Espagne<\/h3>\n<p><a href=\"https:\/\/presentaciondemaria.org\/donostia\/\">Presentaci\u00f3n de Mar\u00eda de Donostia-San Sebasti\u00e1n<\/a><br \/>\n<a href=\"https:\/\/www.magaleikastetxea.eus\/\">Ecole Magale&nbsp;Urnieta<\/a><br \/>\n<a href=\"https:\/\/presentaciondemaria.org\/vitoria\/\">Presentaci\u00f3n de Mar\u00eda de&nbsp;Vitoria-Gasteiz<\/a><\/p>\n<h3>&nbsp;<\/h3>\n<h3>\u00c9tats-Unis<\/h3>\n<p><a href=\"https:\/\/www.rivier.edu\/\" target=\"_blank\" rel=\"noopener noreferrer\">Rivier University (Nashua)<\/a><br \/>\n<a href=\"https:\/\/pmamethuen.org\/\" target=\"_blank\" rel=\"noopener noreferrer\">Presentation of Mary Academy (Methuen)<\/a><br \/>\n<a href=\"http:\/\/pmaschool.org\/\" target=\"_blank\" rel=\"noopener noreferrer\">Presentation of Mary Academy (Hudson)<\/a><\/p>\n<p>&nbsp;<\/p>\n<h3>France<\/h3>\n<p><a href=\"http:\/\/www.presentation-de-marie.fr\/\" target=\"_blank\" rel=\"noopener noreferrer\">La Pr\u00e9sentation de Marie (Saint-Julien-en-Genevois)<\/a><br \/>\n<a href=\"http:\/\/www.ecole-college-jeannedarc.com\/\" target=\"_blank\" rel=\"noopener noreferrer\">Ensemble scolaire Jeanne d&#8217;Arc (Saint-Eloy-les-Mines)<\/a><br \/>\n<a href=\"http:\/\/www.stebernadette.com\/\" target=\"_blank\" rel=\"noopener noreferrer\">Ensemble scolaire priv\u00e9e Saint Bernadette (Sainte Florine)<\/a><br \/>\n<a href=\"http:\/\/www.lycee-saintjulien.com\/accueil-college-lycee-saint-julien.49.html\" target=\"_blank\" rel=\"noopener noreferrer\">Ensemble scolaire Saint-Julien (Brioude)<\/a><br \/>\n<a href=\"http:\/\/www.ecolepresentation-langeac.fr\/\" target=\"_blank\" rel=\"noopener noreferrer\">Ecole de la Pr\u00e9sentation (Langeac)<\/a><br \/>\n<a href=\"http:\/\/stjoseph.langeac.free.fr\/\" target=\"_blank\" rel=\"noopener noreferrer\">Coll\u00e8ge Saint Joseph (Langeac)<\/a><br \/>\nEnsemble scolaire La Pr\u00e9sentation (Sauges)<br \/>\nEcole maternelle et primaire Notre Dame (Lavoute Chilhac)<br \/>\n<a href=\"http:\/\/ecole-marie-rivier.fr\/\" target=\"_blank\" rel=\"noopener noreferrer\">Ecole priv\u00e9e Marie Rivier (Fargues-Saint-Hilaire)<\/a><br \/>\n<a href=\"http:\/\/le-mirail.fr\/\" target=\"_blank\" rel=\"noopener noreferrer\">Ensemble scolaire Le Mirail (Bordeaux)<\/a><br \/>\n<a href=\"http:\/\/saintemarie48200.toutemonecole.fr\/\" target=\"_blank\" rel=\"noopener noreferrer\">Ecole primaire priv\u00e9e Sainte Marie (St Chely d&#8217;Apcher)<\/a><br \/>\nEcole maternelle et primaire priv\u00e9e (Aumont-Aubrac)<br \/>\n<a href=\"http:\/\/lycee-terrenouvelle.fr\/\" target=\"_blank\" rel=\"noopener noreferrer\">Terre nouvelle (Marvejols)<\/a><br \/>\nEcole maternelle et primaire Marie Rivier (Coucouron)<br \/>\nEcole maternelle et primaire Pr\u00e9sentation del Marie (Thueyts)<br \/>\nEcole maternelle et primaire Saint R\u00e9gis (Labegude)<br \/>\nEcole maternelle et primaire Notre Dame (Ales)<br \/>\nEcole maternelle et primaire La Pr\u00e9sentation (Vernoux en Vivarais)<br \/>\nEcole maternelle et primaire La Pr\u00e9sentation (Chom\u00e9rac)<br \/>\nEcole maternelle et primaire Louis Royer (Le Pouzin)<br \/>\nEcole maternelle et primaire Saint R\u00e9gis (Viviers)<br \/>\nEcole maternelle et primaire Saint Louis (Le Teil)<br \/>\nEcole primaire Notre Dame (Pont Saint Esprit)<br \/>\n<a href=\"https:\/\/www.marie-rivier.com\/\" target=\"_blank\" rel=\"noopener noreferrer\">Marie Rivier \u00e9ducation (Bourg Saint And\u00e9ol)<\/a><br \/>\n<a href=\"http:\/\/www.stlouis-orange.fr\/\" target=\"_blank\" rel=\"noopener noreferrer\">Saint Louis (Orange)<\/a><br \/>\n<a href=\"https:\/\/www.marie-rivier.org\/\" target=\"_blank\" rel=\"noopener noreferrer\">Marie Rivier (Sorgues)<\/a><br \/>\n<a href=\"https:\/\/www.foyerlapresentation.fr\/\" target=\"_blank\" rel=\"noopener noreferrer\">Foyer La Pr\u00e9sentation (Toulouse)<\/a><br \/>\n<a href=\"http:\/\/www.ecoleiconception.fr\/?lang=fr\" target=\"_blank\" rel=\"noopener noreferrer\">Ecole Immacul\u00e9e Conception &#8211; Saint Hilaire (Toulouse)<\/a><br \/>\n<a href=\"http:\/\/www.ecolejagraulhet.fr\/\" target=\"_blank\" rel=\"noopener noreferrer\">Ecole Jeanne d&#8217;Arc (Graulhet)<\/a><br \/>\n<a href=\"https:\/\/www.notredamecastres.fr\/\" target=\"_blank\" rel=\"noopener noreferrer\">Ensemble scolaire Notre Dame (Castres)<\/a><br \/>\n<a href=\"http:\/\/ecolesaintfrancois.wixsite.com\/saint-francois\" target=\"_blank\" rel=\"noopener noreferrer\">Ecole Saint-Fran\u00e7ois (Roquecourbe)<\/a><br \/>\n<a href=\"http:\/\/ecolepresentation81.toutemonecole.fr\/\" target=\"_blank\" rel=\"noopener noreferrer\">Ecole primaire priv\u00e9e Pr\u00e9sentation Notre Dame (Brassac)<\/a><br \/>\n<a href=\"http:\/\/ejda30.fr\/\" target=\"_blank\" rel=\"noopener noreferrer\">Ecole Jeanne d&#8217;Arc (Bellegarde)<\/a><br \/>\n<a href=\"http:\/\/www.lapresentation.org\/\" target=\"_blank\" rel=\"noopener noreferrer\">Groupe scolaire la Pr\u00e9sentation de Marie (Salon-de-Provence et Miramas)<\/a><br \/>\n<a href=\"http:\/\/la-nativite.fr\/\" target=\"_blank\" rel=\"noopener noreferrer\">Ensemble scolaire La Nativit\u00e9 (Aix en Provence)<\/a><\/p>\n<p>&nbsp;<\/p>\n<h3>Gambia<\/h3>\n<p>Rivier Catechetical Nursery School (Serrekunda)&nbsp;<\/p>\n<p>Anne Marie Rivier Basic School (Brikama-Kitty)<\/p>\n<p>Presentation Girls\u2019 Vocational School (Banjul)&nbsp;<\/p>\n<p>Presentation of Mary Nursery School (Brikama)<\/p>\n<p>&nbsp;<\/p>\n<h3>Japon<\/h3>\n<p><a href=\"http:\/\/en.kenmei.jp\/\" target=\"_blank\" rel=\"noopener noreferrer\">Kenmei Academy (Osaka)<\/a><br \/>\n<a href=\"https:\/\/himejikenmei.ac.jp\/\" target=\"_blank\" rel=\"noopener noreferrer\">Kenmei Joshi Gakuin<\/a><\/p>\n<h3>&nbsp;<\/h3>\n<h3>Mozabique<\/h3>\n<p>Escola Comunit\u00e1ria Marie Rivier (Magude)<\/p>\n<p>Escola Completa ana Marie Rivier (Nampula)<\/p>\n<h3>&nbsp;<\/h3>\n<h3>Philippines<\/h3>\n<p><a href=\"http:\/\/spct.edu.ph\">Saint Peter\u2019s College of Toril<\/a><\/p>\n<p>Holy Cross of Calinan<\/p>\n<p>Holy Cross of Mintal<\/p>\n<p>Holy Cross of Malalag<\/p>\n<p>Holy Cross of Sta Maria<\/p>\n<p>Holy Cross of Malita<\/p>\n<p>Saint Michael School of Padada<\/p>\n<p>Notre Dame School of Mlang<\/p>\n<p>Presentation of Mary School of Clarin&nbsp; (Bohol)<\/p>\n<p>&nbsp;<\/p>\n<h3>Qu\u00e9bec<\/h3>\n<p><a href=\"http:\/\/www.csm.qc.ca\/le-college\/contacts\" target=\"_blank\" rel=\"noopener noreferrer\">Coll\u00e8ge Saint-Maurice (Saint-Hyacinthe)<\/a><\/p>\n<p>&nbsp;<\/p>\n<h3>S\u00e9n\u00e9gal &#8211; Burkina Faso<\/h3>\n<p><a href=\"http:\/\/www.presentationdemarie.com\/\">Ecole Pr\u00e9sentation de Marie Yoff&nbsp;<\/a><\/p>\n<p>Ecole Marie Rivier Colobane (Ziguinchor)<\/p>\n<p>Ecole Anne Marie Rivier (Banfora )<\/p>\n<p>Ecole Pr\u00e9sentation de Marie (Diebuogou)<\/p>\n<p>&nbsp;<\/p>\n<h3>Suisse<\/h3>\n<p><a href=\"https:\/\/www.mont-olivet.ch\/\" target=\"_blank\" rel=\"noopener noreferrer\">Institut Catholique Mont-Olivet (Vich)<\/a><\/p>\n<p>&nbsp;<\/p>\n","protected":false},"excerpt":{"rendered":"<p>Br\u00e9sil Escola Ana Maria Rivier &nbsp; Espagne Presentaci\u00f3n de Mar\u00eda de Donostia-San Sebasti\u00e1n Ecole Magale&nbsp;Urnieta Presentaci\u00f3n de Mar\u00eda de&nbsp;Vitoria-Gasteiz &nbsp; \u00c9tats-Unis Rivier University (Nashua) Presentation of Mary Academy (Methuen) Presentation of Mary Academy (Hudson) &nbsp; France La Pr\u00e9sentation de Marie (Saint-Julien-en-Genevois) Ensemble scolaire Jeanne d&#8217;Arc (Saint-Eloy-les-Mines) Ensemble scolaire priv\u00e9e Saint Bernadette (Sainte Florine) Ensemble scolaire [&hellip;]<\/p>\n","protected":false},"author":3,"featured_media":0,"parent":6208,"menu_order":1,"comment_status":"closed","ping_status":"closed","template":"","meta":{"ngg_post_thumbnail":0,"footnotes":""},"lang":"pt","translations":{"pt":6237,"fr":4708,"es":6235},"pll_sync_post":[],"_links":{"self":[{"href":"https:\/\/soeurs-de-la-presentation-de-marie.org\/pom\/wp-json\/wp\/v2\/pages\/6237"}],"collection":[{"href":"https:\/\/soeurs-de-la-presentation-de-marie.org\/pom\/wp-json\/wp\/v2\/pages"}],"about":[{"href":"https:\/\/soeurs-de-la-presentation-de-marie.org\/pom\/wp-json\/wp\/v2\/types\/page"}],"author":[{"embeddable":true,"href":"https:\/\/soeurs-de-la-presentation-de-marie.org\/pom\/wp-json\/wp\/v2\/users\/3"}],"replies":[{"embeddable":true,"href":"https:\/\/soeurs-de-la-presentation-de-marie.org\/pom\/wp-json\/wp\/v2\/comments?post=6237"}],"version-history":[{"count":6,"href":"https:\/\/soeurs-de-la-presentation-de-marie.org\/pom\/wp-json\/wp\/v2\/pages\/6237\/revisions"}],"predecessor-version":[{"id":17505,"href":"https:\/\/soeurs-de-la-presentation-de-marie.org\/pom\/wp-json\/wp\/v2\/pages\/6237\/revisions\/17505"}],"up":[{"embeddable":true,"href":"https:\/\/soeurs-de-la-presentation-de-marie.org\/pom\/wp-json\/wp\/v2\/pages\/6208"}],"wp:attachment":[{"href":"https:\/\/soeurs-de-la-presentation-de-marie.org\/pom\/wp-json\/wp\/v2\/media?parent=6237"}],"curies":[{"name":"wp","href":"https:\/\/api.w.org\/{rel}","templated":true}]}}