{"id":6251,"date":"2019-03-05T11:04:39","date_gmt":"2019-03-05T10:04:39","guid":{"rendered":"http:\/\/soeurs-de-la-presentation-de-marie.org\/pom\/?page_id=6251"},"modified":"2021-02-11T18:34:24","modified_gmt":"2021-02-11T17:34:24","slug":"de-compaixao","status":"publish","type":"page","link":"https:\/\/soeurs-de-la-presentation-de-marie.org\/pom\/missao\/de-compaixao\/","title":{"rendered":"Miss\u00e3o de Compaix\u00e3o"},"content":{"rendered":"<div class=\"wpb-content-wrapper\"><p>[vc_row][vc_column][vc_row_inner][vc_column_inner][vc_custom_heading text=&#8221;&#8220; Estou cheio de compaix\u00e3o por todos os vossos sofrimentos. &#8220;<br \/>\n&#8211; Bem-aventurada Marie Rivier -&#8221; font_container=&#8221;tag:h2|font_size:55|text_align:center|color:%231e73be&#8221; google_fonts=&#8221;font_family:Italianno%3Aregular|font_style:400%20regular%3A400%3Anormal&#8221;][\/vc_column_inner][\/vc_row_inner][\/vc_column][\/vc_row][vc_row][vc_column][vc_row_inner][vc_column_inner][vc_custom_heading text=&#8221;AMOR AOS POBRES&#8221; font_container=&#8221;tag:h2|font_size:36|text_align:center|color:%230066bf&#8221; google_fonts=&#8221;font_family:Signika%3A300%2Cregular%2C600%2C700|font_style:400%20regular%3A400%3Anormal&#8221;][vc_custom_heading text=&#8221;Deus marcou-nos desde a origem com o sinal que o seu divino Filho invocou como prova da sua divindade: evageliz\u00e1mos os pobres.<\/p>\n<p>O amor e o cuidado das \u00f3rph\u00e3s s\u00e3o o minha \u00e3 minha consola\u00e7\u00e3. Esta obra \u00e9 a alegria do meo cora\u00e7\u00e3o, espero que seja tamb\u00e9m a do vosso.<\/p>\n<p>Socorrer os pobres de Jesus Cristo, \u00e9 nosso primero dever.<br \/>\nQuando tom\u00e1mos o que nos \u00e9 necess\u00e1rio, que mas precisamos?<br \/>\nN\u00e3o temos a provid\u00eancia para cuidar de n\u00f3s?<br \/>\nEstou convencida de que Deus estabeleceu a nossa casa para a instru\u00e7\u00e3o dos pobres e das pessoas modestas. Nessas obras somos aben\u00e7oadas e ressucitamos.<\/p>\n<p>&#8211; Madre Maria Rivier -&#8221; font_container=&#8221;tag:h2|font_size:20|text_align:justify|color:%23377fbf|line_height:1.5&#8243; google_fonts=&#8221;font_family:Alike%20Angular%3Aregular|font_style:400%20regular%3A400%3Anormal&#8221;][\/vc_column_inner][\/vc_row_inner][\/vc_column][\/vc_row][vc_row][vc_column][vc_custom_heading text=&#8221;FRANCE&#8221; font_container=&#8221;tag:h2|font_size:30|text_align:left|color:%230066bf&#8221; google_fonts=&#8221;font_family:Alike%20Angular%3Aregular|font_style:400%20regular%3A400%3Anormal&#8221;][vc_row_inner][vc_column_inner width=&#8221;1\/3&#8243;][vc_custom_heading text=&#8221;EHPAD de la Compassion (Rouen)&#8221; font_container=&#8221;tag:h2|font_size:22|text_align:left|color:%230066bf&#8221; google_fonts=&#8221;font_family:Alike%20Angular%3Aregular|font_style:400%20regular%3A400%3Anormal&#8221;][vc_column_text]&nbsp;<\/p>\n<p><img loading=\"lazy\" decoding=\"async\" class=\"size-medium wp-image-16035 aligncenter\" src=\"https:\/\/soeurs-de-la-presentation-de-marie.org\/pom\/wp-content\/uploads\/2020\/10\/ehpad-la-compassion-Rouen-750x510.jpg\" alt=\"\" width=\"750\" height=\"510\">[\/vc_column_text][\/vc_column_inner][vc_column_inner width=&#8221;1\/3&#8243;][vc_custom_heading text=&#8221;EHPAD du Castel Saint Jacques (Saint Jacques sur Darnetal)&#8221; font_container=&#8221;tag:h2|font_size:22|text_align:left|color:%230066bf&#8221; google_fonts=&#8221;font_family:Alike%20Angular%3Aregular|font_style:400%20regular%3A400%3Anormal&#8221;][vc_column_text]<img loading=\"lazy\" decoding=\"async\" class=\"aligncenter wp-image-16039\" src=\"https:\/\/soeurs-de-la-presentation-de-marie.org\/pom\/wp-content\/uploads\/2020\/10\/EHPAD-Castel-St-Jacques-St-Jacques-sur-Darnetal.jpg\" alt=\"\" width=\"500\" height=\"332\">[\/vc_column_text][\/vc_column_inner][vc_column_inner width=&#8221;1\/3&#8243;][vc_custom_heading text=&#8221;EHPAD Sacr\u00e9 C\u0153ur&#8221; font_container=&#8221;tag:h2|font_size:22|text_align:left|color:%230066bf&#8221; google_fonts=&#8221;font_family:Alike%20Angular%3Aregular|font_style:400%20regular%3A400%3Anormal&#8221;][vc_column_text]&nbsp;<\/p>\n<p><img loading=\"lazy\" decoding=\"async\" class=\"size-medium wp-image-16051 aligncenter\" src=\"https:\/\/soeurs-de-la-presentation-de-marie.org\/pom\/wp-content\/uploads\/2020\/10\/EHPAD-Sacre-Coeur-Rouen-750x510.jpg\" alt=\"\" width=\"750\" height=\"510\">[\/vc_column_text][\/vc_column_inner][\/vc_row_inner][vc_row_inner][vc_column_inner][vc_custom_heading text=&#8221;EHPAD de Saint Joseph (Brassac)&#8221; font_container=&#8221;tag:h2|font_size:22|text_align:left|color:%230066bf&#8221; google_fonts=&#8221;font_family:Alike%20Angular%3Aregular|font_style:400%20regular%3A400%3Anormal&#8221;][\/vc_column_inner][\/vc_row_inner][vc_row_inner][vc_column_inner width=&#8221;1\/3&#8243;][vc_column_text]<img loading=\"lazy\" decoding=\"async\" class=\"size-full wp-image-16073 aligncenter\" src=\"https:\/\/soeurs-de-la-presentation-de-marie.org\/pom\/wp-content\/uploads\/2020\/10\/EHPAD-St-Joseph-Brassac-4.jpg\" alt=\"\" width=\"600\" height=\"399\">[\/vc_column_text][\/vc_column_inner][vc_column_inner width=&#8221;1\/3&#8243;][vc_column_text]<img loading=\"lazy\" decoding=\"async\" class=\"size-medium wp-image-16055 aligncenter\" src=\"https:\/\/soeurs-de-la-presentation-de-marie.org\/pom\/wp-content\/uploads\/2020\/10\/EHPAD-St-Joseph-Brassac-2-750x510.jpg\" alt=\"\" width=\"750\" height=\"510\">[\/vc_column_text][\/vc_column_inner][vc_column_inner width=&#8221;1\/3&#8243;][vc_column_text]<img loading=\"lazy\" decoding=\"async\" class=\"size-medium wp-image-16063 aligncenter\" src=\"https:\/\/soeurs-de-la-presentation-de-marie.org\/pom\/wp-content\/uploads\/2020\/10\/EHPAD-St-Joseph-Brassac-cour-750x510.jpg\" alt=\"\" width=\"750\" height=\"510\">[\/vc_column_text][\/vc_column_inner][\/vc_row_inner][vc_row_inner][vc_column_inner][vc_custom_heading text=&#8221;EHPAD Sainte Marie (Bourg Saint And\u00e9ol)&#8221; font_container=&#8221;tag:h2|font_size:22|text_align:left|color:%230066bf&#8221; google_fonts=&#8221;font_family:Alike%20Angular%3Aregular|font_style:400%20regular%3A400%3Anormal&#8221;][\/vc_column_inner][\/vc_row_inner][vc_row_inner][vc_column_inner width=&#8221;1\/3&#8243;][vc_column_text]<img loading=\"lazy\" decoding=\"async\" class=\"size-medium wp-image-16077 aligncenter\" src=\"https:\/\/soeurs-de-la-presentation-de-marie.org\/pom\/wp-content\/uploads\/2020\/10\/EHPAD-Ste-Marie-Bourg-St-Andeol-750x462.jpg\" alt=\"\" width=\"750\" height=\"462\">[\/vc_column_text][\/vc_column_inner][vc_column_inner width=&#8221;1\/3&#8243;][vc_column_text]<img loading=\"lazy\" decoding=\"async\" class=\"size-full wp-image-16081 aligncenter\" src=\"https:\/\/soeurs-de-la-presentation-de-marie.org\/pom\/wp-content\/uploads\/2020\/10\/futur-batiment-EHPAD-Ste-Marie.png\" alt=\"\" width=\"565\" height=\"389\">[\/vc_column_text][\/vc_column_inner][vc_column_inner width=&#8221;1\/3&#8243;][vc_column_text]<img loading=\"lazy\" decoding=\"async\" class=\"size-full wp-image-16150 aligncenter\" src=\"https:\/\/soeurs-de-la-presentation-de-marie.org\/pom\/wp-content\/uploads\/2020\/10\/20170418_185553.jpg\" alt=\"\" width=\"500\" height=\"333\">[\/vc_column_text][\/vc_column_inner][\/vc_row_inner][vc_row_inner][vc_column_inner][vc_custom_heading text=&#8221;Institui\u00e7\u00e3o Marie Rivier para Crian\u00e7as com Defici\u00eancia&#8221; font_container=&#8221;tag:h2|font_size:22|text_align:left|color:%230066bf&#8221; google_fonts=&#8221;font_family:Alike%20Angular%3Aregular|font_style:400%20regular%3A400%3Anormal&#8221;][\/vc_column_inner][\/vc_row_inner][vc_row_inner][vc_column_inner width=&#8221;1\/3&#8243;][vc_column_text]<img loading=\"lazy\" decoding=\"async\" class=\"size-medium wp-image-16085 aligncenter\" src=\"https:\/\/soeurs-de-la-presentation-de-marie.org\/pom\/wp-content\/uploads\/2020\/10\/travaux-institut-marie-rivier_4226710-750x510.jpeg\" alt=\"\" width=\"750\" height=\"510\">[\/vc_column_text][\/vc_column_inner][vc_column_inner width=&#8221;1\/3&#8243;][vc_column_text]<img loading=\"lazy\" decoding=\"async\" class=\"size-full wp-image-16154 aligncenter\" src=\"https:\/\/soeurs-de-la-presentation-de-marie.org\/pom\/wp-content\/uploads\/2020\/10\/Institut-Marie-Rivier-Le-Puy-en-Velay-2.jpg\" alt=\"\" width=\"300\" height=\"225\">[\/vc_column_text][\/vc_column_inner][vc_column_inner width=&#8221;1\/3&#8243;][vc_column_text]<img loading=\"lazy\" decoding=\"async\" class=\"size-full wp-image-16145 aligncenter\" src=\"https:\/\/soeurs-de-la-presentation-de-marie.org\/pom\/wp-content\/uploads\/2020\/10\/institut-Marie-Rivier-Le-Puy-en-Velay.jpg\" alt=\"\" width=\"500\" height=\"355\">[\/vc_column_text][\/vc_column_inner][\/vc_row_inner][vc_row_inner][vc_column_inner][vc_custom_heading text=&#8221;R\u00e9sidence Nancy Bez&#8221; font_container=&#8221;tag:h2|font_size:22|text_align:left|color:%230066bf&#8221; google_fonts=&#8221;font_family:Alike%20Angular%3Aregular|font_style:400%20regular%3A400%3Anormal&#8221;][\/vc_column_inner][\/vc_row_inner][vc_row_inner][vc_column_inner width=&#8221;1\/3&#8243;][vc_column_text]<img loading=\"lazy\" decoding=\"async\" class=\"size-full wp-image-16121 aligncenter\" src=\"https:\/\/soeurs-de-la-presentation-de-marie.org\/pom\/wp-content\/uploads\/2020\/10\/Residence-Nacy-Bez-Biot.jpg\" alt=\"\" width=\"500\" height=\"281\">[\/vc_column_text][\/vc_column_inner][vc_column_inner width=&#8221;1\/3&#8243;][vc_column_text]<img loading=\"lazy\" decoding=\"async\" class=\"size-full wp-image-16128 aligncenter\" src=\"https:\/\/soeurs-de-la-presentation-de-marie.org\/pom\/wp-content\/uploads\/2020\/10\/Residence-Nacy-Bez-Biot-2-1.jpg\" alt=\"\" width=\"500\" height=\"332\">[\/vc_column_text][\/vc_column_inner][vc_column_inner width=&#8221;1\/3&#8243;][vc_column_text]<img loading=\"lazy\" decoding=\"async\" class=\"size-full wp-image-16132 aligncenter\" src=\"https:\/\/soeurs-de-la-presentation-de-marie.org\/pom\/wp-content\/uploads\/2020\/10\/Residence-Nacy-Bez-Biot-interieur.jpg\" alt=\"\" width=\"500\" height=\"281\">[\/vc_column_text][\/vc_column_inner][\/vc_row_inner][vc_row_inner][vc_column_inner][vc_custom_heading text=&#8221;R\u00e9sidence du Bois&#8221; font_container=&#8221;tag:h2|font_size:22|text_align:left|color:%230066bf&#8221; google_fonts=&#8221;font_family:Alike%20Angular%3Aregular|font_style:400%20regular%3A400%3Anormal&#8221;][\/vc_column_inner][\/vc_row_inner][vc_row_inner][vc_column_inner width=&#8221;1\/3&#8243;][vc_column_text]<img loading=\"lazy\" decoding=\"async\" class=\"size-full wp-image-16047 aligncenter\" src=\"https:\/\/soeurs-de-la-presentation-de-marie.org\/pom\/wp-content\/uploads\/2020\/10\/Residence-du-Bois-St-Jacques.jpg\" alt=\"\" width=\"474\" height=\"309\">[\/vc_column_text][\/vc_column_inner][vc_column_inner width=&#8221;1\/3&#8243;][vc_column_text]<img loading=\"lazy\" decoding=\"async\" class=\"size-full wp-image-16140 aligncenter\" src=\"https:\/\/soeurs-de-la-presentation-de-marie.org\/pom\/wp-content\/uploads\/2020\/10\/Bois-St-Jacques-1.jpg\" alt=\"\" width=\"500\" height=\"375\">[\/vc_column_text][\/vc_column_inner][vc_column_inner width=&#8221;1\/3&#8243;][vc_column_text]<img loading=\"lazy\" decoding=\"async\" class=\"size-full wp-image-16136 aligncenter\" src=\"https:\/\/soeurs-de-la-presentation-de-marie.org\/pom\/wp-content\/uploads\/2020\/10\/Bois-St-Jacques-5.jpg\" alt=\"\" width=\"500\" height=\"375\">[\/vc_column_text][\/vc_column_inner][\/vc_row_inner][\/vc_column][\/vc_row][vc_row][vc_column][vc_custom_heading text=&#8221;PHILIPPINES&#8221; font_container=&#8221;tag:h2|font_size:30|text_align:left|color:%230066bf&#8221; google_fonts=&#8221;font_family:Alike%20Angular%3Aregular|font_style:400%20regular%3A400%3Anormal&#8221;][vc_custom_heading text=&#8221;Marie Rivier Home for Children&#8221; font_container=&#8221;tag:h2|font_size:22|text_align:left|color:%230568bf&#8221; google_fonts=&#8221;font_family:Alike%20Angular%3Aregular|font_style:400%20regular%3A400%3Anormal&#8221;][vc_row_inner][vc_column_inner width=&#8221;1\/3&#8243;][vc_column_text]<img loading=\"lazy\" decoding=\"async\" class=\"size-medium wp-image-16094 aligncenter\" src=\"https:\/\/soeurs-de-la-presentation-de-marie.org\/pom\/wp-content\/uploads\/2020\/10\/b72e4b97-ff21-4631-94da-e20d3b73a8bf-1-750x510.jpg\" alt=\"\" width=\"750\" height=\"510\">[\/vc_column_text][\/vc_column_inner][vc_column_inner width=&#8221;1\/3&#8243;][vc_column_text]<img loading=\"lazy\" decoding=\"async\" class=\"size-full wp-image-16102 aligncenter\" src=\"https:\/\/soeurs-de-la-presentation-de-marie.org\/pom\/wp-content\/uploads\/2020\/10\/Hometraining_backyard-cleaning.jpg\" alt=\"\" width=\"500\" height=\"375\">[\/vc_column_text][\/vc_column_inner][vc_column_inner width=&#8221;1\/3&#8243;][vc_column_text]<img loading=\"lazy\" decoding=\"async\" class=\"size-medium wp-image-16248 aligncenter\" src=\"https:\/\/soeurs-de-la-presentation-de-marie.org\/pom\/wp-content\/uploads\/2020\/10\/MRHC-2-750x510.jpeg\" alt=\"\" width=\"750\" height=\"510\">[\/vc_column_text][\/vc_column_inner][\/vc_row_inner][\/vc_column][\/vc_row][vc_row][vc_column][vc_custom_heading text=&#8221;PORTUGAL&#8221; font_container=&#8221;tag:h2|font_size:30|text_align:left|color:%230066bf&#8221; google_fonts=&#8221;font_family:Alike%20Angular%3Aregular|font_style:400%20regular%3A400%3Anormal&#8221;][vc_custom_heading text=&#8221;Nossa Senhora da Sa\u00fade&#8221; font_container=&#8221;tag:h2|font_size:22|text_align:left|color:%230066bf&#8221; google_fonts=&#8221;font_family:Alike%20Angular%3Aregular|font_style:400%20regular%3A400%3Anormal&#8221;][vc_row_inner][vc_column_inner width=&#8221;1\/3&#8243;][vc_column_text]<img loading=\"lazy\" decoding=\"async\" class=\"size-full wp-image-16252 aligncenter\" src=\"https:\/\/soeurs-de-la-presentation-de-marie.org\/pom\/wp-content\/uploads\/2020\/10\/Setubal-portugal-4.jpg\" alt=\"\" width=\"640\" height=\"480\">[\/vc_column_text][\/vc_column_inner][vc_column_inner width=&#8221;1\/3&#8243;][vc_column_text]<img loading=\"lazy\" decoding=\"async\" class=\"size-full wp-image-16256 aligncenter\" src=\"https:\/\/soeurs-de-la-presentation-de-marie.org\/pom\/wp-content\/uploads\/2020\/10\/Setubal-portugal-2.jpg\" alt=\"\" width=\"650\" height=\"412\">[\/vc_column_text][\/vc_column_inner][vc_column_inner width=&#8221;1\/3&#8243;][vc_column_text]<img loading=\"lazy\" decoding=\"async\" class=\"size-full wp-image-16260 aligncenter\" src=\"https:\/\/soeurs-de-la-presentation-de-marie.org\/pom\/wp-content\/uploads\/2020\/10\/Setubal-portugal-3.jpg\" alt=\"\" width=\"650\" height=\"410\">[\/vc_column_text][\/vc_column_inner][\/vc_row_inner][\/vc_column][\/vc_row][vc_row][vc_column][vc_custom_heading text=&#8221;CANADA (Prince Albert)&#8221; font_container=&#8221;tag:h2|font_size:30|text_align:left|color:%230066bf&#8221; google_fonts=&#8221;font_family:Alike%20Angular%3Aregular|font_style:400%20regular%3A400%3Anormal&#8221;][vc_custom_heading text=&#8221;Minist\u00e9rio com os aut\u00f3ctones na Diocese de Regina&#8221; font_container=&#8221;tag:h2|font_size:22|text_align:left|color:%230066bf&#8221; google_fonts=&#8221;font_family:Alike%20Angular%3Aregular|font_style:400%20regular%3A400%3Anormal&#8221;][vc_row_inner][vc_column_inner width=&#8221;1\/3&#8243;][vc_column_text]<img loading=\"lazy\" decoding=\"async\" class=\"size-medium wp-image-16108 aligncenter\" src=\"https:\/\/soeurs-de-la-presentation-de-marie.org\/pom\/wp-content\/uploads\/2020\/10\/4-ANARC-750x510.jpg\" alt=\"\" width=\"750\" height=\"510\">[\/vc_column_text][\/vc_column_inner][vc_column_inner width=&#8221;1\/3&#8243;][vc_column_text]<img loading=\"lazy\" decoding=\"async\" class=\"size-medium wp-image-16112 aligncenter\" src=\"https:\/\/soeurs-de-la-presentation-de-marie.org\/pom\/wp-content\/uploads\/2020\/10\/3-ANARC..-750x510.jpg\" alt=\"\" width=\"750\" height=\"510\">[\/vc_column_text][\/vc_column_inner][vc_column_inner width=&#8221;1\/3&#8243;][vc_column_text]<img loading=\"lazy\" decoding=\"async\" class=\"size-medium wp-image-16116 aligncenter\" src=\"https:\/\/soeurs-de-la-presentation-de-marie.org\/pom\/wp-content\/uploads\/2020\/10\/9-Church-drum-750x510.jpg\" alt=\"\" width=\"750\" height=\"510\">[\/vc_column_text][\/vc_column_inner][\/vc_row_inner][vc_row_inner][vc_column_inner][vc_custom_heading text=&#8221;SENEGAL&#8221; font_container=&#8221;tag:h2|font_size:28|text_align:left|color:%230066bf&#8221; google_fonts=&#8221;font_family:Alike%20Angular%3Aregular|font_style:400%20regular%3A400%3Anormal&#8221;][vc_custom_heading text=&#8221;Centro de Sa\u00fade&#8221; font_container=&#8221;tag:h2|font_size:22|text_align:left|color:%23136ebf&#8221; google_fonts=&#8221;font_family:Alike%20Angular%3Aregular|font_style:400%20regular%3A400%3Anormal&#8221;][\/vc_column_inner][\/vc_row_inner][vc_row_inner][vc_column_inner width=&#8221;1\/3&#8243;][vc_column_text]<img loading=\"lazy\" decoding=\"async\" class=\"alignnone size-medium wp-image-16415\" src=\"https:\/\/soeurs-de-la-presentation-de-marie.org\/pom\/wp-content\/uploads\/2020\/10\/d7eb56cf-916a-4267-a05b-15f7db8268cf-1-750x510.jpg\" alt=\"\" width=\"750\" height=\"510\">[\/vc_column_text][\/vc_column_inner][vc_column_inner width=&#8221;1\/3&#8243;][vc_column_text]<img loading=\"lazy\" decoding=\"async\" class=\"alignnone size-medium wp-image-16419\" src=\"https:\/\/soeurs-de-la-presentation-de-marie.org\/pom\/wp-content\/uploads\/2020\/10\/108a87ac-3c6d-41d4-a133-d9fbf2eb46ba-750x510.jpg\" alt=\"\" width=\"750\" height=\"510\">[\/vc_column_text][\/vc_column_inner][vc_column_inner width=&#8221;1\/3&#8243;][vc_column_text]<img loading=\"lazy\" decoding=\"async\" class=\"alignnone size-medium wp-image-16423\" src=\"https:\/\/soeurs-de-la-presentation-de-marie.org\/pom\/wp-content\/uploads\/2020\/10\/12bdccc0-c5e0-47d4-a364-5c62c080c462-750x450.jpg\" alt=\"\" width=\"750\" height=\"450\">[\/vc_column_text][\/vc_column_inner][\/vc_row_inner][vc_row_inner][vc_column_inner width=&#8221;1\/3&#8243;][\/vc_column_inner][vc_column_inner width=&#8221;1\/3&#8243;][\/vc_column_inner][vc_column_inner width=&#8221;1\/3&#8243;][\/vc_column_inner][\/vc_row_inner][\/vc_column][\/vc_row]<\/p>\n<\/div>","protected":false},"excerpt":{"rendered":"<p>[vc_row][vc_column][vc_row_inner][vc_column_inner][vc_custom_heading text=&#8221;&#8220; Estou cheio de compaix\u00e3o por todos os vossos sofrimentos. &#8220; &#8211; Bem-aventurada Marie Rivier -&#8221; font_container=&#8221;tag:h2|font_size:55|text_align:center|color:%231e73be&#8221; google_fonts=&#8221;font_family:Italianno%3Aregular|font_style:400%20regular%3A400%3Anormal&#8221;][\/vc_column_inner][\/vc_row_inner][\/vc_column][\/vc_row][vc_row][vc_column][vc_row_inner][vc_column_inner][vc_custom_heading text=&#8221;AMOR AOS POBRES&#8221; font_container=&#8221;tag:h2|font_size:36|text_align:center|color:%230066bf&#8221; google_fonts=&#8221;font_family:Signika%3A300%2Cregular%2C600%2C700|font_style:400%20regular%3A400%3Anormal&#8221;][vc_custom_heading text=&#8221;Deus marcou-nos desde a origem com o sinal que o seu divino Filho invocou como prova da sua divindade: evageliz\u00e1mos os pobres. O amor e o cuidado das \u00f3rph\u00e3s s\u00e3o o [&hellip;]<\/p>\n","protected":false},"author":3,"featured_media":0,"parent":6202,"menu_order":3,"comment_status":"closed","ping_status":"closed","template":"","meta":{"ngg_post_thumbnail":0,"footnotes":""},"lang":"pt","translations":{"pt":6251,"en":6247,"fr":4717,"es":6249},"pll_sync_post":[],"_links":{"self":[{"href":"https:\/\/soeurs-de-la-presentation-de-marie.org\/pom\/wp-json\/wp\/v2\/pages\/6251"}],"collection":[{"href":"https:\/\/soeurs-de-la-presentation-de-marie.org\/pom\/wp-json\/wp\/v2\/pages"}],"about":[{"href":"https:\/\/soeurs-de-la-presentation-de-marie.org\/pom\/wp-json\/wp\/v2\/types\/page"}],"author":[{"embeddable":true,"href":"https:\/\/soeurs-de-la-presentation-de-marie.org\/pom\/wp-json\/wp\/v2\/users\/3"}],"replies":[{"embeddable":true,"href":"https:\/\/soeurs-de-la-presentation-de-marie.org\/pom\/wp-json\/wp\/v2\/comments?post=6251"}],"version-history":[{"count":11,"href":"https:\/\/soeurs-de-la-presentation-de-marie.org\/pom\/wp-json\/wp\/v2\/pages\/6251\/revisions"}],"predecessor-version":[{"id":19063,"href":"https:\/\/soeurs-de-la-presentation-de-marie.org\/pom\/wp-json\/wp\/v2\/pages\/6251\/revisions\/19063"}],"up":[{"embeddable":true,"href":"https:\/\/soeurs-de-la-presentation-de-marie.org\/pom\/wp-json\/wp\/v2\/pages\/6202"}],"wp:attachment":[{"href":"https:\/\/soeurs-de-la-presentation-de-marie.org\/pom\/wp-json\/wp\/v2\/media?parent=6251"}],"curies":[{"name":"wp","href":"https:\/\/api.w.org\/{rel}","templated":true}]}}