{"id":6266,"date":"2019-03-05T11:13:01","date_gmt":"2019-03-05T10:13:01","guid":{"rendered":"http:\/\/soeurs-de-la-presentation-de-marie.org\/pom\/?page_id=6266"},"modified":"2020-05-28T21:17:25","modified_gmt":"2020-05-28T19:17:25","slug":"a-preocupacao-pela-criacao-e-acao-para-a-justica","status":"publish","type":"page","link":"https:\/\/soeurs-de-la-presentation-de-marie.org\/pom\/missao\/a-preocupacao-pela-criacao-e-acao-para-a-justica\/","title":{"rendered":"A preocupa\u00e7\u00e3o pela cria\u00e7\u00e3o e a\u00e7\u00e3o para a justi\u00e7a"},"content":{"rendered":"<div class=\"wpb-content-wrapper\"><p>[vc_row row_space=&#8221;remove_padding_top&#8221;][vc_column][vc_custom_heading text=&#8221;Comprometemo-nos a salvaguardar<br \/>\na harmonia global desejada pelo Criador, \u201cpara ouvir tanto o clamor da terra como o clamor dos pobres\u201d.<br \/>\n&#8211; Laudato si\u2019, # 49 -&#8221; font_container=&#8221;tag:h2|font_size:42|text_align:center|color:%2344b200&#8243; google_fonts=&#8221;font_family:Italianno%3Aregular|font_style:400%20regular%3A400%3Anormal&#8221;][vc_custom_heading text=&#8221;Com efeito, o sentimento de comunh\u00e3o profunda com a cria\u00e7\u00e3o s\u00f3 \u00e9 verdadeiro se os nossos cora\u00e7\u00f5es est\u00e3o cheios de ternura, de compaix\u00e3o e de uma real preocupa\u00e7\u00e3o com a felicidade de cada pessoa.<br \/>\nO nosso compromisso com a justi\u00e7a e a paz tal como os nossos esfor\u00e7os para preservar a beleza, a riqueza e a fecundidade da nossa \u201cM\u00e3e terra\u201d far\u00e3o da nossa \u201ccasa comum\u201d um lugar capaz de sustentar a vida sob todas as suas formas.&#8221; font_container=&#8221;tag:h2|font_size:24|text_align:justify|color:%23229907&#8243; google_fonts=&#8221;font_family:Acme%3Aregular|font_style:400%20regular%3A400%3Anormal&#8221;][\/vc_column][\/vc_row][vc_row row_space=&#8221;remove_padding_top&#8221;][vc_column][vc_column_text]<\/p>\n<p style=\"text-align: center;\"><em>&nbsp;<\/em><\/p>\n<p>[\/vc_column_text][vc_column_text]<\/p>\n<p style=\"text-align: center;\">&nbsp;<\/p>\n<div id=\"attachment_14022\" style=\"width: 910px\" class=\"wp-caption aligncenter\"><img loading=\"lazy\" decoding=\"async\" aria-describedby=\"caption-attachment-14022\" class=\"wp-image-14022 size-large\" src=\"https:\/\/soeurs-de-la-presentation-de-marie.org\/pom\/wp-content\/uploads\/2020\/05\/Laudato-Si-1024x866.jpg\" alt=\"\" width=\"900\" height=\"761\"><p id=\"caption-attachment-14022\" class=\"wp-caption-text\">Comemorando Laudato Si semana 2020<br \/>Planta\u00e7\u00e3o de uma \u00e1rvore<\/p><\/div>\n<p>&nbsp;[\/vc_column_text][\/vc_column][\/vc_row]<\/p>\n<\/div>","protected":false},"excerpt":{"rendered":"<p>[vc_row row_space=&#8221;remove_padding_top&#8221;][vc_column][vc_custom_heading text=&#8221;Comprometemo-nos a salvaguardar a harmonia global desejada pelo Criador, \u201cpara ouvir tanto o clamor da terra como o clamor dos pobres\u201d. &#8211; Laudato si\u2019, # 49 -&#8221; font_container=&#8221;tag:h2|font_size:42|text_align:center|color:%2344b200&#8243; google_fonts=&#8221;font_family:Italianno%3Aregular|font_style:400%20regular%3A400%3Anormal&#8221;][vc_custom_heading text=&#8221;Com efeito, o sentimento de comunh\u00e3o profunda com a cria\u00e7\u00e3o s\u00f3 \u00e9 verdadeiro se os nossos cora\u00e7\u00f5es est\u00e3o cheios de ternura, de compaix\u00e3o e [&hellip;]<\/p>\n","protected":false},"author":3,"featured_media":0,"parent":6202,"menu_order":3,"comment_status":"closed","ping_status":"closed","template":"","meta":{"ngg_post_thumbnail":0,"footnotes":""},"lang":"pt","translations":{"pt":6266,"en":6262,"fr":4139,"es":6264},"pll_sync_post":[],"_links":{"self":[{"href":"https:\/\/soeurs-de-la-presentation-de-marie.org\/pom\/wp-json\/wp\/v2\/pages\/6266"}],"collection":[{"href":"https:\/\/soeurs-de-la-presentation-de-marie.org\/pom\/wp-json\/wp\/v2\/pages"}],"about":[{"href":"https:\/\/soeurs-de-la-presentation-de-marie.org\/pom\/wp-json\/wp\/v2\/types\/page"}],"author":[{"embeddable":true,"href":"https:\/\/soeurs-de-la-presentation-de-marie.org\/pom\/wp-json\/wp\/v2\/users\/3"}],"replies":[{"embeddable":true,"href":"https:\/\/soeurs-de-la-presentation-de-marie.org\/pom\/wp-json\/wp\/v2\/comments?post=6266"}],"version-history":[{"count":6,"href":"https:\/\/soeurs-de-la-presentation-de-marie.org\/pom\/wp-json\/wp\/v2\/pages\/6266\/revisions"}],"predecessor-version":[{"id":14027,"href":"https:\/\/soeurs-de-la-presentation-de-marie.org\/pom\/wp-json\/wp\/v2\/pages\/6266\/revisions\/14027"}],"up":[{"embeddable":true,"href":"https:\/\/soeurs-de-la-presentation-de-marie.org\/pom\/wp-json\/wp\/v2\/pages\/6202"}],"wp:attachment":[{"href":"https:\/\/soeurs-de-la-presentation-de-marie.org\/pom\/wp-json\/wp\/v2\/media?parent=6266"}],"curies":[{"name":"wp","href":"https:\/\/api.w.org\/{rel}","templated":true}]}}