{"id":6280,"date":"2019-03-05T11:18:50","date_gmt":"2019-03-05T10:18:50","guid":{"rendered":"http:\/\/soeurs-de-la-presentation-de-marie.org\/pom\/?page_id=6280"},"modified":"2025-04-20T23:16:28","modified_gmt":"2025-04-20T21:16:28","slug":"messages-2","status":"publish","type":"page","link":"https:\/\/soeurs-de-la-presentation-de-marie.org\/pom\/messages-2\/","title":{"rendered":"Messages"},"content":{"rendered":"<div class=\"wpb-content-wrapper\"><p>[vc_section][vc_row][vc_column][gva_image_content title=&#8221;Mensagem da Madre para a P\u00e1scoa de 2025&#8243; background=&#8221;36168&#8243; link=&#8221;https:\/\/soeurs-de-la-presentation-de-marie.org\/pom\/wp-content\/uploads\/2025\/04\/PT-Pascoa-2025.pdf&#8221;][\/gva_image_content][\/vc_column][vc_column][vc_column_text]<\/p>\n<h2>Message de M\u00e8re Maria dos Anjos Alves pour No\u00ebl 2018<\/h2>\n<p>[\/vc_column_text][\/vc_column][\/vc_row][vc_row][vc_column width=&#8221;1\/5&#8243;][vc_column_text]<\/p>\n<p style=\"text-align: center;\"><a href=\"http:\/\/soeurs-de-la-presentation-de-marie.org\/pom\/wp-content\/uploads\/2018\/12\/No\u00ebl-2018-voeux-en-Fran\u00e7ais-A4.pdf\"><img loading=\"lazy\" decoding=\"async\" class=\"wp-image-4922 aligncenter\" src=\"http:\/\/soeurs-de-la-presentation-de-marie.org\/pom\/wp-content\/uploads\/2015\/12\/Christmas-wish-thumbnail.jpg\" alt=\"\" width=\"109\" height=\"169\"><\/a><\/p>\n<p style=\"text-align: center;\"><a href=\"http:\/\/soeurs-de-la-presentation-de-marie.org\/pom\/wp-content\/uploads\/2018\/12\/No\u00ebl-2018-voeux-en-Fran\u00e7ais-A4.pdf\">en Fran\u00e7ais<\/a><\/p>\n<p>[\/vc_column_text][\/vc_column][vc_column width=&#8221;1\/5&#8243;][vc_column_text]<\/p>\n<p style=\"text-align: center;\"><a href=\"http:\/\/soeurs-de-la-presentation-de-marie.org\/pom\/wp-content\/uploads\/2018\/12\/No\u00ebl-2018-voeux-en-Fran\u00e7ais-A4.pdf\"><img loading=\"lazy\" decoding=\"async\" class=\"wp-image-4922 aligncenter\" src=\"http:\/\/soeurs-de-la-presentation-de-marie.org\/pom\/wp-content\/uploads\/2015\/12\/Christmas-wish-thumbnail.jpg\" alt=\"\" width=\"109\" height=\"169\"><\/a><\/p>\n<p style=\"text-align: center;\"><a href=\"http:\/\/soeurs-de-la-presentation-de-marie.org\/pom\/wp-content\/uploads\/2018\/12\/No\u00ebl-2018-voeux-en-Portugais-A4.pdf\">em Portugu\u00eas<\/a><\/p>\n<p>[\/vc_column_text][\/vc_column][vc_column width=&#8221;1\/5&#8243;][vc_column_text]<\/p>\n<p style=\"text-align: center;\"><a href=\"http:\/\/soeurs-de-la-presentation-de-marie.org\/pom\/wp-content\/uploads\/2018\/12\/No\u00ebl-2018-voeux-en-Fran\u00e7ais-A4.pdf\"><img loading=\"lazy\" decoding=\"async\" class=\"wp-image-4922 aligncenter\" src=\"http:\/\/soeurs-de-la-presentation-de-marie.org\/pom\/wp-content\/uploads\/2015\/12\/Christmas-wish-thumbnail.jpg\" alt=\"\" width=\"109\" height=\"169\"><\/a><\/p>\n<p style=\"text-align: center;\"><a href=\"http:\/\/soeurs-de-la-presentation-de-marie.org\/pom\/wp-content\/uploads\/2018\/12\/Noel-2018-Jvoeux-en-Japonais.pdf\">\u65e5\u672c\u8a9e<\/a><\/p>\n<p>[\/vc_column_text][\/vc_column][vc_column width=&#8221;1\/5&#8243;][vc_column_text]<\/p>\n<p style=\"text-align: center;\"><a href=\"http:\/\/soeurs-de-la-presentation-de-marie.org\/pom\/wp-content\/uploads\/2018\/12\/No\u00ebl-2018-voeux-en-Fran\u00e7ais-A4.pdf\"><img loading=\"lazy\" decoding=\"async\" class=\"wp-image-4922 aligncenter\" src=\"http:\/\/soeurs-de-la-presentation-de-marie.org\/pom\/wp-content\/uploads\/2015\/12\/Christmas-wish-thumbnail.jpg\" alt=\"\" width=\"109\" height=\"169\"><\/a><\/p>\n<p style=\"text-align: center;\"><a href=\"http:\/\/soeurs-de-la-presentation-de-marie.org\/pom\/wp-content\/uploads\/2018\/12\/No\u00ebl-2018-voeux-en-Anglais-A4.pdf\">in English<\/a><\/p>\n<p>[\/vc_column_text][\/vc_column][vc_column width=&#8221;1\/5&#8243;][vc_column_text]<\/p>\n<p style=\"text-align: center;\"><a href=\"http:\/\/soeurs-de-la-presentation-de-marie.org\/pom\/wp-content\/uploads\/2018\/12\/No\u00ebl-2018-voeux-en-Fran\u00e7ais-A4.pdf\"><img loading=\"lazy\" decoding=\"async\" class=\"wp-image-4922 aligncenter\" src=\"http:\/\/soeurs-de-la-presentation-de-marie.org\/pom\/wp-content\/uploads\/2015\/12\/Christmas-wish-thumbnail.jpg\" alt=\"\" width=\"109\" height=\"169\"><\/a><\/p>\n<p style=\"text-align: center;\"><a href=\"http:\/\/soeurs-de-la-presentation-de-marie.org\/pom\/wp-content\/uploads\/2018\/12\/No\u00ebl-2018-voeux-en-Espa\u00f1ol-A4.pdf\">en Espa\u00f1ol<\/a><\/p>\n<p>[\/vc_column_text][\/vc_column][\/vc_row][\/vc_section][vc_row][vc_column][vc_column_text]<\/p>\n<h2>Message de M\u00e8re Maria dos Anjos Alves pour le d\u00e9but de l&#8217;Ann\u00e9e de la R\u00e8gle de Vie (2018)<\/h2>\n<p>[\/vc_column_text][\/vc_column][\/vc_row][vc_row][vc_column width=&#8221;1\/5&#8243;][vc_column_text]<img loading=\"lazy\" decoding=\"async\" class=\"alignleft wp-image-6281\" src=\"http:\/\/soeurs-de-la-presentation-de-marie.org\/pom\/wp-content\/uploads\/2018\/11\/pdf-180x180.png\" alt=\"\" width=\"20\" height=\"20\"><a href=\"http:\/\/soeurs-de-la-presentation-de-marie.org\/pom\/wp-content\/uploads\/2018\/11\/Message-Annee-de-la-Regle-de-Vie_francais.pdf\" target=\"_blank\" rel=\"noopener\">en fran\u00e7ais<\/a>[\/vc_column_text][\/vc_column][vc_column width=&#8221;1\/5&#8243;][vc_column_text]<img loading=\"lazy\" decoding=\"async\" class=\"alignleft wp-image-6281\" src=\"http:\/\/soeurs-de-la-presentation-de-marie.org\/pom\/wp-content\/uploads\/2018\/11\/pdf-180x180.png\" alt=\"\" width=\"20\" height=\"20\"><a href=\"http:\/\/soeurs-de-la-presentation-de-marie.org\/pom\/wp-content\/uploads\/2018\/11\/Message-Annee-de-la-Regle-de-Vie_portoguese.pdf\" target=\"_blank\" rel=\"noopener\">em portugu\u00eas<\/a>[\/vc_column_text][\/vc_column][vc_column width=&#8221;1\/5&#8243;][vc_column_text]<img loading=\"lazy\" decoding=\"async\" class=\"alignleft wp-image-6281\" src=\"http:\/\/soeurs-de-la-presentation-de-marie.org\/pom\/wp-content\/uploads\/2018\/11\/pdf-180x180.png\" alt=\"\" width=\"20\" height=\"20\"><a href=\"http:\/\/soeurs-de-la-presentation-de-marie.org\/pom\/wp-content\/uploads\/2018\/11\/Message-Annee-de-la-Regle-de-Vie_espanol.pdf\" target=\"_blank\" rel=\"noopener\">en espa\u00f1ol<\/a>[\/vc_column_text][\/vc_column][vc_column width=&#8221;1\/5&#8243;][vc_column_text]<img loading=\"lazy\" decoding=\"async\" class=\"alignleft wp-image-6281\" src=\"http:\/\/soeurs-de-la-presentation-de-marie.org\/pom\/wp-content\/uploads\/2018\/11\/pdf-180x180.png\" alt=\"\" width=\"20\" height=\"20\"><a href=\"http:\/\/soeurs-de-la-presentation-de-marie.org\/pom\/wp-content\/uploads\/2018\/11\/Message-Annee-de-la-Regle-de-Vie_english.pdf\" target=\"_blank\" rel=\"noopener\">in English<\/a>[\/vc_column_text][\/vc_column][vc_column width=&#8221;1\/5&#8243;][vc_column_text]<img loading=\"lazy\" decoding=\"async\" class=\"alignleft wp-image-6281\" src=\"http:\/\/soeurs-de-la-presentation-de-marie.org\/pom\/wp-content\/uploads\/2018\/11\/pdf-180x180.png\" alt=\"\" width=\"20\" height=\"20\"><a href=\"http:\/\/soeurs-de-la-presentation-de-marie.org\/pom\/wp-content\/uploads\/2018\/11\/Message-Annee-de-la-Regle-de-Vie_japonais.pdf\" target=\"_blank\" rel=\"noopener\">\u65e5\u672c\u8a9e\u3067<\/a>[\/vc_column_text][\/vc_column][\/vc_row][vc_row][vc_column width=&#8221;1\/2&#8243;][vc_video link=&#8221;https:\/\/youtu.be\/9RRwHdSdfEs&#8221; title=&#8221;en fran\u00e7ais&#8221;][vc_video link=&#8221;https:\/\/youtu.be\/ow5qYQiQbkM&#8221; title=&#8221;en espa\u00f1ol&#8221;][\/vc_column][vc_column width=&#8221;1\/2&#8243;][vc_video link=&#8221;https:\/\/youtu.be\/ZXjxXnRMHZM&#8221; title=&#8221;em portugu\u00eas&#8221;][vc_video link=&#8221;https:\/\/youtu.be\/W55EI-L_xho&#8221; title=&#8221;in English&#8221;][\/vc_column][\/vc_row]<\/p>\n<\/div>","protected":false},"excerpt":{"rendered":"<p>[vc_section][vc_row][vc_column][gva_image_content title=&#8221;Mensagem da Madre para a P\u00e1scoa de 2025&#8243; background=&#8221;36168&#8243; link=&#8221;https:\/\/soeurs-de-la-presentation-de-marie.org\/pom\/wp-content\/uploads\/2025\/04\/PT-Pascoa-2025.pdf&#8221;][\/gva_image_content][\/vc_column][vc_column][vc_column_text] Message de M\u00e8re Maria dos Anjos Alves pour No\u00ebl 2018 [\/vc_column_text][\/vc_column][\/vc_row][vc_row][vc_column width=&#8221;1\/5&#8243;][vc_column_text] en Fran\u00e7ais [\/vc_column_text][\/vc_column][vc_column width=&#8221;1\/5&#8243;][vc_column_text] em Portugu\u00eas [\/vc_column_text][\/vc_column][vc_column width=&#8221;1\/5&#8243;][vc_column_text] \u65e5\u672c\u8a9e [\/vc_column_text][\/vc_column][vc_column width=&#8221;1\/5&#8243;][vc_column_text] in English [\/vc_column_text][\/vc_column][vc_column width=&#8221;1\/5&#8243;][vc_column_text] en Espa\u00f1ol [\/vc_column_text][\/vc_column][\/vc_row][\/vc_section][vc_row][vc_column][vc_column_text] Message de M\u00e8re Maria dos Anjos Alves pour le d\u00e9but de l&#8217;Ann\u00e9e de la [&hellip;]<\/p>\n","protected":false},"author":3,"featured_media":0,"parent":0,"menu_order":1,"comment_status":"closed","ping_status":"closed","template":"","meta":{"ngg_post_thumbnail":0,"footnotes":""},"lang":"pt","translations":{"pt":6280,"en":36177,"fr":36181,"es":36185},"pll_sync_post":[],"_links":{"self":[{"href":"https:\/\/soeurs-de-la-presentation-de-marie.org\/pom\/wp-json\/wp\/v2\/pages\/6280"}],"collection":[{"href":"https:\/\/soeurs-de-la-presentation-de-marie.org\/pom\/wp-json\/wp\/v2\/pages"}],"about":[{"href":"https:\/\/soeurs-de-la-presentation-de-marie.org\/pom\/wp-json\/wp\/v2\/types\/page"}],"author":[{"embeddable":true,"href":"https:\/\/soeurs-de-la-presentation-de-marie.org\/pom\/wp-json\/wp\/v2\/users\/3"}],"replies":[{"embeddable":true,"href":"https:\/\/soeurs-de-la-presentation-de-marie.org\/pom\/wp-json\/wp\/v2\/comments?post=6280"}],"version-history":[{"count":6,"href":"https:\/\/soeurs-de-la-presentation-de-marie.org\/pom\/wp-json\/wp\/v2\/pages\/6280\/revisions"}],"predecessor-version":[{"id":35095,"href":"https:\/\/soeurs-de-la-presentation-de-marie.org\/pom\/wp-json\/wp\/v2\/pages\/6280\/revisions\/35095"}],"wp:attachment":[{"href":"https:\/\/soeurs-de-la-presentation-de-marie.org\/pom\/wp-json\/wp\/v2\/media?parent=6280"}],"curies":[{"name":"wp","href":"https:\/\/api.w.org\/{rel}","templated":true}]}}