{"id":6315,"date":"2019-03-05T11:26:48","date_gmt":"2019-03-05T10:26:48","guid":{"rendered":"http:\/\/soeurs-de-la-presentation-de-marie.org\/pom\/?page_id=6315"},"modified":"2022-02-08T22:35:21","modified_gmt":"2022-02-08T21:35:21","slug":"comunhao","status":"publish","type":"page","link":"https:\/\/soeurs-de-la-presentation-de-marie.org\/pom\/comunhao\/","title":{"rendered":"Comunh\u00e3o, uma realidade"},"content":{"rendered":"<div class=\"wpb-content-wrapper\"><p>[vc_row row_space=&#8221;remove_padding_bottom&#8221;][vc_column][vc_custom_heading text=&#8221;Juntemo-nos para desenvolver uma verdadeira espiritualidade de comunh\u00e3o que nos abra aos outros e nos mantenha em harmonia com toda a cria\u00e7\u00e3o.&#8221; font_container=&#8221;tag:h2|font_size:38|text_align:center|color:%232b8200&#8243; google_fonts=&#8221;font_family:Aladin%3Aregular|font_style:400%20regular%3A400%3Anormal&#8221;][vc_column_text]<\/p>\n<ul>\n<li><span style=\"color: #008000;\">Mantenhamos vivo o nosso esp\u00edrito da fam\u00edlia atrav\u00e9s de encontros locais e internacionais e de trocas de informa\u00e7\u00f5es e experi\u00eancias.<\/span><\/li>\n<li><span style=\"color: #008000;\">Ajudemo-nos a tornar as nossas comunidades locais em lugares de escuta, de interc\u00e2mbio, de reconcilia\u00e7\u00e3o e de compaix\u00e3o, onde se respire \u201co bom odor de Jesus Cristo.\u201d 2 Cor 2,15<\/span><\/li>\n<li><span style=\"color: #008000;\">Saibamos utilizar com discernimento os novos meios de comunica\u00e7\u00e3o de modo que favore\u00e7am a comunh\u00e3o entre n\u00f3s.<\/span><\/li>\n<li><span style=\"color: #008000;\">Sejamos testemunhas cred\u00edveis do Evangelho atrav\u00e9s de uma vida coerente onde se exprima a alegria de estarmos reunidas por Jesus Cristo.<\/span><\/li>\n<li><span style=\"color: #008000;\">Participemos na harmonia da cria\u00e7\u00e3o pelas nossas palavras positivas e as nossas a\u00e7\u00f5es respeitosas pelo meio ambiente.<\/span><\/li>\n<\/ul>\n<p>[\/vc_column_text][\/vc_column][\/vc_row][vc_row row_space=&#8221;remove_padding_top&#8221;][vc_column][vc_custom_heading text=&#8221;Lan\u00e7amento do ano da Vida Fraterna &#8221; font_container=&#8221;tag:h2|font_size:70|text_align:center|color:%23447500&#8243; google_fonts=&#8221;font_family:Italianno%3Aregular|font_style:400%20regular%3A400%3Anormal&#8221;][vc_custom_heading text=&#8221;3 fevereiro 2022 &#8211; 3 fevereiro 2023&#8243; font_container=&#8221;tag:h2|font_size:38|text_align:center|color:%232b8200&#8243; google_fonts=&#8221;font_family:Bilbo%3Aregular|font_style:400%20regular%3A400%3Anormal&#8221;][vc_row_inner][vc_column_inner width=&#8221;1\/4&#8243;][vc_custom_heading text=&#8221;29 janeiro 2022&#8243; font_container=&#8221;tag:h2|font_size:32|text_align:left|color:%2351751e&#8221; google_fonts=&#8221;font_family:Bilbo%3Aregular|font_style:400%20regular%3A400%3Anormal&#8221;][\/vc_column_inner][vc_column_inner width=&#8221;3\/4&#8243;][vc_custom_heading text=&#8221;A Comunidade: Imagem da Sant\u00edssima Trindade&#8221; font_container=&#8221;tag:h2|font_size:39|text_align:center|color:%23447500&#8243; google_fonts=&#8221;font_family:Averia%20Serif%20Libre%3A300%2C300italic%2Cregular%2Citalic%2C700%2C700italic|font_style:400%20regular%3A400%3Anormal&#8221;][vc_custom_heading text=&#8221;uma carta circular&#8221; font_container=&#8221;tag:h2|font_size:32|text_align:center|color:%232b8200&#8243; google_fonts=&#8221;font_family:Averia%20Serif%20Libre%3A300%2C300italic%2Cregular%2Citalic%2C700%2C700italic|font_style:400%20regular%3A400%3Anormal&#8221;][\/vc_column_inner][\/vc_row_inner][vc_empty_space][vc_row_inner][vc_column_inner width=&#8221;1\/4&#8243;][vc_column_text]&nbsp;<\/p>\n<p><img loading=\"lazy\" decoding=\"async\" class=\"aligncenter wp-image-26645\" src=\"https:\/\/soeurs-de-la-presentation-de-marie.org\/pom\/wp-content\/uploads\/2022\/01\/trinity_880.png\" alt=\"\" width=\"440\" height=\"551\">[\/vc_column_text][\/vc_column_inner][vc_column_inner width=&#8221;3\/4&#8243;][vc_custom_heading text=&#8221;Apresenta\u00e7\u00e3o&#8221; font_container=&#8221;tag:h2|font_size:28|text_align:left|color:%232b8200&#8243; google_fonts=&#8221;font_family:Averia%20Serif%20Libre%3A300%2C300italic%2Cregular%2Citalic%2C700%2C700italic|font_style:400%20regular%3A400%3Anormal&#8221;][vc_custom_heading text=&#8221;Itiner\u00e1rio hist\u00f3rico&#8221; font_container=&#8221;tag:h2|font_size:38|text_align:center|color:%234b7511&#8243; google_fonts=&#8221;font_family:Bilbo%3Aregular|font_style:400%20regular%3A400%3Anormal&#8221;][vc_column_text]<span style=\"color: #003300;\">Nesta primeira parte, gostaria de fazer uma peregrina\u00e7\u00e3o com as irm\u00e3s, \u00e0s nossas origens, para continuar a aprofundar e a gravar nas nossas vidas a riqueza da vida comunit\u00e1ria. Ao ir ao cora\u00e7\u00e3o do carisma de Marie Rivier, coloquei a mim pr\u00f3pria a seguinte quest\u00e3o: onde \u00e9 que a nossa Fundadora encontrou a sua fonte?&nbsp;<\/span><\/p>\n<p style=\"text-align: center;\"><span style=\"color: #003300;\"><strong><em>Conhecer Jesus Cristo no Evangelho&#8230;<\/em><\/strong><\/span><\/p>\n<p><span style=\"color: #003300;\">Conhecer no sentido b\u00edblico \u00e9 sobretudo um conhecimento amoroso que toca e transforma toda a nossa vida; \u00e9 experimentar, \u00e9 viver em profundidade, \u00e9 estabelecer uma rela\u00e7\u00e3o, uma comunh\u00e3o, viver uma presen\u00e7a. <strong><em>Saboreai e vede como o Senhor \u00e9 bom; Feliz o homem que nele confia!<\/em><\/strong> Salmo 34 (33),9.<\/span>[\/vc_column_text][\/vc_column_inner][\/vc_row_inner][\/vc_column][\/vc_row][vc_row row_space=&#8221;remove_padding_top&#8221;][vc_column][vc_column_text]<span style=\"color: #003300;\">\u00c9 este conhecimento que nos leva a amar e a imitar Jesus com toda a nossa vida. Marie Rivier diz-nos sempre: <em>N\u00e3o podemos am\u00e1-lo sem o conhecermos, e s\u00f3 o imitaremos na medida em que o amamos. Amemos, pois, Nosso Senhor para o imitar e, para o amarmos, estudemo-lo, meditemo-lo incessantemente e esforcemo-nos ao m\u00e1ximo por conhec\u00ea-lo<\/em> (E.S., p.19)<\/span><\/p>\n<p><span style=\"color: #003300;\">\u00c9 aqui que coloco o foco, o conhecimento amoroso e a rela\u00e7\u00e3o profunda.&nbsp; O nosso lugar de transforma\u00e7\u00e3o \u00e9 o encontro com Cristo. O poder transformador do Evangelho na nossa vida pessoal tamb\u00e9m revitaliza as nossas comunidades.<\/span>[\/vc_column_text][\/vc_column][\/vc_row]<\/p>\n<\/div>","protected":false},"excerpt":{"rendered":"<p>[vc_row row_space=&#8221;remove_padding_bottom&#8221;][vc_column][vc_custom_heading text=&#8221;Juntemo-nos para desenvolver uma verdadeira espiritualidade de comunh\u00e3o que nos abra aos outros e nos mantenha em harmonia com toda a cria\u00e7\u00e3o.&#8221; font_container=&#8221;tag:h2|font_size:38|text_align:center|color:%232b8200&#8243; google_fonts=&#8221;font_family:Aladin%3Aregular|font_style:400%20regular%3A400%3Anormal&#8221;][vc_column_text] Mantenhamos vivo o nosso esp\u00edrito da fam\u00edlia atrav\u00e9s de encontros locais e internacionais e de trocas de informa\u00e7\u00f5es e experi\u00eancias. Ajudemo-nos a tornar as nossas comunidades locais em lugares [&hellip;]<\/p>\n","protected":false},"author":3,"featured_media":0,"parent":0,"menu_order":31,"comment_status":"closed","ping_status":"closed","template":"","meta":{"ngg_post_thumbnail":0,"footnotes":""},"lang":"pt","translations":{"pt":6315,"en":6311,"fr":4265,"es":6313},"pll_sync_post":[],"_links":{"self":[{"href":"https:\/\/soeurs-de-la-presentation-de-marie.org\/pom\/wp-json\/wp\/v2\/pages\/6315"}],"collection":[{"href":"https:\/\/soeurs-de-la-presentation-de-marie.org\/pom\/wp-json\/wp\/v2\/pages"}],"about":[{"href":"https:\/\/soeurs-de-la-presentation-de-marie.org\/pom\/wp-json\/wp\/v2\/types\/page"}],"author":[{"embeddable":true,"href":"https:\/\/soeurs-de-la-presentation-de-marie.org\/pom\/wp-json\/wp\/v2\/users\/3"}],"replies":[{"embeddable":true,"href":"https:\/\/soeurs-de-la-presentation-de-marie.org\/pom\/wp-json\/wp\/v2\/comments?post=6315"}],"version-history":[{"count":5,"href":"https:\/\/soeurs-de-la-presentation-de-marie.org\/pom\/wp-json\/wp\/v2\/pages\/6315\/revisions"}],"predecessor-version":[{"id":26670,"href":"https:\/\/soeurs-de-la-presentation-de-marie.org\/pom\/wp-json\/wp\/v2\/pages\/6315\/revisions\/26670"}],"wp:attachment":[{"href":"https:\/\/soeurs-de-la-presentation-de-marie.org\/pom\/wp-json\/wp\/v2\/media?parent=6315"}],"curies":[{"name":"wp","href":"https:\/\/api.w.org\/{rel}","templated":true}]}}