{"id":8706,"date":"2019-07-18T17:16:06","date_gmt":"2019-07-18T15:16:06","guid":{"rendered":"http:\/\/soeurs-de-la-presentation-de-marie.org\/pom\/?page_id=8603"},"modified":"2020-05-24T21:59:05","modified_gmt":"2020-05-24T19:59:05","slug":"marie-rivier-associate","status":"publish","type":"page","link":"https:\/\/soeurs-de-la-presentation-de-marie.org\/pom\/presentation-de-marie\/ensemble-famille-spirituelle\/marie-rivier-associate\/","title":{"rendered":"Les associ\u00e9s Marie Rivier"},"content":{"rendered":"<div class=\"wpb-content-wrapper\"><p>[vc_row][vc_column][vc_custom_heading text=&#8221;Les Associ\u00e9s Marie Rivier (AMR)&#8221; font_container=&#8221;tag:h2|font_size:40|text_align:left|color:%230166bf&#8221; google_fonts=&#8221;font_family:Almendra%3Aregular%2Citalic%2C700%2C700italic|font_style:400%20regular%3A400%3Anormal&#8221;][vc_custom_heading text=&#8221;Les Associ\u00e9s font partie de notre famille spirituelle.&nbsp;Ils s&#8217;engagent \u00e0 vivre une vie de pri\u00e8re plus profonde, \u00e0 donner plus de temps \u00e0 l&#8217;adoration eucharistique, \u00e0 \u00e9couter et \u00e0 partager la Parole de Dieu.<\/p>\n<p>Ils sont appel\u00e9s \u00e0 s&#8217;engager toujours davantage dans la mission apostolique qui est la n\u00f4tre, au service de l&#8217;\u00c9glise dans le monde pour faire conna\u00eetre et aimer J\u00e9sus Christ, ainsi que la Bienheureuse Vierge Marie et notre Bienheureuse Fondatrice.&#8221; font_container=&#8221;tag:h2|font_size:21|text_align:justify|color:%232096c9&#8243; google_fonts=&#8221;font_family:Alice%3Aregular|font_style:400%20regular%3A400%3Anormal&#8221;][vc_row_inner][vc_column_inner width=&#8221;1\/4&#8243;][vc_column_text]<img loading=\"lazy\" decoding=\"async\" class=\"alignleft wp-image-12323\" src=\"https:\/\/soeurs-de-la-presentation-de-marie.org\/pom\/wp-content\/uploads\/2020\/03\/AssociationLogo.jpg\" alt=\"\" width=\"240\" height=\"281\">[\/vc_column_text][\/vc_column_inner][vc_column_inner width=&#8221;3\/4&#8243;][vc_custom_heading text=&#8221;Ce sont ces exp\u00e9riences qui nous permettent de grandir dans l&#8217;h\u00e9ritage spirituel de Marie Rivier:&#8221; font_container=&#8221;tag:h2|font_size:23|text_align:left|color:%231896bc&#8221; google_fonts=&#8221;font_family:Alice%3Aregular|font_style:400%20regular%3A400%3Anormal&#8221;][vc_column_text]<\/p>\n<ul>\n<li>Lecture des biographies de Marie Rivier: plus j&#8217;apprends \u00e0 conna\u00eetre Marie Rivier, plus je m\u2019attache \u00e0 J\u00e9sus-Christ<\/li>\n<li>&#8220;faire conna\u00eetre et aimer J\u00e9sus-Christ&#8221;.<\/li>\n<li>Nos rencontres et le partage en petit groupe de nos exp\u00e9riences, cela me donne la force de partager mes joies et mes peines et de rentrer chez moi avec plus de confiance.<\/li>\n<li>Participation \u00e0 la r\u00e9union internationale des Associ\u00e9s.<\/li>\n<li>Les neuvaines et la participation \u00e0 la pri\u00e8re communautaire des s\u0153urs. Les temps d&#8217;adoration, le chapelet, les r\u00e9collections et les retraites de groupe.<\/li>\n<li>La participation aux f\u00eates de famille: f\u00eate de Marie Rivier, Pr\u00e9sentation de Marie, les p\u00e8lerinages aux Sanctuaires de Notre Dame, la c\u00e9l\u00e9bration des v\u0153ux perp\u00e9tuels de nos jeunes s\u0153urs.<\/li>\n<\/ul>\n<p>[\/vc_column_text][\/vc_column_inner][\/vc_row_inner][vc_custom_heading text=&#8221;&nbsp;&#8220; \u00catre un \u00e9vangile ouvert, o\u00f9 chacun peut lire J\u00e9sus Christ! &#8220;<br \/>\n&#8211; Bienheureuse Marie Rivier -&#8221; font_container=&#8221;tag:h2|font_size:54|text_align:center|color:%23006be5&#8243; google_fonts=&#8221;font_family:Italianno%3Aregular|font_style:400%20regular%3A400%3Anormal&#8221;][\/vc_column][\/vc_row]<\/p>\n<\/div>","protected":false},"excerpt":{"rendered":"<p>[vc_row][vc_column][vc_custom_heading text=&#8221;Les Associ\u00e9s Marie Rivier (AMR)&#8221; font_container=&#8221;tag:h2|font_size:40|text_align:left|color:%230166bf&#8221; google_fonts=&#8221;font_family:Almendra%3Aregular%2Citalic%2C700%2C700italic|font_style:400%20regular%3A400%3Anormal&#8221;][vc_custom_heading text=&#8221;Les Associ\u00e9s font partie de notre famille spirituelle.&nbsp;Ils s&#8217;engagent \u00e0 vivre une vie de pri\u00e8re plus profonde, \u00e0 donner plus de temps \u00e0 l&#8217;adoration eucharistique, \u00e0 \u00e9couter et \u00e0 partager la Parole de Dieu. Ils sont appel\u00e9s \u00e0 s&#8217;engager toujours davantage dans la mission apostolique qui est [&hellip;]<\/p>\n","protected":false},"author":2,"featured_media":0,"parent":4088,"menu_order":1,"comment_status":"closed","ping_status":"closed","template":"","meta":{"ngg_post_thumbnail":0,"footnotes":""},"lang":"fr","translations":{"fr":8706,"en":8603,"es":8710},"pll_sync_post":[],"_links":{"self":[{"href":"https:\/\/soeurs-de-la-presentation-de-marie.org\/pom\/wp-json\/wp\/v2\/pages\/8706"}],"collection":[{"href":"https:\/\/soeurs-de-la-presentation-de-marie.org\/pom\/wp-json\/wp\/v2\/pages"}],"about":[{"href":"https:\/\/soeurs-de-la-presentation-de-marie.org\/pom\/wp-json\/wp\/v2\/types\/page"}],"author":[{"embeddable":true,"href":"https:\/\/soeurs-de-la-presentation-de-marie.org\/pom\/wp-json\/wp\/v2\/users\/2"}],"replies":[{"embeddable":true,"href":"https:\/\/soeurs-de-la-presentation-de-marie.org\/pom\/wp-json\/wp\/v2\/comments?post=8706"}],"version-history":[{"count":6,"href":"https:\/\/soeurs-de-la-presentation-de-marie.org\/pom\/wp-json\/wp\/v2\/pages\/8706\/revisions"}],"predecessor-version":[{"id":13911,"href":"https:\/\/soeurs-de-la-presentation-de-marie.org\/pom\/wp-json\/wp\/v2\/pages\/8706\/revisions\/13911"}],"up":[{"embeddable":true,"href":"https:\/\/soeurs-de-la-presentation-de-marie.org\/pom\/wp-json\/wp\/v2\/pages\/4088"}],"wp:attachment":[{"href":"https:\/\/soeurs-de-la-presentation-de-marie.org\/pom\/wp-json\/wp\/v2\/media?parent=8706"}],"curies":[{"name":"wp","href":"https:\/\/api.w.org\/{rel}","templated":true}]}}