{"id":8717,"date":"2019-07-18T17:16:27","date_gmt":"2019-07-18T15:16:27","guid":{"rendered":"http:\/\/soeurs-de-la-presentation-de-marie.org\/pom\/?page_id=8605"},"modified":"2020-03-17T20:54:17","modified_gmt":"2020-03-17T19:54:17","slug":"pm-lay-consecrated","status":"publish","type":"page","link":"https:\/\/soeurs-de-la-presentation-de-marie.org\/pom\/presentation-de-marie\/ensemble-famille-spirituelle\/pm-lay-consecrated\/","title":{"rendered":"Les la\u00efcs consacr\u00e9s"},"content":{"rendered":"<div class=\"wpb-content-wrapper\"><p>[vc_row][vc_column][vc_custom_heading text=&#8221;La charit\u00e9 nous presse de r\u00e9v\u00e9ler \u00e0 ceux qui nous interrogent<br \/>\nl\u2019esp\u00e9rance qui nous habite.&#8221; font_container=&#8221;tag:h2|font_size:55|text_align:center|color:%230066bf&#8221; google_fonts=&#8221;font_family:Italianno%3Aregular|font_style:400%20regular%3A400%3Anormal&#8221;][vc_row_inner][vc_column_inner width=&#8221;1\/4&#8243;][vc_column_text]<img loading=\"lazy\" decoding=\"async\" class=\"alignleft wp-image-9127 \" src=\"https:\/\/soeurs-de-la-presentation-de-marie.org\/pom\/wp-content\/uploads\/2019\/08\/HEADER_LAY-CONSECRATED_ED01-180x180.jpg\" alt=\"\" width=\"234\" height=\"233\">[\/vc_column_text][\/vc_column_inner][vc_column_inner width=&#8221;3\/4&#8243;][vc_custom_heading text=&#8221;<br \/>\nLes membres la\u00efcs consacr\u00e9s de la famille spirituelle de la Pr\u00e9sentation de Marie, souhaitent vivre de mani\u00e8re unique le charisme de la Bienheureuse Marie Rivier, suivre J\u00e9sus Christ de plus pr\u00e8s et vivre les valeurs \u00e9vang\u00e9liques, comme lumi\u00e8re et levain dans le monde.<\/p>\n<p>Ils sont des femmes et des hommes catholiques, c\u00e9libataires ou veufs, qui sont appel\u00e9s int\u00e9rieurement par Dieu \u00e0 rechercher une vie de parfaite charit\u00e9 par la cons\u00e9cration par v\u0153u priv\u00e9 de chastet\u00e9 v\u00e9cue dans une vie de c\u00e9libat, en choisissant un amour pr\u00e9f\u00e9rentiel pour Dieu et pour sa gloire, au service de son Royaume.&#8221; font_container=&#8221;tag:h2|font_size:21|text_align:justify|color:%230d6cbf&#8221; google_fonts=&#8221;font_family:Alice%3Aregular|font_style:400%20regular%3A400%3Anormal&#8221;][\/vc_column_inner][\/vc_row_inner][vc_custom_heading text=&#8221;Discernement de l\u2019appel<br \/>\ndans la famille spirituel des Soeurs de la Pr\u00e9sentation de Marie<br \/>\n&#8221; font_container=&#8221;tag:h2|font_size:22|text_align:center|color:%23065fd3&#8243; google_fonts=&#8221;font_family:Alice%3Aregular|font_style:400%20regular%3A400%3Anormal&#8221;][vc_column_text]Dans un dialogue ouvert, l\u2019accompagnatrice aide la personne \u00e0 discerner les voies de l\u2019Esprit Saint dans sa vie et dans son cheminement et \u00e0 r\u00e9pondre \u00e0 ses appels.<\/p>\n<p>Apr\u00e8s une p\u00e9riode de formation, ceux qui souhaitent s&#8217;engager comme la\u00efcs consacr\u00e9s peuvent faire un engagement par v\u0153u priv\u00e9 de chastet\u00e9 v\u00e9cue dans le c\u00e9libat.[\/vc_column_text][\/vc_column][\/vc_row][vc_row][vc_column][\/vc_column][\/vc_row]<\/p>\n<\/div>","protected":false},"excerpt":{"rendered":"<p>[vc_row][vc_column][vc_custom_heading text=&#8221;La charit\u00e9 nous presse de r\u00e9v\u00e9ler \u00e0 ceux qui nous interrogent l\u2019esp\u00e9rance qui nous habite.&#8221; font_container=&#8221;tag:h2|font_size:55|text_align:center|color:%230066bf&#8221; google_fonts=&#8221;font_family:Italianno%3Aregular|font_style:400%20regular%3A400%3Anormal&#8221;][vc_row_inner][vc_column_inner width=&#8221;1\/4&#8243;][vc_column_text][\/vc_column_text][\/vc_column_inner][vc_column_inner width=&#8221;3\/4&#8243;][vc_custom_heading text=&#8221; Les membres la\u00efcs consacr\u00e9s de la famille spirituelle de la Pr\u00e9sentation de Marie, souhaitent vivre de mani\u00e8re unique le charisme de la Bienheureuse Marie Rivier, suivre J\u00e9sus Christ de plus pr\u00e8s et vivre les [&hellip;]<\/p>\n","protected":false},"author":2,"featured_media":0,"parent":4088,"menu_order":3,"comment_status":"closed","ping_status":"closed","template":"","meta":{"ngg_post_thumbnail":0,"footnotes":""},"lang":"fr","translations":{"fr":8717,"en":8605},"pll_sync_post":[],"_links":{"self":[{"href":"https:\/\/soeurs-de-la-presentation-de-marie.org\/pom\/wp-json\/wp\/v2\/pages\/8717"}],"collection":[{"href":"https:\/\/soeurs-de-la-presentation-de-marie.org\/pom\/wp-json\/wp\/v2\/pages"}],"about":[{"href":"https:\/\/soeurs-de-la-presentation-de-marie.org\/pom\/wp-json\/wp\/v2\/types\/page"}],"author":[{"embeddable":true,"href":"https:\/\/soeurs-de-la-presentation-de-marie.org\/pom\/wp-json\/wp\/v2\/users\/2"}],"replies":[{"embeddable":true,"href":"https:\/\/soeurs-de-la-presentation-de-marie.org\/pom\/wp-json\/wp\/v2\/comments?post=8717"}],"version-history":[{"count":7,"href":"https:\/\/soeurs-de-la-presentation-de-marie.org\/pom\/wp-json\/wp\/v2\/pages\/8717\/revisions"}],"predecessor-version":[{"id":12563,"href":"https:\/\/soeurs-de-la-presentation-de-marie.org\/pom\/wp-json\/wp\/v2\/pages\/8717\/revisions\/12563"}],"up":[{"embeddable":true,"href":"https:\/\/soeurs-de-la-presentation-de-marie.org\/pom\/wp-json\/wp\/v2\/pages\/4088"}],"wp:attachment":[{"href":"https:\/\/soeurs-de-la-presentation-de-marie.org\/pom\/wp-json\/wp\/v2\/media?parent=8717"}],"curies":[{"name":"wp","href":"https:\/\/api.w.org\/{rel}","templated":true}]}}