{"id":8724,"date":"2019-07-25T17:11:05","date_gmt":"2019-07-25T15:11:05","guid":{"rendered":"http:\/\/soeurs-de-la-presentation-de-marie.org\/pom\/?page_id=8721"},"modified":"2020-05-25T21:19:10","modified_gmt":"2020-05-25T19:19:10","slug":"formation","status":"publish","type":"page","link":"https:\/\/soeurs-de-la-presentation-de-marie.org\/pom\/formacion\/formation\/","title":{"rendered":"Formaci\u00f3n permanente"},"content":{"rendered":"<div class=\"wpb-content-wrapper\"><p>[vc_row row_space=&#8221;remove_padding_bottom&#8221;][vc_column][vc_custom_heading text=&#8221;&#8220; Se\u00f1or, t\u00fa me enga\u00f1aste, y yo me dej\u00e8 enga\u00f1ar;<\/p>\n<p>&#8211; Jeremias 19:20&#8243; font_container=&#8221;tag:h2|font_size:36|text_align:center|color:%2319770d&#8221; google_fonts=&#8221;font_family:Almendra%3Aregular%2Citalic%2C700%2C700italic|font_style:400%20regular%3A400%3Anormal&#8221;][\/vc_column][\/vc_row][vc_row row_space=&#8221;remove_padding_top&#8221;][vc_column][vc_custom_heading text=&#8221;Despu\u00e9s de varios a\u00f1os de actividad apost\u00f3lica, la Congregaci\u00f3n concede a una hermana un tiempo de retiro, invit\u00e1ndole a detenerse y a reflexionar sobre su compromiso ante Dios.<\/p>\n<p>En un clima de oraci\u00f3n intensa, la hermana se sit\u00faa en la luz penetrante del evangelio:&#8221; font_container=&#8221;tag:h2|font_size:22|text_align:justify|color:%234a7702&#8243; google_fonts=&#8221;font_family:Alike%20Angular%3Aregular|font_style:400%20regular%3A400%3Anormal&#8221;][vc_row_inner][vc_column_inner width=&#8221;1\/4&#8243;][\/vc_column_inner][vc_column_inner width=&#8221;1\/2&#8243;][vc_custom_heading text=&#8221;para profundizar su intimidad con el Se\u00f1or<br \/>\npara redescubrir el dinamismo de su consagraci\u00f3n<br \/>\npara reavivar la llama del celo para la obra de evangelizaci\u00f3n\u2026<br \/>\npara leer con amor la vida y escritos de la Fundadora.&#8221; font_container=&#8221;tag:h2|font_size:20|text_align:justify|color:%2333751d&#8221; google_fonts=&#8221;font_family:Alike%20Angular%3Aregular|font_style:400%20regular%3A400%3Anormal&#8221;][\/vc_column_inner][vc_column_inner width=&#8221;1\/4&#8243;][\/vc_column_inner][\/vc_row_inner][\/vc_column][\/vc_row][vc_row][vc_column][vc_custom_heading text=&#8221;\u00ab\u00a1Todo para Dios, todo por su Santo Amor!\u00bb<\/p>\n<p>&#8211; Maria Rivier -&#8221; font_container=&#8221;tag:h2|font_size:38|text_align:center|color:%23377020&#8243; google_fonts=&#8221;font_family:Almendra%3Aregular%2Citalic%2C700%2C700italic|font_style:400%20regular%3A400%3Anormal&#8221;][\/vc_column][\/vc_row]<\/p>\n<\/div>","protected":false},"excerpt":{"rendered":"<p>[vc_row row_space=&#8221;remove_padding_bottom&#8221;][vc_column][vc_custom_heading text=&#8221;&#8220; Se\u00f1or, t\u00fa me enga\u00f1aste, y yo me dej\u00e8 enga\u00f1ar; &#8211; Jeremias 19:20&#8243; font_container=&#8221;tag:h2|font_size:36|text_align:center|color:%2319770d&#8221; google_fonts=&#8221;font_family:Almendra%3Aregular%2Citalic%2C700%2C700italic|font_style:400%20regular%3A400%3Anormal&#8221;][\/vc_column][\/vc_row][vc_row row_space=&#8221;remove_padding_top&#8221;][vc_column][vc_custom_heading text=&#8221;Despu\u00e9s de varios a\u00f1os de actividad apost\u00f3lica, la Congregaci\u00f3n concede a una hermana un tiempo de retiro, invit\u00e1ndole a detenerse y a reflexionar sobre su compromiso ante Dios. En un clima de oraci\u00f3n intensa, la hermana se [&hellip;]<\/p>\n","protected":false},"author":2,"featured_media":0,"parent":6088,"menu_order":1,"comment_status":"closed","ping_status":"closed","template":"","meta":{"ngg_post_thumbnail":0,"footnotes":""},"lang":"es","translations":{"es":8724,"fr":8721,"en":8723},"pll_sync_post":[],"_links":{"self":[{"href":"https:\/\/soeurs-de-la-presentation-de-marie.org\/pom\/wp-json\/wp\/v2\/pages\/8724"}],"collection":[{"href":"https:\/\/soeurs-de-la-presentation-de-marie.org\/pom\/wp-json\/wp\/v2\/pages"}],"about":[{"href":"https:\/\/soeurs-de-la-presentation-de-marie.org\/pom\/wp-json\/wp\/v2\/types\/page"}],"author":[{"embeddable":true,"href":"https:\/\/soeurs-de-la-presentation-de-marie.org\/pom\/wp-json\/wp\/v2\/users\/2"}],"replies":[{"embeddable":true,"href":"https:\/\/soeurs-de-la-presentation-de-marie.org\/pom\/wp-json\/wp\/v2\/comments?post=8724"}],"version-history":[{"count":8,"href":"https:\/\/soeurs-de-la-presentation-de-marie.org\/pom\/wp-json\/wp\/v2\/pages\/8724\/revisions"}],"predecessor-version":[{"id":13964,"href":"https:\/\/soeurs-de-la-presentation-de-marie.org\/pom\/wp-json\/wp\/v2\/pages\/8724\/revisions\/13964"}],"up":[{"embeddable":true,"href":"https:\/\/soeurs-de-la-presentation-de-marie.org\/pom\/wp-json\/wp\/v2\/pages\/6088"}],"wp:attachment":[{"href":"https:\/\/soeurs-de-la-presentation-de-marie.org\/pom\/wp-json\/wp\/v2\/media?parent=8724"}],"curies":[{"name":"wp","href":"https:\/\/api.w.org\/{rel}","templated":true}]}}